{"id":1015826,"date":"2024-06-17T14:51:41","date_gmt":"2024-06-17T06:51:41","guid":{"rendered":"https:\/\/vimaterial.de\/product\/nickel-cuivre\/"},"modified":"2025-04-15T14:58:28","modified_gmt":"2025-04-15T06:58:28","slug":"nickel-cuivre","status":"publish","type":"product","link":"https:\/\/vimaterial.de\/fr\/product\/nickel-cuivre\/","title":{"rendered":"Nickel Cuivre"},"content":{"rendered":"<p>La cible de pulv\u00e9risation cathodique nickel-cuivre est une cible de pulv\u00e9risation en alliage de nickel et de cuivre, un lustre m\u00e9tallique, une bonne conductivit\u00e9 \u00e9lectrique, une conductivit\u00e9 thermique et une r\u00e9sistance \u00e0 la corrosion, principalement utilis\u00e9e dans la technologie de d\u00e9p\u00f4t physique en phase vapeur pour pr\u00e9parer des mat\u00e9riaux en couches minces avec des propri\u00e9t\u00e9s sp\u00e9cifiques.<\/p>\n<p>VIMATERIAL fournit des cibles de pulv\u00e9risation Nickel Copper. Nos cibles de pulv\u00e9risation en nickel-cuivre se caract\u00e9risent par des densit\u00e9s \u00e9lev\u00e9es, une homog\u00e9n\u00e9it\u00e9 \u00e0 l\u2019int\u00e9rieur de la cible, de faibles impuret\u00e9s, une finition de surface \u00e9lev\u00e9e, une efficacit\u00e9 de pulv\u00e9risation de cible \u00e9lev\u00e9e et des services de collage de cibles sont disponibles. Nous avons une \u00e9quipe de R &amp; D professionnelle et pouvons accepter la personnalisation et les exp\u00e9riences, veuillez <span style=\"color: #0000ff;\"><a style=\"color: #0000ff;\" href=\"https:\/\/vimaterial.de\/en\/contact-us\/\">nous contacter<\/a><\/span>.  <\/p>\n<h2><span style=\"font-size: 14pt;\">Propri\u00e9t\u00e9s physiques<\/span><\/h2>\n<p>Formule mol\u00e9culaire : NiCu<\/p>\n<p>Poids mol\u00e9culaire : 61,12 g\/mol<\/p>\n<p>Apparence&nbsp;: Rose p\u00e2le ou blanc argent\u00e9 solide avec un \u00e9clat m\u00e9tallique<\/p>\n<p>Structure cristalline : structure cristalline cubique centr\u00e9e sur la face<\/p>\n<h2><span style=\"font-size: 14pt;\">Applications<\/span><\/h2>\n<p>Industrie \u00e9lectronique : Dans l\u2019industrie \u00e9lectronique, il peut \u00eatre utilis\u00e9 pour la pr\u00e9paration de lignes d\u2019interconnexion dans des circuits int\u00e9gr\u00e9s. Gr\u00e2ce \u00e0 sa bonne conductivit\u00e9 et \u00e0 sa r\u00e9sistance \u00e0 la corrosion, il peut garantir la transmission stable des signaux \u00e9lectroniques et prolonger la dur\u00e9e de vie des lignes. <\/p>\n<p>Rev\u00eatement d\u00e9coratif&nbsp;: Dans le domaine du rev\u00eatement d\u00e9coratif, la cible de pulv\u00e9risation peut d\u00e9poser un film mince avec un lustre m\u00e9tallique et une bonne r\u00e9sistance \u00e0 la corrosion \u00e0 la surface de toutes sortes de substrats, ce qui donne aux produits un aspect exquis et durable, et est largement utilis\u00e9 dans le traitement de surface des bijoux, des horloges et des accessoires de maison de haute qualit\u00e9 et d\u2019autres articles d\u00e9coratifs.<\/p>\n<p>A\u00e9rospatiale : Pour les pi\u00e8ces a\u00e9rospatiales, il peut \u00eatre utilis\u00e9 pour fabriquer des rev\u00eatements sp\u00e9ciaux afin d\u2019am\u00e9liorer les performances anti-usure et anti-corrosion des pi\u00e8ces dans des environnements extr\u00eames, tandis que sa bonne conductivit\u00e9 thermique aide \u00e0 dissiper la chaleur et \u00e0 assurer le fonctionnement fiable des pi\u00e8ces cl\u00e9s de l\u2019avion.<\/p>\n<p>Fabrication automobile : Dans la construction automobile, la cible de pulv\u00e9risation peut \u00eatre utilis\u00e9e pour le rev\u00eatement de surface des pi\u00e8ces int\u00e9rieures automobiles afin d\u2019am\u00e9liorer leur texture et leur r\u00e9sistance aux intemp\u00e9ries, et peut \u00e9galement \u00eatre appliqu\u00e9e \u00e0 des composants cl\u00e9s tels que les moteurs automobiles pour am\u00e9liorer leur r\u00e9sistance aux chocs thermiques et \u00e0 la corrosion et prolonger la dur\u00e9e de vie des composants.<\/p>\n<h2><span style=\"font-size: 14pt;\">Contr\u00f4le de la qualit\u00e9<\/span><\/h2>\n<p><span style=\"color: #0000ff;\"><a style=\"color: #0000ff;\" href=\"https:\/\/vimaterial.de\/en\/quality-control\/\">Nos produits<\/a><\/span> sont mis en \u0153uvre le syst\u00e8me de gestion de la qualit\u00e9 le plus strict, les mat\u00e9riaux entrants, le processus, l\u2019inspection finale, l\u2019inspection d\u2019usine ont des normes d\u2019inspection strictes, pour le traitement non qualifi\u00e9 utilisera des mesures d\u2019isolation strictes pour \u00e9viter le flux de produits non conformes dans le processus suivant, selon les exigences du client fournira aux clients des \u00e9chantillons pour que les clients puissent les r\u00e9inspecter.<\/p>\n<h2><span style=\"font-size: 14pt;\">Emballage et stockage<\/span><\/h2>\n<p>Les cibles de pulv\u00e9risation en nickel et cuivre sont emball\u00e9es dans des sacs et des cartons \u00e0 double vide.<\/p>\n<p>Les cibles de pulv\u00e9risation cathodique en nickel-cuivre doivent \u00eatre stock\u00e9es dans un environnement sec et bien ventil\u00e9 avec une temp\u00e9rature et une humidit\u00e9 relativement stables pour \u00e9viter l\u2019humidit\u00e9, l\u2019oxydation et les dommages physiques, et doivent \u00eatre tenues \u00e0 l\u2019\u00e9cart des substances corrosives et des sources de champs magn\u00e9tiques puissants, et de pr\u00e9f\u00e9rence plac\u00e9es sur des supports de stockage soutenus et prot\u00e9g\u00e9s.<\/p>\n","protected":false},"excerpt":{"rendered":"<p>La cible de pulv\u00e9risation cathodique nickel-cuivre est une cible de pulv\u00e9risation en alliage de nickel et de cuivre, un lustre m\u00e9tallique, une bonne conductivit\u00e9 \u00e9lectrique, une conductivit\u00e9 thermique et une r\u00e9sistance \u00e0 la corrosion, principalement utilis\u00e9e dans la technologie de d\u00e9p\u00f4t physique en phase vapeur pour pr\u00e9parer des mat\u00e9riaux en couches minces avec des propri\u00e9t\u00e9s sp\u00e9cifiques.<\/p>\n","protected":false},"featured_media":1002621,"comment_status":"open","ping_status":"closed","template":"","meta":{"_acf_changed":false},"product_brand":[],"product_cat":[235],"product_tag":[],"class_list":{"0":"post-1015826","1":"product","2":"type-product","3":"status-publish","4":"has-post-thumbnail","6":"product_cat-cibles-de-pulverisation-planaire","8":"first","9":"instock","10":"shipping-taxable","11":"product-type-variable"},"acf":[],"_links":{"self":[{"href":"https:\/\/vimaterial.de\/fr\/wp-json\/wp\/v2\/product\/1015826","targetHints":{"allow":["GET"]}}],"collection":[{"href":"https:\/\/vimaterial.de\/fr\/wp-json\/wp\/v2\/product"}],"about":[{"href":"https:\/\/vimaterial.de\/fr\/wp-json\/wp\/v2\/types\/product"}],"replies":[{"embeddable":true,"href":"https:\/\/vimaterial.de\/fr\/wp-json\/wp\/v2\/comments?post=1015826"}],"wp:featuredmedia":[{"embeddable":true,"href":"https:\/\/vimaterial.de\/fr\/wp-json\/wp\/v2\/media\/1002621"}],"wp:attachment":[{"href":"https:\/\/vimaterial.de\/fr\/wp-json\/wp\/v2\/media?parent=1015826"}],"wp:term":[{"taxonomy":"product_brand","embeddable":true,"href":"https:\/\/vimaterial.de\/fr\/wp-json\/wp\/v2\/product_brand?post=1015826"},{"taxonomy":"product_cat","embeddable":true,"href":"https:\/\/vimaterial.de\/fr\/wp-json\/wp\/v2\/product_cat?post=1015826"},{"taxonomy":"product_tag","embeddable":true,"href":"https:\/\/vimaterial.de\/fr\/wp-json\/wp\/v2\/product_tag?post=1015826"}],"curies":[{"name":"wp","href":"https:\/\/api.w.org\/{rel}","templated":true}]}}