{"id":1015822,"date":"2024-06-17T14:51:37","date_gmt":"2024-06-17T06:51:37","guid":{"rendered":"https:\/\/vimaterial.de\/product\/alliage-de-nickel-chrome-molybdene-et-niobium-inconel-625\/"},"modified":"2025-04-15T15:28:01","modified_gmt":"2025-04-15T07:28:01","slug":"alliage-de-nickel-chrome-molybdene-et-niobium-inconel-625","status":"publish","type":"product","link":"https:\/\/vimaterial.de\/fr\/product\/alliage-de-nickel-chrome-molybdene-et-niobium-inconel-625\/","title":{"rendered":"Alliage nickel-chrome-molybd\u00e8ne-niobium (INCONEL 625)"},"content":{"rendered":"<p>La poudre d\u2019alliage nickel-chrome-molybd\u00e8ne-niobium est une poudre d\u2019alliage \u00e0 base de nickel, la couleur est g\u00e9n\u00e9ralement gris argent\u00e9, des particules fines et uniformes, avec une excellente r\u00e9sistance \u00e0 la corrosion, une stabilit\u00e9 \u00e0 haute temp\u00e9rature, une bonne aptitude au traitement, est largement utilis\u00e9e dans l\u2019a\u00e9rospatiale, l\u2019industrie chimique, l\u2019ing\u00e9nierie maritime et d\u2019autres domaines n\u00e9cessitant des propri\u00e9t\u00e9s mat\u00e9rielles exigeantes des mat\u00e9riaux en poudre haute performance.<\/p>\n<p>VIMATERIAL fournit de la poudre d\u2019alliage nickel-chrome-molybd\u00e8ne-niobium. Notre poudre INCONEL 625 se caract\u00e9rise par une puret\u00e9 \u00e9lev\u00e9e, une taille de particule uniforme, un petit emballage et un prix bas avec un petit MOQ. Nous avons une \u00e9quipe technique professionnelle de recherche et de d\u00e9veloppement, nous pouvons accepter la personnalisation et l\u2019exp\u00e9rimentation du produit, veuillez <span style=\"color: #0000ff;\"><a style=\"color: #0000ff;\" href=\"https:\/\/vimaterial.de\/en\/contact-us\/\">nous contacter<\/a><\/span>.  <\/p>\n<h2><span style=\"font-size: 14pt;\">Propri\u00e9t\u00e9s physiques<\/span><\/h2>\n<p>Formule mol\u00e9culaire : NiCrMoNb<\/p>\n<p>Apparence&nbsp;: poudre gris argent\u00e9<\/p>\n<p>Densit\u00e9 : environ 8,44 g\/cm\u00b3.<\/p>\n<p>Structure cristalline : structure en treillis cubique centr\u00e9e sur la face<\/p>\n<h2><span style=\"font-size: 14pt;\">Applications<\/span><\/h2>\n<p>A\u00e9rospatiale : Utilis\u00e9 dans la fabrication de pi\u00e8ces \u00e0 haute temp\u00e9rature de moteurs d\u2019avions, telles que les aubes de turbine et les chambres de combustion, avec son excellente r\u00e9sistance \u00e0 haute temp\u00e9rature et sa r\u00e9sistance au fluage, il peut r\u00e9sister efficacement \u00e0 des temp\u00e9ratures extr\u00eamement \u00e9lev\u00e9es et \u00e0 des environnements \u00e0 fort stress, et am\u00e9liorer la fiabilit\u00e9 et l\u2019efficacit\u00e9 du moteur.<\/p>\n<p>Industrie p\u00e9trochimique&nbsp;: Dans l\u2019industrie p\u00e9trochimique, la poudre est utilis\u00e9e dans la fabrication de r\u00e9acteurs, de pipelines et de vannes et d\u2019autres \u00e9quipements, en utilisant son excellente r\u00e9sistance \u00e0 la corrosion, capable de r\u00e9sister aux acides forts, aux alcalis forts et \u00e0 une vari\u00e9t\u00e9 de milieux corrosifs \u00e0 haute temp\u00e9rature et \u00e0 haute pression, pour assurer la s\u00e9curit\u00e9 et la stabilit\u00e9 du processus de production chimique.<\/p>\n<p>Domaine de l\u2019ing\u00e9nierie navale : Pour l\u2019ing\u00e9nierie maritime, cette poudre d\u2019alliage est utilis\u00e9e pour fabriquer des h\u00e9lices de navires, des unit\u00e9s de dessalement et des composants cl\u00e9s de plates-formes offshore, gr\u00e2ce \u00e0 sa bonne r\u00e9sistance \u00e0 la corrosion de l\u2019eau de mer et \u00e0 ses propri\u00e9t\u00e9s de bio-adh\u00e9rence anti-eau de mer, afin de prolonger la dur\u00e9e de vie de l\u2019\u00e9quipement dans des environnements marins difficiles.<\/p>\n<p>Dispositifs m\u00e9dicaux : Dans les dispositifs m\u00e9dicaux, les poudres d\u2019alliage nickel-chrome-molybd\u00e8ne-niobium sont utilis\u00e9es dans la fabrication de dispositifs m\u00e9dicaux implantables, tels que des articulations artificielles et des implants dentaires, afin de fournir des solutions m\u00e9dicales s\u00fbres et durables aux patients en fonction de leur bonne biocompatibilit\u00e9 et de leur r\u00e9sistance \u00e0 la corrosion.<\/p>\n<h2><span style=\"font-size: 14pt;\">Contr\u00f4le de la qualit\u00e9<\/span><\/h2>\n<p><span style=\"color: #0000ff;\"><a style=\"color: #0000ff;\" href=\"https:\/\/vimaterial.de\/en\/quality-control\/\">Nos produits<\/a><\/span> sont mis en \u0153uvre le syst\u00e8me de gestion de la qualit\u00e9 le plus strict, les mat\u00e9riaux entrants, le processus, l\u2019inspection finale, l\u2019inspection d\u2019usine ont des normes d\u2019inspection strictes, pour le traitement non qualifi\u00e9 utilisera des mesures d\u2019isolation strictes pour \u00e9viter le flux de produits non conformes dans le processus suivant, selon les exigences du client fournira aux clients des \u00e9chantillons pour que les clients puissent les r\u00e9inspecter.<\/p>\n<h2><span style=\"font-size: 14pt;\">Emballage et stockage<\/span><\/h2>\n<p>Les poudres d\u2019alliage nickel-chrome-molybd\u00e8ne-niobium sont emball\u00e9es dans des sacs \u00e0 double vide ou des bouteilles \u00e0 double vide avec des cartons ext\u00e9rieurs.<\/p>\n<p>La poudre d\u2019alliage nickel-chrome-molybd\u00e8ne-niobium doit \u00eatre stock\u00e9e dans un environnement sec, frais et bien ventil\u00e9, scell\u00e9e pour \u00e9viter l\u2019humidit\u00e9, l\u2019oxydation et la contamination par des impuret\u00e9s, et doit \u00eatre tenue \u00e0 l\u2019\u00e9cart des sources d\u2019inflammation, de la chaleur et des substances corrosives, et en m\u00eame temps, de bons marquages et des mesures de protection pour \u00e9viter les dommages m\u00e9caniques susceptibles d\u2019affecter ses performances.<\/p>\n","protected":false},"excerpt":{"rendered":"<p>La poudre d\u2019alliage nickel-chrome-molybd\u00e8ne-niobium est une poudre d\u2019alliage \u00e0 base de nickel, la couleur est g\u00e9n\u00e9ralement gris argent\u00e9, des particules fines et uniformes, avec une excellente r\u00e9sistance \u00e0 la corrosion, une stabilit\u00e9 \u00e0 haute temp\u00e9rature, une bonne aptitude au traitement, est largement utilis\u00e9e dans l\u2019a\u00e9rospatiale, l\u2019industrie chimique, l\u2019ing\u00e9nierie maritime et d\u2019autres domaines n\u00e9cessitant des propri\u00e9t\u00e9s mat\u00e9rielles exigeantes des mat\u00e9riaux en poudre haute performance.<\/p>\n","protected":false},"featured_media":1002608,"comment_status":"open","ping_status":"closed","template":"","meta":{"_acf_changed":false},"product_brand":[],"product_cat":[242],"product_tag":[],"class_list":{"0":"post-1015822","1":"product","2":"type-product","3":"status-publish","4":"has-post-thumbnail","6":"product_cat-impression-3d-de-poudre-spherique","8":"first","9":"instock","10":"shipping-taxable","11":"product-type-variable"},"acf":[],"_links":{"self":[{"href":"https:\/\/vimaterial.de\/fr\/wp-json\/wp\/v2\/product\/1015822","targetHints":{"allow":["GET"]}}],"collection":[{"href":"https:\/\/vimaterial.de\/fr\/wp-json\/wp\/v2\/product"}],"about":[{"href":"https:\/\/vimaterial.de\/fr\/wp-json\/wp\/v2\/types\/product"}],"replies":[{"embeddable":true,"href":"https:\/\/vimaterial.de\/fr\/wp-json\/wp\/v2\/comments?post=1015822"}],"wp:featuredmedia":[{"embeddable":true,"href":"https:\/\/vimaterial.de\/fr\/wp-json\/wp\/v2\/media\/1002608"}],"wp:attachment":[{"href":"https:\/\/vimaterial.de\/fr\/wp-json\/wp\/v2\/media?parent=1015822"}],"wp:term":[{"taxonomy":"product_brand","embeddable":true,"href":"https:\/\/vimaterial.de\/fr\/wp-json\/wp\/v2\/product_brand?post=1015822"},{"taxonomy":"product_cat","embeddable":true,"href":"https:\/\/vimaterial.de\/fr\/wp-json\/wp\/v2\/product_cat?post=1015822"},{"taxonomy":"product_tag","embeddable":true,"href":"https:\/\/vimaterial.de\/fr\/wp-json\/wp\/v2\/product_tag?post=1015822"}],"curies":[{"name":"wp","href":"https:\/\/api.w.org\/{rel}","templated":true}]}}