{"id":1015816,"date":"2024-06-17T14:52:28","date_gmt":"2024-06-17T06:52:28","guid":{"rendered":"https:\/\/vimaterial.de\/product\/alliage-de-nickel-et-de-fer-4\/"},"modified":"2025-04-15T14:54:53","modified_gmt":"2025-04-15T06:54:53","slug":"alliage-de-nickel-et-de-fer-4","status":"publish","type":"product","link":"https:\/\/vimaterial.de\/fr\/product\/alliage-de-nickel-et-de-fer-4\/","title":{"rendered":"Alliage de fer et de nickel"},"content":{"rendered":"<p><span style=\"color: #0000ff;\"><a style=\"color: #0000ff;\" href=\"https:\/\/vimaterial.de\/en\/product\/nickel-iron-alloy-2\/\">Les<\/a><\/span> granul\u00e9s d\u2019alliage de nickel et de fer sont des particules d\u2019alliage compos\u00e9es de nickel et de fer \u00e0 lustre m\u00e9tallique, qui peuvent \u00eatre utilis\u00e9es comme mati\u00e8res premi\u00e8res pour la pr\u00e9paration de mat\u00e9riaux d\u2019alliage ou pour la production de mat\u00e9riaux fonctionnels tels que les propri\u00e9t\u00e9s magn\u00e9tiques gr\u00e2ce \u00e0 des proc\u00e9d\u00e9s sp\u00e9ciaux.<\/p>\n<p>VIMATERIAL propose des granul\u00e9s d\u2019alliage nickel-fer avec une grande puret\u00e9, des tailles de particules uniformes et personnalis\u00e9es, une bonne consistance, de faibles impuret\u00e9s, un emballage compact et un faible MOQ. Nous avons une \u00e9quipe technique professionnelle de recherche et d\u00e9veloppement, nous pouvons accepter la personnalisation du produit et les exp\u00e9riences, veuillez <span style=\"color: #0000ff;\"><a style=\"color: #0000ff;\" href=\"https:\/\/vimaterial.de\/en\/contact-us\/\">nous contacter<\/a><\/span>. <\/p>\n<h2><span style=\"font-size: 14pt;\">Propri\u00e9t\u00e9s physiques<\/span><\/h2>\n<p>Formule mol\u00e9culaire : NiFe<\/p>\n<p>Poids mol\u00e9culaire : environ 57,27 g\/mol<\/p>\n<p>Apparence&nbsp;: Gris argent\u00e9 solide avec \u00e9clat m\u00e9tallique, la forme peut \u00eatre personnalis\u00e9e.<\/p>\n<h2><span style=\"font-size: 14pt;\">Applications<\/span><\/h2>\n<p>Mat\u00e9riaux magn\u00e9tiques : Il peut \u00eatre utilis\u00e9 dans la fabrication de mat\u00e9riaux magn\u00e9tiques doux haute performance, qui peuvent \u00eatre utilis\u00e9s dans les transformateurs, les inductances et autres \u00e9quipements de puissance pour r\u00e9duire efficacement les pertes d\u2019\u00e9nergie et am\u00e9liorer l\u2019efficacit\u00e9 de la conversion \u00e9lectromagn\u00e9tique.<\/p>\n<p>Renforcement des mat\u00e9riaux m\u00e9talliques : L\u2019ajout de particules d\u2019alliage de nickel et de fer \u00e0 la pr\u00e9paration de mat\u00e9riaux m\u00e9talliques peut affiner la structure du grain, augmenter la r\u00e9sistance et la t\u00e9nacit\u00e9 du m\u00e9tal de base et am\u00e9liorer les propri\u00e9t\u00e9s m\u00e9caniques globales des mat\u00e9riaux m\u00e9talliques.<\/p>\n<p>Fabrication \u00e9lectronique : En tant que composant de remplissage dans les mat\u00e9riaux d\u2019emballage \u00e9lectroniques, les particules d\u2019alliage de nickel et de fer peuvent aider \u00e0 am\u00e9liorer la conductivit\u00e9 thermique et les propri\u00e9t\u00e9s de blindage \u00e9lectromagn\u00e9tique des mat\u00e9riaux d\u2019emballage et assurer le fonctionnement stable des appareils \u00e9lectroniques.<\/p>\n<p>Domaine de l\u2019impression 3D : en tant que mati\u00e8re premi\u00e8re m\u00e9tallique pour l\u2019impression 3D, il peut construire avec pr\u00e9cision des pi\u00e8ces aux formes complexes et aux propri\u00e9t\u00e9s sp\u00e9cifiques pour r\u00e9pondre \u00e0 la demande de pi\u00e8ces personnalis\u00e9es dans l\u2019a\u00e9rospatiale, la construction automobile et d\u2019autres domaines.<\/p>\n<h2><span style=\"font-size: 14pt;\">Contr\u00f4le de la qualit\u00e9<\/span><\/h2>\n<p>Nos produits sont mis en \u0153uvre le syst\u00e8me de gestion de la qualit\u00e9 le plus strict, les mat\u00e9riaux entrants, le processus, l\u2019inspection finale, l\u2019inspection d\u2019usine ont des normes d\u2019inspection strictes, pour le traitement non qualifi\u00e9 utilisera des mesures d\u2019isolation strictes pour \u00e9viter le flux de produits non conformes dans le processus suivant, selon les exigences du client fournira aux clients des \u00e9chantillons pour que les clients puissent les r\u00e9inspecter.<\/p>\n<h2><span style=\"font-size: 14pt;\">Emballage et stockage<\/span><\/h2>\n<p>Les granul\u00e9s d\u2019alliage de nickel et de fer sont emball\u00e9s dans des sacs sous vide \u00e0 double couche ou des bouteilles sous vide \u00e0 double couche avec des cartons ext\u00e9rieurs.<\/p>\n<p>Les granul\u00e9s d\u2019alliage de fer et de nickel doivent \u00eatre stock\u00e9s dans un environnement sec, frais et bien ventil\u00e9, en \u00e9vitant l\u2019humidit\u00e9, l\u2019oxydation et la contamination par d\u2019autres impuret\u00e9s. Il est conseill\u00e9 de sceller les granul\u00e9s dans des r\u00e9cipients appropri\u00e9s et de les placer \u00e0 l\u2019\u00e9cart des sources d\u2019inflammation, des acides, des alcalis et d\u2019autres produits chimiques, et en m\u00eame temps de bien les marquer afin de distinguer les diff\u00e9rentes tailles de granul\u00e9s. <\/p>\n","protected":false},"excerpt":{"rendered":"<p><span style=\"color: #0000ff;\"><a style=\"color: #0000ff;\" href=\"https:\/\/vimaterial.de\/en\/product\/nickel-iron-alloy-2\/\">Les<\/a><\/span> granul\u00e9s d\u2019alliage de nickel et de fer sont des particules d\u2019alliage compos\u00e9es de nickel et de fer \u00e0 lustre m\u00e9tallique, qui peuvent \u00eatre utilis\u00e9es comme mati\u00e8res premi\u00e8res pour la pr\u00e9paration de mat\u00e9riaux d\u2019alliage ou pour la production de mat\u00e9riaux fonctionnels tels que les propri\u00e9t\u00e9s magn\u00e9tiques gr\u00e2ce \u00e0 des proc\u00e9d\u00e9s sp\u00e9ciaux.<\/p>\n","protected":false},"featured_media":1002635,"comment_status":"open","ping_status":"closed","template":"","meta":{"_acf_changed":false},"product_brand":[],"product_cat":[236],"product_tag":[],"class_list":{"0":"post-1015816","1":"product","2":"type-product","3":"status-publish","4":"has-post-thumbnail","6":"product_cat-materiaux-devaporation","8":"first","9":"instock","10":"shipping-taxable","11":"product-type-variable"},"acf":[],"_links":{"self":[{"href":"https:\/\/vimaterial.de\/fr\/wp-json\/wp\/v2\/product\/1015816","targetHints":{"allow":["GET"]}}],"collection":[{"href":"https:\/\/vimaterial.de\/fr\/wp-json\/wp\/v2\/product"}],"about":[{"href":"https:\/\/vimaterial.de\/fr\/wp-json\/wp\/v2\/types\/product"}],"replies":[{"embeddable":true,"href":"https:\/\/vimaterial.de\/fr\/wp-json\/wp\/v2\/comments?post=1015816"}],"wp:featuredmedia":[{"embeddable":true,"href":"https:\/\/vimaterial.de\/fr\/wp-json\/wp\/v2\/media\/1002635"}],"wp:attachment":[{"href":"https:\/\/vimaterial.de\/fr\/wp-json\/wp\/v2\/media?parent=1015816"}],"wp:term":[{"taxonomy":"product_brand","embeddable":true,"href":"https:\/\/vimaterial.de\/fr\/wp-json\/wp\/v2\/product_brand?post=1015816"},{"taxonomy":"product_cat","embeddable":true,"href":"https:\/\/vimaterial.de\/fr\/wp-json\/wp\/v2\/product_cat?post=1015816"},{"taxonomy":"product_tag","embeddable":true,"href":"https:\/\/vimaterial.de\/fr\/wp-json\/wp\/v2\/product_tag?post=1015816"}],"curies":[{"name":"wp","href":"https:\/\/api.w.org\/{rel}","templated":true}]}}