{"id":1015810,"date":"2024-06-17T14:52:27","date_gmt":"2024-06-17T06:52:27","guid":{"rendered":"https:\/\/vimaterial.de\/product\/fluorure-de-nickel\/"},"modified":"2025-04-15T14:56:31","modified_gmt":"2025-04-15T06:56:31","slug":"fluorure-de-nickel","status":"publish","type":"product","link":"https:\/\/vimaterial.de\/fr\/product\/fluorure-de-nickel\/","title":{"rendered":"Fluorure de nickel"},"content":{"rendered":"<p><span style=\"color: #0000ff;\"><a style=\"color: #0000ff;\" href=\"https:\/\/vimaterial.de\/en\/product\/nickel-oxide-3\/\">La poudre de fluorure de nickel<\/a><\/span> est un compos\u00e9 de fluorure de nickel sous forme de poudre, g\u00e9n\u00e9ralement de couleur verte ou vert jaun\u00e2tre, hygroscopique et chimiquement actif, jouant un r\u00f4le important dans l\u2019industrie chimique, la galvanoplastie, etc.<\/p>\n<p>VIMATERIAL fournit de la poudre de fluorure de nickel, une puret\u00e9 \u00e9lev\u00e9e, une bonne uniformit\u00e9 de la taille des particules, une faible impuret\u00e9, un petit emballage et un petit MOQ. Nous avons une \u00e9quipe de recherche et d\u00e9veloppement technique professionnelle, nous pouvons accepter la personnalisation du produit et les exp\u00e9riences, veuillez <span style=\"color: #0000ff;\"><a style=\"color: #0000ff;\" href=\"https:\/\/vimaterial.de\/en\/contact-us\/\">nous contacter<\/a><\/span>. <\/p>\n<h2><span style=\"font-size: 14pt;\">Propri\u00e9t\u00e9s physiques<\/span><\/h2>\n<p>Formule mol\u00e9culaire : NiF2<\/p>\n<p>Poids mol\u00e9culaire : 96,69 g\/mol<\/p>\n<p>Aspect : poudre cristalline jaune clair ou verte.<\/p>\n<p>Densit\u00e9 : environ 4,63 g\/cm\u00b3<\/p>\n<p>Point de fusion : environ 1380\u00b0C<\/p>\n<p>Point d\u2019\u00e9bullition : environ 2300\u00b0C<\/p>\n<p>Structure cristalline&nbsp;: appartient au syst\u00e8me cristallin t\u00e9tragonal, dans la structure cristalline, les ions nickel sont entour\u00e9s d\u2019ions fluorure, les ions nickel sont situ\u00e9s au centre de l\u2019octa\u00e8dre form\u00e9 par des ions fluorure, cette structure donne un certain degr\u00e9 de stabilit\u00e9 et des propri\u00e9t\u00e9s physiques et chimiques sp\u00e9cifiques.<\/p>\n<h2><span style=\"font-size: 14pt;\">Applications<\/span><\/h2>\n<p>Domaine de galvanoplastie&nbsp;: Il peut \u00eatre utilis\u00e9 comme mati\u00e8re premi\u00e8re du nickelage, qui peut former une couche de nickelage uniforme et \u00e0 forte adh\u00e9rence sur la surface m\u00e9tallique, am\u00e9liorer la r\u00e9sistance \u00e0 la corrosion et l\u2019esth\u00e9tique du m\u00e9tal, et est largement utilis\u00e9 dans le processus de placage d\u00e9coratif et de placage fonctionnel.<\/p>\n<p>Champ catalytique : Il peut \u00eatre utilis\u00e9 comme catalyseur dans certaines r\u00e9actions chimiques, par exemple, dans la r\u00e9action de synth\u00e8se organique, il peut acc\u00e9l\u00e9rer le processus de r\u00e9action, am\u00e9liorer le rendement de la r\u00e9action, favoriser la formation ou la rupture de liaisons chimiques sp\u00e9cifiques et fournir un support solide pour la synth\u00e8se de produits chimiques fins.<\/p>\n<p>Domaine des mat\u00e9riaux c\u00e9ramiques&nbsp;: il peut \u00eatre ajout\u00e9 \u00e0 la formulation de mat\u00e9riaux c\u00e9ramiques, et apr\u00e8s frittage \u00e0 haute temp\u00e9rature, il peut am\u00e9liorer les propri\u00e9t\u00e9s \u00e9lectriques et m\u00e9caniques des c\u00e9ramiques, telles que l\u2019am\u00e9lioration de la conductivit\u00e9 \u00e9lectrique et de la duret\u00e9 des c\u00e9ramiques, afin de lui donner un meilleur potentiel d\u2019application dans les c\u00e9ramiques \u00e9lectroniques et les c\u00e9ramiques structurelles.<\/p>\n<p>Domaines des mat\u00e9riaux de batterie : en tant qu\u2019additif pour les mat\u00e9riaux de cathode de batterie, il contribue \u00e0 am\u00e9liorer les performances de charge et de d\u00e9charge de la batterie, \u00e0 am\u00e9liorer la densit\u00e9 \u00e9nerg\u00e9tique et la dur\u00e9e de vie de la batterie, et il a certaines perspectives d\u2019application dans la recherche et le d\u00e9veloppement et la production de batteries lithium-ion et d\u2019autres technologies de batterie avanc\u00e9es.<\/p>\n<h2><span style=\"font-size: 14pt;\">Contr\u00f4le de la qualit\u00e9<\/span><\/h2>\n<p><span style=\"color: #0000ff;\"><a style=\"color: #0000ff;\" href=\"https:\/\/vimaterial.de\/en\/quality-control\/\">Nos produits<\/a><\/span> sont mis en \u0153uvre le syst\u00e8me de gestion de la qualit\u00e9 le plus strict, les mat\u00e9riaux entrants, le processus, l\u2019inspection finale, l\u2019inspection d\u2019usine ont des normes d\u2019inspection strictes, pour le traitement non qualifi\u00e9 utilisera des mesures d\u2019isolation strictes pour \u00e9viter le flux de produits non conformes dans le processus suivant, selon les exigences du client fournira aux clients des \u00e9chantillons pour que les clients puissent les r\u00e9inspecter.<\/p>\n<h2><span style=\"font-size: 14pt;\">Emballage et stockage<\/span><\/h2>\n<p>Les poudres de fluorure de nickel sont emball\u00e9es dans des sacs sous vide doubles ou des bouteilles sous vide doubles avec des cartons ext\u00e9rieurs.<\/p>\n<p>La poudre de fluorure de nickel doit \u00eatre stock\u00e9e dans un environnement sec, frais et bien ventil\u00e9, scell\u00e9e pour l\u2019emp\u00eacher d\u2019absorber l\u2019humidit\u00e9 de l\u2019air, et isol\u00e9e des agents oxydants puissants, des acides et autres substances incompatibles, et bien \u00e9tiquet\u00e9e pour \u00e9viter une mauvaise utilisation.<\/p>\n","protected":false},"excerpt":{"rendered":"<p><span style=\"color: #0000ff;\"><a style=\"color: #0000ff;\" href=\"https:\/\/vimaterial.de\/en\/product\/nickel-oxide-3\/\">La poudre de fluorure de nickel<\/a><\/span> est un compos\u00e9 de fluorure de nickel sous forme de poudre, g\u00e9n\u00e9ralement de couleur verte ou vert jaun\u00e2tre, hygroscopique et chimiquement actif, jouant un r\u00f4le important dans l\u2019industrie chimique, la galvanoplastie, etc.<\/p>\n","protected":false},"featured_media":1002628,"comment_status":"open","ping_status":"closed","template":"","meta":{"_acf_changed":false},"product_brand":[],"product_cat":[239],"product_tag":[],"class_list":{"0":"post-1015810","1":"product","2":"type-product","3":"status-publish","4":"has-post-thumbnail","6":"product_cat-materiaux-halogenes","8":"first","9":"instock","10":"shipping-taxable","11":"product-type-variable"},"acf":[],"_links":{"self":[{"href":"https:\/\/vimaterial.de\/fr\/wp-json\/wp\/v2\/product\/1015810","targetHints":{"allow":["GET"]}}],"collection":[{"href":"https:\/\/vimaterial.de\/fr\/wp-json\/wp\/v2\/product"}],"about":[{"href":"https:\/\/vimaterial.de\/fr\/wp-json\/wp\/v2\/types\/product"}],"replies":[{"embeddable":true,"href":"https:\/\/vimaterial.de\/fr\/wp-json\/wp\/v2\/comments?post=1015810"}],"wp:featuredmedia":[{"embeddable":true,"href":"https:\/\/vimaterial.de\/fr\/wp-json\/wp\/v2\/media\/1002628"}],"wp:attachment":[{"href":"https:\/\/vimaterial.de\/fr\/wp-json\/wp\/v2\/media?parent=1015810"}],"wp:term":[{"taxonomy":"product_brand","embeddable":true,"href":"https:\/\/vimaterial.de\/fr\/wp-json\/wp\/v2\/product_brand?post=1015810"},{"taxonomy":"product_cat","embeddable":true,"href":"https:\/\/vimaterial.de\/fr\/wp-json\/wp\/v2\/product_cat?post=1015810"},{"taxonomy":"product_tag","embeddable":true,"href":"https:\/\/vimaterial.de\/fr\/wp-json\/wp\/v2\/product_tag?post=1015810"}],"curies":[{"name":"wp","href":"https:\/\/api.w.org\/{rel}","templated":true}]}}