{"id":1015780,"date":"2024-06-17T14:52:29","date_gmt":"2024-06-17T06:52:29","guid":{"rendered":"https:\/\/vimaterial.de\/product\/alliage-de-nickel-et-de-fer-2\/"},"modified":"2025-04-15T14:49:54","modified_gmt":"2025-04-15T06:49:54","slug":"alliage-de-nickel-et-de-fer-2","status":"publish","type":"product","link":"https:\/\/vimaterial.de\/fr\/product\/alliage-de-nickel-et-de-fer-2\/","title":{"rendered":"Alliage de fer et de nickel"},"content":{"rendered":"<p>La cible de pulv\u00e9risation en <span style=\"color: #0000ff;\"><a style=\"color: #0000ff;\" href=\"https:\/\/vimaterial.de\/en\/product\/nickel-iron-alloy\/\">alliage de nickel et de fer<\/a><\/span> est une sorte de cible de pulv\u00e9risation en alliage compos\u00e9 de nickel et de fer, qui utilise la technologie de d\u00e9p\u00f4t physique en phase vapeur pour d\u00e9poser des atomes de nickel et de fer \u00e0 la surface du substrat par bombardement ionique, et est utilis\u00e9e pour la pr\u00e9paration de mat\u00e9riaux \u00e0 couche mince avec des propri\u00e9t\u00e9s magn\u00e9tiques, \u00e9lectriques et autres sp\u00e9ciales.<\/p>\n<p>VIMATERIAL propose des cibles de pulv\u00e9risation en alliage de nickel et de fer. Nous proposons des cibles de pulv\u00e9risation \u00e0 haute densit\u00e9, une uniformit\u00e9 dans la cible, de faibles impuret\u00e9s dans le produit, de bonnes caract\u00e9ristiques de surface cible et des services de liaison de cible, nous avons une \u00e9quipe de recherche et de d\u00e9veloppement technique professionnelle, et nous pouvons accepter la personnalisation du produit et les exp\u00e9riences, veuillez <span style=\"color: #0000ff;\"><a style=\"color: #0000ff;\" href=\"https:\/\/vimaterial.de\/en\/contact-us\/\">nous contacter.<\/a><\/span><\/p>\n<h2><span style=\"font-size: 14pt;\">Propri\u00e9t\u00e9s physiques<\/span><\/h2>\n<p>Formule mol\u00e9culaire : NiFe<\/p>\n<p>Poids mol\u00e9culaire : environ 57,27 g\/mol<\/p>\n<p>Apparence&nbsp;: Gris argent\u00e9 solide avec \u00e9clat m\u00e9tallique, la forme peut \u00eatre personnalis\u00e9e.<\/p>\n<h2><span style=\"font-size: 14pt;\">Applications<\/span><\/h2>\n<p>Stockage magn\u00e9tique : Les films minces form\u00e9s par pulv\u00e9risation cathodique peuvent \u00eatre utilis\u00e9s comme mat\u00e9riaux de t\u00eate magn\u00e9tique pour des op\u00e9rations de stockage magn\u00e9tique \u00e0 haute r\u00e9solution et \u00e0 haute vitesse de lecture\/\u00e9criture en raison de leurs excellentes propri\u00e9t\u00e9s magn\u00e9tiques douces.<\/p>\n<p>Fabrication de composants \u00e9lectroniques : Pour les composants inductifs, des couches minces sont d\u00e9pos\u00e9es pour fournir la bonne perm\u00e9abilit\u00e9 magn\u00e9tique afin de r\u00e9duire la taille des composants et d\u2019am\u00e9liorer les performances.<\/p>\n<p>Induction \u00e9lectromagn\u00e9tique : Peut \u00eatre utilis\u00e9 pour pr\u00e9parer des films minces pour les noyaux de transformateur, en utilisant leurs bonnes propri\u00e9t\u00e9s magn\u00e9tiques et conductrices pour am\u00e9liorer l\u2019efficacit\u00e9 du transformateur.<\/p>\n<p>Champ du capteur : Les films minces form\u00e9s par pulv\u00e9risation cathodique peuvent \u00eatre utilis\u00e9s pour la fabrication de capteurs magn\u00e9tiques, permettant une d\u00e9tection pr\u00e9cise des quantit\u00e9s physiques en raison de leur sensibilit\u00e9 aux changements de champs magn\u00e9tiques.<\/p>\n<h2><span style=\"font-size: 14pt;\">Contr\u00f4le de la qualit\u00e9<\/span><\/h2>\n<p><span style=\"color: #0000ff;\"><a style=\"color: #0000ff;\" href=\"https:\/\/vimaterial.de\/en\/quality-control\/\">Nos produits<\/a> <\/span>sont mis en \u0153uvre le syst\u00e8me de gestion de la qualit\u00e9 le plus strict, les mat\u00e9riaux entrants, le processus, l\u2019inspection finale, l\u2019inspection d\u2019usine ont des normes d\u2019inspection strictes, pour le traitement non qualifi\u00e9 utilisera des mesures d\u2019isolation strictes pour \u00e9viter le flux de produits non conformes dans le processus suivant, selon les exigences du client fournira aux clients des \u00e9chantillons pour que les clients puissent les r\u00e9inspecter.<\/p>\n<h2><span style=\"font-size: 14pt;\">Emballage et stockage<\/span><\/h2>\n<p>Les cibles de pulv\u00e9risation en alliage de nickel et de fer sont emball\u00e9es dans des sacs et des bo\u00eetes sous vide \u00e0 double couche, et emball\u00e9es dans des cartons.<\/p>\n<p>Lors du stockage des cibles de pulv\u00e9risation en alliage de nickel fer, elles doivent \u00eatre plac\u00e9es dans des environnements secs et bien ventil\u00e9s avec une temp\u00e9rature et une humidit\u00e9 relativement stables, \u00e9vitant l\u2019humidit\u00e9, l\u2019oxydation ou la collision physique, les rayures, et en m\u00eame temps doivent \u00eatre tenues \u00e0 l\u2019\u00e9cart des substances corrosives, et il est pr\u00e9f\u00e9rable de les emballer dans des emballages scell\u00e9s ou de les placer sur des \u00e9tag\u00e8res de stockage prot\u00e9g\u00e9es.<\/p>\n","protected":false},"excerpt":{"rendered":"<p>La cible de pulv\u00e9risation en <span style=\"color: #0000ff;\"><a style=\"color: #0000ff;\" href=\"https:\/\/vimaterial.de\/en\/product\/nickel-iron-alloy\/\">alliage de nickel et de fer<\/a><\/span> est une sorte de cible de pulv\u00e9risation en alliage compos\u00e9 de nickel et de fer, qui utilise la technologie de d\u00e9p\u00f4t physique en phase vapeur pour d\u00e9poser des atomes de nickel et de fer \u00e0 la surface du substrat par bombardement ionique, et est utilis\u00e9e pour la pr\u00e9paration de mat\u00e9riaux \u00e0 couche mince avec des propri\u00e9t\u00e9s magn\u00e9tiques, \u00e9lectriques et autres sp\u00e9ciales.<\/p>\n","protected":false},"featured_media":1002657,"comment_status":"open","ping_status":"closed","template":"","meta":{"_acf_changed":false},"product_brand":[],"product_cat":[235],"product_tag":[],"class_list":{"0":"post-1015780","1":"product","2":"type-product","3":"status-publish","4":"has-post-thumbnail","6":"product_cat-cibles-de-pulverisation-planaire","8":"first","9":"instock","10":"shipping-taxable","11":"product-type-variable"},"acf":[],"_links":{"self":[{"href":"https:\/\/vimaterial.de\/fr\/wp-json\/wp\/v2\/product\/1015780","targetHints":{"allow":["GET"]}}],"collection":[{"href":"https:\/\/vimaterial.de\/fr\/wp-json\/wp\/v2\/product"}],"about":[{"href":"https:\/\/vimaterial.de\/fr\/wp-json\/wp\/v2\/types\/product"}],"replies":[{"embeddable":true,"href":"https:\/\/vimaterial.de\/fr\/wp-json\/wp\/v2\/comments?post=1015780"}],"wp:featuredmedia":[{"embeddable":true,"href":"https:\/\/vimaterial.de\/fr\/wp-json\/wp\/v2\/media\/1002657"}],"wp:attachment":[{"href":"https:\/\/vimaterial.de\/fr\/wp-json\/wp\/v2\/media?parent=1015780"}],"wp:term":[{"taxonomy":"product_brand","embeddable":true,"href":"https:\/\/vimaterial.de\/fr\/wp-json\/wp\/v2\/product_brand?post=1015780"},{"taxonomy":"product_cat","embeddable":true,"href":"https:\/\/vimaterial.de\/fr\/wp-json\/wp\/v2\/product_cat?post=1015780"},{"taxonomy":"product_tag","embeddable":true,"href":"https:\/\/vimaterial.de\/fr\/wp-json\/wp\/v2\/product_tag?post=1015780"}],"curies":[{"name":"wp","href":"https:\/\/api.w.org\/{rel}","templated":true}]}}