{"id":1015767,"date":"2024-06-17T14:52:28","date_gmt":"2024-06-17T06:52:28","guid":{"rendered":"https:\/\/vimaterial.de\/product\/alliage-de-nickel-et-de-fer\/"},"modified":"2025-04-15T14:51:35","modified_gmt":"2025-04-15T06:51:35","slug":"alliage-de-nickel-et-de-fer","status":"publish","type":"product","link":"https:\/\/vimaterial.de\/fr\/product\/alliage-de-nickel-et-de-fer\/","title":{"rendered":"Alliage de fer et de nickel"},"content":{"rendered":"<p><span style=\"color: #0000ff;\"><a style=\"color: #0000ff;\" href=\"https:\/\/vimaterial.de\/en\/product\/nickel-iron-alloy-2\/\">Alliage de fer nickel<\/a> <\/span>La poudre est un mat\u00e9riau granulaire fin en alliage de nickel-fer, de couleur gris argent\u00e9 avec un \u00e9clat m\u00e9tallique, poss\u00e8de de bonnes propri\u00e9t\u00e9s magn\u00e9tiques et une certaine stabilit\u00e9 chimique et est utilis\u00e9 dans la fabrication de mat\u00e9riaux magn\u00e9tiques, de pi\u00e8ces m\u00e9talliques et de nombreux autres produits.<\/p>\n<p>VIMATERIAL propose des poudres d\u2019alliage de fer et de nickel. Nos poudres ont une grande puret\u00e9, une bonne uniformit\u00e9 de la taille des particules, de faibles impuret\u00e9s, un petit emballage et un petit MOQ. Nous avons une \u00e9quipe technique professionnelle de recherche et d\u00e9veloppement, nous pouvons accepter la personnalisation du produit et les exp\u00e9riences, veuillez <span style=\"color: #0000ff;\"><a style=\"color: #0000ff;\" href=\"https:\/\/vimaterial.de\/en\/contact-us\/\">nous contacter.<\/a><\/span>  <\/p>\n<h2><span style=\"font-size: 14pt;\">Propri\u00e9t\u00e9s physiques<\/span><\/h2>\n<p>Formule mol\u00e9culaire : NiFe<\/p>\n<p>Poids mol\u00e9culaire : environ 57,27 g\/mol<\/p>\n<p>Apparence : poudre m\u00e9tallis\u00e9e gris argent\u00e9<\/p>\n<h2><span style=\"font-size: 14pt;\">Applications<\/span><\/h2>\n<p>Champ de mat\u00e9riau magn\u00e9tique&nbsp;: Il peut \u00eatre utilis\u00e9 pour fabriquer des mat\u00e9riaux magn\u00e9tiques doux, gr\u00e2ce \u00e0 un processus de moulage et de traitement thermique appropri\u00e9, il peut former des composants magn\u00e9tiques \u00e0 haute perm\u00e9abilit\u00e9 et \u00e0 faible coercivit\u00e9, tels que le noyau du transformateur et le noyau de l\u2019inductance, ce qui peut am\u00e9liorer efficacement les performances des \u00e9quipements \u00e9lectromagn\u00e9tiques.<\/p>\n<p>Domaine de la m\u00e9tallurgie des poudres&nbsp;: La poudre d\u2019alliage de nickel et de fer est une mati\u00e8re premi\u00e8re importante, peut \u00eatre press\u00e9e, fritt\u00e9e et d\u2019autres processus pour fabriquer une vari\u00e9t\u00e9 de pi\u00e8ces m\u00e9talliques de pr\u00e9cision, ses produits ont une densit\u00e9 \u00e9lev\u00e9e et de bonnes propri\u00e9t\u00e9s m\u00e9caniques, largement utilis\u00e9s dans la fabrication de machines et l\u2019industrie automobile et d\u2019autres domaines.<\/p>\n<p>Champ d\u2019encapsulation \u00e9lectronique : il peut \u00eatre utilis\u00e9 comme mat\u00e9riau de remplissage ajout\u00e9 au mat\u00e9riau d\u2019encapsulation, en utilisant sa bonne conductivit\u00e9 thermique et ses propri\u00e9t\u00e9s de blindage \u00e9lectromagn\u00e9tique, ce qui aide \u00e0 prot\u00e9ger les composants \u00e9lectroniques des interf\u00e9rences \u00e9lectromagn\u00e9tiques externes, et en m\u00eame temps, il peut dissiper efficacement la chaleur et prolonger la dur\u00e9e de vie des composants \u00e9lectroniques.<\/p>\n<p>Impression 3D : La poudre d\u2019alliage de nickel et de fer est un mat\u00e9riau d\u2019impression id\u00e9al. Gr\u00e2ce \u00e0 la fusion s\u00e9lective par laser ou par faisceau d\u2019\u00e9lectrons et \u00e0 d\u2019autres technologies d\u2019impression 3D, des pi\u00e8ces m\u00e9talliques aux g\u00e9om\u00e9tries complexes peuvent \u00eatre fabriqu\u00e9es directement pour r\u00e9pondre aux besoins des industries de l\u2019a\u00e9rospatiale et des dispositifs m\u00e9dicaux en mati\u00e8re de pi\u00e8ces personnalis\u00e9es et performantes. <\/p>\n<h2><span style=\"font-size: 14pt;\">Contr\u00f4le de la qualit\u00e9<\/span><\/h2>\n<p><span style=\"color: #0000ff;\"><a style=\"color: #0000ff;\" href=\"https:\/\/vimaterial.de\/en\/quality-control\/\">Nos produits<\/a> <\/span>sont mis en \u0153uvre le syst\u00e8me de gestion de la qualit\u00e9 le plus strict, les mat\u00e9riaux entrants, le processus, l\u2019inspection finale, l\u2019inspection d\u2019usine ont des normes d\u2019inspection strictes, pour le traitement non qualifi\u00e9 utilisera des mesures d\u2019isolation strictes pour \u00e9viter le flux de produits non conformes dans le processus suivant, selon les exigences du client fournira aux clients des \u00e9chantillons pour que les clients puissent les r\u00e9inspecter.<\/p>\n<h2><span style=\"font-size: 14pt;\">Emballage et stockage<\/span><\/h2>\n<p>Les poudres d\u2019alliage nickel-fer sont emball\u00e9es dans des sacs \u00e0 double vide ou des bouteilles \u00e0 double vide avec des cartons ext\u00e9rieurs.<\/p>\n<p>Les poudres d\u2019alliage de fer et de nickel doivent \u00eatre stock\u00e9es dans un environnement sec, frais, bien ventil\u00e9 et scell\u00e9, \u00e0 l\u2019abri de l\u2019humidit\u00e9 et de l\u2019oxydation, \u00e0 l\u2019\u00e9cart des sources d\u2019inflammation, de la chaleur et des substances corrosives, et sur des \u00e9tag\u00e8res stables pour \u00e9viter les fuites de poudre dues au basculement des conteneurs.<\/p>\n","protected":false},"excerpt":{"rendered":"<p><span style=\"color: #0000ff;\"><a style=\"color: #0000ff;\" href=\"https:\/\/vimaterial.de\/en\/product\/nickel-iron-alloy-2\/\">Alliage de fer nickel<\/a> <\/span>La poudre est un mat\u00e9riau granulaire fin en alliage de nickel-fer, de couleur gris argent\u00e9 avec un \u00e9clat m\u00e9tallique, poss\u00e8de de bonnes propri\u00e9t\u00e9s magn\u00e9tiques et une certaine stabilit\u00e9 chimique et est utilis\u00e9 dans la fabrication de mat\u00e9riaux magn\u00e9tiques, de pi\u00e8ces m\u00e9talliques et de nombreux autres produits.<\/p>\n","protected":false},"featured_media":1002649,"comment_status":"open","ping_status":"closed","template":"","meta":{"_acf_changed":false},"product_brand":[],"product_cat":[250],"product_tag":[],"class_list":{"0":"post-1015767","1":"product","2":"type-product","3":"status-publish","4":"has-post-thumbnail","6":"product_cat-poudre-de-metal-pur-et-dalliage","8":"first","9":"instock","10":"shipping-taxable","11":"purchasable","12":"product-type-variable"},"acf":[],"_links":{"self":[{"href":"https:\/\/vimaterial.de\/fr\/wp-json\/wp\/v2\/product\/1015767","targetHints":{"allow":["GET"]}}],"collection":[{"href":"https:\/\/vimaterial.de\/fr\/wp-json\/wp\/v2\/product"}],"about":[{"href":"https:\/\/vimaterial.de\/fr\/wp-json\/wp\/v2\/types\/product"}],"replies":[{"embeddable":true,"href":"https:\/\/vimaterial.de\/fr\/wp-json\/wp\/v2\/comments?post=1015767"}],"wp:featuredmedia":[{"embeddable":true,"href":"https:\/\/vimaterial.de\/fr\/wp-json\/wp\/v2\/media\/1002649"}],"wp:attachment":[{"href":"https:\/\/vimaterial.de\/fr\/wp-json\/wp\/v2\/media?parent=1015767"}],"wp:term":[{"taxonomy":"product_brand","embeddable":true,"href":"https:\/\/vimaterial.de\/fr\/wp-json\/wp\/v2\/product_brand?post=1015767"},{"taxonomy":"product_cat","embeddable":true,"href":"https:\/\/vimaterial.de\/fr\/wp-json\/wp\/v2\/product_cat?post=1015767"},{"taxonomy":"product_tag","embeddable":true,"href":"https:\/\/vimaterial.de\/fr\/wp-json\/wp\/v2\/product_tag?post=1015767"}],"curies":[{"name":"wp","href":"https:\/\/api.w.org\/{rel}","templated":true}]}}