{"id":1015746,"date":"2024-06-17T14:52:30","date_gmt":"2024-06-17T06:52:30","guid":{"rendered":"https:\/\/vimaterial.de\/product\/nickel-manganese-gallium\/"},"modified":"2025-04-15T14:46:36","modified_gmt":"2025-04-15T06:46:36","slug":"nickel-manganese-gallium","status":"publish","type":"product","link":"https:\/\/vimaterial.de\/fr\/product\/nickel-manganese-gallium\/","title":{"rendered":"Nickel Mangan\u00e8se Gallium"},"content":{"rendered":"<p>La cible de pulv\u00e9risation cathodique nickel <span style=\"color: #0000ff;\"><a style=\"color: #0000ff;\" href=\"https:\/\/vimaterial.de\/en\/product\/nickel-manganese\/\">mangan\u00e8se gallium<\/a><\/span> est un mat\u00e9riau compos\u00e9 de trois \u00e9l\u00e9ments, le nickel, le mangan\u00e8se et le gallium, utilis\u00e9 dans la technologie de d\u00e9p\u00f4t physique en phase vapeur (PVD), qui est capable de d\u00e9poser des films minces avec des propri\u00e9t\u00e9s physiques et chimiques sp\u00e9ciales (par exemple, des propri\u00e9t\u00e9s magn\u00e9tiques, des propri\u00e9t\u00e9s \u00e9lectriques, etc.) sur un substrat, et est largement utilis\u00e9 dans de nombreux domaines, tels que l\u2019\u00e9lectronique et les mat\u00e9riaux magn\u00e9tiques.<\/p>\n<p>VIMATERIAL fournit des cibles de pulv\u00e9risation Nickel Mangan\u00e8se Gallium. Nos cibles de pulv\u00e9risation ont une densit\u00e9 \u00e9lev\u00e9e, une puret\u00e9 \u00e9lev\u00e9e, de faibles impuret\u00e9s, une structure interne uniforme du produit et un service de liaison de cible. Notre soci\u00e9t\u00e9 soutient la personnalisation et l\u2019exp\u00e9rimentation des produits, et nous avons l\u2019\u00e9quipe de recherche et de d\u00e9veloppement technique la plus professionnelle, <span style=\"color: #0000ff;\"><a style=\"color: #0000ff;\" href=\"https:\/\/vimaterial.de\/en\/contact-us\/\">contactez-nous<\/a><\/span>.  <\/p>\n<h2><span style=\"font-size: 14pt;\">Propri\u00e9t\u00e9s physiques<\/span><\/h2>\n<p>Formule mol\u00e9culaire : NiMnGa<\/p>\n<p>Poids mol\u00e9culaire : environ 61,12 g\/mol<\/p>\n<p>Aspect : grumeau m\u00e9tallis\u00e9 gris argent\u00e9<\/p>\n<h2><span style=\"font-size: 14pt;\">Applications<\/span><\/h2>\n<p>\u00c9lectronique : Il peut \u00eatre utilis\u00e9 pour la pr\u00e9paration d\u2019unit\u00e9s de stockage magn\u00e9tiques dans les appareils \u00e9lectroniques, ce qui peut aider \u00e0 augmenter la densit\u00e9 de stockage et la vitesse de lecture\/\u00e9criture gr\u00e2ce \u00e0 ses propri\u00e9t\u00e9s magn\u00e9tiques uniques.<\/p>\n<p>Capteurs : Dans la fabrication de capteurs, les cibles de pulv\u00e9risation peuvent d\u00e9poser des films minces sensibles aux changements de grandeurs physiques, tels que des capteurs de contrainte de haute pr\u00e9cision capables de d\u00e9tecter avec pr\u00e9cision les petites d\u00e9formations.<\/p>\n<p>Mat\u00e9riaux intelligents : Pour le d\u00e9veloppement de mat\u00e9riaux intelligents, des films minces avec des effets de m\u00e9moire de forme peuvent \u00eatre form\u00e9s, jouant un r\u00f4le cl\u00e9 dans les structures intelligentes ou les syst\u00e8mes micro\u00e9lectrom\u00e9caniques.<\/p>\n<p>Micronanofabrication : Dans le processus de micronanofabrication, cette cible de pulv\u00e9risation peut \u00eatre utilis\u00e9e pour pr\u00e9parer des structures \u00e0 couche mince \u00e0 l\u2019\u00e9chelle nanom\u00e9trique par la technologie de pulv\u00e9risation, qui peut fournir un support mat\u00e9riel de base pour la recherche de pointe en nano\u00e9lectronique et en nanophotonique.<\/p>\n<h2><span style=\"font-size: 14pt;\">Contr\u00f4le qualit\u00e9<\/span><\/h2>\n<p><span style=\"color: #0000ff;\"><a style=\"color: #0000ff;\" href=\"https:\/\/vimaterial.de\/en\/quality-control\/\">Chaque lot<\/a> <\/span>de produits dans le processus de production pour mettre en \u0153uvre un syst\u00e8me de gestion de la qualit\u00e9 strict, nous avons des normes d\u2019inspection strictes pour les mat\u00e9riaux entrants, les produits non conformes ont un traitement parfait et des mesures d\u2019isolement. Nous utilisons des instruments de test de haute pr\u00e9cision pour garantir la qualit\u00e9 des produits sortant de l\u2019usine, nous pouvons \u00e9galement fournir des \u00e9chantillons selon les exigences du client des organismes d\u2019inspection tiers, et finalement fabriquer nos produits pour r\u00e9pondre aux exigences du client. <\/p>\n<h2><span style=\"font-size: 14pt;\">Emballage et stockage<\/span><\/h2>\n<p>Les cibles de pulv\u00e9risation cathodique nickel-mangan\u00e8se-gallium sont emball\u00e9es dans des sacs sous vide doubles, puis emball\u00e9es dans des cartons ext\u00e9rieurs.<\/p>\n<p>Les cibles de pulv\u00e9risation cathodique nickel-mangan\u00e8se gallium doivent \u00eatre entrepos\u00e9es dans un environnement sec et propre avec une temp\u00e9rature et une humidit\u00e9 relativement stables, \u00e0 l\u2019abri de l\u2019humidit\u00e9, de l\u2019oxydation, des chocs physiques et de la contamination chimique, et de pr\u00e9f\u00e9rence plac\u00e9es dans un endroit prot\u00e9g\u00e9 par des mat\u00e9riaux d\u2019emballage appropri\u00e9s.<\/p>\n","protected":false},"excerpt":{"rendered":"<p>La cible de pulv\u00e9risation cathodique nickel <span style=\"color: #0000ff;\"><a style=\"color: #0000ff;\" href=\"https:\/\/vimaterial.de\/en\/product\/nickel-manganese\/\">mangan\u00e8se gallium<\/a><\/span> est un mat\u00e9riau compos\u00e9 de trois \u00e9l\u00e9ments, le nickel, le mangan\u00e8se et le gallium, utilis\u00e9 dans la technologie de d\u00e9p\u00f4t physique en phase vapeur (PVD), qui est capable de d\u00e9poser des films minces avec des propri\u00e9t\u00e9s physiques et chimiques sp\u00e9ciales (par exemple, des propri\u00e9t\u00e9s magn\u00e9tiques, des propri\u00e9t\u00e9s \u00e9lectriques, etc.) sur un substrat, et est largement utilis\u00e9 dans de nombreux domaines, tels que l\u2019\u00e9lectronique et les mat\u00e9riaux magn\u00e9tiques.<\/p>\n","protected":false},"featured_media":1002677,"comment_status":"open","ping_status":"closed","template":"","meta":{"_acf_changed":false},"product_brand":[],"product_cat":[235],"product_tag":[],"class_list":{"0":"post-1015746","1":"product","2":"type-product","3":"status-publish","4":"has-post-thumbnail","6":"product_cat-cibles-de-pulverisation-planaire","8":"first","9":"instock","10":"shipping-taxable","11":"product-type-variable"},"acf":[],"_links":{"self":[{"href":"https:\/\/vimaterial.de\/fr\/wp-json\/wp\/v2\/product\/1015746","targetHints":{"allow":["GET"]}}],"collection":[{"href":"https:\/\/vimaterial.de\/fr\/wp-json\/wp\/v2\/product"}],"about":[{"href":"https:\/\/vimaterial.de\/fr\/wp-json\/wp\/v2\/types\/product"}],"replies":[{"embeddable":true,"href":"https:\/\/vimaterial.de\/fr\/wp-json\/wp\/v2\/comments?post=1015746"}],"wp:featuredmedia":[{"embeddable":true,"href":"https:\/\/vimaterial.de\/fr\/wp-json\/wp\/v2\/media\/1002677"}],"wp:attachment":[{"href":"https:\/\/vimaterial.de\/fr\/wp-json\/wp\/v2\/media?parent=1015746"}],"wp:term":[{"taxonomy":"product_brand","embeddable":true,"href":"https:\/\/vimaterial.de\/fr\/wp-json\/wp\/v2\/product_brand?post=1015746"},{"taxonomy":"product_cat","embeddable":true,"href":"https:\/\/vimaterial.de\/fr\/wp-json\/wp\/v2\/product_cat?post=1015746"},{"taxonomy":"product_tag","embeddable":true,"href":"https:\/\/vimaterial.de\/fr\/wp-json\/wp\/v2\/product_tag?post=1015746"}],"curies":[{"name":"wp","href":"https:\/\/api.w.org\/{rel}","templated":true}]}}