{"id":1015744,"date":"2024-06-17T14:52:30","date_gmt":"2024-06-17T06:52:30","guid":{"rendered":"https:\/\/vimaterial.de\/product\/nickel-manganese\/"},"modified":"2025-04-15T14:48:09","modified_gmt":"2025-04-15T06:48:09","slug":"nickel-manganese","status":"publish","type":"product","link":"https:\/\/vimaterial.de\/fr\/product\/nickel-manganese\/","title":{"rendered":"Nickel Mangan\u00e8se"},"content":{"rendered":"<p>La cible de pulv\u00e9risation de <span style=\"color: #0000ff;\"><a style=\"color: #0000ff;\" href=\"https:\/\/vimaterial.de\/en\/product\/nickel-manganese-gallium\/\">nickel mangan\u00e8se<\/a><\/span> est un mat\u00e9riau compos\u00e9 de nickel et de mangan\u00e8se utilis\u00e9 dans la technologie de d\u00e9p\u00f4t physique en phase vapeur (PVD). Il a une bonne conductivit\u00e9 \u00e9lectrique et une bonne stabilit\u00e9 thermique, et peut d\u00e9poser efficacement des atomes de nickel et de mangan\u00e8se sur le substrat pendant la pulv\u00e9risation pour \u00eatre utilis\u00e9 dans la pr\u00e9paration de mat\u00e9riaux \u00e0 couche mince, qui jouent un r\u00f4le important dans les domaines des mat\u00e9riaux magn\u00e9tiques, des dispositifs \u00e9lectroniques, etc. <\/p>\n<p>VIMATERIAL fournit des cibles de pulv\u00e9risation Nickel Mangan\u00e8se. Nos cibles de pulv\u00e9risation ont une densit\u00e9 \u00e9lev\u00e9e, une puret\u00e9 \u00e9lev\u00e9e, de faibles impuret\u00e9s, une structure interne uniforme du produit et un service de liaison de cible. Notre soci\u00e9t\u00e9 soutient la personnalisation et l\u2019exp\u00e9rimentation des produits, et nous avons l\u2019\u00e9quipe de recherche et de d\u00e9veloppement technique la plus professionnelle,<span style=\"color: #0000ff;\"><a style=\"color: #0000ff;\" href=\"https:\/\/vimaterial.de\/en\/contact-us\/\"> contactez-nous.<\/a><\/span>  <\/p>\n<h2><span style=\"font-size: 14pt;\">Propri\u00e9t\u00e9s physiques<\/span><\/h2>\n<p>Formule mol\u00e9culaire : NiMn<\/p>\n<p>Poids mol\u00e9culaire : environ 56,815 g\/mol<\/p>\n<p>Aspect : grumeau m\u00e9tallis\u00e9 gris argent\u00e9<\/p>\n<h2><span style=\"font-size: 14pt;\">Applications<\/span><\/h2>\n<p>\u00c9lectronique&nbsp;: Dans le domaine de l\u2019\u00e9lectronique, les cibles de pulv\u00e9risation Nickel Mangan\u00e8se sont utilis\u00e9es dans la fabrication de composants \u00e9lectroniques, tels que les condensateurs \u00e0 film, dont les bonnes propri\u00e9t\u00e9s \u00e9lectriques peuvent aider \u00e0 am\u00e9liorer les performances des condensateurs, pour r\u00e9pondre \u00e0 la demande de miniaturisation et de haute stabilit\u00e9 des produits \u00e9lectroniques haute performance.<\/p>\n<p>Mat\u00e9riaux magn\u00e9tiques : Dans le domaine des mat\u00e9riaux magn\u00e9tiques, les cibles de pulv\u00e9risation peuvent \u00eatre utilis\u00e9es pour pr\u00e9parer des films minces avec des propri\u00e9t\u00e9s magn\u00e9tiques particuli\u00e8res, par exemple pour la fabrication de nouveaux capteurs magn\u00e9tiques, o\u00f9 le film pulv\u00e9ris\u00e9 est capable de d\u00e9tecter avec pr\u00e9cision les changements dans les champs magn\u00e9tiques faibles.<\/p>\n<p>\u00c9nergie&nbsp;: Dans le domaine de l\u2019\u00e9nergie, en particulier dans la pr\u00e9paration des mat\u00e9riaux d\u2019\u00e9lectrode de batterie, les cibles de pulv\u00e9risation de nickel mangan\u00e8se peuvent \u00eatre utilis\u00e9es pour fabriquer des films d\u2019\u00e9lectrode de batterie haute performance, ce qui peut aider \u00e0 am\u00e9liorer l\u2019efficacit\u00e9 de charge et de d\u00e9charge et la dur\u00e9e de vie des batteries, et promouvoir le progr\u00e8s de la technologie des batteries \u00e0 \u00e9nergie nouvelle.<\/p>\n<p>Optique : Dans le domaine de l\u2019optique, cette cible de pulv\u00e9risation peut \u00eatre utilis\u00e9e dans la pr\u00e9paration de films optiques, comme la fabrication de rev\u00eatements antireflets. Gr\u00e2ce \u00e0 un contr\u00f4le pr\u00e9cis du processus de pulv\u00e9risation, il est possible d\u2019obtenir des films avec un indice de r\u00e9fraction sp\u00e9cifique, ce qui peut r\u00e9duire efficacement la r\u00e9flexion sur la surface des composants optiques et am\u00e9liorer la qualit\u00e9 d\u2019image des instruments optiques. <\/p>\n<h2><span style=\"font-size: 14pt;\">Contr\u00f4le qualit\u00e9<\/span><\/h2>\n<p><span style=\"color: #0000ff;\"><a style=\"color: #0000ff;\" href=\"https:\/\/vimaterial.de\/en\/quality-control\/\">Chaque lot<\/a> <\/span>de produits dans le processus de production pour mettre en \u0153uvre un syst\u00e8me de gestion de la qualit\u00e9 strict, nous avons des normes d\u2019inspection strictes pour les mat\u00e9riaux entrants, les produits non conformes ont un traitement parfait et des mesures d\u2019isolement. Nous utilisons des instruments de test de haute pr\u00e9cision pour garantir la qualit\u00e9 des produits sortant de l\u2019usine, nous pouvons \u00e9galement fournir des \u00e9chantillons selon les exigences du client des organismes d\u2019inspection tiers, et finalement fabriquer nos produits pour r\u00e9pondre aux exigences du client. <\/p>\n<h2><span style=\"font-size: 14pt;\">Emballage et stockage<\/span><\/h2>\n<p>Les cibles de pulv\u00e9risation au nickel-mangan\u00e8se sont emball\u00e9es dans des sacs sous vide doubles et emball\u00e9es dans des cartons ext\u00e9rieurs.<\/p>\n<p>Les cibles de pulv\u00e9risation de nickel-mangan\u00e8se doivent \u00eatre stock\u00e9es dans un environnement sec et bien ventil\u00e9 avec une temp\u00e9rature et une humidit\u00e9 relativement stables, et doivent \u00eatre prot\u00e9g\u00e9es contre les dommages physiques, la contamination chimique et le contact avec des substances r\u00e9actives, et bien scell\u00e9es pour \u00e9viter l\u2019oxydation.<\/p>\n","protected":false},"excerpt":{"rendered":"<p>La cible de pulv\u00e9risation de <span style=\"color: #0000ff;\"><a style=\"color: #0000ff;\" href=\"https:\/\/vimaterial.de\/en\/product\/nickel-manganese-gallium\/\">nickel mangan\u00e8se<\/a><\/span> est un mat\u00e9riau compos\u00e9 de nickel et de mangan\u00e8se utilis\u00e9 dans la technologie de d\u00e9p\u00f4t physique en phase vapeur (PVD). Il a une bonne conductivit\u00e9 \u00e9lectrique et une bonne stabilit\u00e9 thermique, et peut d\u00e9poser efficacement des atomes de nickel et de mangan\u00e8se sur le substrat pendant la pulv\u00e9risation pour \u00eatre utilis\u00e9 dans la pr\u00e9paration de mat\u00e9riaux \u00e0 couche mince, qui jouent un r\u00f4le important dans les domaines des mat\u00e9riaux magn\u00e9tiques, des dispositifs \u00e9lectroniques, etc. <\/p>\n","protected":false},"featured_media":1002670,"comment_status":"open","ping_status":"closed","template":"","meta":{"_acf_changed":false},"product_brand":[],"product_cat":[235],"product_tag":[],"class_list":{"0":"post-1015744","1":"product","2":"type-product","3":"status-publish","4":"has-post-thumbnail","6":"product_cat-cibles-de-pulverisation-planaire","8":"first","9":"instock","10":"shipping-taxable","11":"product-type-variable"},"acf":[],"_links":{"self":[{"href":"https:\/\/vimaterial.de\/fr\/wp-json\/wp\/v2\/product\/1015744","targetHints":{"allow":["GET"]}}],"collection":[{"href":"https:\/\/vimaterial.de\/fr\/wp-json\/wp\/v2\/product"}],"about":[{"href":"https:\/\/vimaterial.de\/fr\/wp-json\/wp\/v2\/types\/product"}],"replies":[{"embeddable":true,"href":"https:\/\/vimaterial.de\/fr\/wp-json\/wp\/v2\/comments?post=1015744"}],"wp:featuredmedia":[{"embeddable":true,"href":"https:\/\/vimaterial.de\/fr\/wp-json\/wp\/v2\/media\/1002670"}],"wp:attachment":[{"href":"https:\/\/vimaterial.de\/fr\/wp-json\/wp\/v2\/media?parent=1015744"}],"wp:term":[{"taxonomy":"product_brand","embeddable":true,"href":"https:\/\/vimaterial.de\/fr\/wp-json\/wp\/v2\/product_brand?post=1015744"},{"taxonomy":"product_cat","embeddable":true,"href":"https:\/\/vimaterial.de\/fr\/wp-json\/wp\/v2\/product_cat?post=1015744"},{"taxonomy":"product_tag","embeddable":true,"href":"https:\/\/vimaterial.de\/fr\/wp-json\/wp\/v2\/product_tag?post=1015744"}],"curies":[{"name":"wp","href":"https:\/\/api.w.org\/{rel}","templated":true}]}}