{"id":1015729,"date":"2024-06-17T14:52:30","date_gmt":"2024-06-17T06:52:30","guid":{"rendered":"https:\/\/vimaterial.de\/product\/nickel-molybdene\/"},"modified":"2025-04-15T14:44:47","modified_gmt":"2025-04-15T06:44:47","slug":"nickel-molybdene","status":"publish","type":"product","link":"https:\/\/vimaterial.de\/fr\/product\/nickel-molybdene\/","title":{"rendered":"Nickel-molybd\u00e8ne"},"content":{"rendered":"<p>La cible de pulv\u00e9risation cathodique au <span style=\"color: #0000ff;\"><a style=\"color: #0000ff;\" href=\"https:\/\/vimaterial.de\/en\/product\/nickel-molybdate-nickel-molybdenum-oxide\/\">nickel-molybd\u00e8ne<\/a><\/span> est un mat\u00e9riau compos\u00e9 de nickel et de molybd\u00e8ne utilis\u00e9 dans la technologie de d\u00e9p\u00f4t physique en phase vapeur, dans laquelle des atomes de nickel et de molybd\u00e8ne sont pulv\u00e9ris\u00e9s et d\u00e9pos\u00e9s \u00e0 la surface d\u2019un substrat par bombardement d\u2019ions, ce qui peut \u00eatre utilis\u00e9 pour pr\u00e9parer des rev\u00eatements en couches minces avec des propri\u00e9t\u00e9s sp\u00e9ciales.<\/p>\n<p>VIMATERIAL fournit des cibles de pulv\u00e9risation au nickel-molybd\u00e8ne, nos cibles de pulv\u00e9risation ont une densification \u00e9lev\u00e9e, une uniformit\u00e9 dans la cible, de faibles impuret\u00e9s dans le produit, de bonnes propri\u00e9t\u00e9s de surface de la cible et un service de liaison de cible, nous avons une \u00e9quipe de R &amp; D technique professionnelle, nous pouvons accepter la personnalisation et l\u2019exp\u00e9rimentation des produits, veuillez <span style=\"color: #0000ff;\"><a style=\"color: #0000ff;\" href=\"https:\/\/vimaterial.de\/en\/contact-us\/\">nous contacter<\/a><\/span>.<\/p>\n<h2><span style=\"font-size: 14pt;\">Propri\u00e9t\u00e9s physiques<\/span><\/h2>\n<p>Formule mol\u00e9culaire : NiMo<\/p>\n<p>Poids mol\u00e9culaire : environ 77,315 g\/mol<\/p>\n<p>Apparence&nbsp;: Gris argent\u00e9 solide avec \u00e9clat m\u00e9tallique, la forme peut \u00eatre personnalis\u00e9e.<\/p>\n<h2><span style=\"font-size: 14pt;\">Applications<\/span><\/h2>\n<p>Industrie \u00e9lectronique : Utilis\u00e9 dans la pr\u00e9paration de r\u00e9sistances \u00e0 couche mince dans les circuits int\u00e9gr\u00e9s, qui peuvent fournir des performances de r\u00e9sistance stables et aider \u00e0 am\u00e9liorer la pr\u00e9cision et la fiabilit\u00e9 des composants \u00e9lectroniques.<\/p>\n<p>Domaine des semi-conducteurs : Il peut \u00eatre utilis\u00e9 pour former une couche de m\u00e9tallisation, comme dans la structure d\u2019interconnexion des puces, ce qui peut am\u00e9liorer les performances de contact entre le m\u00e9tal et le semi-conducteur et r\u00e9duire la r\u00e9sistance de contact.<\/p>\n<p>Champ optique&nbsp;: il peut \u00eatre utilis\u00e9 pour d\u00e9poser un film optique, tel qu\u2019un rev\u00eatement de r\u00e9flecteur, en ajustant l\u2019\u00e9paisseur et la composition de la couche de film, il peut contr\u00f4ler la r\u00e9flectivit\u00e9 et la s\u00e9lectivit\u00e9 de la longueur d\u2019onde, et am\u00e9liorer les performances r\u00e9fl\u00e9chissantes des instruments optiques.<\/p>\n<p>Solaire photovolta\u00efque : Il peut \u00eatre utilis\u00e9 pour pr\u00e9parer un film d\u2019\u00e9lectrode, ce qui contribue \u00e0 am\u00e9liorer l\u2019efficacit\u00e9 de conversion photo\u00e9lectrique de la batterie et la stabilit\u00e9 de la batterie, et \u00e0 am\u00e9liorer les performances et la dur\u00e9e de vie de la batterie.<\/p>\n<h2><span style=\"font-size: 14pt;\">Contr\u00f4le de la qualit\u00e9<\/span><\/h2>\n<p><span style=\"color: #0000ff;\"><a style=\"color: #0000ff;\" href=\"https:\/\/vimaterial.de\/en\/quality-control\/\">Nos produits<\/a><\/span> sont mis en \u0153uvre le syst\u00e8me de gestion de la qualit\u00e9 le plus strict, les mat\u00e9riaux entrants, le processus, l\u2019inspection finale, l\u2019inspection d\u2019usine ont des normes d\u2019inspection strictes, pour le traitement non qualifi\u00e9 utilisera des mesures d\u2019isolation strictes pour \u00e9viter le flux de produits non conformes dans le processus suivant, selon les exigences du client fournira aux clients des \u00e9chantillons pour que les clients puissent les r\u00e9inspecter.<\/p>\n<h2><span style=\"font-size: 14pt;\">Emballage et stockage<\/span><\/h2>\n<p>Les cibles de pulv\u00e9risation au nickel-molybd\u00e8ne sont emball\u00e9es dans des sacs et des bo\u00eetes sous vide \u00e0 double couche, et emball\u00e9es dans des cartons.<\/p>\n<p>Les cibles de pulv\u00e9risation cathodique au nickel-molybd\u00e8ne doivent \u00eatre stock\u00e9es dans un environnement sec, propre et bien ventil\u00e9 pour \u00e9viter l\u2019humidit\u00e9, l\u2019oxydation et la contamination par d\u2019autres impuret\u00e9s, et en m\u00eame temps, nous devons faire attention \u00e0 \u00e9viter les dommages physiques aux cibles, et il est pr\u00e9f\u00e9rable de les classer et de les stocker selon leurs sp\u00e9cifications pour une gestion et un acc\u00e8s faciles.<\/p>\n","protected":false},"excerpt":{"rendered":"<p>La cible de pulv\u00e9risation cathodique au <span style=\"color: #0000ff;\"><a style=\"color: #0000ff;\" href=\"https:\/\/vimaterial.de\/en\/product\/nickel-molybdate-nickel-molybdenum-oxide\/\">nickel-molybd\u00e8ne<\/a><\/span> est un mat\u00e9riau compos\u00e9 de nickel et de molybd\u00e8ne utilis\u00e9 dans la technologie de d\u00e9p\u00f4t physique en phase vapeur, dans laquelle des atomes de nickel et de molybd\u00e8ne sont pulv\u00e9ris\u00e9s et d\u00e9pos\u00e9s \u00e0 la surface d\u2019un substrat par bombardement d\u2019ions, ce qui peut \u00eatre utilis\u00e9 pour pr\u00e9parer des rev\u00eatements en couches minces avec des propri\u00e9t\u00e9s sp\u00e9ciales.<\/p>\n","protected":false},"featured_media":1002684,"comment_status":"open","ping_status":"closed","template":"","meta":{"_acf_changed":false},"product_brand":[],"product_cat":[235],"product_tag":[],"class_list":{"0":"post-1015729","1":"product","2":"type-product","3":"status-publish","4":"has-post-thumbnail","6":"product_cat-cibles-de-pulverisation-planaire","8":"first","9":"instock","10":"shipping-taxable","11":"product-type-variable"},"acf":[],"_links":{"self":[{"href":"https:\/\/vimaterial.de\/fr\/wp-json\/wp\/v2\/product\/1015729","targetHints":{"allow":["GET"]}}],"collection":[{"href":"https:\/\/vimaterial.de\/fr\/wp-json\/wp\/v2\/product"}],"about":[{"href":"https:\/\/vimaterial.de\/fr\/wp-json\/wp\/v2\/types\/product"}],"replies":[{"embeddable":true,"href":"https:\/\/vimaterial.de\/fr\/wp-json\/wp\/v2\/comments?post=1015729"}],"wp:featuredmedia":[{"embeddable":true,"href":"https:\/\/vimaterial.de\/fr\/wp-json\/wp\/v2\/media\/1002684"}],"wp:attachment":[{"href":"https:\/\/vimaterial.de\/fr\/wp-json\/wp\/v2\/media?parent=1015729"}],"wp:term":[{"taxonomy":"product_brand","embeddable":true,"href":"https:\/\/vimaterial.de\/fr\/wp-json\/wp\/v2\/product_brand?post=1015729"},{"taxonomy":"product_cat","embeddable":true,"href":"https:\/\/vimaterial.de\/fr\/wp-json\/wp\/v2\/product_cat?post=1015729"},{"taxonomy":"product_tag","embeddable":true,"href":"https:\/\/vimaterial.de\/fr\/wp-json\/wp\/v2\/product_tag?post=1015729"}],"curies":[{"name":"wp","href":"https:\/\/api.w.org\/{rel}","templated":true}]}}