{"id":1015715,"date":"2024-06-17T14:52:34","date_gmt":"2024-06-17T06:52:34","guid":{"rendered":"https:\/\/vimaterial.de\/product\/alliage-de-nickel-et-de-niobium\/"},"modified":"2025-04-15T14:17:16","modified_gmt":"2025-04-15T06:17:16","slug":"alliage-de-nickel-et-de-niobium","status":"publish","type":"product","link":"https:\/\/vimaterial.de\/fr\/product\/alliage-de-nickel-et-de-niobium\/","title":{"rendered":"Alliage nickel-niobium"},"content":{"rendered":"<p>La cible de pulv\u00e9risation en <span style=\"color: #0000ff;\"><a style=\"color: #0000ff;\" href=\"https:\/\/vimaterial.de\/en\/product\/nickel-niobium-titanium-alloy\/\">alliage nickel-niobium<\/a><\/span> est un mat\u00e9riau en alliage avec du nickel et du niobium comme composants principaux. Dans le processus de pulv\u00e9risation cathodique du d\u00e9p\u00f4t physique en phase vapeur, les atomes cibles sont d\u00e9pos\u00e9s \u00e0 la surface du substrat pour former un film mince par bombardement d\u2019ions, qui est principalement utilis\u00e9 dans les domaines de l\u2019\u00e9lectronique, de l\u2019optique, des semi-conducteurs, etc., pour la pr\u00e9paration de films minces avec des propri\u00e9t\u00e9s \u00e9lectriques, magn\u00e9tiques ou optiques sp\u00e9ciales. <\/p>\n<p>VIMATERIAL propose des cibles de pulv\u00e9risation en alliage nickel-niobium. Nos cibles se caract\u00e9risent par une grande puret\u00e9, une uniformit\u00e9 \u00e0 l\u2019int\u00e9rieur de la cible, de faibles impuret\u00e9s et une grande plan\u00e9it\u00e9 de surface. Notre soci\u00e9t\u00e9 peut fournir aux clients des services de reliure cibl\u00e9s, mais aussi soutenir la personnalisation des produits et des exp\u00e9riences, nous avons l\u2019\u00e9quipe de recherche et d\u00e9veloppement technique la plus professionnelle, <span style=\"color: #0000ff;\"><a style=\"color: #0000ff;\" href=\"https:\/\/vimaterial.de\/en\/contact-us\/\">contactez-nous<\/a><\/span>.  <\/p>\n<h2><span style=\"font-size: 14pt;\">Propri\u00e9t\u00e9s physiques<\/span><\/h2>\n<p>Formule mol\u00e9culaire : NiNb<\/p>\n<p>Poids mol\u00e9culaire : environ 151,6<\/p>\n<h2><span style=\"font-size: 14pt;\">Applications<\/span><\/h2>\n<p>Domaine \u00e9lectronique&nbsp;: utilis\u00e9 dans la fabrication de dispositifs \u00e9lectroniques, peut \u00eatre d\u00e9pos\u00e9 \u00e0 la surface de la puce et d\u2019autres composants du film mince, pour am\u00e9liorer la conductivit\u00e9 \u00e9lectrique et la r\u00e9sistance \u00e0 la corrosion des composants \u00e9lectroniques, am\u00e9liorant ainsi leurs performances et leur dur\u00e9e de vie.<\/p>\n<p>Semi-conducteurs : Dans le processus de fabrication des semi-conducteurs, des couches minces peuvent \u00eatre d\u00e9pos\u00e9es pour ajuster les propri\u00e9t\u00e9s \u00e9lectriques des mat\u00e9riaux semi-conducteurs, par exemple, pour cr\u00e9er des couches de m\u00e9tallisation, ce qui permet d\u2019obtenir des puces de plus petite taille et une meilleure int\u00e9gration.<\/p>\n<p>Champ optique&nbsp;: La cible de pulv\u00e9risation peut \u00eatre utilis\u00e9e dans les lentilles optiques, le rev\u00eatement, etc., pour modifier les propri\u00e9t\u00e9s optiques des lentilles en d\u00e9posant une \u00e9paisseur sp\u00e9cifique de film mince, telle que l\u2019am\u00e9lioration de la transmittance, la r\u00e9flexion, etc., pour r\u00e9pondre aux exigences de haute pr\u00e9cision des instruments optiques.<\/p>\n<p>Champ des mat\u00e9riaux magn\u00e9tiques&nbsp;: dans la production de mat\u00e9riaux magn\u00e9tiques, peut \u00eatre d\u00e9pos\u00e9 avec un film magn\u00e9tique sp\u00e9cial, utilis\u00e9 pour fabriquer des supports de stockage magn\u00e9tiques haute performance ou des capteurs magn\u00e9tiques, pour am\u00e9liorer les propri\u00e9t\u00e9s magn\u00e9tiques des mat\u00e9riaux magn\u00e9tiques.<\/p>\n<p>A\u00e9rospatiale : Dans la protection de surface des \u00e9quipements a\u00e9rospatiaux, les cibles de pulv\u00e9risation NiNb peuvent \u00eatre utilis\u00e9es pour d\u00e9poser des films minces afin d\u2019am\u00e9liorer la r\u00e9sistance \u00e0 la haute temp\u00e9rature, \u00e0 l\u2019usure et \u00e0 l\u2019oxydation des surfaces des mat\u00e9riaux, et pour assurer la fiabilit\u00e9 des \u00e9quipements a\u00e9rospatiaux dans des environnements extr\u00eames.<\/p>\n<h2><span style=\"font-size: 14pt;\">Contr\u00f4le qualit\u00e9<\/span><\/h2>\n<p><a href=\"https:\/\/vimaterial.de\/en\/quality-control\/\"><span style=\"color: #0000ff;\">Chaque lot<\/span><\/a> de produits dans le processus de production pour mettre en \u0153uvre un syst\u00e8me de gestion de la qualit\u00e9 strict, nous avons des normes d\u2019inspection strictes pour les mat\u00e9riaux entrants, les produits non conformes ont un traitement parfait et des mesures d\u2019isolement. Nous utilisons des instruments de test de haute pr\u00e9cision pour garantir la qualit\u00e9 des produits sortant de l\u2019usine, nous pouvons \u00e9galement fournir des \u00e9chantillons selon les exigences du client des organismes d\u2019inspection tiers, et finalement fabriquer nos produits pour r\u00e9pondre aux exigences du client. <\/p>\n<h2><span style=\"font-size: 14pt;\">Emballage et stockage<\/span><\/h2>\n<p>Les cibles de pulv\u00e9risation en alliage nickel-niobium sont emball\u00e9es dans des sacs sous vide doubles, puis emball\u00e9es.<\/p>\n<p>Les cibles de pulv\u00e9risation en alliage de nickel-niobium doivent \u00eatre stock\u00e9es dans un environnement sec, propre et bien ventil\u00e9 avec une temp\u00e9rature et une humidit\u00e9 relativement stables pour \u00e9viter l\u2019humidit\u00e9, l\u2019oxydation, la contamination par des impuret\u00e9s et les dommages caus\u00e9s par les chocs physiques, et doivent \u00eatre isol\u00e9es des produits chimiques corrosifs.<\/p>\n","protected":false},"excerpt":{"rendered":"<p>La cible de pulv\u00e9risation en <span style=\"color: #0000ff;\"><a style=\"color: #0000ff;\" href=\"https:\/\/vimaterial.de\/en\/product\/nickel-niobium-titanium-alloy\/\">alliage nickel-niobium<\/a><\/span> est un mat\u00e9riau en alliage avec du nickel et du niobium comme composants principaux. Dans le processus de pulv\u00e9risation cathodique du d\u00e9p\u00f4t physique en phase vapeur, les atomes cibles sont d\u00e9pos\u00e9s \u00e0 la surface du substrat pour former un film mince par bombardement d\u2019ions, qui est principalement utilis\u00e9 dans les domaines de l\u2019\u00e9lectronique, de l\u2019optique, des semi-conducteurs, etc., pour la pr\u00e9paration de films minces avec des propri\u00e9t\u00e9s \u00e9lectriques, magn\u00e9tiques ou optiques sp\u00e9ciales. <\/p>\n","protected":false},"featured_media":1002699,"comment_status":"open","ping_status":"closed","template":"","meta":{"_acf_changed":false},"product_brand":[],"product_cat":[235],"product_tag":[],"class_list":{"0":"post-1015715","1":"product","2":"type-product","3":"status-publish","4":"has-post-thumbnail","6":"product_cat-cibles-de-pulverisation-planaire","8":"first","9":"instock","10":"shipping-taxable","11":"product-type-variable"},"acf":[],"_links":{"self":[{"href":"https:\/\/vimaterial.de\/fr\/wp-json\/wp\/v2\/product\/1015715","targetHints":{"allow":["GET"]}}],"collection":[{"href":"https:\/\/vimaterial.de\/fr\/wp-json\/wp\/v2\/product"}],"about":[{"href":"https:\/\/vimaterial.de\/fr\/wp-json\/wp\/v2\/types\/product"}],"replies":[{"embeddable":true,"href":"https:\/\/vimaterial.de\/fr\/wp-json\/wp\/v2\/comments?post=1015715"}],"wp:featuredmedia":[{"embeddable":true,"href":"https:\/\/vimaterial.de\/fr\/wp-json\/wp\/v2\/media\/1002699"}],"wp:attachment":[{"href":"https:\/\/vimaterial.de\/fr\/wp-json\/wp\/v2\/media?parent=1015715"}],"wp:term":[{"taxonomy":"product_brand","embeddable":true,"href":"https:\/\/vimaterial.de\/fr\/wp-json\/wp\/v2\/product_brand?post=1015715"},{"taxonomy":"product_cat","embeddable":true,"href":"https:\/\/vimaterial.de\/fr\/wp-json\/wp\/v2\/product_cat?post=1015715"},{"taxonomy":"product_tag","embeddable":true,"href":"https:\/\/vimaterial.de\/fr\/wp-json\/wp\/v2\/product_tag?post=1015715"}],"curies":[{"name":"wp","href":"https:\/\/api.w.org\/{rel}","templated":true}]}}