{"id":1015710,"date":"2024-06-17T14:52:31","date_gmt":"2024-06-17T06:52:31","guid":{"rendered":"https:\/\/vimaterial.de\/product\/molybdate-de-nickel-oxyde-de-molybdene\/"},"modified":"2025-04-15T14:42:27","modified_gmt":"2025-04-15T06:42:27","slug":"molybdate-de-nickel-oxyde-de-molybdene","status":"publish","type":"product","link":"https:\/\/vimaterial.de\/fr\/product\/molybdate-de-nickel-oxyde-de-molybdene\/","title":{"rendered":"Nickel molybdate (oxyde de nickel molybd\u00e8ne)"},"content":{"rendered":"<p>La poudre de <span style=\"color: #0000ff;\"><a style=\"color: #0000ff;\" href=\"https:\/\/vimaterial.de\/en\/product\/nickel-molybdenum\/\">nickel-molybdate<\/a><\/span> est une poudre jaune-vert avec une bonne stabilit\u00e9 chimique et des propri\u00e9t\u00e9s \u00e9lectrochimiques, qui peut \u00eatre utilis\u00e9e comme catalyseur HDS dans le domaine p\u00e9trochimique, comme mat\u00e9riau d\u2019\u00e9lectrode de supercondensateur et mat\u00e9riau de cathode de batterie lithium-ion dans le stockage d\u2019\u00e9nergie, et dans le domaine \u00e9lectrocatalytique, il peut \u00eatre utilis\u00e9 dans divers processus catalytiques \u00e9lectrochimiques tels que la r\u00e9action de pr\u00e9cipitation de l\u2019hydrog\u00e8ne et la r\u00e9action de pr\u00e9cipitation de l\u2019oxyg\u00e8ne.<\/p>\n<p>VIMATERIAL fournit des poudres de nickel-molybdate, nos poudres ont une puret\u00e9 plus \u00e9lev\u00e9e, un contr\u00f4le plus pr\u00e9cis de la taille des particules, une meilleure dispersion, une excellente stabilit\u00e9 chimique et une activit\u00e9 catalytique plus forte, qui sont de loin sup\u00e9rieures \u00e0 d\u2019autres produits similaires en termes de performances et d\u2019adaptabilit\u00e9 \u00e0 l\u2019application. Notre soci\u00e9t\u00e9 soutient la personnalisation et l\u2019exp\u00e9rimentation des produits, et nous avons l\u2019\u00e9quipe de recherche et de d\u00e9veloppement technique la plus professionnelle, <span style=\"color: #0000ff;\"><a style=\"color: #0000ff;\" href=\"https:\/\/vimaterial.de\/en\/contact-us\/\">contactez-nous<\/a><\/span>. <\/p>\n<h2><span style=\"font-size: 14pt;\">Propri\u00e9t\u00e9s physiques<\/span><\/h2>\n<p>Formule mol\u00e9culaire : NiMoO4<\/p>\n<p>Poids mol\u00e9culaire : environ 218,63 g\/mol<\/p>\n<p>Apparence : poudre vert jaun\u00e2tre<\/p>\n<p>Densit\u00e9 : 4,62 g\/cm\u00b3<\/p>\n<p>Point de fusion : 780 &#8211; 800\u00b0C<\/p>\n<p>Structure cristalline : structure cristalline orthorhombique<\/p>\n<h2><span style=\"font-size: 14pt;\">Applications<\/span><\/h2>\n<p>P\u00e9trochimie : La poudre de nickel-molybdate peut \u00eatre utilis\u00e9e comme catalyseur d\u2019hydrod\u00e9sulfuration dans les produits p\u00e9trochimiques, favorisant la r\u00e9action d\u2019hydrog\u00e9nation des compos\u00e9s soufr\u00e9s \u00e0 travers ses sites actifs, r\u00e9duisant efficacement la teneur en soufre des produits p\u00e9troliers et am\u00e9liorant la qualit\u00e9 des produits p\u00e9troliers.<\/p>\n<h2><span style=\"font-size: 12pt;\">Stockage de l\u2019\u00e9nergie<\/span><\/h2>\n<p>Supercondensateur : En tant que mat\u00e9riau d\u2019\u00e9lectrode de supercondensateur, il peut fournir une capacit\u00e9 sp\u00e9cifique \u00e9lev\u00e9e, et en vertu de sa structure cristalline unique et de ses propri\u00e9t\u00e9s redox, il peut r\u00e9aliser un transfert rapide d\u2019ions et d\u2019\u00e9lectrons pendant la charge et la d\u00e9charge, am\u00e9liorant ainsi les performances de stockage d\u2019\u00e9nergie des supercondensateurs.<\/p>\n<p>Dans les applications de cathode de batterie lithium-ion, les ions lithium peuvent \u00eatre int\u00e9gr\u00e9s et d\u00e9sint\u00e9gr\u00e9s de mani\u00e8re r\u00e9versible dans le cycle de charge\/d\u00e9charge gr\u00e2ce \u00e0 leur propre structure et ont une densit\u00e9 d\u2019\u00e9nergie \u00e9lev\u00e9e, ce qui peut contribuer \u00e0 prolonger l\u2019endurance et la dur\u00e9e de vie de la batterie.<\/p>\n<h2><span style=\"font-size: 12pt;\">\u00c9lectrocatalyse<\/span><\/h2>\n<p>Pr\u00e9cipitation de l\u2019hydrog\u00e8ne : Pour la r\u00e9action de pr\u00e9cipitation de l\u2019hydrog\u00e8ne, il peut r\u00e9duire l\u2019\u00e9nergie d\u2019activation de la r\u00e9action, fournir des sites actifs catalytiques efficaces \u00e0 sa surface, acc\u00e9l\u00e9rer le processus de r\u00e9duction des ions hydrog\u00e8ne et ainsi am\u00e9liorer l\u2019efficacit\u00e9 de la r\u00e9action de pr\u00e9cipitation de l\u2019hydrog\u00e8ne, qui joue un r\u00f4le important dans le processus de production d\u2019hydrog\u00e8ne \u00e0 partir d\u2019\u00e9nergies renouvelables.<\/p>\n<p>R\u00e9action de pr\u00e9cipitation de l\u2019oxyg\u00e8ne : Pour la r\u00e9action de pr\u00e9cipitation de l\u2019oxyg\u00e8ne, il peut catalyser efficacement l\u2019oxydation des mol\u00e9cules d\u2019eau dans le processus \u00e9lectrochimique, et sa structure \u00e9lectronique sp\u00e9ciale et ses propri\u00e9t\u00e9s de surface peuvent aider \u00e0 am\u00e9liorer le taux de r\u00e9action, ce qui a une valeur d\u2019application potentielle dans le processus de conversion d\u2019\u00e9nergie \u00e9lectrochimique, tel que l\u2019\u00e9lectrolyse de l\u2019eau.<\/p>\n<h2><span style=\"font-size: 14pt;\">Contr\u00f4le qualit\u00e9<\/span><\/h2>\n<p><span style=\"color: #0000ff;\"><a style=\"color: #0000ff;\" href=\"https:\/\/vimaterial.de\/en\/quality-control\/\">Chaque lot<\/a> <\/span>de produits dans le processus de production pour mettre en \u0153uvre un syst\u00e8me de gestion de la qualit\u00e9 strict, nous avons des normes d\u2019inspection strictes pour les mat\u00e9riaux entrants, les produits non conformes ont un traitement parfait et des mesures d\u2019isolement. Nous utilisons des instruments de test de haute pr\u00e9cision pour garantir la qualit\u00e9 des produits sortant de l\u2019usine, nous pouvons \u00e9galement fournir des \u00e9chantillons selon les exigences du client des organismes d\u2019inspection tiers, et finalement fabriquer nos produits pour r\u00e9pondre aux exigences du client. <\/p>\n<h2><span style=\"font-size: 14pt;\">Emballage et stockage<\/span><\/h2>\n<p>Les poudres de nickel-molybdate sont emball\u00e9es dans des sacs ou des bouteilles sous vide doubles suivis de cartons.<\/p>\n<p>La poudre de nickel-molybdate doit \u00eatre stock\u00e9e dans un environnement frais, sec et bien ventil\u00e9, \u00e0 l\u2019abri du feu, de la chaleur, de l\u2019eau et des oxydants forts, des acides, des alcalis et d\u2019autres substances chimiques, et doit \u00eatre scell\u00e9e pour l\u2019emp\u00eacher de l\u2019humidit\u00e9, de l\u2019oxydation ou de la d\u00e9t\u00e9rioration due \u00e0 une r\u00e9action chimique avec d\u2019autres substances.<\/p>\n","protected":false},"excerpt":{"rendered":"<p>La poudre de <span style=\"color: #0000ff;\"><a style=\"color: #0000ff;\" href=\"https:\/\/vimaterial.de\/en\/product\/nickel-molybdenum\/\">nickel-molybdate<\/a><\/span> est une poudre jaune-vert avec une bonne stabilit\u00e9 chimique et des propri\u00e9t\u00e9s \u00e9lectrochimiques, qui peut \u00eatre utilis\u00e9e comme catalyseur HDS dans le domaine p\u00e9trochimique, comme mat\u00e9riau d\u2019\u00e9lectrode de supercondensateur et mat\u00e9riau de cathode de batterie lithium-ion dans le stockage d\u2019\u00e9nergie, et dans le domaine \u00e9lectrocatalytique, il peut \u00eatre utilis\u00e9 dans divers processus catalytiques \u00e9lectrochimiques tels que la r\u00e9action de pr\u00e9cipitation de l\u2019hydrog\u00e8ne et la r\u00e9action de pr\u00e9cipitation de l\u2019oxyg\u00e8ne.<\/p>\n","protected":false},"featured_media":1002692,"comment_status":"open","ping_status":"closed","template":"","meta":{"_acf_changed":false},"product_brand":[],"product_cat":[244],"product_tag":[],"class_list":{"0":"post-1015710","1":"product","2":"type-product","3":"status-publish","4":"has-post-thumbnail","6":"product_cat-autres-materiaux","8":"first","9":"instock","10":"shipping-taxable","11":"purchasable","12":"product-type-variable"},"acf":[],"_links":{"self":[{"href":"https:\/\/vimaterial.de\/fr\/wp-json\/wp\/v2\/product\/1015710","targetHints":{"allow":["GET"]}}],"collection":[{"href":"https:\/\/vimaterial.de\/fr\/wp-json\/wp\/v2\/product"}],"about":[{"href":"https:\/\/vimaterial.de\/fr\/wp-json\/wp\/v2\/types\/product"}],"replies":[{"embeddable":true,"href":"https:\/\/vimaterial.de\/fr\/wp-json\/wp\/v2\/comments?post=1015710"}],"wp:featuredmedia":[{"embeddable":true,"href":"https:\/\/vimaterial.de\/fr\/wp-json\/wp\/v2\/media\/1002692"}],"wp:attachment":[{"href":"https:\/\/vimaterial.de\/fr\/wp-json\/wp\/v2\/media?parent=1015710"}],"wp:term":[{"taxonomy":"product_brand","embeddable":true,"href":"https:\/\/vimaterial.de\/fr\/wp-json\/wp\/v2\/product_brand?post=1015710"},{"taxonomy":"product_cat","embeddable":true,"href":"https:\/\/vimaterial.de\/fr\/wp-json\/wp\/v2\/product_cat?post=1015710"},{"taxonomy":"product_tag","embeddable":true,"href":"https:\/\/vimaterial.de\/fr\/wp-json\/wp\/v2\/product_tag?post=1015710"}],"curies":[{"name":"wp","href":"https:\/\/api.w.org\/{rel}","templated":true}]}}