{"id":1015638,"date":"2024-06-17T14:52:36","date_gmt":"2024-06-17T06:52:36","guid":{"rendered":"https:\/\/vimaterial.de\/product\/sulfure-de-nickel-ii-2\/"},"modified":"2024-10-12T14:24:04","modified_gmt":"2024-10-12T06:24:04","slug":"sulfure-de-nickel-ii-2","status":"publish","type":"product","link":"https:\/\/vimaterial.de\/fr\/product\/sulfure-de-nickel-ii-2\/","title":{"rendered":"Sulfure de nickel (II)"},"content":{"rendered":"<p>Les particules de sulfure de nickel (II) sont la forme granulaire du sulfure de nickel (II).<\/p>\n<p>&nbsp;<\/p>\n<p>Informations de base :<\/p>\n<p>&nbsp;<\/p>\n<p>Apparence\u00a0: G\u00e9n\u00e9ralement des particules de poudre noire, la couleur est plus uniforme.<\/p>\n<p>Densit\u00e9 : A une densit\u00e9 relativement \u00e9lev\u00e9e.<\/p>\n<p>Point de fusion : Le point de fusion est relativement \u00e9lev\u00e9, environ 797 \u00b0 C, ce qui permet aux particules NiS de maintenir une bonne stabilit\u00e9 dans un environnement \u00e0 haute temp\u00e9rature, et peuvent \u00eatre appliqu\u00e9es \u00e0 certaines r\u00e9actions \u00e0 haute temp\u00e9rature ou \u00e0 des zones n\u00e9cessitant une r\u00e9sistance \u00e0 haute temp\u00e9rature des mat\u00e9riaux.<\/p>\n<p>Structure cristalline : NiS a une vari\u00e9t\u00e9 de structures cristallines, le syst\u00e8me cristallin hexagonal commun.<\/p>\n<p>&nbsp;<\/p>\n<p>M\u00e9thode de pr\u00e9paration :<\/p>\n<p>&nbsp;<\/p>\n<p>M\u00e9thode de synth\u00e8se directe : La r\u00e9action d\u2019une solution de sel de nickel (comme le chlorure de nickel, le sulfate de nickel, etc.) avec du sulfure d\u2019hydrog\u00e8ne peut pr\u00e9parer des particules de sulfure de nickel (II).<\/p>\n<p>&nbsp;<\/p>\n<p>M\u00e9thode en phase solide \u00e0 haute temp\u00e9rature : la poudre de nickel et la poudre de soufre sont m\u00e9lang\u00e9es dans une certaine proportion, et la r\u00e9action en phase solide est effectu\u00e9e \u00e0 haute temp\u00e9rature, ce qui peut \u00e9galement pr\u00e9parer des particules de NiS.<\/p>\n<p>&nbsp;<\/p>\n<p>Catalyseur : Dans certaines r\u00e9actions chimiques, les particules de NiS peuvent \u00eatre utilis\u00e9es comme catalyseur, comme dans le processus de r\u00e9action d\u2019hydrog\u00e9nation, de r\u00e9action de d\u00e9sulfuration, etc., pour acc\u00e9l\u00e9rer la r\u00e9action et am\u00e9liorer l\u2019efficacit\u00e9 de la r\u00e9action.<\/p>\n<p>&nbsp;<\/p>\n<p>Mat\u00e9riaux des batteries : En raison de leurs propri\u00e9t\u00e9s chimiques uniques et de leur structure \u00e9lectronique, les particules NiS ont des applications potentielles dans le domaine des batteries, qui peuvent \u00eatre utilis\u00e9es comme mat\u00e9riaux d\u2019\u00e9lectrode dans les dispositifs de stockage d\u2019\u00e9nergie tels que les batteries lithium-ion et les supercondensateurs.<\/p>\n","protected":false},"excerpt":{"rendered":"<p>Les particules de sulfure de nickel (II) sont la forme granulaire du sulfure de nickel.<\/p>\n<p>Mat\u00e9riaux des batteries : En raison de leurs propri\u00e9t\u00e9s chimiques uniques et de leur structure \u00e9lectronique, les particules de sulfure de nickel (II) ont des applications potentielles dans le domaine des batteries, qui peuvent \u00eatre utilis\u00e9es comme mat\u00e9riaux d\u2019\u00e9lectrode dans les dispositifs de stockage d\u2019\u00e9nergie tels que les batteries lithium-ion et les supercondensateurs.<\/p>\n","protected":false},"featured_media":1002747,"comment_status":"open","ping_status":"closed","template":"","meta":{"_acf_changed":false},"product_brand":[],"product_cat":[236],"product_tag":[],"class_list":{"0":"post-1015638","1":"product","2":"type-product","3":"status-publish","4":"has-post-thumbnail","6":"product_cat-materiaux-devaporation","8":"first","9":"instock","10":"shipping-taxable","11":"product-type-variable"},"acf":[],"_links":{"self":[{"href":"https:\/\/vimaterial.de\/fr\/wp-json\/wp\/v2\/product\/1015638","targetHints":{"allow":["GET"]}}],"collection":[{"href":"https:\/\/vimaterial.de\/fr\/wp-json\/wp\/v2\/product"}],"about":[{"href":"https:\/\/vimaterial.de\/fr\/wp-json\/wp\/v2\/types\/product"}],"replies":[{"embeddable":true,"href":"https:\/\/vimaterial.de\/fr\/wp-json\/wp\/v2\/comments?post=1015638"}],"wp:featuredmedia":[{"embeddable":true,"href":"https:\/\/vimaterial.de\/fr\/wp-json\/wp\/v2\/media\/1002747"}],"wp:attachment":[{"href":"https:\/\/vimaterial.de\/fr\/wp-json\/wp\/v2\/media?parent=1015638"}],"wp:term":[{"taxonomy":"product_brand","embeddable":true,"href":"https:\/\/vimaterial.de\/fr\/wp-json\/wp\/v2\/product_brand?post=1015638"},{"taxonomy":"product_cat","embeddable":true,"href":"https:\/\/vimaterial.de\/fr\/wp-json\/wp\/v2\/product_cat?post=1015638"},{"taxonomy":"product_tag","embeddable":true,"href":"https:\/\/vimaterial.de\/fr\/wp-json\/wp\/v2\/product_tag?post=1015638"}],"curies":[{"name":"wp","href":"https:\/\/api.w.org\/{rel}","templated":true}]}}