{"id":1015611,"date":"2024-06-17T14:52:37","date_gmt":"2024-06-17T06:52:37","guid":{"rendered":"https:\/\/vimaterial.de\/product\/seleniure-de-nickel-2\/"},"modified":"2024-10-12T10:53:25","modified_gmt":"2024-10-12T02:53:25","slug":"seleniure-de-nickel-2","status":"publish","type":"product","link":"https:\/\/vimaterial.de\/fr\/product\/seleniure-de-nickel-2\/","title":{"rendered":"S\u00e9l\u00e9niure de nickel"},"content":{"rendered":"<p>Les particules de s\u00e9l\u00e9niure de nickel sont un mat\u00e9riau compos\u00e9 inorganique important.<\/p>\n<p>&nbsp;<\/p>\n<p>Propri\u00e9t\u00e9s de base :<\/p>\n<p>&nbsp;<\/p>\n<p>Formule chimique : NiSe<\/p>\n<p>Poids mol\u00e9culaire : 137,65 g\/mol<\/p>\n<p>Apparence : Particules poudreuses g\u00e9n\u00e9ralement noires, mais peuvent appara\u00eetre argent\u00e9es dans des \u00e9tats cristallins plus grands<\/p>\n<p>Structure cristalline : Sa structure cristalline est plus complexe, il existe de nombreux \u00e9tats de phase. Pour les s\u00e9l\u00e9niures de nickel divalent, le changement d\u2019\u00e9tat de phase affectera ses propri\u00e9t\u00e9s physiques et chimiques<\/p>\n<p>Conductivit\u00e9 \u00e9lectrique : appartient aux mat\u00e9riaux semi-conducteurs, a un certain degr\u00e9 de conductivit\u00e9 \u00e9lectrique, mais la conductivit\u00e9 \u00e9lectrique est faible par rapport aux mat\u00e9riaux m\u00e9talliques.<\/p>\n<p>Point de fusion : Il a un point de fusion \u00e9lev\u00e9, ce qui lui permet de maintenir une bonne stabilit\u00e9 dans un environnement \u00e0 haute temp\u00e9rature. Duret\u00e9 : Il a une certaine duret\u00e9, ce qui le rend potentiellement utile dans certains sc\u00e9narios d\u2019application o\u00f9 une r\u00e9sistance \u00e0 l\u2019usure est requise.<\/p>\n<p>&nbsp;<\/p>\n<p>M\u00e9thode de pr\u00e9paration :<\/p>\n<p>&nbsp;<\/p>\n<p>M\u00e9thode de r\u00e9action en phase solide : la source de nickel (comme la poudre de nickel, l\u2019oxyde de nickel, etc.) et la source de s\u00e9l\u00e9nium (comme la poudre de s\u00e9l\u00e9nium, le s\u00e9l\u00e9niure d\u2019hydrog\u00e8ne, etc.) sont m\u00e9lang\u00e9es dans une certaine proportion, et la r\u00e9action en phase solide est effectu\u00e9e \u00e0 haute temp\u00e9rature pour pr\u00e9parer les particules de NiSe.<\/p>\n<p>&nbsp;<\/p>\n<p>M\u00e9thode de d\u00e9p\u00f4t chimique en phase vapeur : Le compos\u00e9 organique du nickel et du compos\u00e9 de s\u00e9l\u00e9nium est utilis\u00e9 pour d\u00e9poser des particules de s\u00e9l\u00e9niure de nickel sur le substrat \u00e0 l\u2019\u00e9tat de phase gazeuse.<\/p>\n<p>&nbsp;<\/p>\n<p>M\u00e9thode solvothermique : des particules de s\u00e9l\u00e9niure de nickel de taille nanom\u00e9trique peuvent \u00eatre pr\u00e9par\u00e9es par la r\u00e9action d\u2019un sel de nickel et d\u2019une source de s\u00e9l\u00e9nium dans un solvant organique \u00e0 haute temp\u00e9rature et \u00e0 haute pression.<\/p>\n<p>&nbsp;<\/p>\n<p>Domaine d\u2019application :<\/p>\n<p>&nbsp;<\/p>\n<p>Champ catalytique : NiSe peut \u00eatre utilis\u00e9 comme catalyseur dans une vari\u00e9t\u00e9 de r\u00e9actions chimiques, telles que la r\u00e9action d\u2019hydrog\u00e9nation, la r\u00e9action de d\u00e9shydrog\u00e9nation, la r\u00e9action de d\u00e9composition de l\u2019eau, etc. Dans la d\u00e9composition \u00e9lectrocatalytique de l\u2019eau, les particules de NiSe peuvent \u00eatre utilis\u00e9es comme catalyseur efficace pour favoriser la production d\u2019hydrog\u00e8ne.<\/p>\n<p>&nbsp;<\/p>\n<p>Domaine du stockage d\u2019\u00e9nergie : Dans les dispositifs de stockage d\u2019\u00e9nergie tels que les batteries et les supercondensateurs, les particules de NiSe peuvent \u00eatre utilis\u00e9es comme mat\u00e9riaux d\u2019\u00e9lectrode pour am\u00e9liorer les performances des dispositifs de stockage d\u2019\u00e9nergie en utilisant leurs bonnes propri\u00e9t\u00e9s \u00e9lectrochimiques.<\/p>\n<p>&nbsp;<\/p>\n<p>Champ optique non lin\u00e9aire : Il peut \u00eatre utilis\u00e9 pour des applications optiques non lin\u00e9aires telles que la conversion de fr\u00e9quence dans l\u2019infrarouge moyen.<\/p>\n","protected":false},"excerpt":{"rendered":"<p>Les particules de s\u00e9l\u00e9niure de nickel sont un mat\u00e9riau compos\u00e9 inorganique important.<\/p>\n<p>Champ catalytique : peut \u00eatre utilis\u00e9 comme catalyseur dans une vari\u00e9t\u00e9 de r\u00e9actions chimiques, telles que la r\u00e9action d\u2019hydrog\u00e9nation, la r\u00e9action de d\u00e9shydrog\u00e9nation, la r\u00e9action de d\u00e9composition de l\u2019eau, etc. Dans la d\u00e9composition \u00e9lectrocatalytique de l\u2019eau, les particules de s\u00e9l\u00e9niure de nickel peuvent \u00eatre utilis\u00e9es comme catalyseur efficace pour favoriser la production d\u2019hydrog\u00e8ne.<\/p>\n<p>Domaine du stockage d\u2019\u00e9nergie : Dans les dispositifs de stockage d\u2019\u00e9nergie tels que les batteries et les supercondensateurs, les particules de NiSe peuvent \u00eatre utilis\u00e9es comme mat\u00e9riaux d\u2019\u00e9lectrode pour am\u00e9liorer les performances des dispositifs de stockage d\u2019\u00e9nergie en utilisant leurs bonnes propri\u00e9t\u00e9s \u00e9lectrochimiques.<\/p>\n<p>&nbsp;<\/p>\n<p>&nbsp;<\/p>\n","protected":false},"featured_media":1002760,"comment_status":"open","ping_status":"closed","template":"","meta":{"_acf_changed":false},"product_brand":[],"product_cat":[236],"product_tag":[],"class_list":{"0":"post-1015611","1":"product","2":"type-product","3":"status-publish","4":"has-post-thumbnail","6":"product_cat-materiaux-devaporation","8":"first","9":"instock","10":"shipping-taxable","11":"product-type-variable"},"acf":[],"_links":{"self":[{"href":"https:\/\/vimaterial.de\/fr\/wp-json\/wp\/v2\/product\/1015611","targetHints":{"allow":["GET"]}}],"collection":[{"href":"https:\/\/vimaterial.de\/fr\/wp-json\/wp\/v2\/product"}],"about":[{"href":"https:\/\/vimaterial.de\/fr\/wp-json\/wp\/v2\/types\/product"}],"replies":[{"embeddable":true,"href":"https:\/\/vimaterial.de\/fr\/wp-json\/wp\/v2\/comments?post=1015611"}],"wp:featuredmedia":[{"embeddable":true,"href":"https:\/\/vimaterial.de\/fr\/wp-json\/wp\/v2\/media\/1002760"}],"wp:attachment":[{"href":"https:\/\/vimaterial.de\/fr\/wp-json\/wp\/v2\/media?parent=1015611"}],"wp:term":[{"taxonomy":"product_brand","embeddable":true,"href":"https:\/\/vimaterial.de\/fr\/wp-json\/wp\/v2\/product_brand?post=1015611"},{"taxonomy":"product_cat","embeddable":true,"href":"https:\/\/vimaterial.de\/fr\/wp-json\/wp\/v2\/product_cat?post=1015611"},{"taxonomy":"product_tag","embeddable":true,"href":"https:\/\/vimaterial.de\/fr\/wp-json\/wp\/v2\/product_tag?post=1015611"}],"curies":[{"name":"wp","href":"https:\/\/api.w.org\/{rel}","templated":true}]}}