{"id":1015604,"date":"2024-06-17T14:49:29","date_gmt":"2024-06-17T06:49:29","guid":{"rendered":"https:\/\/vimaterial.de\/product\/sulfure-de-nickel-ii\/"},"modified":"2024-10-12T13:59:58","modified_gmt":"2024-10-12T05:59:58","slug":"sulfure-de-nickel-ii","status":"publish","type":"product","link":"https:\/\/vimaterial.de\/fr\/product\/sulfure-de-nickel-ii\/","title":{"rendered":"Sulfure de nickel (II)"},"content":{"rendered":"<p>La poudre de sulfure de nickel (II) (NiS) est un compos\u00e9 inorganique important.<\/p>\n<p>&nbsp;<\/p>\n<p>Informations de base :<\/p>\n<p>&nbsp;<\/p>\n<p>Formule chimique : NiS.<\/p>\n<p>Poids mol\u00e9culaire : 90,758.<\/p>\n<p>Num\u00e9ro CAS : 16812-54-7.<\/p>\n<p>Num\u00e9ro EINECS : 240-841-2.<\/p>\n<p>Apparence\u00a0: G\u00e9n\u00e9ralement de la poudre noire.<\/p>\n<p>Densit\u00e9 : La densit\u00e9 relative est d\u2019environ 5,87 g\/cm\u00b3.<\/p>\n<p>Point de fusion : 797\u00b0C.<\/p>\n<p>Point d\u2019\u00e9bullition : 1388\u00b0C.<\/p>\n<p>Solubilit\u00e9 : insoluble dans l\u2019eau, soluble dans les acides forts tels que l\u2019acide nitrique.<\/p>\n<p>Structure cristalline : avec une vari\u00e9t\u00e9 de structures cristallines, y compris le syst\u00e8me cristallin hexagonal.<\/p>\n<p>&nbsp;<\/p>\n<p>M\u00e9thode de pr\u00e9paration :<\/p>\n<p>&nbsp;<\/p>\n<p>M\u00e9thode de synth\u00e8se directe\u00a0: Une solution de sel de nickel (tel que le chlorure de nickel, le sulfate de nickel, etc.) et la r\u00e9action gazeuse de sulfure d\u2019hydrog\u00e8ne, peuvent \u00eatre pr\u00e9par\u00e9es de la poudre de sulfure de nickel (II).<\/p>\n<p>&nbsp;<\/p>\n<p>M\u00e9thode de la phase solide \u00e0 haute temp\u00e9rature : la poudre de nickel et la poudre de soufre sont m\u00e9lang\u00e9es dans une certaine proportion, et la r\u00e9action en phase solide est effectu\u00e9e \u00e0 haute temp\u00e9rature, et le sulfure de nickel (II) peut \u00e9galement \u00eatre pr\u00e9par\u00e9.<\/p>\n<p>&nbsp;<\/p>\n<p>Domaine d\u2019application :<\/p>\n<p>&nbsp;<\/p>\n<p>Catalyseurs : Catalyseurs qui peuvent \u00eatre utilis\u00e9s dans certaines r\u00e9actions chimiques, telles que la r\u00e9action d\u2019hydrog\u00e9nation, la r\u00e9action de d\u00e9sulfuration, etc. Il a certaines applications dans la p\u00e9trochimie, la protection de l\u2019environnement et d\u2019autres domaines.<\/p>\n<p>&nbsp;<\/p>\n<p>Mat\u00e9riaux de la batterie : Dans certains nouveaux syst\u00e8mes de batterie, le sulfure de nickel a une valeur d\u2019application potentielle en tant que mat\u00e9riau d\u2019\u00e9lectrode, et ses propri\u00e9t\u00e9s chimiques et sa structure uniques contribuent \u00e0 am\u00e9liorer les performances de la batterie.<\/p>\n<p>&nbsp;<\/p>\n<p>Traitement du minerai : Dans le processus de traitement, le sulfure de nickel peut \u00eatre utilis\u00e9 comme agent de flottation pour la s\u00e9paration et l\u2019enrichissement des min\u00e9raux contenant du nickel.<\/p>\n","protected":false},"excerpt":{"rendered":"<p>La poudre de sulfure de nickel (II) (NiS) est un compos\u00e9 inorganique important.<\/p>\n<p>Catalyseurs : Catalyseurs qui peuvent \u00eatre utilis\u00e9s dans certaines r\u00e9actions chimiques, telles que la r\u00e9action d\u2019hydrog\u00e9nation, la r\u00e9action de d\u00e9sulfuration, etc. Il a certaines applications dans la p\u00e9trochimie, la protection de l\u2019environnement et d\u2019autres domaines.<\/p>\n<p>Mat\u00e9riaux de la batterie : Dans certains nouveaux syst\u00e8mes de batterie, le sulfure de nickel (II) a une valeur d\u2019application potentielle en tant que mat\u00e9riau d\u2019\u00e9lectrode, et ses propri\u00e9t\u00e9s chimiques et sa structure uniques contribuent \u00e0 am\u00e9liorer les performances de la batterie.<\/p>\n","protected":false},"featured_media":1002753,"comment_status":"open","ping_status":"closed","template":"","meta":{"_acf_changed":false},"product_brand":[],"product_cat":[238],"product_tag":[],"class_list":{"0":"post-1015604","1":"product","2":"type-product","3":"status-publish","4":"has-post-thumbnail","6":"product_cat-materiaux-de-chalcogenure","8":"first","9":"instock","10":"shipping-taxable","11":"purchasable","12":"product-type-variable"},"acf":[],"_links":{"self":[{"href":"https:\/\/vimaterial.de\/fr\/wp-json\/wp\/v2\/product\/1015604","targetHints":{"allow":["GET"]}}],"collection":[{"href":"https:\/\/vimaterial.de\/fr\/wp-json\/wp\/v2\/product"}],"about":[{"href":"https:\/\/vimaterial.de\/fr\/wp-json\/wp\/v2\/types\/product"}],"replies":[{"embeddable":true,"href":"https:\/\/vimaterial.de\/fr\/wp-json\/wp\/v2\/comments?post=1015604"}],"wp:featuredmedia":[{"embeddable":true,"href":"https:\/\/vimaterial.de\/fr\/wp-json\/wp\/v2\/media\/1002753"}],"wp:attachment":[{"href":"https:\/\/vimaterial.de\/fr\/wp-json\/wp\/v2\/media?parent=1015604"}],"wp:term":[{"taxonomy":"product_brand","embeddable":true,"href":"https:\/\/vimaterial.de\/fr\/wp-json\/wp\/v2\/product_brand?post=1015604"},{"taxonomy":"product_cat","embeddable":true,"href":"https:\/\/vimaterial.de\/fr\/wp-json\/wp\/v2\/product_cat?post=1015604"},{"taxonomy":"product_tag","embeddable":true,"href":"https:\/\/vimaterial.de\/fr\/wp-json\/wp\/v2\/product_tag?post=1015604"}],"curies":[{"name":"wp","href":"https:\/\/api.w.org\/{rel}","templated":true}]}}