{"id":1015591,"date":"2024-06-17T14:54:09","date_gmt":"2024-06-17T06:54:09","guid":{"rendered":"https:\/\/vimaterial.de\/product\/seleniure-de-nickel\/"},"modified":"2024-10-12T10:27:35","modified_gmt":"2024-10-12T02:27:35","slug":"seleniure-de-nickel","status":"publish","type":"product","link":"https:\/\/vimaterial.de\/fr\/product\/seleniure-de-nickel\/","title":{"rendered":"S\u00e9l\u00e9niure de nickel"},"content":{"rendered":"<p>La poudre de s\u00e9l\u00e9niure de nickel est une poudre de compos\u00e9 inorganique importante.<\/p>\n<p>&nbsp;<\/p>\n<p>Informations de base :<\/p>\n<p>&nbsp;<\/p>\n<p>Formule chimique : NiSe<\/p>\n<p>Num\u00e9ro CAS : 1314-05-2<\/p>\n<p>Poids mol\u00e9culaire : 137,65 g\/mol<\/p>\n<p>Apparence : G\u00e9n\u00e9ralement poudre noire<\/p>\n<p>Densit\u00e9 : Environ 7,2 g\/cm\u00b3.<\/p>\n<p>Point de fusion : \u00c9lev\u00e9, environ 980 \u00b0C<\/p>\n<p>Structure cristalline : Sa structure cristalline est plus complexe, pour le s\u00e9l\u00e9niure de nickel divalent, il existe une vari\u00e9t\u00e9 d\u2019\u00e9tats de phase et de types structurels, ce qui fait \u00e9galement que ses propri\u00e9t\u00e9s physiques et chimiques ont une certaine diversit\u00e9.<\/p>\n<p>&nbsp;<\/p>\n<p>M\u00e9thode de pr\u00e9paration :<\/p>\n<p>&nbsp;<\/p>\n<p>M\u00e9thode de r\u00e9action en phase solide : la source de nickel (telle que la poudre de nickel, l\u2019oxyde de nickel, etc.) et la source de s\u00e9l\u00e9nium (telle que la poudre de s\u00e9l\u00e9nium, le s\u00e9l\u00e9niure d\u2019hydrog\u00e8ne, etc.) sont m\u00e9lang\u00e9es dans une certaine proportion, et la r\u00e9action en phase solide est effectu\u00e9e \u00e0 haute temp\u00e9rature pour pr\u00e9parer la poudre de NiSe.<\/p>\n<p>&nbsp;<\/p>\n<p>M\u00e9thode de d\u00e9p\u00f4t chimique en phase vapeur : utilisation de compos\u00e9s organiques de compos\u00e9s de nickel et de s\u00e9l\u00e9nium en phase gazeuse dans des conditions de r\u00e9action biochimique, d\u00e9p\u00f4t d\u2019un film ou d\u2019une poudre de s\u00e9l\u00e9niure de nickel sur le substrat.<\/p>\n<p>&nbsp;<\/p>\n<p>M\u00e9thode solvothermique : une poudre de s\u00e9l\u00e9niure de nickel de taille nanom\u00e9trique peut \u00eatre pr\u00e9par\u00e9e par la r\u00e9action d\u2019un sel de nickel et d\u2019une source de s\u00e9l\u00e9nium dans un solvant organique \u00e0 haute temp\u00e9rature et haute pression.<\/p>\n<p>&nbsp;<\/p>\n<p>Domaine d\u2019application :<\/p>\n<p>&nbsp;<\/p>\n<p>Champ catalytique : En raison de ses propri\u00e9t\u00e9s chimiques uniques, la poudre de NiSe peut \u00eatre utilis\u00e9e comme catalyseur dans une vari\u00e9t\u00e9 de r\u00e9actions chimiques, telles que la r\u00e9action d\u2019hydrog\u00e9nation, la r\u00e9action de d\u00e9shydrog\u00e9nation, la r\u00e9action de d\u00e9composition de l\u2019eau, etc.<\/p>\n<p>&nbsp;<\/p>\n<p>Domaine du stockage d\u2019\u00e9nergie : Dans les dispositifs de stockage d\u2019\u00e9nergie tels que les batteries et les supercondensateurs, la poudre NiSe peut \u00eatre utilis\u00e9e comme mat\u00e9riau d\u2019\u00e9lectrode pour am\u00e9liorer les performances des dispositifs de stockage d\u2019\u00e9nergie en utilisant ses bonnes propri\u00e9t\u00e9s \u00e9lectrochimiques.<\/p>\n<p>&nbsp;<\/p>\n<p>Champ photo\u00e9lectrique : En raison de ses propri\u00e9t\u00e9s semi-conductrices, il peut \u00eatre utilis\u00e9 pour pr\u00e9parer des dispositifs photo\u00e9lectriques tels que des photod\u00e9tecteurs et des cellules solaires.<\/p>\n<p>&nbsp;<\/p>\n<p>Champ du capteur : La poudre NiSe est sensible \u00e0 certains gaz et produits chimiques, et peut \u00eatre utilis\u00e9e pour pr\u00e9parer des capteurs de gaz et des capteurs chimiques afin de d\u00e9tecter des gaz ou des produits chimiques nocifs dans l\u2019environnement.<\/p>\n","protected":false},"excerpt":{"rendered":"<p>La poudre de s\u00e9l\u00e9niure de nickel est une poudre de compos\u00e9 inorganique importante.<\/p>\n<p>Champ catalytique : En raison de ses propri\u00e9t\u00e9s chimiques uniques, la poudre de NiSe peut \u00eatre utilis\u00e9e comme catalyseur dans une vari\u00e9t\u00e9 de r\u00e9actions chimiques, telles que la r\u00e9action d\u2019hydrog\u00e9nation, la r\u00e9action de d\u00e9shydrog\u00e9nation, la r\u00e9action de d\u00e9composition de l\u2019eau, etc.<\/p>\n<p>Domaine du stockage d\u2019\u00e9nergie : Dans les dispositifs de stockage d\u2019\u00e9nergie tels que les batteries et les supercondensateurs, la poudre de s\u00e9l\u00e9niure de nickel peut \u00eatre utilis\u00e9e comme mat\u00e9riau d\u2019\u00e9lectrode pour am\u00e9liorer les performances des dispositifs de stockage d\u2019\u00e9nergie en utilisant ses bonnes propri\u00e9t\u00e9s \u00e9lectrochimiques.<\/p>\n","protected":false},"featured_media":1002760,"comment_status":"open","ping_status":"closed","template":"","meta":{"_acf_changed":false},"product_brand":[],"product_cat":[238],"product_tag":[],"class_list":{"0":"post-1015591","1":"product","2":"type-product","3":"status-publish","4":"has-post-thumbnail","6":"product_cat-materiaux-de-chalcogenure","8":"first","9":"instock","10":"shipping-taxable","11":"purchasable","12":"product-type-variable"},"acf":[],"_links":{"self":[{"href":"https:\/\/vimaterial.de\/fr\/wp-json\/wp\/v2\/product\/1015591","targetHints":{"allow":["GET"]}}],"collection":[{"href":"https:\/\/vimaterial.de\/fr\/wp-json\/wp\/v2\/product"}],"about":[{"href":"https:\/\/vimaterial.de\/fr\/wp-json\/wp\/v2\/types\/product"}],"replies":[{"embeddable":true,"href":"https:\/\/vimaterial.de\/fr\/wp-json\/wp\/v2\/comments?post=1015591"}],"wp:featuredmedia":[{"embeddable":true,"href":"https:\/\/vimaterial.de\/fr\/wp-json\/wp\/v2\/media\/1002760"}],"wp:attachment":[{"href":"https:\/\/vimaterial.de\/fr\/wp-json\/wp\/v2\/media?parent=1015591"}],"wp:term":[{"taxonomy":"product_brand","embeddable":true,"href":"https:\/\/vimaterial.de\/fr\/wp-json\/wp\/v2\/product_brand?post=1015591"},{"taxonomy":"product_cat","embeddable":true,"href":"https:\/\/vimaterial.de\/fr\/wp-json\/wp\/v2\/product_cat?post=1015591"},{"taxonomy":"product_tag","embeddable":true,"href":"https:\/\/vimaterial.de\/fr\/wp-json\/wp\/v2\/product_tag?post=1015591"}],"curies":[{"name":"wp","href":"https:\/\/api.w.org\/{rel}","templated":true}]}}