{"id":1015574,"date":"2024-06-17T14:54:10","date_gmt":"2024-06-17T06:54:10","guid":{"rendered":"https:\/\/vimaterial.de\/product\/siliciure-de-nickel-2\/"},"modified":"2025-04-15T13:56:45","modified_gmt":"2025-04-15T05:56:45","slug":"siliciure-de-nickel-2","status":"publish","type":"product","link":"https:\/\/vimaterial.de\/fr\/product\/siliciure-de-nickel-2\/","title":{"rendered":"Siliciure de nickel"},"content":{"rendered":"<p>La cible de pulv\u00e9risation cathodique au <span style=\"color: #0000ff;\"><a style=\"color: #0000ff;\" href=\"https:\/\/vimaterial.de\/en\/product\/nickel-silicide\/\">siliciure de nickel<\/a> <\/span>est un mat\u00e9riau cl\u00e9 d\u2019une grande puret\u00e9, d\u2019une excellente conductivit\u00e9 \u00e9lectrique et d\u2019une stabilit\u00e9 thermique, qui peut \u00eatre utilis\u00e9 dans les semi-conducteurs et d\u2019autres domaines pour pr\u00e9parer des films minces de haute performance par processus de pulv\u00e9risation.<\/p>\n<p>VIMATERIAL fournit des cibles de pulv\u00e9risation de siliciure de nickel. Nos cibles de pulv\u00e9risation de siliciure de nickel ont des densit\u00e9s \u00e9lev\u00e9es, de faibles impuret\u00e9s, des cibles homog\u00e8nes, une forte liaison avec le substrat, et nous pouvons \u00e9galement fournir des services de liaison de cibles. Notre soci\u00e9t\u00e9 dispose d\u2019une \u00e9quipe professionnelle de recherche et d\u00e9veloppement technologique, peut accepter la personnalisation du produit, peut \u00eatre de petites quantit\u00e9s de la commande, d\u00e9p\u00eachez-vous de <span style=\"color: #0000ff;\"><a style=\"color: #0000ff;\" href=\"https:\/\/vimaterial.de\/en\/contact-us\/\">nous contacter.<\/a><\/span>  <\/p>\n<h2><span style=\"font-size: 14pt;\">Propri\u00e9t\u00e9s physiques<\/span><\/h2>\n<p>Formule mol\u00e9culaire : Ni\u2082Si<\/p>\n<p>Poids mol\u00e9culaire : 145,472 g\/mol environ<\/p>\n<p>Densit\u00e9 : environ 7,40 g\/cm\u00b3.<\/p>\n<p>Point de fusion : environ 1255\u00b0C<\/p>\n<p>Structure cristalline : syst\u00e8me cristallin orthorhombique, groupe d\u2019espace Pnma, n\u00b0 62, constantes du r\u00e9seau a = 0,502 nm, b = 0,374 nm, c = 0,708 nm, le nombre de mol\u00e9cules dans la cellule (Z) est de 4.<\/p>\n<h2><span style=\"font-size: 14pt;\">Applications<\/span><\/h2>\n<p>Fabrication de semi-conducteurs : Il peut \u00eatre utilis\u00e9 pour former des couches de contact en siliciure m\u00e9tallique de haute qualit\u00e9, r\u00e9duisant efficacement la r\u00e9sistance de contact et am\u00e9liorant les performances des puces.<\/p>\n<p>Industrie de l\u2019emballage de dispositifs \u00e9lectroniques : la pulv\u00e9risation cathodique cible Ni\u2082Si pour g\u00e9n\u00e9rer un film mince permet d\u2019am\u00e9liorer la fiabilit\u00e9 de la connexion entre la broche et la puce, et d\u2019am\u00e9liorer la stabilit\u00e9 globale de l\u2019emballage.<\/p>\n<p>Opto\u00e9lectronique : Les cibles Ni\u2082Si peuvent am\u00e9liorer les caract\u00e9ristiques \u00e9lectriques des composants photovolta\u00efques, l\u2019efficacit\u00e9 de la conversion photo\u00e9lectrique.<\/p>\n<h2><span style=\"font-size: 14pt;\">Contr\u00f4le de la qualit\u00e9<\/span><\/h2>\n<p>Nous mettons en \u0153uvre le syst\u00e8me de gestion de la <span style=\"color: #0000ff;\"><a style=\"color: #0000ff;\" href=\"https:\/\/vimaterial.de\/en\/quality-control\/\">qualit\u00e9 le plus strict<\/a><\/span> pour chaque lot de produits, avec des registres complets des mati\u00e8res premi\u00e8res aux produits finaux pour une tra\u00e7abilit\u00e9 facile. Nous adoptons des mesures de s\u00e9gr\u00e9gation strictes pour la manipulation des produits non conformes afin de nous assurer qu\u2019aucun des produits non conformes ne sera transf\u00e9r\u00e9 dans le processus suivant. <\/p>\n<h2><span style=\"font-size: 14pt;\">Emballage et stockage<\/span><\/h2>\n<p>Les cibles de pulv\u00e9risation de siliciure de nickel sont emball\u00e9es dans des sacs sous vide doubles, puis emball\u00e9es, \u00e0 l\u2019ext\u00e9rieur dans des cartons.<\/p>\n<p>Les cibles de pulv\u00e9risation de siliciure de nickel doivent \u00eatre stock\u00e9es dans un endroit sec, frais et bien ventil\u00e9, en \u00e9vitant tout contact avec des produits chimiques, en utilisant l\u2019emballage d\u2019origine ou des sacs antistatiques, et faites attention \u00e0 l\u2019\u00e9tanch\u00e9it\u00e9 \u00e0 la poussi\u00e8re, anti-collision et v\u00e9rifiez r\u00e9guli\u00e8rement l\u2019\u00e9tat.<\/p>\n","protected":false},"excerpt":{"rendered":"<p>La cible de pulv\u00e9risation cathodique au <span style=\"color: #0000ff;\"><a style=\"color: #0000ff;\" href=\"https:\/\/vimaterial.de\/en\/product\/nickel-silicide\/\">siliciure de nickel<\/a> <\/span>est un mat\u00e9riau cl\u00e9 d\u2019une grande puret\u00e9, d\u2019une excellente conductivit\u00e9 \u00e9lectrique et d\u2019une stabilit\u00e9 thermique, qui peut \u00eatre utilis\u00e9 dans les semi-conducteurs et d\u2019autres domaines pour pr\u00e9parer des films minces de haute performance par processus de pulv\u00e9risation.<\/p>\n","protected":false},"featured_media":1002777,"comment_status":"open","ping_status":"closed","template":"","meta":{"_acf_changed":false},"product_brand":[],"product_cat":[235],"product_tag":[],"class_list":{"0":"post-1015574","1":"product","2":"type-product","3":"status-publish","4":"has-post-thumbnail","6":"product_cat-cibles-de-pulverisation-planaire","8":"first","9":"instock","10":"shipping-taxable","11":"product-type-variable"},"acf":[],"_links":{"self":[{"href":"https:\/\/vimaterial.de\/fr\/wp-json\/wp\/v2\/product\/1015574","targetHints":{"allow":["GET"]}}],"collection":[{"href":"https:\/\/vimaterial.de\/fr\/wp-json\/wp\/v2\/product"}],"about":[{"href":"https:\/\/vimaterial.de\/fr\/wp-json\/wp\/v2\/types\/product"}],"replies":[{"embeddable":true,"href":"https:\/\/vimaterial.de\/fr\/wp-json\/wp\/v2\/comments?post=1015574"}],"wp:featuredmedia":[{"embeddable":true,"href":"https:\/\/vimaterial.de\/fr\/wp-json\/wp\/v2\/media\/1002777"}],"wp:attachment":[{"href":"https:\/\/vimaterial.de\/fr\/wp-json\/wp\/v2\/media?parent=1015574"}],"wp:term":[{"taxonomy":"product_brand","embeddable":true,"href":"https:\/\/vimaterial.de\/fr\/wp-json\/wp\/v2\/product_brand?post=1015574"},{"taxonomy":"product_cat","embeddable":true,"href":"https:\/\/vimaterial.de\/fr\/wp-json\/wp\/v2\/product_cat?post=1015574"},{"taxonomy":"product_tag","embeddable":true,"href":"https:\/\/vimaterial.de\/fr\/wp-json\/wp\/v2\/product_tag?post=1015574"}],"curies":[{"name":"wp","href":"https:\/\/api.w.org\/{rel}","templated":true}]}}