{"id":1015571,"date":"2024-06-17T14:49:28","date_gmt":"2024-06-17T06:49:28","guid":{"rendered":"https:\/\/vimaterial.de\/product\/siliciure-de-nickel\/"},"modified":"2025-04-15T18:00:56","modified_gmt":"2025-04-15T10:00:56","slug":"siliciure-de-nickel","status":"publish","type":"product","link":"https:\/\/vimaterial.de\/fr\/product\/siliciure-de-nickel\/","title":{"rendered":"Siliciure de nickel"},"content":{"rendered":"<p>La poudre de <span style=\"color: #0000ff;\"><a style=\"color: #0000ff;\" href=\"https:\/\/vimaterial.de\/en\/product\/nickel-silicide-2\/\">siliciure de nickel<\/a><\/span> est une poudre compos\u00e9e principalement de nickel et de silicium, l\u2019apparence est g\u00e9n\u00e9ralement grise ou blanc cass\u00e9, elle a un point de fusion \u00e9lev\u00e9, une bonne stabilit\u00e9 thermique, un certain degr\u00e9 de conductivit\u00e9 \u00e9lectrique et de stabilit\u00e9 chimique, et joue une valeur d\u2019application potentielle dans le domaine des dispositifs \u00e9lectroniques, des mat\u00e9riaux semi-conducteurs, des rev\u00eatements \u00e0 haute temp\u00e9rature, etc.<\/p>\n<p>VIAMTERIAL fournit de la poudre de siliciure de nickel. Nos poudres se caract\u00e9risent par une grande puret\u00e9, une taille de particule uniforme, une bonne fluidit\u00e9, un bon compactage et une bonne stabilit\u00e9 chimique, et nous prenons en charge l\u2019emballage et la commande de petits lots. Nous avons une \u00e9quipe technique professionnelle de recherche et d\u00e9veloppement, acceptons la personnalisation et l\u2019exp\u00e9rimentation du produit, veuillez <span style=\"color: #0000ff;\"><a style=\"color: #0000ff;\" href=\"https:\/\/vimaterial.de\/en\/contact-us\/\">nous contacter.<\/a><\/span>  <\/p>\n<h2><span style=\"font-size: 14pt;\">Propri\u00e9t\u00e9s physiques<\/span><\/h2>\n<p>Formule mol\u00e9culaire : NiSi2<\/p>\n<p>Poids mol\u00e9culaire : environ 114,87<\/p>\n<p>Aspect : g\u00e9n\u00e9ralement poudre grise ou blanc cass\u00e9<\/p>\n<p>Structure cristalline : G\u00e9n\u00e9ralement orthorhombique, dans laquelle les atomes de nickel et de silicium sont r\u00e9partis dans une disposition spatiale sp\u00e9cifique, ce qui affecte ses propri\u00e9t\u00e9s physiques et chimiques.<\/p>\n<h2><span style=\"font-size: 14pt;\">Applications<\/span><\/h2>\n<p>Dispositifs \u00e9lectroniques : La poudre de siliciure de nickel est utilis\u00e9e dans la fabrication d\u2019\u00e9lectrodes et de mat\u00e9riaux d\u2019interconnexion pour les dispositifs \u00e0 semi-conducteurs. Avec sa bonne conductivit\u00e9 et sa stabilit\u00e9, il am\u00e9liore les performances et la fiabilit\u00e9 des composants \u00e9lectroniques, et contribue au d\u00e9veloppement de la miniaturisation et des hautes performances des produits \u00e9lectroniques. <\/p>\n<p>Industrie photovolta\u00efque&nbsp;: Dans la production de cellules solaires, en tant que mat\u00e9riau de contact, r\u00e9duire efficacement la r\u00e9sistance, am\u00e9liorer l\u2019efficacit\u00e9 de conversion photo\u00e9lectrique de la batterie, promouvoir la r\u00e9duction des co\u00fbts de production d\u2019\u00e9nergie photovolta\u00efque et l\u2019efficacit\u00e9 \u00e9nerg\u00e9tique.<\/p>\n<p>Rev\u00eatement \u00e0 haute temp\u00e9rature : en tant que composant cl\u00e9 des rev\u00eatements de protection \u00e0 haute temp\u00e9rature, il peut former un film protecteur stable, prot\u00e9ger le mat\u00e9riau du substrat contre l\u2019oxydation et la corrosion \u00e0 haute temp\u00e9rature, prolonger la dur\u00e9e de vie des composants \u00e0 haute temp\u00e9rature et am\u00e9liorer la stabilit\u00e9 du fonctionnement des \u00e9quipements industriels.<\/p>\n<h2><span style=\"font-size: 14pt;\">Contr\u00f4le de la qualit\u00e9<\/span><\/h2>\n<p><span style=\"color: #0000ff;\"><a style=\"color: #0000ff;\" href=\"https:\/\/vimaterial.de\/en\/quality-control\/\">Le contr\u00f4le de la qualit\u00e9<\/a><\/span> de chaque lot de produits est effectu\u00e9 tout au long du processus d\u2019approvisionnement en mati\u00e8res premi\u00e8res, de production et de traitement, de test et d\u2019inspection, et d\u2019emballage, en suivant strictement les normes internationales et les normes industrielles. Nous disposons d\u2019un \u00e9quipement de test avanc\u00e9, d\u2019une \u00e9quipe de contr\u00f4le qualit\u00e9 professionnelle et d\u2019un syst\u00e8me de contr\u00f4le de qualit\u00e9 strict pour garantir la qualit\u00e9 du produit. <\/p>\n<h2><span style=\"font-size: 14pt;\">Emballage et stockage<\/span><\/h2>\n<p>La poudre de siliciure de nickel est emball\u00e9e dans des sacs ou des bouteilles sous vide doubles et emball\u00e9e dans des cartons.<\/p>\n<p>La poudre de siliciure de nickel doit \u00eatre stock\u00e9e dans un endroit sec, frais et ventil\u00e9, scell\u00e9 pour \u00e9viter tout contact avec l\u2019humidit\u00e9, l\u2019air, les produits chimiques corrosifs, les sources de chaleur et d\u2019incendie, et stock\u00e9 conform\u00e9ment aux exigences sp\u00e9cifi\u00e9es.<\/p>\n","protected":false},"excerpt":{"rendered":"<p>La poudre de <span style=\"color: #0000ff;\"><a style=\"color: #0000ff;\" href=\"https:\/\/vimaterial.de\/en\/product\/nickel-silicide-2\/\">siliciure de nickel<\/a><\/span> est une poudre compos\u00e9e principalement de nickel et de silicium, l\u2019apparence est g\u00e9n\u00e9ralement grise ou blanc cass\u00e9, elle a un point de fusion \u00e9lev\u00e9, une bonne stabilit\u00e9 thermique, un certain degr\u00e9 de conductivit\u00e9 \u00e9lectrique et de stabilit\u00e9 chimique, et joue une valeur d\u2019application potentielle dans le domaine des dispositifs \u00e9lectroniques, des mat\u00e9riaux semi-conducteurs, des rev\u00eatements \u00e0 haute temp\u00e9rature, etc.<\/p>\n","protected":false},"featured_media":1002769,"comment_status":"open","ping_status":"closed","template":"","meta":{"_acf_changed":false},"product_brand":[],"product_cat":[240],"product_tag":[],"class_list":{"0":"post-1015571","1":"product","2":"type-product","3":"status-publish","4":"has-post-thumbnail","6":"product_cat-materiaux-c-n-b-si","8":"first","9":"instock","10":"shipping-taxable","11":"purchasable","12":"product-type-variable"},"acf":[],"_links":{"self":[{"href":"https:\/\/vimaterial.de\/fr\/wp-json\/wp\/v2\/product\/1015571","targetHints":{"allow":["GET"]}}],"collection":[{"href":"https:\/\/vimaterial.de\/fr\/wp-json\/wp\/v2\/product"}],"about":[{"href":"https:\/\/vimaterial.de\/fr\/wp-json\/wp\/v2\/types\/product"}],"replies":[{"embeddable":true,"href":"https:\/\/vimaterial.de\/fr\/wp-json\/wp\/v2\/comments?post=1015571"}],"wp:featuredmedia":[{"embeddable":true,"href":"https:\/\/vimaterial.de\/fr\/wp-json\/wp\/v2\/media\/1002769"}],"wp:attachment":[{"href":"https:\/\/vimaterial.de\/fr\/wp-json\/wp\/v2\/media?parent=1015571"}],"wp:term":[{"taxonomy":"product_brand","embeddable":true,"href":"https:\/\/vimaterial.de\/fr\/wp-json\/wp\/v2\/product_brand?post=1015571"},{"taxonomy":"product_cat","embeddable":true,"href":"https:\/\/vimaterial.de\/fr\/wp-json\/wp\/v2\/product_cat?post=1015571"},{"taxonomy":"product_tag","embeddable":true,"href":"https:\/\/vimaterial.de\/fr\/wp-json\/wp\/v2\/product_tag?post=1015571"}],"curies":[{"name":"wp","href":"https:\/\/api.w.org\/{rel}","templated":true}]}}