{"id":1015553,"date":"2024-06-17T14:54:11","date_gmt":"2024-06-17T06:54:11","guid":{"rendered":"https:\/\/vimaterial.de\/product\/alliage-de-nickel-et-de-terbium\/"},"modified":"2025-04-15T13:42:48","modified_gmt":"2025-04-15T05:42:48","slug":"alliage-de-nickel-et-de-terbium","status":"publish","type":"product","link":"https:\/\/vimaterial.de\/fr\/product\/alliage-de-nickel-et-de-terbium\/","title":{"rendered":"Alliage de nickel-terbium"},"content":{"rendered":"<p><span style=\"color: #0000ff;\"><a style=\"color: #0000ff;\" href=\"https:\/\/vimaterial.de\/en\/search\/?type=element&amp;keyword=Ni%2CT\">Alliage de nickel-terbium<\/a><\/span> Les cibles de pulv\u00e9risation sont des cibles de pulv\u00e9risation en alliage compos\u00e9es de nickel et de terbium avec une composition d\u2019alliage sp\u00e9cifique et un \u00e9clat m\u00e9tallique \u00e0 la surface, qui fournissent des atomes de nickel et de terbium dans le processus de pulv\u00e9risation pour le d\u00e9p\u00f4t de films minces avec des propri\u00e9t\u00e9s physiques et chimiques sp\u00e9ciales sur le mat\u00e9riau du substrat.<\/p>\n<p>VIMATERIAL propose des cibles de pulv\u00e9risation en alliage de nickel-terbium. Nos cibles de pulv\u00e9risation en alliage de nickel-terbium ont une composition uniforme et stable, des densit\u00e9s \u00e9lev\u00e9es, de bons taux de pulv\u00e9risation, une faible teneur en impuret\u00e9s et nous pouvons \u00e9galement fournir des services de liaison de cible. Nous avons une \u00e9quipe professionnelle de R &amp; D, nous pouvons personnaliser et d\u00e9velopper divers produits, veuillez <span style=\"color: #0000ff;\"><a style=\"color: #0000ff;\" href=\"https:\/\/vimaterial.de\/en\/contact-us\/\">nous contacter<\/a><\/span> si vous en avez besoin.  <\/p>\n<h2><span style=\"font-size: 14pt;\">Propri\u00e9t\u00e9s physiques<\/span><\/h2>\n<p>Formule mol\u00e9culaire : NiTb<\/p>\n<p>Poids mol\u00e9culaire : environ 108,81<\/p>\n<p>Apparence&nbsp;: g\u00e9n\u00e9ralement des cibles de lustre m\u00e9tallique gris argent\u00e9<\/p>\n<h2><span style=\"font-size: 14pt;\">Applications<\/span><\/h2>\n<p>Domaine \u00e9lectronique&nbsp;: Utilis\u00e9 dans la fabrication de couches minces dans les composants \u00e9lectroniques, peut \u00eatre ajust\u00e9 \u00e0 travers la composition de l\u2019alliage pour optimiser les performances des composants \u00e9lectroniques, comme l\u2019am\u00e9lioration de la conductivit\u00e9 \u00e9lectrique, de la stabilit\u00e9, etc.<\/p>\n<p>Domaine des semi-conducteurs : Dans la fabrication de dispositifs \u00e0 semi-conducteurs, des couches minces avec des propri\u00e9t\u00e9s \u00e9lectriques sp\u00e9cifiques peuvent \u00eatre form\u00e9es pour aider \u00e0 contr\u00f4ler la conductivit\u00e9 et d\u2019autres propri\u00e9t\u00e9s physiques des semi-conducteurs afin d\u2019am\u00e9liorer les performances des dispositifs.<\/p>\n<p>Champ optique&nbsp;: Il peut \u00eatre utilis\u00e9 dans la fabrication de rev\u00eatements optiques, tels que le film d\u2019am\u00e9lioration de la transmittance, le film r\u00e9fl\u00e9chissant, etc. En vertu de ses propri\u00e9t\u00e9s physiques particuli\u00e8res, il peut am\u00e9liorer la transmittance et la r\u00e9flectivit\u00e9 des dispositifs optiques. <\/p>\n<p>Champ de mat\u00e9riau magn\u00e9tique : Parce qu\u2019il contient du nickel et d\u2019autres \u00e9l\u00e9ments magn\u00e9tiques, il peut \u00eatre utilis\u00e9 pour pr\u00e9parer un film magn\u00e9tique haute performance, qui joue un r\u00f4le important dans le stockage d\u2019informations, les capteurs magn\u00e9tiques et autres dispositifs magn\u00e9tiques.<\/p>\n<p>A\u00e9rospatiale : Ses bonnes propri\u00e9t\u00e9s physiques et chimiques lui permettent de r\u00e9pondre aux exigences de haute performance des mat\u00e9riaux dans le domaine a\u00e9rospatial, et il peut \u00eatre utilis\u00e9 pour fabriquer des rev\u00eatements protecteurs \u00e0 la surface des avions et des composants cl\u00e9s des \u00e9quipements \u00e9lectroniques.<\/p>\n<h2><span style=\"font-size: 14pt;\">Contr\u00f4le de la qualit\u00e9<\/span><\/h2>\n<p>Nous mettons en \u0153uvre le syst\u00e8me de gestion de la <span style=\"color: #0000ff;\"><a style=\"color: #0000ff;\" href=\"https:\/\/vimaterial.de\/en\/quality-control\/\">qualit\u00e9 le plus strict<\/a> <\/span>pour chaque lot de produits, avec des registres complets des mati\u00e8res premi\u00e8res aux produits finaux pour une tra\u00e7abilit\u00e9 facile. Nous adoptons des mesures de s\u00e9gr\u00e9gation strictes pour la manipulation des produits non conformes afin de nous assurer qu\u2019aucun des produits non conformes ne sera transf\u00e9r\u00e9 dans le processus suivant. <\/p>\n<h2><span style=\"font-size: 14pt;\">Emballage et stockage<\/span><\/h2>\n<p>Les cibles de pulv\u00e9risation en alliage de nickel-terbium sont emball\u00e9es dans des sacs sous vide doubles et des cartons ext\u00e9rieurs emball\u00e9s.<\/p>\n<p>Les cibles de pulv\u00e9risation en alliage nickel-terbium doivent \u00eatre stock\u00e9es dans un environnement sec, frais et bien ventil\u00e9 avec une temp\u00e9rature et une humidit\u00e9 stables, en \u00e9vitant tout contact avec des substances acides, alcalines et autres substances corrosives, et en pr\u00e9venant l\u2019humidit\u00e9, l\u2019oxydation et les collisions violentes, afin de garantir que ses propri\u00e9t\u00e9s physicochimiques et son int\u00e9grit\u00e9 structurelle ne sont pas endommag\u00e9es.<\/p>\n","protected":false},"excerpt":{"rendered":"<p><span style=\"color: #0000ff;\"><a style=\"color: #0000ff;\" href=\"https:\/\/vimaterial.de\/en\/search\/?type=element&amp;keyword=Ni%2CT\">Alliage de nickel-terbium<\/a><\/span> Les cibles de pulv\u00e9risation sont des cibles de pulv\u00e9risation en alliage compos\u00e9es de nickel et de terbium avec une composition d\u2019alliage sp\u00e9cifique et un \u00e9clat m\u00e9tallique \u00e0 la surface, qui fournissent des atomes de nickel et de terbium dans le processus de pulv\u00e9risation pour le d\u00e9p\u00f4t de films minces avec des propri\u00e9t\u00e9s physiques et chimiques sp\u00e9ciales sur le mat\u00e9riau du substrat.<\/p>\n","protected":false},"featured_media":1002793,"comment_status":"open","ping_status":"closed","template":"","meta":{"_acf_changed":false},"product_brand":[],"product_cat":[235],"product_tag":[],"class_list":{"0":"post-1015553","1":"product","2":"type-product","3":"status-publish","4":"has-post-thumbnail","6":"product_cat-cibles-de-pulverisation-planaire","8":"first","9":"instock","10":"shipping-taxable","11":"purchasable","12":"product-type-variable"},"acf":[],"_links":{"self":[{"href":"https:\/\/vimaterial.de\/fr\/wp-json\/wp\/v2\/product\/1015553","targetHints":{"allow":["GET"]}}],"collection":[{"href":"https:\/\/vimaterial.de\/fr\/wp-json\/wp\/v2\/product"}],"about":[{"href":"https:\/\/vimaterial.de\/fr\/wp-json\/wp\/v2\/types\/product"}],"replies":[{"embeddable":true,"href":"https:\/\/vimaterial.de\/fr\/wp-json\/wp\/v2\/comments?post=1015553"}],"wp:featuredmedia":[{"embeddable":true,"href":"https:\/\/vimaterial.de\/fr\/wp-json\/wp\/v2\/media\/1002793"}],"wp:attachment":[{"href":"https:\/\/vimaterial.de\/fr\/wp-json\/wp\/v2\/media?parent=1015553"}],"wp:term":[{"taxonomy":"product_brand","embeddable":true,"href":"https:\/\/vimaterial.de\/fr\/wp-json\/wp\/v2\/product_brand?post=1015553"},{"taxonomy":"product_cat","embeddable":true,"href":"https:\/\/vimaterial.de\/fr\/wp-json\/wp\/v2\/product_cat?post=1015553"},{"taxonomy":"product_tag","embeddable":true,"href":"https:\/\/vimaterial.de\/fr\/wp-json\/wp\/v2\/product_tag?post=1015553"}],"curies":[{"name":"wp","href":"https:\/\/api.w.org\/{rel}","templated":true}]}}