{"id":1015551,"date":"2024-06-17T14:54:11","date_gmt":"2024-06-17T06:54:11","guid":{"rendered":"https:\/\/vimaterial.de\/product\/alliage-de-nickel-et-de-tanralum\/"},"modified":"2025-04-15T13:54:38","modified_gmt":"2025-04-15T05:54:38","slug":"alliage-de-nickel-et-de-tanralum","status":"publish","type":"product","link":"https:\/\/vimaterial.de\/fr\/product\/alliage-de-nickel-et-de-tanralum\/","title":{"rendered":"Alliage nickel-tantale"},"content":{"rendered":"<p>Les cibles de pulv\u00e9risation en <a href=\"https:\/\/vimaterial.de\/en\/product\/nickel-terbium-alloy\/\"><span style=\"color: #0000ff;\">alliage de nickel-tantale<\/span><\/a> sont des mat\u00e9riaux cl\u00e9s avec des propri\u00e9t\u00e9s physico-chimiques sp\u00e9cifiques qui fournissent une source d\u2019alliages de nickel-tanrale pour la pr\u00e9paration de films minces de haute qualit\u00e9 dans le processus de rev\u00eatement par pulv\u00e9risation.<\/p>\n<p>VIMATERIAL propose des cibles de pulv\u00e9risation en alliage de nickel tantale. Nos cibles de pulv\u00e9risation en alliage de nickel-tantale ont une composition uniforme et stable, des densit\u00e9s \u00e9lev\u00e9es, de bons taux de pulv\u00e9risation, une faible teneur en impuret\u00e9s, et nous pouvons \u00e9galement fournir des services de liaison de cible. Nous avons une \u00e9quipe professionnelle de R &amp; D, nous pouvons personnaliser et d\u00e9velopper divers produits, veuillez <span style=\"color: #0000ff;\"><a style=\"color: #0000ff;\" href=\"https:\/\/vimaterial.de\/en\/contact-us\/\">nous contacter<\/a><\/span> si vous en avez besoin.  <\/p>\n<h2><span style=\"font-size: 14pt;\">Propri\u00e9t\u00e9s physiques<\/span><\/h2>\n<p>Formule mol\u00e9culaire : NiTa<\/p>\n<p>Poids mol\u00e9culaire : environ 239,64<\/p>\n<p>Apparence&nbsp;: g\u00e9n\u00e9ralement des cibles de lustre m\u00e9tallique gris argent\u00e9<\/p>\n<p>Point de fusion : au-dessus d\u2019environ 1500\u00b0C<\/p>\n<p>Point d\u2019\u00e9bullition : sup\u00e9rieur \u00e0 2730\u00b0C.<\/p>\n<h2><span style=\"font-size: 14pt;\">Applications<\/span><\/h2>\n<p>Champ \u00e9lectronique&nbsp;: Il peut \u00eatre utilis\u00e9 pour fabriquer une couche d\u2019\u00e9lectrode dans des circuits int\u00e9gr\u00e9s haute performance, avec sa bonne conductivit\u00e9 et sa stabilit\u00e9, am\u00e9liore efficacement l\u2019efficacit\u00e9 de la transmission du signal et la fiabilit\u00e9 des dispositifs \u00e9lectroniques.<\/p>\n<p>Rev\u00eatement optique&nbsp;: Largement utilis\u00e9 dans le rev\u00eatement des lentilles optiques, le film mince form\u00e9 par pulv\u00e9risation peut contr\u00f4ler avec pr\u00e9cision la r\u00e9flectivit\u00e9 et l\u2019indice de r\u00e9fraction de la lentille, am\u00e9liorant ainsi consid\u00e9rablement la clart\u00e9 de l\u2019image et la reproduction des couleurs des instruments optiques.<\/p>\n<p>Domaine des semi-conducteurs : Utilis\u00e9 dans le processus de m\u00e9tallisation de la fabrication de puces \u00e0 semi-conducteurs, ses propri\u00e9t\u00e9s physiques et chimiques uniques aident \u00e0 former des lignes m\u00e9talliques fines et uniformes, am\u00e9liorant les performances \u00e9lectriques et la capacit\u00e9 anti-interf\u00e9rence de la puce.<\/p>\n<p>Domaine a\u00e9rospatial : des rev\u00eatements de protection sp\u00e9ciaux pour les \u00e9quipements a\u00e9rospatiaux peuvent \u00eatre pr\u00e9par\u00e9s, \u00e0 l\u2019aide de films minces g\u00e9n\u00e9r\u00e9s par pulv\u00e9risation de cibles en alliage, am\u00e9liorant efficacement la r\u00e9sistance aux hautes temp\u00e9ratures, la r\u00e9sistance \u00e0 la corrosion et la r\u00e9sistance aux radiations du mat\u00e9riau, assurant le fonctionnement fiable des composants cl\u00e9s dans des environnements extr\u00eames.<\/p>\n<h2><span style=\"font-size: 14pt;\">Contr\u00f4le de la qualit\u00e9<\/span><\/h2>\n<p>Nous mettons en \u0153uvre le syst\u00e8me de gestion de la <span style=\"color: #0000ff;\"><a style=\"color: #0000ff;\" href=\"https:\/\/vimaterial.de\/en\/quality-control\/\">qualit\u00e9 le plus strict<\/a> <\/span>pour chaque lot de produits, avec des registres complets des mati\u00e8res premi\u00e8res aux produits finaux pour une tra\u00e7abilit\u00e9 facile. Nous adoptons des mesures de s\u00e9gr\u00e9gation strictes pour la manipulation des produits non conformes afin de nous assurer qu\u2019aucun des produits non conformes ne sera transf\u00e9r\u00e9 dans le processus suivant. <\/p>\n<h2><span style=\"font-size: 14pt;\">Emballage et stockage<\/span><\/h2>\n<p>Les cibles de pulv\u00e9risation en alliage nickel-tantale sont emball\u00e9es dans des sacs sous vide doubles, puis emball\u00e9es, \u00e0 l\u2019ext\u00e9rieur dans des cartons.<\/p>\n<p>Les cibles de pulv\u00e9risation en alliage nickel-tantale doivent \u00eatre stock\u00e9es dans un environnement sec, propre et bien ventil\u00e9 avec une temp\u00e9rature et une humidit\u00e9 relativement stables, en \u00e9vitant le contact avec des substances corrosives, en emp\u00eachant l\u2019oxydation par l\u2019humidit\u00e9 et l\u2019impact physique pour s\u2019assurer que les propri\u00e9t\u00e9s physiques et chimiques des cibles ne sont pas endommag\u00e9es.<\/p>\n","protected":false},"excerpt":{"rendered":"<p>Les cibles de pulv\u00e9risation en <a href=\"https:\/\/vimaterial.de\/en\/product\/nickel-terbium-alloy\/\"><span style=\"color: #0000ff;\">alliage de nickel-tantale<\/span><\/a> sont des mat\u00e9riaux cl\u00e9s avec des propri\u00e9t\u00e9s physico-chimiques sp\u00e9cifiques qui fournissent une source d\u2019alliages de nickel-tanrale pour la pr\u00e9paration de films minces de haute qualit\u00e9 dans le processus de rev\u00eatement par pulv\u00e9risation.<\/p>\n<p>VIMATERIAL propose des cibles de pulv\u00e9risation en alliage de nickel tantale. Nos cibles de pulv\u00e9risation en alliage de nickel-tantale ont une composition uniforme et stable, des densit\u00e9s \u00e9lev\u00e9es, de bons taux de pulv\u00e9risation, une faible teneur en impuret\u00e9s, et nous pouvons \u00e9galement fournir des services de liaison de cible. Nous avons une \u00e9quipe professionnelle de R &amp; D, nous pouvons personnaliser et d\u00e9velopper divers produits, veuillez <span style=\"color: #0000ff;\"><a style=\"color: #0000ff;\" href=\"https:\/\/vimaterial.de\/en\/contact-us\/\">nous contacter<\/a><\/span> si vous en avez besoin.  <\/p>\n","protected":false},"featured_media":1002786,"comment_status":"open","ping_status":"closed","template":"","meta":{"_acf_changed":false},"product_brand":[],"product_cat":[235],"product_tag":[],"class_list":{"0":"post-1015551","1":"product","2":"type-product","3":"status-publish","4":"has-post-thumbnail","6":"product_cat-cibles-de-pulverisation-planaire","8":"first","9":"instock","10":"shipping-taxable","11":"purchasable","12":"product-type-variable"},"acf":[],"_links":{"self":[{"href":"https:\/\/vimaterial.de\/fr\/wp-json\/wp\/v2\/product\/1015551","targetHints":{"allow":["GET"]}}],"collection":[{"href":"https:\/\/vimaterial.de\/fr\/wp-json\/wp\/v2\/product"}],"about":[{"href":"https:\/\/vimaterial.de\/fr\/wp-json\/wp\/v2\/types\/product"}],"replies":[{"embeddable":true,"href":"https:\/\/vimaterial.de\/fr\/wp-json\/wp\/v2\/comments?post=1015551"}],"wp:featuredmedia":[{"embeddable":true,"href":"https:\/\/vimaterial.de\/fr\/wp-json\/wp\/v2\/media\/1002786"}],"wp:attachment":[{"href":"https:\/\/vimaterial.de\/fr\/wp-json\/wp\/v2\/media?parent=1015551"}],"wp:term":[{"taxonomy":"product_brand","embeddable":true,"href":"https:\/\/vimaterial.de\/fr\/wp-json\/wp\/v2\/product_brand?post=1015551"},{"taxonomy":"product_cat","embeddable":true,"href":"https:\/\/vimaterial.de\/fr\/wp-json\/wp\/v2\/product_cat?post=1015551"},{"taxonomy":"product_tag","embeddable":true,"href":"https:\/\/vimaterial.de\/fr\/wp-json\/wp\/v2\/product_tag?post=1015551"}],"curies":[{"name":"wp","href":"https:\/\/api.w.org\/{rel}","templated":true}]}}