{"id":1015533,"date":"2024-06-17T14:54:11","date_gmt":"2024-06-17T06:54:11","guid":{"rendered":"https:\/\/vimaterial.de\/product\/tellurure-de-nickel\/"},"modified":"2025-04-15T13:41:00","modified_gmt":"2025-04-15T05:41:00","slug":"tellurure-de-nickel","status":"publish","type":"product","link":"https:\/\/vimaterial.de\/fr\/product\/tellurure-de-nickel\/","title":{"rendered":"Tellurure de nickel"},"content":{"rendered":"<p>Les granules de <span style=\"color: #0000ff;\"><a style=\"color: #0000ff;\" href=\"https:\/\/vimaterial.de\/en\/product\/lithium-telluride\/\">tellurure de nickel<\/a><\/span> sont des particules compos\u00e9es de nickel et de tellure, qui peuvent \u00eatre d\u2019apparence noire ou grise, avec des propri\u00e9t\u00e9s semi-conductrices et des applications potentielles en \u00e9lectronique, en opto\u00e9lectronique, etc. Ils doivent \u00eatre stock\u00e9s dans un environnement appropri\u00e9 pour conserver leur stabilit\u00e9 chimique et leurs propri\u00e9t\u00e9s physiques. <\/p>\n<p>VIMATERIAL propose des granul\u00e9s d\u2019alliage nickel-terbium. Nos granul\u00e9s d\u2019alliage nickel-terbium se caract\u00e9risent par une grande puret\u00e9, une taille de particule contr\u00f4l\u00e9e, une excellente cristallinit\u00e9 et une qualit\u00e9 constante. Notre soci\u00e9t\u00e9 dispose d\u2019une \u00e9quipe professionnelle de recherche et d\u00e9veloppement technologique, peut accepter la personnalisation du produit, peut \u00eatre de petites quantit\u00e9s de la commande, d\u00e9p\u00eachez-vous de <span style=\"color: #0000ff;\"><a style=\"color: #0000ff;\" href=\"https:\/\/vimaterial.de\/en\/contact-us\/\">nous contacter<\/a><\/span>.  <\/p>\n<h2><span style=\"font-size: 14pt;\">Propri\u00e9t\u00e9s physiques<\/span><\/h2>\n<p>Formule mol\u00e9culaire : NiTe<\/p>\n<p>Poids mol\u00e9culaire : 186,2934<\/p>\n<p>Aspect : particules grumeleuses grises<\/p>\n<p>Point de fusion : 860\u00b0C<\/p>\n<p>Structure cristalline : Structure cristalline hexagonale.<\/p>\n<h2><span style=\"font-size: 14pt;\">Applications<\/span><\/h2>\n<p>\u00c9lectronique : Il peut \u00eatre utilis\u00e9 dans la pr\u00e9paration de composants \u00e9lectroniques haute performance pour am\u00e9liorer la conductivit\u00e9 et les performances de transmission du signal des appareils \u00e9lectroniques.<\/p>\n<p>Stockage d\u2019\u00e9nergie : En tant que composant cl\u00e9 des mat\u00e9riaux d\u2019\u00e9lectrode, le NiT peut aider \u00e0 am\u00e9liorer l\u2019efficacit\u00e9 de la charge et de la d\u00e9charge et la stabilit\u00e9 du cycle des batteries et autres dispositifs de stockage d\u2019\u00e9nergie.<\/p>\n<p>Synth\u00e8se de mat\u00e9riaux : en tant qu\u2019additif sp\u00e9cial, il permet d\u2019optimiser les propri\u00e9t\u00e9s physico-chimiques des mat\u00e9riaux composites et d\u2019\u00e9largir la diversit\u00e9 fonctionnelle des mat\u00e9riaux.<\/p>\n<p>Champ catalytique : souvent utilis\u00e9 comme catalyseur ou co-catalyseur, acc\u00e9l\u00e9rant efficacement le processus des r\u00e9actions chimiques et am\u00e9liorant la s\u00e9lectivit\u00e9 des r\u00e9actions.<\/p>\n<h2><span style=\"font-size: 14pt;\">Contr\u00f4le de la qualit\u00e9<\/span><\/h2>\n<p>Nous mettons en \u0153uvre le syst\u00e8me de gestion de la qualit\u00e9 le plus strict pour chaque lot de produits, avec des registres complets des mati\u00e8res premi\u00e8res aux produits finaux pour une tra\u00e7abilit\u00e9 facile. Nous adoptons des mesures de s\u00e9gr\u00e9gation strictes pour la manipulation des produits non conformes afin de nous assurer qu\u2019aucun des produits non conformes ne sera transf\u00e9r\u00e9 dans le processus suivant. <\/p>\n<h2><span style=\"font-size: 14pt;\">Emballage et stockage<\/span><\/h2>\n<p>Les granul\u00e9s de nickel telluride sont fournis dans des sacs \u00e0 double vide ou des bouteilles \u00e0 double vide dans des cartons ext\u00e9rieurs.<\/p>\n<p>Les granul\u00e9s de tellurure de nickel doivent \u00eatre stock\u00e9s dans un environnement sec, frais et bien ventil\u00e9, \u00e0 l\u2019abri de l\u2019humidit\u00e9, de l\u2019oxydation et du contact avec des acides forts, des alcalis et d\u2019autres substances corrosives, et \u00e0 l\u2019\u00e9cart des sources de chaleur et d\u2019inflammation, et de pr\u00e9f\u00e9rence dans des emballages herm\u00e9tiquement ferm\u00e9s pour garantir que leur stabilit\u00e9 chimique et leurs propri\u00e9t\u00e9s physiques ne sont pas perturb\u00e9es par des facteurs externes.<\/p>\n","protected":false},"excerpt":{"rendered":"<p>Les granules de <span style=\"color: #0000ff;\"><a style=\"color: #0000ff;\" href=\"https:\/\/vimaterial.de\/en\/product\/lithium-telluride\/\">tellurure de nickel<\/a><\/span> sont des particules compos\u00e9es de nickel et de tellure, qui peuvent \u00eatre d\u2019apparence noire ou grise, avec des propri\u00e9t\u00e9s semi-conductrices et des applications potentielles en \u00e9lectronique, en opto\u00e9lectronique, etc. Ils doivent \u00eatre stock\u00e9s dans un environnement appropri\u00e9 pour conserver leur stabilit\u00e9 chimique et leurs propri\u00e9t\u00e9s physiques. <\/p>\n","protected":false},"featured_media":1002801,"comment_status":"open","ping_status":"closed","template":"","meta":{"_acf_changed":false},"product_brand":[],"product_cat":[236],"product_tag":[],"class_list":{"0":"post-1015533","1":"product","2":"type-product","3":"status-publish","4":"has-post-thumbnail","6":"product_cat-materiaux-devaporation","8":"first","9":"instock","10":"shipping-taxable","11":"purchasable","12":"product-type-variable"},"acf":[],"_links":{"self":[{"href":"https:\/\/vimaterial.de\/fr\/wp-json\/wp\/v2\/product\/1015533","targetHints":{"allow":["GET"]}}],"collection":[{"href":"https:\/\/vimaterial.de\/fr\/wp-json\/wp\/v2\/product"}],"about":[{"href":"https:\/\/vimaterial.de\/fr\/wp-json\/wp\/v2\/types\/product"}],"replies":[{"embeddable":true,"href":"https:\/\/vimaterial.de\/fr\/wp-json\/wp\/v2\/comments?post=1015533"}],"wp:featuredmedia":[{"embeddable":true,"href":"https:\/\/vimaterial.de\/fr\/wp-json\/wp\/v2\/media\/1002801"}],"wp:attachment":[{"href":"https:\/\/vimaterial.de\/fr\/wp-json\/wp\/v2\/media?parent=1015533"}],"wp:term":[{"taxonomy":"product_brand","embeddable":true,"href":"https:\/\/vimaterial.de\/fr\/wp-json\/wp\/v2\/product_brand?post=1015533"},{"taxonomy":"product_cat","embeddable":true,"href":"https:\/\/vimaterial.de\/fr\/wp-json\/wp\/v2\/product_cat?post=1015533"},{"taxonomy":"product_tag","embeddable":true,"href":"https:\/\/vimaterial.de\/fr\/wp-json\/wp\/v2\/product_tag?post=1015533"}],"curies":[{"name":"wp","href":"https:\/\/api.w.org\/{rel}","templated":true}]}}