{"id":1015518,"date":"2024-06-17T14:54:15","date_gmt":"2024-06-17T06:54:15","guid":{"rendered":"https:\/\/vimaterial.de\/product\/alliage-de-nickel-et-de-titane-2\/"},"modified":"2025-04-15T09:31:30","modified_gmt":"2025-04-15T01:31:30","slug":"alliage-de-nickel-et-de-titane-2","status":"publish","type":"product","link":"https:\/\/vimaterial.de\/fr\/product\/alliage-de-nickel-et-de-titane-2\/","title":{"rendered":"Alliage nickel-titane"},"content":{"rendered":"<p><span style=\"color: #0000ff;\"><a style=\"color: #0000ff;\" href=\"https:\/\/vimaterial.de\/en\/product\/nickel-titanium-alloy-3\/\">Alliage nickel-titane<\/a> <\/span>Le fil est un fil d\u2019alliage compos\u00e9 de nickel et de titane, qui a un effet de m\u00e9moire de forme et une super \u00e9lasticit\u00e9, un aspect m\u00e9tallique, de bonnes propri\u00e9t\u00e9s m\u00e9caniques et une r\u00e9sistance \u00e9lev\u00e9e \u00e0 la corrosion, et joue un r\u00f4le cl\u00e9 dans de nombreux domaines tels que le m\u00e9dical, l\u2019a\u00e9rospatiale, la m\u00e9catronique, etc.<\/p>\n<p>VIMATERIAL fournit un fil d\u2019alliage de nickel-titane, notre fil d\u2019alliage de nickel-titane a d\u2019excellentes propri\u00e9t\u00e9s de m\u00e9moire de forme et une super \u00e9lasticit\u00e9 avec une grande puret\u00e9 et de faibles impuret\u00e9s. Nous avons une \u00e9quipe professionnelle de R &amp; D, nous pouvons personnaliser et d\u00e9velopper divers produits, veuillez <span style=\"color: #0000ff;\"><a style=\"color: #0000ff;\" href=\"https:\/\/vimaterial.de\/en\/contact-us\/\">nous contacter<\/a><\/span> si vous en avez besoin. <\/p>\n<h2><span style=\"font-size: 14pt;\">Propri\u00e9t\u00e9s physiques<\/span><\/h2>\n<p>Formule mol\u00e9culaire : NiTi<\/p>\n<p>Poids mol\u00e9culaire : environ 106,56<\/p>\n<p>Apparence&nbsp;: G\u00e9n\u00e9ralement avec un \u00e9clat m\u00e9tallique, couleur de surface similaire au titane gris fonc\u00e9.<\/p>\n<p>Densit\u00e9 : g\u00e9n\u00e9ralement autour de 6,4-6,5 g\/cm\u00b3.<\/p>\n<p>Point de fusion : environ 1240\u00b0C-1310\u00b0C.<\/p>\n<h2><span style=\"font-size: 14pt;\">Applications<\/span><\/h2>\n<p>Domaine m\u00e9dical&nbsp;: couramment utilis\u00e9 dans la production de stents cardiovasculaires, en vertu de son effet de m\u00e9moire de forme, peut \u00eatre expans\u00e9 avec pr\u00e9cision dans les vaisseaux sanguins humains et maintenir une structure stable, ouvrir efficacement les vaisseaux sanguins \u00e9troits pour r\u00e9tablir le flux sanguin.<\/p>\n<p>A\u00e9rospatiale : En tant que mat\u00e9riau de capteur de pr\u00e9cision pour les v\u00e9hicules a\u00e9rospatiaux, gr\u00e2ce \u00e0 sa super \u00e9lasticit\u00e9 et \u00e0 sa r\u00e9sistance aux hautes et basses temp\u00e9ratures, il peut d\u00e9tecter et transmettre avec pr\u00e9cision des informations physiques cl\u00e9s dans des environnements de vol complexes pour assurer la s\u00e9curit\u00e9 des vols et le fonctionnement stable de l\u2019\u00e9quipement.<\/p>\n<p>Champ \u00e9lectronique&nbsp;: il joue un r\u00f4le dans la ligne de connexion des \u00e9quipements micro-\u00e9lectroniques, sa bonne conductivit\u00e9 et son \u00e9lasticit\u00e9 peuvent \u00eatre adapt\u00e9es \u00e0 la disposition minuscule de l\u2019espace et aux changements de dilatation et de contraction thermiques \u00e0 l\u2019int\u00e9rieur de l\u2019\u00e9quipement, pour assurer la transmission stable des signaux.<\/p>\n<p>Domaine de l\u2019ing\u00e9nierie m\u00e9canique : utilis\u00e9 dans la fabrication de la structure m\u00e9canique intelligente de l\u2019\u00e9l\u00e9ment d\u2019entra\u00eenement, \u00e0 l\u2019aide de l\u2019effet de m\u00e9moire de forme pour r\u00e9aliser des dispositifs m\u00e9caniques \u00e0 diff\u00e9rentes temp\u00e9ratures ou conditions de contrainte de d\u00e9formation automatique et de commutation de fonction, pour am\u00e9liorer le niveau d\u2019intelligence du syst\u00e8me m\u00e9canique.<\/p>\n<h2><span style=\"font-size: 14pt;\">Contr\u00f4le de la qualit\u00e9<\/span><\/h2>\n<p>Nous mettons en \u0153uvre le syst\u00e8me de gestion de la <span style=\"color: #0000ff;\"><a style=\"color: #0000ff;\" href=\"https:\/\/vimaterial.de\/en\/quality-control\/\">qualit\u00e9 le plus strict<\/a><\/span> pour chaque lot de produits, avec des registres complets des mati\u00e8res premi\u00e8res aux produits finaux pour une tra\u00e7abilit\u00e9 facile. Nous adoptons des mesures de s\u00e9gr\u00e9gation strictes pour la manipulation des produits non conformes afin de nous assurer qu\u2019aucun des produits non conformes ne sera transf\u00e9r\u00e9 dans le processus suivant. <\/p>\n<h2><span style=\"font-size: 14pt;\">Emballage et stockage<\/span><\/h2>\n<p>Le fil d\u2019alliage nickel-titane est g\u00e9n\u00e9ralement en rouleaux, puis en film ext\u00e9rieur, en sacs et enfin en cartons.<\/p>\n<p>Le fil en alliage nickel-titane doit \u00eatre stock\u00e9 dans un environnement sec, frais et bien ventil\u00e9, en \u00e9vitant tout contact avec des acides forts, des alcalis et d\u2019autres substances corrosives, en pr\u00e9venant l\u2019humidit\u00e9, l\u2019oxydation et les dommages m\u00e9caniques, et en m\u00eame temps en se tenant \u00e0 l\u2019\u00e9cart du feu et des environnements \u00e0 haute temp\u00e9rature pour s\u2019assurer que son effet de m\u00e9moire de forme et ses propri\u00e9t\u00e9s physicochimiques ne sont pas endommag\u00e9s.<\/p>\n","protected":false},"excerpt":{"rendered":"<p><span style=\"color: #0000ff;\"><a style=\"color: #0000ff;\" href=\"https:\/\/vimaterial.de\/en\/product\/nickel-titanium-alloy-3\/\">Alliage nickel-titane<\/a> <\/span>Le fil est un fil d\u2019alliage compos\u00e9 de nickel et de titane, qui a un effet de m\u00e9moire de forme et une super \u00e9lasticit\u00e9, un aspect m\u00e9tallique, de bonnes propri\u00e9t\u00e9s m\u00e9caniques et une r\u00e9sistance \u00e9lev\u00e9e \u00e0 la corrosion, et joue un r\u00f4le cl\u00e9 dans de nombreux domaines tels que le m\u00e9dical, l\u2019a\u00e9rospatiale, la m\u00e9catronique, etc.<\/p>\n","protected":false},"featured_media":1002816,"comment_status":"open","ping_status":"closed","template":"","meta":{"_acf_changed":false},"product_brand":[],"product_cat":[245],"product_tag":[],"class_list":{"0":"post-1015518","1":"product","2":"type-product","3":"status-publish","4":"has-post-thumbnail","6":"product_cat-profil-fr","8":"first","9":"instock","10":"shipping-taxable","11":"product-type-variable"},"acf":[],"_links":{"self":[{"href":"https:\/\/vimaterial.de\/fr\/wp-json\/wp\/v2\/product\/1015518","targetHints":{"allow":["GET"]}}],"collection":[{"href":"https:\/\/vimaterial.de\/fr\/wp-json\/wp\/v2\/product"}],"about":[{"href":"https:\/\/vimaterial.de\/fr\/wp-json\/wp\/v2\/types\/product"}],"replies":[{"embeddable":true,"href":"https:\/\/vimaterial.de\/fr\/wp-json\/wp\/v2\/comments?post=1015518"}],"wp:featuredmedia":[{"embeddable":true,"href":"https:\/\/vimaterial.de\/fr\/wp-json\/wp\/v2\/media\/1002816"}],"wp:attachment":[{"href":"https:\/\/vimaterial.de\/fr\/wp-json\/wp\/v2\/media?parent=1015518"}],"wp:term":[{"taxonomy":"product_brand","embeddable":true,"href":"https:\/\/vimaterial.de\/fr\/wp-json\/wp\/v2\/product_brand?post=1015518"},{"taxonomy":"product_cat","embeddable":true,"href":"https:\/\/vimaterial.de\/fr\/wp-json\/wp\/v2\/product_cat?post=1015518"},{"taxonomy":"product_tag","embeddable":true,"href":"https:\/\/vimaterial.de\/fr\/wp-json\/wp\/v2\/product_tag?post=1015518"}],"curies":[{"name":"wp","href":"https:\/\/api.w.org\/{rel}","templated":true}]}}