{"id":1015515,"date":"2024-06-17T14:54:15","date_gmt":"2024-06-17T06:54:15","guid":{"rendered":"https:\/\/vimaterial.de\/product\/alliage-de-nickel-et-de-titane\/"},"modified":"2025-04-15T13:36:53","modified_gmt":"2025-04-15T05:36:53","slug":"alliage-de-nickel-et-de-titane","status":"publish","type":"product","link":"https:\/\/vimaterial.de\/fr\/product\/alliage-de-nickel-et-de-titane\/","title":{"rendered":"Alliage nickel-titane"},"content":{"rendered":"<p>La cible de pulv\u00e9risation en <span style=\"color: #0000ff;\"><a style=\"color: #0000ff;\" href=\"https:\/\/vimaterial.de\/en\/product\/nickel-titanium-alloy-3\/\">alliage nickel-titane<\/a><\/span> est une cible en alliage compos\u00e9e de nickel et de titane avec de bonnes performances de pulv\u00e9risation, capable de d\u00e9poser uniform\u00e9ment des composants en alliage de nickel-titane sur le mat\u00e9riau du substrat par le processus de d\u00e9p\u00f4t physique en phase vapeur dans un environnement sous vide, fournissant des mat\u00e9riaux en couche mince avec effet de m\u00e9moire de forme, de bonnes propri\u00e9t\u00e9s m\u00e9caniques et une r\u00e9sistance \u00e0 la corrosion pour les domaines de la biom\u00e9decine,  l\u2019a\u00e9rospatiale et l\u2019\u00e9lectronique.<\/p>\n<p>VIMATERIAL fournit des cibles de pulv\u00e9risation en alliage de nickel-titane avec diff\u00e9rentes puret\u00e9s, nos cibles de pulv\u00e9risation en alliage de nickel-titane ont des densit\u00e9s \u00e9lev\u00e9es, de bonnes surfaces de produit, des propri\u00e9t\u00e9s de produit stables, et nous pouvons \u00e9galement fournir des services de liaison de cible. Nous avons une \u00e9quipe professionnelle de R &amp; D, nous pouvons personnaliser et d\u00e9velopper divers produits, veuillez <span style=\"color: #0000ff;\"><a style=\"color: #0000ff;\" href=\"https:\/\/vimaterial.de\/en\/contact-us\/\">nous contacter<\/a><\/span> si vous en avez besoin. <\/p>\n<h2><span style=\"font-size: 14pt;\">Propri\u00e9t\u00e9s physiques<\/span><\/h2>\n<p>Formule mol\u00e9culaire : NiTi<\/p>\n<p>Poids mol\u00e9culaire : environ 106,56<\/p>\n<p>Apparence&nbsp;: Lustre m\u00e9tallique gris argent\u00e9 typique.<\/p>\n<p>Densit\u00e9&nbsp;: La densit\u00e9 est d\u2019environ 6,45 g \/ cm\u00b3.<\/p>\n<p>Point de fusion : g\u00e9n\u00e9ralement entre 1240\u00b0C et 1310\u00b0C.<\/p>\n<p>Point d\u2019\u00e9bullition : environ 2980\u00b0C.<\/p>\n<p>Structure cristalline : Il a un effet de m\u00e9moire de forme unique et une super \u00e9lasticit\u00e9, et sa structure cristalline subira une transformation de phase martensitique \u00e0 diff\u00e9rentes temp\u00e9ratures. \u00c0 basse temp\u00e9rature, il s\u2019agit d\u2019une phase martensitique \u00e0 structure monoclinique, et lorsque la temp\u00e9rature augmente \u00e0 un certain degr\u00e9, elle se transforme en une phase aust\u00e9nitique \u00e0 structure cubique. <\/p>\n<h2><span style=\"font-size: 14pt;\">Applications<\/span><\/h2>\n<p>Champ d\u2019information \u00e9lectronique : utilis\u00e9 dans la fabrication de dispositifs semi-conducteurs dans le film, peut am\u00e9liorer les performances de la puce et la miniaturisation.<\/p>\n<p>Industrie de l\u2019affichage \u00e0 \u00e9cran plat&nbsp;: peut \u00eatre utilis\u00e9 comme pr\u00e9paration d\u2019un film conducteur transparent dans les mat\u00e9riaux du dispositif d\u2019affichage, pour am\u00e9liorer l\u2019effet d\u2019affichage et la vitesse de r\u00e9ponse de l\u2019\u00e9cran.<\/p>\n<p>Champ d\u2019\u00e9nergie solaire&nbsp;: peut \u00eatre utilis\u00e9 dans la pr\u00e9paration de panneaux solaires dans une partie de la fonction du film, aider \u00e0 am\u00e9liorer l\u2019efficacit\u00e9 de la conversion photo\u00e9lectrique.<br \/>\nRev\u00eatement optique&nbsp;: Il peut \u00eatre utilis\u00e9 dans la fabrication d\u2019instruments optiques, d\u2019\u00e9quipements laser, de miroirs et de films d\u2019am\u00e9lioration de la transmittance, etc., pour am\u00e9liorer les performances optiques.<\/p>\n<p>A\u00e9rospatiale : Avec une bonne r\u00e9sistance \u00e0 la corrosion et de bonnes propri\u00e9t\u00e9s m\u00e9caniques, il peut \u00eatre utilis\u00e9 pour fabriquer des rev\u00eatements protecteurs \u00e0 la surface de certains composants cl\u00e9s des v\u00e9hicules a\u00e9rospatiaux.<\/p>\n<p>Automobile&nbsp;: Peut \u00eatre utilis\u00e9 pour le rev\u00eatement de surface des moteurs automobiles, des transmissions et d\u2019autres pi\u00e8ces pour am\u00e9liorer leur r\u00e9sistance \u00e0 l\u2019usure et \u00e0 la corrosion.<br \/>\nDomaine m\u00e9dical : Gr\u00e2ce \u00e0 son effet de m\u00e9moire de forme et \u00e0 sa biocompatibilit\u00e9, il peut \u00eatre utilis\u00e9 pour fabriquer des dispositifs m\u00e9dicaux tels que des stents vasculaires et des fils orthodontiques.<\/p>\n<h2><span style=\"font-size: 14pt;\">Contr\u00f4le de la qualit\u00e9<\/span><\/h2>\n<p>Nous mettons en \u0153uvre le syst\u00e8me de gestion de la <span style=\"color: #0000ff;\"><a style=\"color: #0000ff;\" href=\"https:\/\/vimaterial.de\/en\/quality-control\/\">qualit\u00e9 le plus strict<\/a> <\/span>pour chaque lot de produits, avec des registres complets des mati\u00e8res premi\u00e8res aux produits finaux pour une tra\u00e7abilit\u00e9 facile. Nous adoptons des mesures de s\u00e9gr\u00e9gation strictes pour la manipulation des produits non conformes afin de nous assurer qu\u2019aucun des produits non conformes ne sera transf\u00e9r\u00e9 dans le processus suivant. <\/p>\n<h2><span style=\"font-size: 14pt;\">Emballage et stockage<\/span><\/h2>\n<p>Les cibles de pulv\u00e9risation en alliage nickel-titane sont emball\u00e9es dans des bo\u00eetes arri\u00e8re \u00e0 double sac sous vide avec un carton ext\u00e9rieur.<\/p>\n<p>Les cibles de pulv\u00e9risation en alliage nickel-titane doivent \u00eatre stock\u00e9es dans un environnement sec, frais et bien ventil\u00e9, en \u00e9vitant l\u2019humidit\u00e9 et l\u2019oxydation, en les emp\u00eachant d\u2019entrer en contact avec des substances corrosives telles que les acides et les alcalis, et en \u00e9vitant les collisions m\u00e9caniques violentes pour maintenir leurs bonnes propri\u00e9t\u00e9s physiques et chimiques et l\u2019int\u00e9grit\u00e9 des cibles.<\/p>\n","protected":false},"excerpt":{"rendered":"<p>La cible de pulv\u00e9risation en <span style=\"color: #0000ff;\"><a style=\"color: #0000ff;\" href=\"https:\/\/vimaterial.de\/en\/product\/nickel-titanium-alloy-3\/\">alliage nickel-titane<\/a><\/span> est une cible en alliage compos\u00e9e de nickel et de titane avec de bonnes performances de pulv\u00e9risation, capable de d\u00e9poser uniform\u00e9ment des composants en alliage de nickel-titane sur le mat\u00e9riau du substrat par le processus de d\u00e9p\u00f4t physique en phase vapeur dans un environnement sous vide, fournissant des mat\u00e9riaux en couche mince avec effet de m\u00e9moire de forme, de bonnes propri\u00e9t\u00e9s m\u00e9caniques et une r\u00e9sistance \u00e0 la corrosion pour les domaines de la biom\u00e9decine,  l\u2019a\u00e9rospatiale et l\u2019\u00e9lectronique. VIMATERIAL<\/p>\n","protected":false},"featured_media":1002809,"comment_status":"open","ping_status":"closed","template":"","meta":{"_acf_changed":false},"product_brand":[],"product_cat":[235],"product_tag":[],"class_list":{"0":"post-1015515","1":"product","2":"type-product","3":"status-publish","4":"has-post-thumbnail","6":"product_cat-cibles-de-pulverisation-planaire","8":"first","9":"instock","10":"shipping-taxable","11":"purchasable","12":"product-type-variable"},"acf":[],"_links":{"self":[{"href":"https:\/\/vimaterial.de\/fr\/wp-json\/wp\/v2\/product\/1015515","targetHints":{"allow":["GET"]}}],"collection":[{"href":"https:\/\/vimaterial.de\/fr\/wp-json\/wp\/v2\/product"}],"about":[{"href":"https:\/\/vimaterial.de\/fr\/wp-json\/wp\/v2\/types\/product"}],"replies":[{"embeddable":true,"href":"https:\/\/vimaterial.de\/fr\/wp-json\/wp\/v2\/comments?post=1015515"}],"wp:featuredmedia":[{"embeddable":true,"href":"https:\/\/vimaterial.de\/fr\/wp-json\/wp\/v2\/media\/1002809"}],"wp:attachment":[{"href":"https:\/\/vimaterial.de\/fr\/wp-json\/wp\/v2\/media?parent=1015515"}],"wp:term":[{"taxonomy":"product_brand","embeddable":true,"href":"https:\/\/vimaterial.de\/fr\/wp-json\/wp\/v2\/product_brand?post=1015515"},{"taxonomy":"product_cat","embeddable":true,"href":"https:\/\/vimaterial.de\/fr\/wp-json\/wp\/v2\/product_cat?post=1015515"},{"taxonomy":"product_tag","embeddable":true,"href":"https:\/\/vimaterial.de\/fr\/wp-json\/wp\/v2\/product_tag?post=1015515"}],"curies":[{"name":"wp","href":"https:\/\/api.w.org\/{rel}","templated":true}]}}