{"id":1015507,"date":"2024-06-17T14:54:19","date_gmt":"2024-06-17T06:54:19","guid":{"rendered":"https:\/\/vimaterial.de\/product\/alliage-de-nickel-et-de-vanadium-3\/"},"modified":"2025-04-15T09:25:33","modified_gmt":"2025-04-15T01:25:33","slug":"alliage-de-nickel-et-de-vanadium-3","status":"publish","type":"product","link":"https:\/\/vimaterial.de\/fr\/product\/alliage-de-nickel-et-de-vanadium-3\/","title":{"rendered":"Alliage de nickel-vanadium"},"content":{"rendered":"<p>Les granul\u00e9s <span style=\"color: #0000ff;\"><a style=\"color: #0000ff;\" href=\"https:\/\/vimaterial.de\/en\/product\/nickel-vanadium-alloy-3\/\">d\u2019alliage de nickel-vanadium<\/a> <\/span>sont une pastille d\u2019alliage de nickel et de vanadium, qui combine la bonne t\u00e9nacit\u00e9 et la r\u00e9sistance \u00e0 la corrosion du nickel et les propri\u00e9t\u00e9s physicochimiques sp\u00e9ciales du vanadium, avec une morphologie de particules uniforme, une bonne fluidit\u00e9 et une vari\u00e9t\u00e9 de propri\u00e9t\u00e9s potentiellement excellentes, a un large \u00e9ventail de perspectives d\u2019application dans de nombreux domaines tels que le traitement des mat\u00e9riaux,  l\u2019\u00e9lectronique, les machines, etc.<\/p>\n<p>VIMATERIAL fournit des granul\u00e9s d\u2019alliage de nickel-vanadium, nous avons une \u00e9quipe de recherche et de d\u00e9veloppement technique professionnelle, nous acceptons toutes sortes de personnalisation et de recherche et d\u00e9veloppement et nous avons un petit MOQ, l\u2019emballage des produits peut \u00eatre modifi\u00e9 en fonction des exigences, si vous avez des questions, vous pouvez<span style=\"color: #0000ff;\"><a style=\"color: #0000ff;\" href=\"https:\/\/vimaterial.de\/en\/contact-us\/\"> nous contacter<\/a><\/span>.<\/p>\n<h2><span style=\"font-size: 14pt;\">Propri\u00e9t\u00e9s physiques<\/span><\/h2>\n<p>Formule mol\u00e9culaire : NiV<\/p>\n<p>Poids mol\u00e9culaire : 109,6349<\/p>\n<p>Apparence&nbsp;: G\u00e9n\u00e9ralement granuleux gris argent\u00e9<\/p>\n<p>Densit\u00e9 : environ 8,0 &#8211; 8,5 g\/cm\u00b3.<\/p>\n<p>Point de fusion : environ entre 1400\u00b0C &#8211; 1500\u00b0C<\/p>\n<p>Point d\u2019\u00e9bullition : g\u00e9n\u00e9ralement sup\u00e9rieur \u00e0 3000\u00b0C<\/p>\n<p>Structure cristalline : Les alliages de nickel-vanadium ont une structure en treillis cubique centr\u00e9e sur la face. Dans cette structure, les atomes sont situ\u00e9s aux huit coins sup\u00e9rieurs et au centre des six faces du cube, et cette structure serr\u00e9e conf\u00e8re \u00e0 l\u2019alliage une r\u00e9sistance \u00e9lev\u00e9e et une bonne t\u00e9nacit\u00e9. <\/p>\n<h2><span style=\"font-size: 14pt;\">Applications<\/span><\/h2>\n<p>A\u00e9rospatiale : Utilis\u00e9 dans la fabrication d\u2019aubes de moteurs d\u2019avion, avec sa r\u00e9sistance \u00e0 haute temp\u00e9rature et ses propri\u00e9t\u00e9s anti-fatigue, il am\u00e9liore la fiabilit\u00e9 et la durabilit\u00e9 du moteur dans des conditions de travail extr\u00eames telles que les temp\u00e9ratures \u00e9lev\u00e9es et les pressions \u00e9lev\u00e9es.<\/p>\n<p>Fabrication automobile : Il est utilis\u00e9 dans les composants cl\u00e9s des moteurs automobiles, tels que les ressorts de soupape et les axes de piston, pour am\u00e9liorer les performances et la dur\u00e9e de vie des moteurs automobiles en tirant parti de sa bonne \u00e9lasticit\u00e9 et de ses propri\u00e9t\u00e9s de r\u00e9sistance \u00e0 l\u2019usure.<\/p>\n<p>Industrie \u00e9lectronique&nbsp;: peut \u00eatre utilis\u00e9 dans les mat\u00e9riaux d\u2019emballage \u00e9lectroniques, gr\u00e2ce \u00e0 sa bonne conductivit\u00e9 thermique et \u00e0 sa conductivit\u00e9 \u00e9lectrique, pour aider les composants \u00e9lectroniques \u00e0 dissiper efficacement la chaleur et \u00e0 assurer une transmission stable du signal.<\/p>\n<p>Impression 3D : En tant que mati\u00e8re premi\u00e8re pour l\u2019impression 3D, il peut imprimer des pi\u00e8ces m\u00e9talliques haute performance avec des g\u00e9om\u00e9tries complexes pour r\u00e9pondre \u00e0 la demande de pi\u00e8ces personnalis\u00e9es dans l\u2019a\u00e9rospatiale, l\u2019automobile et d\u2019autres domaines.<\/p>\n<h2><span style=\"font-size: 14pt;\">Contr\u00f4le de la qualit\u00e9<\/span><\/h2>\n<p>Nous mettons en \u0153uvre le syst\u00e8me de gestion de la<span style=\"color: #0000ff;\"><a style=\"color: #0000ff;\" href=\"https:\/\/vimaterial.de\/en\/quality-control\/\"> qualit\u00e9 le plus strict<\/a><\/span> pour chaque lot de produits, avec des registres complets des mati\u00e8res premi\u00e8res aux produits finaux pour une tra\u00e7abilit\u00e9 facile. Nous adoptons des mesures de s\u00e9gr\u00e9gation strictes pour la manipulation des produits non conformes afin de nous assurer qu\u2019aucun des produits non conformes ne sera transf\u00e9r\u00e9 dans le processus suivant. <\/p>\n<h2><span style=\"font-size: 14pt;\">Emballage et stockage<\/span><\/h2>\n<p>Les granul\u00e9s d\u2019alliage de nickel-vanadium sont emball\u00e9s dans des sacs \u00e0 double vide ou des bouteilles \u00e0 double vide avec un carton ext\u00e9rieur.<\/p>\n<p>Les pastilles d\u2019alliage de nickel-vanadium doivent \u00eatre stock\u00e9es dans un environnement sec, frais et bien ventil\u00e9, en veillant \u00e0 ce que les conteneurs de stockage soient scell\u00e9s et isol\u00e9s de l\u2019eau, de l\u2019oxyg\u00e8ne, des acides forts, des bases fortes et d\u2019autres substances susceptibles de provoquer des r\u00e9actions chimiques afin de garantir que les performances et la qualit\u00e9 des pastilles ne sont pas alt\u00e9r\u00e9es.<\/p>\n","protected":false},"excerpt":{"rendered":"<p>Les granul\u00e9s <span style=\"color: #0000ff;\"><a style=\"color: #0000ff;\" href=\"https:\/\/vimaterial.de\/en\/product\/nickel-vanadium-alloy-3\/\">d\u2019alliage de nickel-vanadium<\/a> <\/span>sont une pastille d\u2019alliage de nickel et de vanadium, qui combine la bonne t\u00e9nacit\u00e9 et la r\u00e9sistance \u00e0 la corrosion du nickel et les propri\u00e9t\u00e9s physicochimiques sp\u00e9ciales du vanadium, avec une morphologie de particules uniforme, une bonne fluidit\u00e9 et une vari\u00e9t\u00e9 de propri\u00e9t\u00e9s potentiellement excellentes, a un large \u00e9ventail de perspectives d\u2019application dans de nombreux domaines tels que le traitement des mat\u00e9riaux,  l\u2019\u00e9lectronique, les machines, etc.<\/p>\n","protected":false},"featured_media":1002830,"comment_status":"open","ping_status":"closed","template":"","meta":{"_acf_changed":false},"product_brand":[],"product_cat":[236],"product_tag":[],"class_list":{"0":"post-1015507","1":"product","2":"type-product","3":"status-publish","4":"has-post-thumbnail","6":"product_cat-materiaux-devaporation","8":"first","9":"instock","10":"shipping-taxable","11":"purchasable","12":"product-type-variable"},"acf":[],"_links":{"self":[{"href":"https:\/\/vimaterial.de\/fr\/wp-json\/wp\/v2\/product\/1015507","targetHints":{"allow":["GET"]}}],"collection":[{"href":"https:\/\/vimaterial.de\/fr\/wp-json\/wp\/v2\/product"}],"about":[{"href":"https:\/\/vimaterial.de\/fr\/wp-json\/wp\/v2\/types\/product"}],"replies":[{"embeddable":true,"href":"https:\/\/vimaterial.de\/fr\/wp-json\/wp\/v2\/comments?post=1015507"}],"wp:featuredmedia":[{"embeddable":true,"href":"https:\/\/vimaterial.de\/fr\/wp-json\/wp\/v2\/media\/1002830"}],"wp:attachment":[{"href":"https:\/\/vimaterial.de\/fr\/wp-json\/wp\/v2\/media?parent=1015507"}],"wp:term":[{"taxonomy":"product_brand","embeddable":true,"href":"https:\/\/vimaterial.de\/fr\/wp-json\/wp\/v2\/product_brand?post=1015507"},{"taxonomy":"product_cat","embeddable":true,"href":"https:\/\/vimaterial.de\/fr\/wp-json\/wp\/v2\/product_cat?post=1015507"},{"taxonomy":"product_tag","embeddable":true,"href":"https:\/\/vimaterial.de\/fr\/wp-json\/wp\/v2\/product_tag?post=1015507"}],"curies":[{"name":"wp","href":"https:\/\/api.w.org\/{rel}","templated":true}]}}