{"id":1015500,"date":"2024-06-17T14:54:16","date_gmt":"2024-06-17T06:54:16","guid":{"rendered":"https:\/\/vimaterial.de\/product\/titanate-de-nickel-oxyde-de-nickel-et-de-titane\/"},"modified":"2025-04-15T09:28:25","modified_gmt":"2025-04-15T01:28:25","slug":"titanate-de-nickel-oxyde-de-nickel-et-de-titane","status":"publish","type":"product","link":"https:\/\/vimaterial.de\/fr\/product\/titanate-de-nickel-oxyde-de-nickel-et-de-titane\/","title":{"rendered":"Titanate de nickel (oxyde de nickel et de titane)"},"content":{"rendered":"<p>La poudre de titanate de nickel est une poudre fine compos\u00e9e de nickel et de titanate, blanc gris\u00e2tre ou brun clair, avec une stabilit\u00e9 chimique \u00e9lev\u00e9e, des propri\u00e9t\u00e9s \u00e9lectromagn\u00e9tiques sp\u00e9ciales, dans les composants \u00e9lectroniques, les catalyseurs, les mat\u00e9riaux c\u00e9ramiques et de nombreux autres domaines jouent un r\u00f4le important.<\/p>\n<p>VIMATERIAL propose de la poudre de titanate de nickel, notre poudre de titanate de nickel est uniforme en taille de particules, stable en performances et peut \u00eatre command\u00e9e en petites quantit\u00e9s avec un d\u00e9lai de livraison court. Nous avons une \u00e9quipe professionnelle de R &amp; D, nous pouvons personnaliser et d\u00e9velopper divers produits, veuillez <span style=\"color: #0000ff;\"><a style=\"color: #0000ff;\" href=\"https:\/\/vimaterial.de\/en\/contact-us\/\">nous contacter<\/a><\/span> si vous en avez besoin. <\/p>\n<h2><span style=\"font-size: 14pt;\">Propri\u00e9t\u00e9s physiques<\/span><\/h2>\n<p>Formule mol\u00e9culaire : NiV<\/p>\n<p>Poids mol\u00e9culaire : 109,6349<\/p>\n<p>Apparence&nbsp;: G\u00e9n\u00e9ralement granuleux gris argent\u00e9<\/p>\n<p>Densit\u00e9 : environ 8,0 &#8211; 8,5 g\/cm\u00b3.<\/p>\n<p>Point de fusion : environ entre 1400\u00b0C &#8211; 1500\u00b0C<\/p>\n<p>Point d\u2019\u00e9bullition : g\u00e9n\u00e9ralement sup\u00e9rieur \u00e0 3000\u00b0C<\/p>\n<p>Structure cristalline : Les alliages nickel-vanadium ont une structure en treillis cubique centr\u00e9e sur la face. Dans cette structure, les atomes sont situ\u00e9s aux huit coins sup\u00e9rieurs et au centre des six faces du cube, et cette structure serr\u00e9e conf\u00e8re \u00e0 l\u2019alliage une r\u00e9sistance \u00e9lev\u00e9e et une bonne t\u00e9nacit\u00e9. <\/p>\n<h2><span style=\"font-size: 14pt;\">Applications<\/span><\/h2>\n<p>\u00c9lectronique&nbsp;: Peut \u00eatre utilis\u00e9 pour fabriquer des condensateurs, avec ses bonnes propri\u00e9t\u00e9s di\u00e9lectriques, peut stocker efficacement la charge, am\u00e9liorer la stabilit\u00e9 du circuit des \u00e9quipements \u00e9lectroniques.<\/p>\n<p>C\u00e9ramique : Utilis\u00e9 comme additif dans les mat\u00e9riaux c\u00e9ramiques pour am\u00e9liorer la duret\u00e9 et la t\u00e9nacit\u00e9 des c\u00e9ramiques en ajustant la structure cristalline de la c\u00e9ramique pour produire des outils en c\u00e9ramique de haute qualit\u00e9 et des pi\u00e8ces en c\u00e9ramique r\u00e9sistantes \u00e0 l\u2019usure.<\/p>\n<p>Champ des mat\u00e9riaux \u00e9lectromagn\u00e9tiques&nbsp;: utilis\u00e9 dans la pr\u00e9paration des mat\u00e9riaux magn\u00e9tiques, l\u2019utilisation de ses propri\u00e9t\u00e9s magn\u00e9tiques sp\u00e9ciales aide \u00e0 fabriquer des noyaux de transformateur \u00e0 haute fr\u00e9quence et \u00e0 am\u00e9liorer l\u2019efficacit\u00e9 de la conversion \u00e9lectromagn\u00e9tique.<\/p>\n<p>Optique : Utilis\u00e9 dans la fabrication de rev\u00eatements optiques pour am\u00e9liorer les performances optiques des instruments optiques en fabriquant des filtres bas\u00e9s sur leur absorption et la r\u00e9flexion de la lumi\u00e8re \u00e0 des longueurs d\u2019onde sp\u00e9cifiques.<\/p>\n<h2><span style=\"font-size: 14pt;\">Contr\u00f4le de la qualit\u00e9<\/span><\/h2>\n<p>Nous mettons en \u0153uvre le syst\u00e8me de gestion de la <span style=\"color: #0000ff;\"><a style=\"color: #0000ff;\" href=\"https:\/\/vimaterial.de\/en\/quality-control\/\">qualit\u00e9 le plus strict<\/a><\/span> pour chaque lot de produits, avec des registres complets des mati\u00e8res premi\u00e8res aux produits finaux pour une tra\u00e7abilit\u00e9 facile. Nous adoptons des mesures de s\u00e9gr\u00e9gation strictes pour la manipulation des produits non conformes afin de nous assurer qu\u2019aucun des produits non conformes ne sera transf\u00e9r\u00e9 dans le processus suivant. <\/p>\n<h2><span style=\"font-size: 14pt;\">Emballage et stockage<\/span><\/h2>\n<p>Les poudres de titanate de nickel sont fournies dans des sacs sous vide doubles ou des bouteilles sous vide doubles avec un carton ext\u00e9rieur.<\/p>\n<p>Les poudres de titanate de nickel doivent \u00eatre stock\u00e9es dans un environnement sec, frais et ventil\u00e9 dans des r\u00e9cipients scell\u00e9s \u00e0 l\u2019abri du feu, de l\u2019eau, des acides, des alcalis et des agents oxydants puissants pour s\u2019assurer qu\u2019elles sont prot\u00e9g\u00e9es de l\u2019humidit\u00e9 et de l\u2019oxydation afin de maintenir leur stabilit\u00e9.<\/p>\n","protected":false},"excerpt":{"rendered":"<p>La poudre de titanate de nickel est une poudre fine compos\u00e9e de nickel et de titanate, blanc gris\u00e2tre ou brun clair, avec une stabilit\u00e9 chimique \u00e9lev\u00e9e, des propri\u00e9t\u00e9s \u00e9lectromagn\u00e9tiques sp\u00e9ciales, dans les composants \u00e9lectroniques, les catalyseurs, les mat\u00e9riaux c\u00e9ramiques et de nombreux autres domaines jouent un r\u00f4le important.<\/p>\n","protected":false},"featured_media":1002823,"comment_status":"open","ping_status":"closed","template":"","meta":{"_acf_changed":false},"product_brand":[],"product_cat":[244],"product_tag":[],"class_list":{"0":"post-1015500","1":"product","2":"type-product","3":"status-publish","4":"has-post-thumbnail","6":"product_cat-autres-materiaux","8":"first","9":"instock","10":"shipping-taxable","11":"product-type-variable"},"acf":[],"_links":{"self":[{"href":"https:\/\/vimaterial.de\/fr\/wp-json\/wp\/v2\/product\/1015500","targetHints":{"allow":["GET"]}}],"collection":[{"href":"https:\/\/vimaterial.de\/fr\/wp-json\/wp\/v2\/product"}],"about":[{"href":"https:\/\/vimaterial.de\/fr\/wp-json\/wp\/v2\/types\/product"}],"replies":[{"embeddable":true,"href":"https:\/\/vimaterial.de\/fr\/wp-json\/wp\/v2\/comments?post=1015500"}],"wp:featuredmedia":[{"embeddable":true,"href":"https:\/\/vimaterial.de\/fr\/wp-json\/wp\/v2\/media\/1002823"}],"wp:attachment":[{"href":"https:\/\/vimaterial.de\/fr\/wp-json\/wp\/v2\/media?parent=1015500"}],"wp:term":[{"taxonomy":"product_brand","embeddable":true,"href":"https:\/\/vimaterial.de\/fr\/wp-json\/wp\/v2\/product_brand?post=1015500"},{"taxonomy":"product_cat","embeddable":true,"href":"https:\/\/vimaterial.de\/fr\/wp-json\/wp\/v2\/product_cat?post=1015500"},{"taxonomy":"product_tag","embeddable":true,"href":"https:\/\/vimaterial.de\/fr\/wp-json\/wp\/v2\/product_tag?post=1015500"}],"curies":[{"name":"wp","href":"https:\/\/api.w.org\/{rel}","templated":true}]}}