{"id":1015487,"date":"2024-06-17T14:55:12","date_gmt":"2024-06-17T06:55:12","guid":{"rendered":"https:\/\/vimaterial.de\/product\/alliage-de-nickel-et-de-vanadium-2\/"},"modified":"2025-04-15T09:17:50","modified_gmt":"2025-04-15T01:17:50","slug":"alliage-de-nickel-et-de-vanadium-2","status":"publish","type":"product","link":"https:\/\/vimaterial.de\/fr\/product\/alliage-de-nickel-et-de-vanadium-2\/","title":{"rendered":"Alliage de nickel-vanadium"},"content":{"rendered":"<p><span style=\"color: #0000ff;\"><a style=\"color: #0000ff;\" href=\"https:\/\/vimaterial.de\/en\/product\/nickel-vanadium-alloy-3\/\">Nickel vanadium<\/a><\/span> La poudre d\u2019alliage est un mat\u00e9riau d\u2019alliage \u00e0 base de nickel avec des propri\u00e9t\u00e9s physicochimiques sp\u00e9cifiques form\u00e9es par l\u2019ajout de vanadium et d\u2019autres \u00e9l\u00e9ments d\u2019alliage sous forme de poudre, qui a un large \u00e9ventail d\u2019applications dans l\u2019\u00e9lectronique, les semi-conducteurs, le magn\u00e9tisme et d\u2019autres domaines.<\/p>\n<p>VIMATERIAL fournit un alliage de nickel-vanadium, nous avons une \u00e9quipe de recherche et d\u00e9veloppement technique professionnelle, nous acceptons toutes sortes de personnalisation et de recherche et d\u00e9veloppement et nous avons un petit MOQ, l\u2019emballage peut \u00eatre chang\u00e9 selon les besoins, si vous avez des questions, vous pouvez <span style=\"color: #0000ff;\"><a style=\"color: #0000ff;\" href=\"https:\/\/vimaterial.de\/en\/contact-us\/\">nous contacter<\/a><\/span>.<\/p>\n<h2><span style=\"font-size: 14pt;\">Propri\u00e9t\u00e9s physiques<\/span><\/h2>\n<p>Formule mol\u00e9culaire : NiV<\/p>\n<p>Poids mol\u00e9culaire : environ 109,63.<\/p>\n<p>Apparence&nbsp;: G\u00e9n\u00e9ralement une poudre blanc argent\u00e9 avec un \u00e9clat m\u00e9tallique.<\/p>\n<p>Point de fusion : 1775\u00b0C-1875\u00b0C.<\/p>\n<h2><span style=\"font-size: 14pt;\">Applications<\/span><\/h2>\n<p>A\u00e9rospatiale : Il peut \u00eatre utilis\u00e9 pour fabriquer des composants en alliage \u00e0 haute temp\u00e9rature pour les moteurs d\u2019avion, avec sa bonne r\u00e9sistance \u00e0 haute temp\u00e9rature et sa r\u00e9sistance au fluage pour am\u00e9liorer la fiabilit\u00e9 du moteur dans des environnements extr\u00eames.<\/p>\n<p>\u00c9lectronique : Les poudres d\u2019alliage de nickel-vanadium sont utilis\u00e9es dans les mat\u00e9riaux d\u2019emballage \u00e9lectronique, o\u00f9 leur excellente conductivit\u00e9 thermique et \u00e9lectrique assure une dissipation thermique stable et une transmission du signal lors d\u2019un fonctionnement \u00e0 haute puissance.<\/p>\n<p>Industrie chimique : il peut \u00eatre utilis\u00e9 pour fabriquer des mat\u00e9riaux de rev\u00eatement de r\u00e9acteur r\u00e9sistants \u00e0 la corrosion, en utilisant sa r\u00e9sistance \u00e0 la corrosion acide et alcaline pour s\u2019adapter \u00e0 l\u2019utilisation \u00e0 long terme d\u2019environnements de milieux chimiques complexes.<\/p>\n<p>Automobile : Les poudres d\u2019alliage nickel-vanadium sont utilis\u00e9es dans des composants cl\u00e9s tels que les ressorts de soupape pour les moteurs automobiles, assurant un fonctionnement efficace et stable du moteur gr\u00e2ce \u00e0 d\u2019excellentes propri\u00e9t\u00e9s d\u2019\u00e9lasticit\u00e9 et de fatigue.<\/p>\n<p>Traitement des m\u00e9taux : Il est utilis\u00e9 comme additif pour am\u00e9liorer les performances des outils de coupe des m\u00e9taux, augmenter la duret\u00e9 et la r\u00e9sistance \u00e0 l\u2019usure des outils et prolonger leur dur\u00e9e de vie.<\/p>\n<h2><span style=\"font-size: 14pt;\">Contr\u00f4le de la qualit\u00e9<\/span><\/h2>\n<p>Nous mettons en \u0153uvre le syst\u00e8me de gestion de la <a href=\"https:\/\/vimaterial.de\/en\/quality-control\/\"><span style=\"color: #0000ff;\">qualit\u00e9 le plus strict<\/span><\/a> pour chaque lot de produits, avec des registres complets des mati\u00e8res premi\u00e8res aux produits finaux pour une tra\u00e7abilit\u00e9 facile. Nous adoptons des mesures de s\u00e9gr\u00e9gation strictes pour la manipulation des produits non conformes afin de nous assurer qu\u2019aucun des produits non conformes ne sera transf\u00e9r\u00e9 dans le processus suivant. <\/p>\n<h2><span style=\"font-size: 14pt;\">Emballage et stockage<\/span><\/h2>\n<p>Les poudres d\u2019alliage de nickel-vanadium sont emball\u00e9es dans des sacs \u00e0 double vide ou des bouteilles \u00e0 double vide avec des cartons ext\u00e9rieurs. L\u2019unit\u00e9 d\u2019emballage minimale est de 100 g\/bouteille. <\/p>\n<p>Les poudres d\u2019alliage de nickel-vanadium doivent \u00eatre stock\u00e9es dans un environnement sec, frais, bien ventil\u00e9 et scell\u00e9, \u00e0 l\u2019abri du feu, de l\u2019eau, des acides et des alcalis, et des agents oxydants puissants pour \u00e9viter l\u2019humidit\u00e9, l\u2019oxydation, la corrosion ou d\u2019autres r\u00e9actions chimiques et pour assurer des propri\u00e9t\u00e9s stables.<\/p>\n","protected":false},"excerpt":{"rendered":"<p><span style=\"color: #0000ff;\"><a style=\"color: #0000ff;\" href=\"https:\/\/vimaterial.de\/en\/product\/nickel-vanadium-alloy-3\/\">Nickel vanadium<\/a><\/span> La poudre d\u2019alliage est un mat\u00e9riau d\u2019alliage \u00e0 base de nickel avec des propri\u00e9t\u00e9s physicochimiques sp\u00e9cifiques form\u00e9es par l\u2019ajout de vanadium et d\u2019autres \u00e9l\u00e9ments d\u2019alliage sous forme de poudre, qui a un large \u00e9ventail d\u2019applications dans l\u2019\u00e9lectronique, les semi-conducteurs, le magn\u00e9tisme et d\u2019autres domaines.<\/p>\n","protected":false},"featured_media":1002838,"comment_status":"open","ping_status":"closed","template":"","meta":{"_acf_changed":false},"product_brand":[],"product_cat":[250],"product_tag":[],"class_list":{"0":"post-1015487","1":"product","2":"type-product","3":"status-publish","4":"has-post-thumbnail","6":"product_cat-poudre-de-metal-pur-et-dalliage","8":"first","9":"instock","10":"shipping-taxable","11":"product-type-variable"},"acf":[],"_links":{"self":[{"href":"https:\/\/vimaterial.de\/fr\/wp-json\/wp\/v2\/product\/1015487","targetHints":{"allow":["GET"]}}],"collection":[{"href":"https:\/\/vimaterial.de\/fr\/wp-json\/wp\/v2\/product"}],"about":[{"href":"https:\/\/vimaterial.de\/fr\/wp-json\/wp\/v2\/types\/product"}],"replies":[{"embeddable":true,"href":"https:\/\/vimaterial.de\/fr\/wp-json\/wp\/v2\/comments?post=1015487"}],"wp:featuredmedia":[{"embeddable":true,"href":"https:\/\/vimaterial.de\/fr\/wp-json\/wp\/v2\/media\/1002838"}],"wp:attachment":[{"href":"https:\/\/vimaterial.de\/fr\/wp-json\/wp\/v2\/media?parent=1015487"}],"wp:term":[{"taxonomy":"product_brand","embeddable":true,"href":"https:\/\/vimaterial.de\/fr\/wp-json\/wp\/v2\/product_brand?post=1015487"},{"taxonomy":"product_cat","embeddable":true,"href":"https:\/\/vimaterial.de\/fr\/wp-json\/wp\/v2\/product_cat?post=1015487"},{"taxonomy":"product_tag","embeddable":true,"href":"https:\/\/vimaterial.de\/fr\/wp-json\/wp\/v2\/product_tag?post=1015487"}],"curies":[{"name":"wp","href":"https:\/\/api.w.org\/{rel}","templated":true}]}}