{"id":1015462,"date":"2024-06-17T14:55:13","date_gmt":"2024-06-17T06:55:13","guid":{"rendered":"https:\/\/vimaterial.de\/product\/alliage-de-nickel-et-dyttrium\/"},"modified":"2025-04-15T09:09:23","modified_gmt":"2025-04-15T01:09:23","slug":"alliage-de-nickel-et-dyttrium","status":"publish","type":"product","link":"https:\/\/vimaterial.de\/fr\/product\/alliage-de-nickel-et-dyttrium\/","title":{"rendered":"Alliage nickel-yttrium"},"content":{"rendered":"<p>Les granul\u00e9s d\u2019alliage nickel-yttrium sont un alliage de nickel et d\u2019yttrium qui combine la bonne t\u00e9nacit\u00e9, la conductivit\u00e9 thermique et la r\u00e9sistance \u00e0 la corrosion du nickel avec les propri\u00e9t\u00e9s physico-chimiques sp\u00e9ciales de l\u2019yttrium sous forme de particules homog\u00e8nes pour une large gamme d\u2019applications dans la synth\u00e8se de mat\u00e9riaux, la pr\u00e9paration de rev\u00eatements et l\u2019\u00e9lectronique.<\/p>\n<p>VIMATERIAL propose des granul\u00e9s d\u2019alliage de nickel-yttrium avec d\u2019excellentes performances, de faibles impuret\u00e9s, une puret\u00e9 \u00e9lev\u00e9e, une uniformit\u00e9 \u00e9lev\u00e9e, un faible MOQ et un stock suffisant. Nous acceptons toute personnalisation et d\u00e9veloppement de produits, veuillez <span style=\"color: #0000ff;\"><a style=\"color: #0000ff;\" href=\"https:\/\/vimaterial.de\/en\/contact-us\/\">nous contacter<\/a><\/span> pour vos besoins. <\/p>\n<h2><span style=\"font-size: 14pt;\">Propri\u00e9t\u00e9s physiques<\/span><\/h2>\n<p>Formule mol\u00e9culaire : NiY<\/p>\n<p>Apparence&nbsp;: G\u00e9n\u00e9ralement des particules gris argent\u00e9 avec un \u00e9clat m\u00e9tallique.<\/p>\n<p>Structure cristalline : Les alliages NiY peuvent former une vari\u00e9t\u00e9 de structures cristallines, g\u00e9n\u00e9ralement un r\u00e9seau cubique centr\u00e9 sur la face, un r\u00e9seau cubique centr\u00e9 sur le corps, etc.<\/p>\n<h2><span style=\"font-size: 14pt;\">Applications<\/span><\/h2>\n<p>A\u00e9rospatiale : Les granul\u00e9s d\u2019alliage NiY sont utilis\u00e9s dans la fabrication de composants \u00e0 haute temp\u00e9rature pour les moteurs d\u2019avion, o\u00f9 leurs excellentes propri\u00e9t\u00e9s \u00e0 haute temp\u00e9rature am\u00e9liorent la fiabilit\u00e9 et l\u2019efficacit\u00e9 des moteurs.<\/p>\n<p>Industrie \u00e9lectronique : Les granul\u00e9s d\u2019alliage NiY peuvent \u00eatre utilis\u00e9s dans les mat\u00e9riaux d\u2019emballage \u00e9lectronique pour assurer le fonctionnement normal des composants \u00e9lectroniques dans des environnements complexes en raison de leurs propri\u00e9t\u00e9s physiques et chimiques stables.<\/p>\n<p>Industrie p\u00e9trochimique : Il peut \u00eatre utilis\u00e9 pour fabriquer des r\u00e9cipients de r\u00e9action et des composants de pipeline r\u00e9sistants \u00e0 la corrosion, en s\u2019appuyant sur son excellente r\u00e9sistance \u00e0 la corrosion pour s\u2019adapter \u00e0 l\u2019environnement difficile des fluides dans la production chimique.<\/p>\n<p>Fabrication automobile&nbsp;: il peut \u00eatre utilis\u00e9 dans des composants cl\u00e9s des moteurs automobiles, aidant les moteurs automobiles \u00e0 atteindre des performances plus \u00e9lev\u00e9es et une dur\u00e9e de vie plus longue gr\u00e2ce \u00e0 de bonnes performances globales.<\/p>\n<h2><span style=\"font-size: 14pt;\">Contr\u00f4le de la qualit\u00e9<\/span><\/h2>\n<p>Nous mettons en \u0153uvre le syst\u00e8me de gestion de la <span style=\"color: #0000ff;\"><a style=\"color: #0000ff;\" href=\"https:\/\/vimaterial.de\/en\/quality-control\/\">qualit\u00e9 le plus strict<\/a><\/span> pour chaque lot de produits, avec des registres complets des mati\u00e8res premi\u00e8res aux produits finaux pour une tra\u00e7abilit\u00e9 facile. Nous adoptons des mesures de s\u00e9gr\u00e9gation strictes pour la manipulation des produits non conformes afin de nous assurer qu\u2019aucun des produits non conformes ne sera transf\u00e9r\u00e9 dans le processus suivant. <\/p>\n<h2><span style=\"font-size: 14pt;\">Emballage et stockage<\/span><\/h2>\n<p>Les granul\u00e9s d\u2019alliage nickel-yttrium sont emball\u00e9s dans des sacs ou des bouteilles sous vide doubles avec une bo\u00eete en carton \u00e0 l\u2019ext\u00e9rieur. L\u2019unit\u00e9 d\u2019emballage minimale est de 100 g\/bouteille. <\/p>\n<p>Les granul\u00e9s d\u2019alliage nickel-yttrium doivent \u00eatre stock\u00e9s dans un environnement sec, frais et bien ventil\u00e9, \u00e0 l\u2019abri des substances corrosives, des sources d\u2019inflammation et des agents oxydants puissants, et dans des r\u00e9cipients bien scell\u00e9s contre l\u2019humidit\u00e9 et l\u2019oxydation afin de maintenir la stabilit\u00e9 de leurs propri\u00e9t\u00e9s.<\/p>\n","protected":false},"excerpt":{"rendered":"<p>Les granul\u00e9s d\u2019alliage nickel-yttrium sont un alliage de nickel et d\u2019yttrium qui combine la bonne t\u00e9nacit\u00e9, la conductivit\u00e9 thermique et la r\u00e9sistance \u00e0 la corrosion du nickel avec les propri\u00e9t\u00e9s physico-chimiques sp\u00e9ciales de l\u2019yttrium sous forme de particules homog\u00e8nes pour une large gamme d\u2019applications dans la synth\u00e8se de mat\u00e9riaux, la pr\u00e9paration de rev\u00eatements et l\u2019\u00e9lectronique. [&hellip;]<\/p>\n","protected":false},"featured_media":1002858,"comment_status":"open","ping_status":"closed","template":"","meta":{"_acf_changed":false},"product_brand":[],"product_cat":[236],"product_tag":[],"class_list":{"0":"post-1015462","1":"product","2":"type-product","3":"status-publish","4":"has-post-thumbnail","6":"product_cat-materiaux-devaporation","8":"first","9":"instock","10":"shipping-taxable","11":"product-type-variable"},"acf":[],"_links":{"self":[{"href":"https:\/\/vimaterial.de\/fr\/wp-json\/wp\/v2\/product\/1015462","targetHints":{"allow":["GET"]}}],"collection":[{"href":"https:\/\/vimaterial.de\/fr\/wp-json\/wp\/v2\/product"}],"about":[{"href":"https:\/\/vimaterial.de\/fr\/wp-json\/wp\/v2\/types\/product"}],"replies":[{"embeddable":true,"href":"https:\/\/vimaterial.de\/fr\/wp-json\/wp\/v2\/comments?post=1015462"}],"wp:featuredmedia":[{"embeddable":true,"href":"https:\/\/vimaterial.de\/fr\/wp-json\/wp\/v2\/media\/1002858"}],"wp:attachment":[{"href":"https:\/\/vimaterial.de\/fr\/wp-json\/wp\/v2\/media?parent=1015462"}],"wp:term":[{"taxonomy":"product_brand","embeddable":true,"href":"https:\/\/vimaterial.de\/fr\/wp-json\/wp\/v2\/product_brand?post=1015462"},{"taxonomy":"product_cat","embeddable":true,"href":"https:\/\/vimaterial.de\/fr\/wp-json\/wp\/v2\/product_cat?post=1015462"},{"taxonomy":"product_tag","embeddable":true,"href":"https:\/\/vimaterial.de\/fr\/wp-json\/wp\/v2\/product_tag?post=1015462"}],"curies":[{"name":"wp","href":"https:\/\/api.w.org\/{rel}","templated":true}]}}