{"id":1015454,"date":"2024-06-17T14:55:12","date_gmt":"2024-06-17T06:55:12","guid":{"rendered":"https:\/\/vimaterial.de\/product\/alliage-de-nickel-et-de-vanadium\/"},"modified":"2025-04-15T09:12:01","modified_gmt":"2025-04-15T01:12:01","slug":"alliage-de-nickel-et-de-vanadium","status":"publish","type":"product","link":"https:\/\/vimaterial.de\/fr\/product\/alliage-de-nickel-et-de-vanadium\/","title":{"rendered":"Alliage de nickel-vanadium"},"content":{"rendered":"<p><span style=\"color: #0000ff;\"><a style=\"color: #0000ff;\" href=\"https:\/\/vimaterial.de\/en\/product\/nickel-vanadium-alloy\/\">Nickel vanadium<\/a><\/span> La cible de pulv\u00e9risation en alliage est un mat\u00e9riau d\u2019alliage compos\u00e9 de nickel et de vanadium, avec de bonnes performances de pulv\u00e9risation, peut \u00eatre d\u00e9pos\u00e9 uniform\u00e9ment sur la surface du substrat par d\u00e9p\u00f4t physique en phase vapeur sous vide, fournissant des films minces de haute qualit\u00e9 pour l\u2019\u00e9lectronique, l\u2019optique et de nombreux autres domaines.<\/p>\n<p>VIMATERIAL fournit un alliage de nickel-vanadium, nous avons une \u00e9quipe de recherche et d\u00e9veloppement technique professionnelle, nous acceptons toutes sortes de personnalisation et de recherche et d\u00e9veloppement et nous avons un petit MOQ, l\u2019emballage peut \u00eatre chang\u00e9 selon les besoins, si vous avez des questions, vous pouvez <span style=\"color: #0000ff;\"><a style=\"color: #0000ff;\" href=\"https:\/\/vimaterial.de\/en\/contact-us\/\">nous contacter.<\/a><\/span><\/p>\n<h2><span style=\"font-size: 14pt;\">Propri\u00e9t\u00e9s physiques<\/span><\/h2>\n<p>Formule mol\u00e9culaire : NiV<\/p>\n<p>Poids mol\u00e9culaire : environ 109,63<\/p>\n<p>Apparence : Cible m\u00e9tallis\u00e9e g\u00e9n\u00e9ralement gris argent\u00e9.<\/p>\n<p>Densit\u00e9 : environ 8,0 g\/cm\u00b3.<\/p>\n<p>Point de fusion : Point de fusion plus \u00e9lev\u00e9, environ 1350\u00b0C<\/p>\n<p>Structure cristalline : structure cristalline cubique g\u00e9n\u00e9ralement centr\u00e9e sur la face<\/p>\n<h2><span style=\"font-size: 14pt;\">Applications<\/span><\/h2>\n<p>\u00c9lectronique&nbsp;: Utilis\u00e9 pour la pr\u00e9paration de couches d\u2019interconnexion m\u00e9talliques dans les circuits int\u00e9gr\u00e9s dans le domaine de l\u2019\u00e9lectronique, avec sa bonne conductivit\u00e9 \u00e9lectrique et sa stabilit\u00e9 thermique, r\u00e9duisant efficacement le retard de transmission du signal et am\u00e9liorant la fiabilit\u00e9 du circuit.<\/p>\n<p>Industrie des semi-conducteurs : Dans la fabrication de semi-conducteurs, les cibles de pulv\u00e9risation sont utilis\u00e9es pour d\u00e9poser de minces films m\u00e9talliques comme \u00e9lectrodes de contact pour les dispositifs \u00e0 semi-conducteurs, am\u00e9liorant ainsi les performances et l\u2019efficacit\u00e9 des dispositifs \u00e0 semi-conducteurs en contr\u00f4lant avec pr\u00e9cision l\u2019\u00e9paisseur et l\u2019uniformit\u00e9 des films.<\/p>\n<p>Champ d\u2019enregistrement magn\u00e9tique : Utilis\u00e9 dans la fabrication de supports d\u2019enregistrement magn\u00e9tiques, le jet de films magn\u00e9tiques \u00e0 haute perm\u00e9abilit\u00e9 et \u00e0 faible coercivit\u00e9 permet un stockage de donn\u00e9es \u00e0 haute densit\u00e9 et une lecture et une \u00e9criture rapides des donn\u00e9es.<\/p>\n<p>Champ optique : Dans le rev\u00eatement optique, il peut \u00eatre utilis\u00e9 pour d\u00e9poser des films optiques, tels que des films antireflet ou d\u2019am\u00e9lioration de la transmittance sur des lentilles et des filtres optiques, afin d\u2019am\u00e9liorer la transmittance et la qualit\u00e9 d\u2019image des \u00e9l\u00e9ments optiques.<\/p>\n<p>Technologie d\u2019affichage : Dans les technologies d\u2019affichage telles que les \u00e9crans \u00e0 cristaux liquides (LCD) et les \u00e9crans \u00e0 diodes \u00e9lectroluminescentes organiques (OLED), les cibles de pulv\u00e9risation sont utilis\u00e9es pour pr\u00e9parer des \u00e9lectrodes et des films conducteurs afin de fournir aux \u00e9crans des propri\u00e9t\u00e9s \u00e9lectriques stables et des effets \u00e9lectroluminescents uniformes.<\/p>\n<h2><span style=\"font-size: 14pt;\">Contr\u00f4le de la qualit\u00e9<\/span><\/h2>\n<p>Nous mettons en \u0153uvre le syst\u00e8me de gestion de la <span style=\"color: #0000ff;\"><a style=\"color: #0000ff;\" href=\"https:\/\/vimaterial.de\/en\/quality-control\/\">qualit\u00e9 le plus strict<\/a><\/span> pour chaque lot de produits, avec des registres complets des mati\u00e8res premi\u00e8res aux produits finaux pour une tra\u00e7abilit\u00e9 facile. Nous adoptons des mesures de s\u00e9gr\u00e9gation strictes pour la manipulation des produits non conformes afin de nous assurer qu\u2019aucun des produits non conformes ne sera transf\u00e9r\u00e9 dans le processus suivant. <\/p>\n<h2><span style=\"font-size: 14pt;\">Emballage et stockage<\/span><\/h2>\n<p>Les cibles de pulv\u00e9risation en alliage de nickel-vanadium sont emball\u00e9es dans des bo\u00eetes doubles emball\u00e9es sous vide avec un carton ext\u00e9rieur.<\/p>\n<p>Les cibles de pulv\u00e9risation en alliage de nickel-vanadium doivent \u00eatre stock\u00e9es dans un environnement sec, frais, bien ventil\u00e9 et propre, en \u00e9vitant l\u2019humidit\u00e9, l\u2019oxydation et les dommages m\u00e9caniques, et \u00e0 l\u2019\u00e9cart des substances corrosives telles que les substances acides, alcalines et autres substances corrosives, les zones \u00e0 haute temp\u00e9rature et \u00e0 forte humidit\u00e9, et en m\u00eame temps doivent prendre des mesures d\u2019emballage ou de protection appropri\u00e9es pour emp\u00eacher la surface d\u2019\u00eatre contamin\u00e9e afin de garantir que ses propri\u00e9t\u00e9s physiques et chimiques sont stables.<\/p>\n","protected":false},"excerpt":{"rendered":"<p><span style=\"color: #0000ff;\"><a style=\"color: #0000ff;\" href=\"https:\/\/vimaterial.de\/en\/product\/nickel-vanadium-alloy\/\">Nickel vanadium<\/a><\/span> La cible de pulv\u00e9risation en alliage est un mat\u00e9riau d\u2019alliage compos\u00e9 de nickel et de vanadium, avec de bonnes performances de pulv\u00e9risation, peut \u00eatre d\u00e9pos\u00e9 uniform\u00e9ment sur la surface du substrat par d\u00e9p\u00f4t physique en phase vapeur sous vide, fournissant des films minces de haute qualit\u00e9 pour l\u2019\u00e9lectronique, l\u2019optique et de nombreux autres domaines.<\/p>\n","protected":false},"featured_media":1002845,"comment_status":"open","ping_status":"closed","template":"","meta":{"_acf_changed":false},"product_brand":[],"product_cat":[235],"product_tag":[],"class_list":{"0":"post-1015454","1":"product","2":"type-product","3":"status-publish","4":"has-post-thumbnail","6":"product_cat-cibles-de-pulverisation-planaire","8":"first","9":"instock","10":"shipping-taxable","11":"purchasable","12":"product-type-variable"},"acf":[],"_links":{"self":[{"href":"https:\/\/vimaterial.de\/fr\/wp-json\/wp\/v2\/product\/1015454","targetHints":{"allow":["GET"]}}],"collection":[{"href":"https:\/\/vimaterial.de\/fr\/wp-json\/wp\/v2\/product"}],"about":[{"href":"https:\/\/vimaterial.de\/fr\/wp-json\/wp\/v2\/types\/product"}],"replies":[{"embeddable":true,"href":"https:\/\/vimaterial.de\/fr\/wp-json\/wp\/v2\/comments?post=1015454"}],"wp:featuredmedia":[{"embeddable":true,"href":"https:\/\/vimaterial.de\/fr\/wp-json\/wp\/v2\/media\/1002845"}],"wp:attachment":[{"href":"https:\/\/vimaterial.de\/fr\/wp-json\/wp\/v2\/media?parent=1015454"}],"wp:term":[{"taxonomy":"product_brand","embeddable":true,"href":"https:\/\/vimaterial.de\/fr\/wp-json\/wp\/v2\/product_brand?post=1015454"},{"taxonomy":"product_cat","embeddable":true,"href":"https:\/\/vimaterial.de\/fr\/wp-json\/wp\/v2\/product_cat?post=1015454"},{"taxonomy":"product_tag","embeddable":true,"href":"https:\/\/vimaterial.de\/fr\/wp-json\/wp\/v2\/product_tag?post=1015454"}],"curies":[{"name":"wp","href":"https:\/\/api.w.org\/{rel}","templated":true}]}}