{"id":1015428,"date":"2024-06-17T14:55:13","date_gmt":"2024-06-17T06:55:13","guid":{"rendered":"https:\/\/vimaterial.de\/product\/alliage-de-nickel-et-de-zirconium\/"},"modified":"2025-04-15T09:07:00","modified_gmt":"2025-04-15T01:07:00","slug":"alliage-de-nickel-et-de-zirconium","status":"publish","type":"product","link":"https:\/\/vimaterial.de\/fr\/product\/alliage-de-nickel-et-de-zirconium\/","title":{"rendered":"Alliage nickel-zirconium"},"content":{"rendered":"<p>Les granul\u00e9s d\u2019alliage nickel-zirconium sont un nouveau type de particules d\u2019alliage qui combine la bonne t\u00e9nacit\u00e9 du nickel avec les propri\u00e9t\u00e9s physiques et chimiques particuli\u00e8res du zirconium. Ils ont une structure cristalline unique et une excellente r\u00e9sistance aux hautes temp\u00e9ratures et \u00e0 la corrosion, et pr\u00e9sentent un grand potentiel d\u2019utilisation dans l\u2019a\u00e9rospatiale, l\u2019\u00e9lectronique et de nombreux autres domaines. <\/p>\n<p>VIMATERIAL fournit un alliage de nickel-zirconium, nos produits ont d\u2019excellentes performances, une grande puret\u00e9 avec de faibles impuret\u00e9s, une uniformit\u00e9 de particules \u00e9lev\u00e9e, un petit MOQ et un stock suffisant. Nous acceptons toute personnalisation et d\u00e9veloppement de produits, veuillez <span style=\"color: #0000ff;\"><a style=\"color: #0000ff;\" href=\"http:\/\/Nickel%20Zirconium%20Alloy%20granules\" rel=\"nofollow\">nous contacter<\/a><\/span> pour vos besoins. <\/p>\n<h2><span style=\"font-size: 14pt;\">Propri\u00e9t\u00e9s physiques<\/span><\/h2>\n<p>Formule mol\u00e9culaire : NiZr<\/p>\n<p>Poids mol\u00e9culaire : environ 149,92 g\/mol<\/p>\n<p>Aspect : particules m\u00e9talliques grises<\/p>\n<h2><span style=\"font-size: 14pt;\">Applications<\/span><\/h2>\n<p>A\u00e9rospatiale : En raison de sa r\u00e9sistance aux temp\u00e9ratures \u00e9lev\u00e9es et \u00e0 la corrosion, l\u2019alliage peut \u00eatre utilis\u00e9 pour fabriquer des pi\u00e8ces \u00e0 haute temp\u00e9rature de moteurs d\u2019avions et de pi\u00e8ces structurelles de fuselage, ce qui contribue \u00e0 am\u00e9liorer les performances et la fiabilit\u00e9 des avions dans des environnements extr\u00eames.<\/p>\n<p>Automobile : Les granul\u00e9s d\u2019alliage nickel-zirconium peuvent \u00eatre utilis\u00e9s dans la fabrication de composants \u00e0 haute temp\u00e9rature tels que les turbocompresseurs et les syst\u00e8mes d\u2019\u00e9chappement pour les moteurs automobiles, ce qui am\u00e9liore les performances et l\u2019efficacit\u00e9 des moteurs automobiles et r\u00e9pond au besoin d\u2019all\u00e8gement.<\/p>\n<p>Champ d\u2019\u00e9nergie : dans le r\u00e9acteur nucl\u00e9aire, il peut \u00eatre utilis\u00e9 comme mat\u00e9riau d\u2019enveloppe des barres de combustible, assurant le fonctionnement s\u00fbr du r\u00e9acteur nucl\u00e9aire en raison de sa r\u00e9sistance aux hautes temp\u00e9ratures, de sa r\u00e9sistance \u00e0 la corrosion et de ses bonnes propri\u00e9t\u00e9s d\u2019absorption des neutrons ; En outre, il peut \u00e9galement \u00eatre utilis\u00e9 pour fabriquer des pi\u00e8ces r\u00e9sistantes \u00e0 la corrosion \u00e0 haute temp\u00e9rature dans divers \u00e9quipements \u00e9nerg\u00e9tiques, tels que des capteurs dans les \u00e9quipements de production d\u2019\u00e9nergie solaire et des \u00e9changeurs de chaleur dans les \u00e9quipements de production d\u2019\u00e9nergie g\u00e9othermique.<\/p>\n<p>Industrie chimique&nbsp;: Il convient \u00e0 la fabrication de pompes, vannes, pipelines et autres composants d\u2019\u00e9quipement dans la production chimique, qui peuvent r\u00e9sister \u00e0 l\u2019\u00e9rosion de divers milieux corrosifs et assurer le progr\u00e8s normal de la production chimique.<\/p>\n<h2><span style=\"font-size: 14pt;\">Contr\u00f4le de la qualit\u00e9<\/span><\/h2>\n<p>Nous mettons en \u0153uvre le syst\u00e8me de gestion de la <span style=\"color: #0000ff;\"><a style=\"color: #0000ff;\" href=\"https:\/\/vimaterial.de\/en\/quality-control\/\">qualit\u00e9 le plus strict<\/a><\/span> pour chaque lot de produits, avec des registres complets des mati\u00e8res premi\u00e8res aux produits finaux pour une tra\u00e7abilit\u00e9 facile. Nous adoptons des mesures de s\u00e9gr\u00e9gation strictes pour la manipulation des produits non conformes afin de nous assurer qu\u2019aucun des produits non conformes ne sera transf\u00e9r\u00e9 dans le processus suivant. <\/p>\n<h2><span style=\"font-size: 14pt;\">Emballage et stockage<\/span><\/h2>\n<p>Les granul\u00e9s d\u2019alliage nickel-zirconium sont emball\u00e9s dans des sacs \u00e0 double vide ou des bouteilles \u00e0 double vide avec des cartons ext\u00e9rieurs. L\u2019unit\u00e9 d\u2019emballage minimale est de 100 g\/bouteille. <\/p>\n<p>Les granul\u00e9s d\u2019alliage nickel-zirconium doivent \u00eatre stock\u00e9s dans un environnement sec, bien ventil\u00e9 et stabilis\u00e9 en temp\u00e9rature, \u00e0 l\u2019abri des sources d\u2019inflammation, des acides forts, des alcalis et des agents oxydants dans des r\u00e9cipients scell\u00e9s pour pr\u00e9venir l\u2019humidit\u00e9, l\u2019oxydation et la contamination par les impuret\u00e9s, et pour assurer la stabilit\u00e9 de ses propri\u00e9t\u00e9s physiques et chimiques.<\/p>\n","protected":false},"excerpt":{"rendered":"<p>Les granul\u00e9s d\u2019alliage nickel-zirconium sont un nouveau type de particules d\u2019alliage qui combine la bonne t\u00e9nacit\u00e9 du nickel avec les propri\u00e9t\u00e9s physiques et chimiques particuli\u00e8res du zirconium. Ils ont une structure cristalline unique et une excellente r\u00e9sistance aux hautes temp\u00e9ratures et \u00e0 la corrosion, et pr\u00e9sentent un grand potentiel d\u2019utilisation dans l\u2019a\u00e9rospatiale, l\u2019\u00e9lectronique et de nombreux autres domaines. <\/p>\n","protected":false},"featured_media":1002865,"comment_status":"open","ping_status":"closed","template":"","meta":{"_acf_changed":false},"product_brand":[],"product_cat":[236],"product_tag":[],"class_list":{"0":"post-1015428","1":"product","2":"type-product","3":"status-publish","4":"has-post-thumbnail","6":"product_cat-materiaux-devaporation","8":"first","9":"instock","10":"shipping-taxable","11":"product-type-variable"},"acf":[],"_links":{"self":[{"href":"https:\/\/vimaterial.de\/fr\/wp-json\/wp\/v2\/product\/1015428","targetHints":{"allow":["GET"]}}],"collection":[{"href":"https:\/\/vimaterial.de\/fr\/wp-json\/wp\/v2\/product"}],"about":[{"href":"https:\/\/vimaterial.de\/fr\/wp-json\/wp\/v2\/types\/product"}],"replies":[{"embeddable":true,"href":"https:\/\/vimaterial.de\/fr\/wp-json\/wp\/v2\/comments?post=1015428"}],"wp:featuredmedia":[{"embeddable":true,"href":"https:\/\/vimaterial.de\/fr\/wp-json\/wp\/v2\/media\/1002865"}],"wp:attachment":[{"href":"https:\/\/vimaterial.de\/fr\/wp-json\/wp\/v2\/media?parent=1015428"}],"wp:term":[{"taxonomy":"product_brand","embeddable":true,"href":"https:\/\/vimaterial.de\/fr\/wp-json\/wp\/v2\/product_brand?post=1015428"},{"taxonomy":"product_cat","embeddable":true,"href":"https:\/\/vimaterial.de\/fr\/wp-json\/wp\/v2\/product_cat?post=1015428"},{"taxonomy":"product_tag","embeddable":true,"href":"https:\/\/vimaterial.de\/fr\/wp-json\/wp\/v2\/product_tag?post=1015428"}],"curies":[{"name":"wp","href":"https:\/\/api.w.org\/{rel}","templated":true}]}}