{"id":1015406,"date":"2024-06-17T14:55:16","date_gmt":"2024-06-17T06:55:16","guid":{"rendered":"https:\/\/vimaterial.de\/product\/metal-cuivre-5\/"},"modified":"2025-04-15T09:02:16","modified_gmt":"2025-04-15T01:02:16","slug":"metal-cuivre-5","status":"publish","type":"product","link":"https:\/\/vimaterial.de\/fr\/product\/metal-cuivre-5\/","title":{"rendered":"Cuivre M\u00e9tal"},"content":{"rendered":"<p><span style=\"color: #0000ff;\"><a style=\"color: #0000ff;\" href=\"https:\/\/vimaterial.de\/en\/product\/copper-metal\/\">La feuille de cuivre m\u00e9tallique<\/a> <\/span>est une feuille de cuivre extr\u00eamement fine avec une excellente conductivit\u00e9 \u00e9lectrique, conductivit\u00e9 thermique, flexibilit\u00e9, surface plane et brillante, qui peut \u00eatre utilis\u00e9e dans les circuits \u00e9lectroniques, le blindage \u00e9lectromagn\u00e9tique, l\u2019emballage et la d\u00e9coration et de nombreux autres domaines.<\/p>\n<p>VIMATERIAL propose une large gamme de feuilles de Cuivre M\u00e9tallique. La feuille de cuivre m\u00e9tallique trait\u00e9e par notre soci\u00e9t\u00e9 est garantie d\u2019une puret\u00e9 ultra-\u00e9lev\u00e9e, avec une excellente conductivit\u00e9 thermique, une surface lisse sans d\u00e9fauts, une bonne flexibilit\u00e9, facile \u00e0 traiter et \u00e0 mouler, et des performances stables et fiables. Nous acceptons divers produits personnalis\u00e9s, veuillez <span style=\"color: #0000ff;\"><a style=\"color: #0000ff;\" href=\"https:\/\/vimaterial.de\/en\/contact-us\/\">nous contacter<\/a><\/span>.  <\/p>\n<h2><span style=\"font-size: 14pt;\">Propri\u00e9t\u00e9s physiques<\/span><\/h2>\n<p>Formule mol\u00e9culaire : Cu<\/p>\n<p>Poids mol\u00e9culaire : 63.546<\/p>\n<p>Apparence&nbsp;: G\u00e9n\u00e9ralement sous la forme de minces flocons avec un \u00e9clat m\u00e9tallique l\u00e9g\u00e8rement rouge\u00e2tre.<\/p>\n<p>Densit\u00e9 : environ 8,89 g\/cm\u00b3 (20\u00b0C)<\/p>\n<p>Point de fusion : environ 1083\u00b0C<\/p>\n<p>Point d\u2019\u00e9bullition : environ 2567\u00b0C<\/p>\n<p>Structure cristalline : r\u00e9seau cubique centr\u00e9 sur la face, les atomes de cuivre sont les plus \u00e9troitement emball\u00e9s en cubique.<\/p>\n<h2><span style=\"font-size: 14pt;\">Applications<\/span><\/h2>\n<p>Champ de blindage \u00e9lectromagn\u00e9tique&nbsp;: Utilis\u00e9 dans la coque ou la couche de protection interne des \u00e9quipements \u00e9lectroniques, il peut r\u00e9fl\u00e9chir et absorber efficacement les ondes \u00e9lectromagn\u00e9tiques, prot\u00e9ger l\u2019\u00e9quipement des interf\u00e9rences \u00e9lectromagn\u00e9tiques externes ou emp\u00eacher ses propres fuites de rayonnement \u00e9lectromagn\u00e9tique.<\/p>\n<p>Champ de cellules solaires&nbsp;: en tant que mat\u00e9riau d\u2019\u00e9lectrode de la cellule solaire, il aide \u00e0 collecter et \u00e0 conduire le courant, et \u00e0 am\u00e9liorer l\u2019efficacit\u00e9 de conversion photo\u00e9lectrique de la cellule solaire.<\/p>\n<p>Champ de batterie lithium-ion : Utilis\u00e9 dans le collecteur de batterie au lithium, il peut conduire rapidement les \u00e9lectrons et garantir la stabilit\u00e9 de la transmission du courant dans le processus de charge et de d\u00e9charge de la batterie.<\/p>\n<p>Industrie automobile&nbsp;: utilis\u00e9 pour la connexion de ligne et le blindage \u00e9lectromagn\u00e9tique dans les syst\u00e8mes \u00e9lectroniques automobiles, et joue \u00e9galement un r\u00f4le dans la d\u00e9coration int\u00e9rieure automobile pour augmenter le sentiment de sophistication \u00e0 l\u2019int\u00e9rieur de la voiture.<\/p>\n<p>A\u00e9rospatiale : Utilis\u00e9 comme mat\u00e9riau de blindage conducteur et \u00e9lectromagn\u00e9tique dans les syst\u00e8mes \u00e9lectroniques des \u00e9quipements a\u00e9rospatiaux, ses caract\u00e9ristiques l\u00e9g\u00e8res et performantes contribuent \u00e0 r\u00e9duire le poids de l\u2019\u00e9quipement et \u00e0 assurer le fonctionnement normal du syst\u00e8me.<\/p>\n<h2><span style=\"font-size: 14pt;\">Contr\u00f4le de la qualit\u00e9<\/span><\/h2>\n<p>Nous mettons en \u0153uvre le syst\u00e8me de gestion de la<span style=\"color: #0000ff;\"><a style=\"color: #0000ff;\" href=\"https:\/\/vimaterial.de\/en\/quality-control\/\"> qualit\u00e9 le plus strict<\/a><\/span>pour chaque lot de produits, avec des enregistrements complets des mati\u00e8res premi\u00e8res aux produits finaux pour une tra\u00e7abilit\u00e9 facile. Nous adoptons des mesures de s\u00e9gr\u00e9gation strictes pour la manipulation des produits non conformes afin de nous assurer qu\u2019aucun des produits non conformes ne sera transf\u00e9r\u00e9 dans le processus suivant. <\/p>\n<h2><span style=\"font-size: 14pt;\">Emballage et stockage<\/span><\/h2>\n<p>La feuille de cuivre et de m\u00e9tal est emball\u00e9e sous vide dans des bo\u00eetes.<\/p>\n<p>La feuille de cuivre m\u00e9tallique doit \u00eatre stock\u00e9e dans un environnement sec, frais et bien ventil\u00e9, \u00e0 l\u2019abri de la lumi\u00e8re directe du soleil, pour l\u2019emp\u00eacher de l\u2019humidit\u00e9, de l\u2019oxydation, de pr\u00e9f\u00e9rence dans un emballage scell\u00e9, et \u00e0 l\u2019abri des produits chimiques corrosifs et des objets pointus, afin d\u2019\u00e9viter que la feuille ne soit endommag\u00e9e ou ne r\u00e9agisse chimiquement.<\/p>\n","protected":false},"excerpt":{"rendered":"<p><span style=\"color: #0000ff;\"><a style=\"color: #0000ff;\" href=\"https:\/\/vimaterial.de\/en\/product\/copper-metal\/\">La feuille de cuivre m\u00e9tallique<\/a> <\/span>est une feuille de cuivre extr\u00eamement fine avec une excellente conductivit\u00e9 \u00e9lectrique, conductivit\u00e9 thermique, flexibilit\u00e9, surface plane et brillante, qui peut \u00eatre utilis\u00e9e dans les circuits \u00e9lectroniques, le blindage \u00e9lectromagn\u00e9tique, l\u2019emballage et la d\u00e9coration et de nombreux autres domaines.<\/p>\n","protected":false},"featured_media":1002882,"comment_status":"open","ping_status":"closed","template":"","meta":{"_acf_changed":false},"product_brand":[],"product_cat":[245],"product_tag":[],"class_list":{"0":"post-1015406","1":"product","2":"type-product","3":"status-publish","4":"has-post-thumbnail","6":"product_cat-profil-fr","8":"first","9":"instock","10":"shipping-taxable","11":"purchasable","12":"product-type-variable"},"acf":[],"_links":{"self":[{"href":"https:\/\/vimaterial.de\/fr\/wp-json\/wp\/v2\/product\/1015406","targetHints":{"allow":["GET"]}}],"collection":[{"href":"https:\/\/vimaterial.de\/fr\/wp-json\/wp\/v2\/product"}],"about":[{"href":"https:\/\/vimaterial.de\/fr\/wp-json\/wp\/v2\/types\/product"}],"replies":[{"embeddable":true,"href":"https:\/\/vimaterial.de\/fr\/wp-json\/wp\/v2\/comments?post=1015406"}],"wp:featuredmedia":[{"embeddable":true,"href":"https:\/\/vimaterial.de\/fr\/wp-json\/wp\/v2\/media\/1002882"}],"wp:attachment":[{"href":"https:\/\/vimaterial.de\/fr\/wp-json\/wp\/v2\/media?parent=1015406"}],"wp:term":[{"taxonomy":"product_brand","embeddable":true,"href":"https:\/\/vimaterial.de\/fr\/wp-json\/wp\/v2\/product_brand?post=1015406"},{"taxonomy":"product_cat","embeddable":true,"href":"https:\/\/vimaterial.de\/fr\/wp-json\/wp\/v2\/product_cat?post=1015406"},{"taxonomy":"product_tag","embeddable":true,"href":"https:\/\/vimaterial.de\/fr\/wp-json\/wp\/v2\/product_tag?post=1015406"}],"curies":[{"name":"wp","href":"https:\/\/api.w.org\/{rel}","templated":true}]}}