{"id":1015363,"date":"2024-06-17T14:55:17","date_gmt":"2024-06-17T06:55:17","guid":{"rendered":"https:\/\/vimaterial.de\/product\/metal-cuivre-3\/"},"modified":"2025-04-15T08:59:36","modified_gmt":"2025-04-15T00:59:36","slug":"metal-cuivre-3","status":"publish","type":"product","link":"https:\/\/vimaterial.de\/fr\/product\/metal-cuivre-3\/","title":{"rendered":"Cuivre M\u00e9tal"},"content":{"rendered":"<p>Les granul\u00e9s de <span style=\"color: #0000ff;\"><a style=\"color: #0000ff;\" href=\"https:\/\/vimaterial.de\/en\/product\/copper-metal\/\">cuivre m\u00e9tallique<\/a><\/span> ont un lustre m\u00e9tallique, une bonne conductivit\u00e9 \u00e9lectrique et thermique et une r\u00e9sistance \u00e0 la corrosion, et sont utilis\u00e9s dans l\u2019industrie \u00e9lectronique pour la fabrication de circuits imprim\u00e9s, dans l\u2019industrie chimique comme catalyseurs et dans l\u2019industrie de la construction comme mat\u00e9riaux d\u00e9coratifs.<\/p>\n<p>VIMATERIAL propose une large gamme de granul\u00e9s de Cuivre M\u00e9tallique. Nos granul\u00e9s de cuivre m\u00e9tal ont une granularit\u00e9 uniforme et r\u00e9guli\u00e8re, une tr\u00e8s faible teneur en impuret\u00e9s, une meilleure conductivit\u00e9 \u00e9lectrique et thermique. Nous acceptons les produits personnalis\u00e9s, veuillez <span style=\"color: #0000ff;\"><a style=\"color: #0000ff;\" href=\"https:\/\/vimaterial.de\/en\/quality-control\/\">nous contacter.<\/a><\/span>  <\/p>\n<h2><span style=\"font-size: 14pt;\">Propri\u00e9t\u00e9s physiques<\/span><\/h2>\n<p>Formule mol\u00e9culaire : Cu<\/p>\n<p>Poids mol\u00e9culaire : environ 63,5460<\/p>\n<p>Aspect : g\u00e9n\u00e9ralement granuleux avec un \u00e9clat m\u00e9tallique<\/p>\n<p>Densit\u00e9 : environ 8,96 g\/cm\u00b3.<\/p>\n<p>Point de fusion : environ 1083,4\u00b0C<\/p>\n<p>Point d\u2019\u00e9bullition : environ 2567\u00b0C<\/p>\n<p>Structure cristalline : structure cristalline cubique centr\u00e9e sur la face<\/p>\n<h2><span style=\"font-size: 14pt;\">Applications<\/span><\/h2>\n<p>Industrie \u00e9lectronique : Utilis\u00e9 dans la fabrication de cartes de circuits imprim\u00e9s (PCB) pour assurer une transmission efficace des signaux entre les composants \u00e9lectroniques en raison de son excellente conductivit\u00e9 \u00e9lectrique.<\/p>\n<p>\u00c9quipement \u00e9lectrique : Utilis\u00e9 dans les fils et les c\u00e2bles, sa conductivit\u00e9 \u00e9lev\u00e9e r\u00e9duit efficacement les pertes dans la transmission de l\u2019\u00e9nergie \u00e9lectrique.<\/p>\n<p>G\u00e9nie m\u00e9canique : en tant que mati\u00e8re premi\u00e8re pour les alliages \u00e0 base de cuivre, il est utilis\u00e9 dans la fabrication d\u2019une large gamme de pi\u00e8ces m\u00e9caniques pour am\u00e9liorer leur r\u00e9sistance et leur r\u00e9sistance \u00e0 l\u2019usure.<\/p>\n<p>Industrie chimique : utilis\u00e9 comme catalyseur pour acc\u00e9l\u00e9rer les r\u00e9actions chimiques, par exemple, il joue un r\u00f4le cl\u00e9 dans certaines r\u00e9actions de synth\u00e8se organique.<\/p>\n<p>\u00c9nergie : utilis\u00e9e dans les mat\u00e9riaux d\u2019\u00e9lectrode pour les batteries \u00e0 \u00e9nergie nouvelle afin d\u2019am\u00e9liorer la conductivit\u00e9 et les performances globales des batteries.<\/p>\n<h2><span style=\"font-size: 14pt;\">Contr\u00f4le de la qualit\u00e9<\/span><\/h2>\n<p>Nous mettons en \u0153uvre le<span style=\"color: #0000ff;\"><a style=\"color: #0000ff;\" href=\"https:\/\/vimaterial.de\/en\/quality-control\/\">syst\u00e8me de gestion de la<\/a><\/span> qualit\u00e9 le plus strict pour chaque lot de produits, avec des enregistrements complets des mati\u00e8res premi\u00e8res aux produits finaux pour une tra\u00e7abilit\u00e9 facile. Nous adoptons des mesures de s\u00e9gr\u00e9gation strictes pour la manipulation des produits non conformes afin de nous assurer qu\u2019aucun des produits non conformes ne sera transf\u00e9r\u00e9 dans le processus suivant. <\/p>\n<h2><span style=\"font-size: 14pt;\">Emballage et stockage<\/span><\/h2>\n<p>Les granul\u00e9s de cuivre et de m\u00e9tal sont emball\u00e9s dans des sacs ou des bouteilles sous vide doubles. L\u2019unit\u00e9 d\u2019emballage minimale est de 100 g\/bouteille. <\/p>\n<p>Les granules de cuivre m\u00e9tallique doivent \u00eatre stock\u00e9s dans un environnement sec et bien ventil\u00e9, \u00e0 l\u2019abri de l\u2019humidit\u00e9 et des substances corrosives, \u00e0 l\u2019abri des sources d\u2019inflammation et dans des r\u00e9cipients scell\u00e9s pour \u00e9viter l\u2019oxydation et les dommages physiques.<\/p>\n","protected":false},"excerpt":{"rendered":"<p>Les granul\u00e9s de <span style=\"color: #0000ff;\"><a style=\"color: #0000ff;\" href=\"https:\/\/vimaterial.de\/en\/product\/copper-metal\/\">cuivre m\u00e9tallique<\/a><\/span> ont un lustre m\u00e9tallique, une bonne conductivit\u00e9 \u00e9lectrique et thermique et une r\u00e9sistance \u00e0 la corrosion, et sont utilis\u00e9s dans l\u2019industrie \u00e9lectronique pour la fabrication de circuits imprim\u00e9s, dans l\u2019industrie chimique comme catalyseurs et dans l\u2019industrie de la construction comme mat\u00e9riaux d\u00e9coratifs.<\/p>\n","protected":false},"featured_media":1002894,"comment_status":"open","ping_status":"closed","template":"","meta":{"_acf_changed":false},"product_brand":[],"product_cat":[236],"product_tag":[],"class_list":{"0":"post-1015363","1":"product","2":"type-product","3":"status-publish","4":"has-post-thumbnail","6":"product_cat-materiaux-devaporation","8":"first","9":"instock","10":"shipping-taxable","11":"purchasable","12":"product-type-variable"},"acf":[],"_links":{"self":[{"href":"https:\/\/vimaterial.de\/fr\/wp-json\/wp\/v2\/product\/1015363","targetHints":{"allow":["GET"]}}],"collection":[{"href":"https:\/\/vimaterial.de\/fr\/wp-json\/wp\/v2\/product"}],"about":[{"href":"https:\/\/vimaterial.de\/fr\/wp-json\/wp\/v2\/types\/product"}],"replies":[{"embeddable":true,"href":"https:\/\/vimaterial.de\/fr\/wp-json\/wp\/v2\/comments?post=1015363"}],"wp:featuredmedia":[{"embeddable":true,"href":"https:\/\/vimaterial.de\/fr\/wp-json\/wp\/v2\/media\/1002894"}],"wp:attachment":[{"href":"https:\/\/vimaterial.de\/fr\/wp-json\/wp\/v2\/media?parent=1015363"}],"wp:term":[{"taxonomy":"product_brand","embeddable":true,"href":"https:\/\/vimaterial.de\/fr\/wp-json\/wp\/v2\/product_brand?post=1015363"},{"taxonomy":"product_cat","embeddable":true,"href":"https:\/\/vimaterial.de\/fr\/wp-json\/wp\/v2\/product_cat?post=1015363"},{"taxonomy":"product_tag","embeddable":true,"href":"https:\/\/vimaterial.de\/fr\/wp-json\/wp\/v2\/product_tag?post=1015363"}],"curies":[{"name":"wp","href":"https:\/\/api.w.org\/{rel}","templated":true}]}}