{"id":1015331,"date":"2024-06-17T14:55:19","date_gmt":"2024-06-17T06:55:19","guid":{"rendered":"https:\/\/vimaterial.de\/product\/metal-cuivre-2\/"},"modified":"2025-04-14T18:02:34","modified_gmt":"2025-04-14T10:02:34","slug":"metal-cuivre-2","status":"publish","type":"product","link":"https:\/\/vimaterial.de\/fr\/product\/metal-cuivre-2\/","title":{"rendered":"Cuivre M\u00e9tal"},"content":{"rendered":"<p>La cible de pulv\u00e9risation cathodique <span style=\"color: #0000ff;\"><a style=\"color: #0000ff;\" href=\"https:\/\/vimaterial.de\/fr\/product\/metal-cuivre-6\/\">en cuivre m\u00e9tallique<\/a><\/span> est un mat\u00e9riau fabriqu\u00e9 \u00e0 partir de cuivre m\u00e9tallique de haute puret\u00e9 utilis\u00e9 dans la technologie de d\u00e9p\u00f4t physique en phase vapeur (PVD), o\u00f9 les atomes de cuivre sont pulv\u00e9ris\u00e9s par bombardement ionique dans un environnement sous vide et d\u00e9pos\u00e9s \u00e0 la surface d\u2019un substrat, fournissant des films de cuivre de haute qualit\u00e9 pour l\u2019\u00e9lectronique, les semi-conducteurs et de nombreux autres domaines.<\/p>\n<p>VIMATERIAL fournit des cibles de pulv\u00e9risation en cuivre m\u00e9tal de haute puret\u00e9 et de haute qualit\u00e9. Nous fournissons des cibles de pulv\u00e9risation en cuivre m\u00e9tallique \u00e0 haute densit\u00e9, une bonne surface de produit, une efficacit\u00e9 de pulv\u00e9risation \u00e9lev\u00e9e et un prix bas. Nous avons une \u00e9quipe professionnelle de R &amp; D, et tous les produits peuvent \u00eatre personnalis\u00e9s et d\u00e9velopp\u00e9s, veuillez<span style=\"color: #0000ff;\"><a style=\"color: #0000ff;\" href=\"https:\/\/vimaterial.de\/fr\/contact\/\"> nous contacter.<\/a><\/span><\/p>\n<h2><span style=\"font-size: 14pt;\">Propri\u00e9t\u00e9s physiques<\/span><\/h2>\n<p>Formule mol\u00e9culaire : Cu<\/p>\n<p>Poids mol\u00e9culaire : 63.546<\/p>\n<p>Apparence\u00a0: m\u00e9tal lustr\u00e9 rouge violac\u00e9<\/p>\n<p>Densit\u00e9 : 8,92 g\/cm\u00b3<\/p>\n<p>Point de fusion : 1083,4\u00b10,2\u00b0C.<\/p>\n<p>Point d\u2019\u00e9bullition : 2567\u00b0C<\/p>\n<p>Structure cristalline : structure cristalline cubique centr\u00e9e sur la face. Dans la structure cubique centr\u00e9e sur la face, chaque atome de cuivre est entour\u00e9 de 12 atomes de cuivre les plus proches.<\/p>\n<h2><span style=\"font-size: 14pt;\">Application<\/span><\/h2>\n<p>Semi-conducteur : Utilis\u00e9 dans la fabrication d\u2019interconnexions dans les circuits int\u00e9gr\u00e9s pour r\u00e9duire les retards de transmission du signal et am\u00e9liorer les performances des puces en raison de sa conductivit\u00e9 \u00e9lev\u00e9e.<\/p>\n<p>Affichage \u00e9lectronique : Dans les \u00e9crans \u00e0 cristaux liquides et les \u00e9crans \u00e0 diodes \u00e9lectroluminescentes organiques (OLED), les cibles de pulv\u00e9risation en cuivre m\u00e9tallique sont utilis\u00e9es pour fabriquer des \u00e9lectrodes et d\u2019autres composants afin d\u2019assurer des affichages pr\u00e9cis et stables.<\/p>\n<p>Industrie photovolta\u00efque : En tant que source de d\u00e9p\u00f4t de mat\u00e9riaux d\u2019\u00e9lectrodes, il peut optimiser les performances \u00e9lectriques des cellules solaires et am\u00e9liorer l\u2019efficacit\u00e9 de la conversion photo\u00e9lectrique.<\/p>\n<p>Rev\u00eatement optique : Les films minces de cuivre sont form\u00e9s par pulv\u00e9risation et sont utilis\u00e9s dans le processus de rev\u00eatement des lentilles optiques pour am\u00e9liorer les propri\u00e9t\u00e9s optiques et la durabilit\u00e9 des lentilles.<\/p>\n<h2><span style=\"font-size: 14pt;\">Contr\u00f4le de la qualit\u00e9<\/span><\/h2>\n<p><span style=\"color: #0000ff;\"><a style=\"color: #0000ff;\" href=\"https:\/\/vimaterial.de\/fr\/controle-qualite\/\">Le syst\u00e8me de gestion de la qualit\u00e9 le plus strict<\/a><\/span> est mis en \u0153uvre pour chaque lot de produits, avec des enregistrements complets des mati\u00e8res premi\u00e8res aux produits finaux pour une tra\u00e7abilit\u00e9 facile des produits. Nous avons mis en place des mesures de s\u00e9gr\u00e9gation strictes pour la manipulation des produits non conformes afin de garantir qu\u2019aucun produit non conforme ne puisse \u00eatre laiss\u00e9 au processus suivant.<\/p>\n<h2><span style=\"font-size: 14pt;\">Emballage et stockage<\/span><\/h2>\n<p>Les cibles de pulv\u00e9risation en cuivre et en m\u00e9tal sont emball\u00e9es dans des sacs sous vide doubles, puis emball\u00e9es.<\/p>\n<p>Les cibles de pulv\u00e9risation en cuivre m\u00e9tal doivent \u00eatre stock\u00e9es dans un environnement sec, propre et bien ventil\u00e9 avec une temp\u00e9rature et une humidit\u00e9 relativement stables, en \u00e9vitant le contact avec des substances corrosives, des m\u00e9taux actifs et des agents oxydants puissants, ainsi qu\u2019en \u00e9vitant les collisions physiques et les frottements, afin de garantir que la qualit\u00e9 de surface et les propri\u00e9t\u00e9s physico-chimiques ne sont pas affect\u00e9es.<\/p>\n","protected":false},"excerpt":{"rendered":"<p>La cible de pulv\u00e9risation cathodique <span style=\"color: #0000ff;\"><a style=\"color: #0000ff;\" href=\"https:\/\/vimaterial.de\/fr\/product\/metal-cuivre-6\/\">en cuivre m\u00e9tallique<\/a><\/span> est un mat\u00e9riau fabriqu\u00e9 \u00e0 partir de cuivre m\u00e9tallique de haute puret\u00e9 utilis\u00e9 dans la technologie de d\u00e9p\u00f4t physique en phase vapeur (PVD), o\u00f9 les atomes de cuivre sont pulv\u00e9ris\u00e9s par bombardement ionique dans un environnement sous vide et d\u00e9pos\u00e9s \u00e0 la surface d\u2019un substrat, fournissant des films de cuivre de haute qualit\u00e9 pour l\u2019\u00e9lectronique, les semi-conducteurs et de nombreux autres domaines.<\/p>\n<p>&nbsp;<\/p>\n","protected":false},"featured_media":1002920,"comment_status":"open","ping_status":"closed","template":"","meta":{"_acf_changed":false},"product_brand":[],"product_cat":[235],"product_tag":[],"class_list":{"0":"post-1015331","1":"product","2":"type-product","3":"status-publish","4":"has-post-thumbnail","6":"product_cat-cibles-de-pulverisation-planaire","8":"first","9":"instock","10":"shipping-taxable","11":"purchasable","12":"product-type-variable"},"acf":[],"_links":{"self":[{"href":"https:\/\/vimaterial.de\/fr\/wp-json\/wp\/v2\/product\/1015331","targetHints":{"allow":["GET"]}}],"collection":[{"href":"https:\/\/vimaterial.de\/fr\/wp-json\/wp\/v2\/product"}],"about":[{"href":"https:\/\/vimaterial.de\/fr\/wp-json\/wp\/v2\/types\/product"}],"replies":[{"embeddable":true,"href":"https:\/\/vimaterial.de\/fr\/wp-json\/wp\/v2\/comments?post=1015331"}],"wp:featuredmedia":[{"embeddable":true,"href":"https:\/\/vimaterial.de\/fr\/wp-json\/wp\/v2\/media\/1002920"}],"wp:attachment":[{"href":"https:\/\/vimaterial.de\/fr\/wp-json\/wp\/v2\/media?parent=1015331"}],"wp:term":[{"taxonomy":"product_brand","embeddable":true,"href":"https:\/\/vimaterial.de\/fr\/wp-json\/wp\/v2\/product_brand?post=1015331"},{"taxonomy":"product_cat","embeddable":true,"href":"https:\/\/vimaterial.de\/fr\/wp-json\/wp\/v2\/product_cat?post=1015331"},{"taxonomy":"product_tag","embeddable":true,"href":"https:\/\/vimaterial.de\/fr\/wp-json\/wp\/v2\/product_tag?post=1015331"}],"curies":[{"name":"wp","href":"https:\/\/api.w.org\/{rel}","templated":true}]}}