{"id":1015214,"date":"2024-06-17T14:56:24","date_gmt":"2024-06-17T06:56:24","guid":{"rendered":"https:\/\/vimaterial.de\/product\/oxyde-de-cuivre-i-3\/"},"modified":"2025-04-14T15:50:37","modified_gmt":"2025-04-14T07:50:37","slug":"oxyde-de-cuivre-i-3","status":"publish","type":"product","link":"https:\/\/vimaterial.de\/fr\/product\/oxyde-de-cuivre-i-3\/","title":{"rendered":"Oxyde cuivreux (I)"},"content":{"rendered":"<p><span style=\"color: #0000ff;\"><a style=\"color: #0000ff;\" href=\"https:\/\/vimaterial.de\/fr\/product\/oxyde-de-cuivre-i\/\">Les poudres d\u2019oxyde cuivreux (I)<\/a><\/span> sont de couleur rouge ou rouge fonc\u00e9, insolubles dans l\u2019eau, chimiquement stables, semi-conductrices et ont des applications importantes dans le photovolta\u00efque, la catalyse, les rev\u00eatements antisalissure et de nombreux autres domaines.<\/p>\n<p>Nous fournissons une large gamme de poudres d\u2019oxyde cuivreux (I) \u00e0 haute puret\u00e9, \u00e0 faible teneur en impuret\u00e9s, \u00e0 taille de particules fines, \u00e0 distribution granulom\u00e9trique contr\u00f4l\u00e9e et \u00e0 bas prix. Les poudres d\u2019oxyde cuivreuses (I) sont disponibles en stock avec un petit MOQ et un bon service apr\u00e8s-vente. Nous avons une \u00e9quipe professionnelle de recherche et d\u00e9veloppement technique, vous pouvez<span style=\"color: #0000ff;\"><a style=\"color: #0000ff;\" href=\"https:\/\/vimaterial.de\/fr\/contact\/\"> nous contacter<\/a><\/span> si vous avez des questions.<\/p>\n<h2><span style=\"font-size: 14pt;\">Propri\u00e9t\u00e9s physiques<\/span><\/h2>\n<p>Formule mol\u00e9culaire : Cu\u2082O<\/p>\n<p>Poids mol\u00e9culaire : 143,09 g\/mol<\/p>\n<p>Apparence\u00a0: solide rouge brun\u00e2tre.<\/p>\n<p>Densit\u00e9 : 6,0 g\/cm\u00b3.<\/p>\n<p>Point de fusion : 1232\u00b0C<\/p>\n<p>Point d\u2019\u00e9bullition : 1800\u00b0C<\/p>\n<p>Structure cristalline\u00a0: Syst\u00e8me cristallin cubique, appartient \u00e0 la structure de type h\u00e9matite, il y a un ligand en forme d\u2019halt\u00e8re (Cu-O\u2082)\u00b3- et un ligand t\u00e9tra\u00e9drique (O-Cu\u2084)\u00b3\u207a dans les cristaux, et les quatre coins apicaux du t\u00e9tra\u00e8dre sont associ\u00e9s \u00e0 l\u2019oxyg\u00e8ne, constituant un anion complexe (Cu) \u00e0 structure cubique. \u2084O\u2085)\u2076-, le cube \u00e9tant l\u2019\u00e9quivalent d\u2019une cellule de cristal.<\/p>\n<h2><span style=\"font-size: 14pt;\">Applications<\/span><\/h2>\n<p>Champ photovolta\u00efque\u00a0: Il peut \u00eatre utilis\u00e9 pour pr\u00e9parer la couche d\u2019absorption de lumi\u00e8re des cellules solaires, et sa largeur de bande interdite appropri\u00e9e peut absorber efficacement la lumi\u00e8re du soleil, favoriser le processus de conversion photo\u00e9lectrique et am\u00e9liorer l\u2019efficacit\u00e9 de la cellule.<\/p>\n<p>Catalyse\u00a0: Dans les r\u00e9actions catalytiques, telles que certaines r\u00e9actions d\u2019oxydation en synth\u00e8se organique, en tant que catalyseur, il peut r\u00e9duire l\u2019\u00e9nergie d\u2019activation de la r\u00e9action, acc\u00e9l\u00e9rer le processus de r\u00e9action et am\u00e9liorer la s\u00e9lectivit\u00e9 de la r\u00e9action.<\/p>\n<p>Rev\u00eatements antisalissure : Lorsqu\u2019il est ajout\u00e9 aux rev\u00eatements antisalissure pour les navires, il lib\u00e8re lentement des ions de cuivre, inhibe l\u2019adh\u00e9rence des organismes marins, prolonge la dur\u00e9e de vie des navires et r\u00e9duit les co\u00fbts de maintenance.<\/p>\n<p>Fabrication du verre : Il peut \u00eatre utilis\u00e9 dans la production de verre color\u00e9 pour donner une teinte rouge\u00e2tre au verre, et ses propri\u00e9t\u00e9s semi-conductrices ont une application potentielle dans le d\u00e9veloppement de certains verres fonctionnels sp\u00e9ciaux pour moduler les propri\u00e9t\u00e9s optiques et \u00e9lectriques du verre.<\/p>\n<h2><span style=\"font-size: 14pt;\">Contr\u00f4le de la qualit\u00e9<\/span><\/h2>\n<p><span style=\"color: #0000ff;\"><a style=\"color: #0000ff;\" href=\"https:\/\/vimaterial.de\/fr\/controle-qualite\/\">Chaque lot<\/a><\/span> de produits met en \u0153uvre le syst\u00e8me de contr\u00f4le de qualit\u00e9 le plus strict, nous avons compl\u00e9t\u00e9 les registres des produits, la tra\u00e7abilit\u00e9 des produits avec une assurance qualit\u00e9 stricte. Nous avons un processus complet pour la manipulation des produits non conformes, et nous ne transmettrons pas les produits non conformes au processus suivant. Nous fournissons des \u00e9chantillons pour la r\u00e9inspection des clients et nous soutenons \u00e9galement les organismes d\u2019inspection tiers d\u00e9sign\u00e9s par les clients.<\/p>\n<h2><span style=\"font-size: 14pt;\">Emballage et stockage<\/span><\/h2>\n<p>Les poudres d\u2019oxyde cuivreuses (I) sont emball\u00e9es dans des sacs \u00e0 double vide ou des bouteilles \u00e0 double vide avec des cartons ext\u00e9rieurs. L\u2019unit\u00e9 d\u2019emballage minimale est de 100 g\/bouteille.<\/p>\n<p>(I) Les poudres d\u2019oxyde doivent \u00eatre stock\u00e9es dans un environnement sec, frais et bien ventil\u00e9, \u00e0 l\u2019abri de la lumi\u00e8re, scell\u00e9es, en \u00e9vitant tout contact avec des acides, des alcalis et des substances oxydantes, et \u00e0 l\u2019\u00e9cart des sources d\u2019inflammation et de chaleur, afin d\u2019\u00e9viter toute d\u00e9t\u00e9rioration due \u00e0 l\u2019humidit\u00e9, \u00e0 l\u2019oxydation ou \u00e0 une r\u00e9action chimique.<\/p>\n","protected":false},"excerpt":{"rendered":"<p><span style=\"color: #0000ff;\"><a style=\"color: #0000ff;\" href=\"https:\/\/vimaterial.de\/en\/product\/cuprous-i-oxide-3\/\">Les poudres d\u2019oxyde cuivreuses (I)<\/a><\/span> sont de couleur rouge ou rouge fonc\u00e9, insolubles dans l\u2019eau, chimiquement stables, semi-conductrices et ont des applications importantes dans le photovolta\u00efque, la catalyse, les rev\u00eatements antisalissure et de nombreux autres domaines.<\/p>\n<p>Nous fournissons une large gamme de poudres d\u2019oxyde cuivreux (I) \u00e0 haute puret\u00e9, \u00e0 faible teneur en impuret\u00e9s, \u00e0 taille de particules fines, \u00e0 distribution granulom\u00e9trique contr\u00f4l\u00e9e et \u00e0 bas prix. Les poudres d\u2019oxyde cuivreuses (I) sont disponibles en stock avec un petit MOQ et un bon service apr\u00e8s-vente. Nous avons une \u00e9quipe professionnelle de recherche et d\u00e9veloppement technique, vous pouvez<span style=\"color: #0000ff;\"><a style=\"color: #0000ff;\" href=\"https:\/\/vimaterial.de\/en\/contact-us\/\"> nous contacter<\/a><\/span> si vous avez des questions.<\/p>\n","protected":false},"featured_media":1002962,"comment_status":"open","ping_status":"closed","template":"","meta":{"_acf_changed":false},"product_brand":[],"product_cat":[243],"product_tag":[],"class_list":{"0":"post-1015214","1":"product","2":"type-product","3":"status-publish","4":"has-post-thumbnail","6":"product_cat-materiaux-oxydes-hydroxydes","8":"first","9":"instock","10":"shipping-taxable","11":"purchasable","12":"product-type-variable"},"acf":[],"_links":{"self":[{"href":"https:\/\/vimaterial.de\/fr\/wp-json\/wp\/v2\/product\/1015214","targetHints":{"allow":["GET"]}}],"collection":[{"href":"https:\/\/vimaterial.de\/fr\/wp-json\/wp\/v2\/product"}],"about":[{"href":"https:\/\/vimaterial.de\/fr\/wp-json\/wp\/v2\/types\/product"}],"replies":[{"embeddable":true,"href":"https:\/\/vimaterial.de\/fr\/wp-json\/wp\/v2\/comments?post=1015214"}],"wp:featuredmedia":[{"embeddable":true,"href":"https:\/\/vimaterial.de\/fr\/wp-json\/wp\/v2\/media\/1002962"}],"wp:attachment":[{"href":"https:\/\/vimaterial.de\/fr\/wp-json\/wp\/v2\/media?parent=1015214"}],"wp:term":[{"taxonomy":"product_brand","embeddable":true,"href":"https:\/\/vimaterial.de\/fr\/wp-json\/wp\/v2\/product_brand?post=1015214"},{"taxonomy":"product_cat","embeddable":true,"href":"https:\/\/vimaterial.de\/fr\/wp-json\/wp\/v2\/product_cat?post=1015214"},{"taxonomy":"product_tag","embeddable":true,"href":"https:\/\/vimaterial.de\/fr\/wp-json\/wp\/v2\/product_tag?post=1015214"}],"curies":[{"name":"wp","href":"https:\/\/api.w.org\/{rel}","templated":true}]}}