{"id":1015206,"date":"2024-06-17T14:55:21","date_gmt":"2024-06-17T06:55:21","guid":{"rendered":"https:\/\/vimaterial.de\/product\/oxyde-de-cuivre-i-2\/"},"modified":"2025-04-14T16:23:22","modified_gmt":"2025-04-14T08:23:22","slug":"oxyde-de-cuivre-i-2","status":"publish","type":"product","link":"https:\/\/vimaterial.de\/fr\/product\/oxyde-de-cuivre-i-2\/","title":{"rendered":"Oxyde cuivreux (I)"},"content":{"rendered":"<p>Les granules <span style=\"color: #0000ff;\"><a style=\"color: #0000ff;\" href=\"https:\/\/vimaterial.de\/fr\/product\/oxyde-de-cuivre-i\/\">d\u2019oxyde cuivreux (I)<\/a><\/span> sont de couleur rouge ou rouge fonc\u00e9 et ont des propri\u00e9t\u00e9s semi-conductrices qui sont utiles dans de nombreux domaines tels que la conversion photo\u00e9lectrique et la catalyse.<\/p>\n<p>VIMATERIAL fournit des granul\u00e9s d\u2019oxyde de cuivre (I) de haute puret\u00e9 et de haute qualit\u00e9, nous fournissons des granul\u00e9s d\u2019oxyde de cuivre (I) de haute puret\u00e9, de bonne granularit\u00e9, de petit MOQ, de d\u00e9lai de livraison court et de prix bon march\u00e9. Nous soutenons la personnalisation des produits et la R &amp; D, veuillez <span style=\"color: #0000ff;\"><a style=\"color: #0000ff;\" href=\"https:\/\/vimaterial.de\/fr\/contact\/\">nous contacter.<\/a><\/span><\/p>\n<h2><span style=\"font-size: 14pt;\">Propri\u00e9t\u00e9s physiques<\/span><\/h2>\n<p>Formule mol\u00e9culaire : Cu\u2082O<\/p>\n<p>Poids mol\u00e9culaire : 143,09 g\/mol<\/p>\n<p>Aspect : g\u00e9n\u00e9ralement des particules rouge fonc\u00e9 ou brun fonc\u00e9<\/p>\n<p>Densit\u00e9 : 6,0 g\/cm\u00b3<\/p>\n<p>Point de fusion : 1232\u00b0C<\/p>\n<p>Point d\u2019\u00e9bullition : 1800\u00b0C, \u00e0 cette temp\u00e9rature, il se d\u00e9composera en cuivre m\u00e9tallique et lib\u00e9rera de l\u2019oxyg\u00e8ne.<\/p>\n<p>Structure cristalline : syst\u00e8me cristallin cubique, groupe d\u2019espace Pn3m, constante du r\u00e9seau a = 4,2696 \u00c5. Les atomes de cuivre sont dispos\u00e9s dans un sous-r\u00e9seau cubique centr\u00e9 sur la face, les atomes d\u2019oxyg\u00e8ne sont dispos\u00e9s dans un sous-r\u00e9seau cubique centr\u00e9 sur le corps, o\u00f9 un sous-r\u00e9seau est d\u00e9plac\u00e9 d\u2019un quart le long de la diagonale du corps par rapport \u00e0 l\u2019autre sous-r\u00e9seau.<\/p>\n<h2><span style=\"font-size: 14pt;\">Application<\/span><\/h2>\n<p>Champ photovolta\u00efque\u00a0: Il peut \u00eatre utilis\u00e9 comme couche absorbant la lumi\u00e8re dans les cellules solaires pour am\u00e9liorer l\u2019efficacit\u00e9 de la conversion photo\u00e9lectrique.<\/p>\n<p>Champ catalytique : Avec ses bonnes propri\u00e9t\u00e9s catalytiques, il peut \u00eatre utilis\u00e9 comme catalyseur pour une vari\u00e9t\u00e9 de r\u00e9actions chimiques afin d\u2019am\u00e9liorer l\u2019efficacit\u00e9 de la r\u00e9action.<\/p>\n<p>Domaine \u00e9lectronique : En raison de son excellente conductivit\u00e9, il convient \u00e0 la fabrication de composants \u00e9lectroniques, tels que les ballasts et les r\u00e9sistances.<\/p>\n<p>\u00c9nergie : Il peut \u00eatre ajout\u00e9 comme agent conducteur \u00e0 l\u2019\u00e9lectrode d\u2019hydrog\u00e8ne \u00e9tanche dans les piles \u00e0 combustible alcalines pour r\u00e9duire leur polarisation r\u00e9sistive.<\/p>\n<h2><span style=\"font-size: 14pt;\">Contr\u00f4le de la qualit\u00e9<\/span><\/h2>\n<p><span style=\"color: #0000ff;\"><a style=\"color: #0000ff;\" href=\"https:\/\/vimaterial.de\/fr\/controle-qualite\/\">Le syst\u00e8me de gestion de la qualit\u00e9 le plus strict<\/a><\/span> est mis en \u0153uvre pour chaque lot de produits, avec des enregistrements complets des mati\u00e8res premi\u00e8res aux produits finaux pour une tra\u00e7abilit\u00e9 facile des produits. Nous avons mis en place des mesures de s\u00e9gr\u00e9gation strictes pour la manipulation des produits non conformes afin de garantir qu\u2019aucun produit non conforme ne puisse \u00eatre laiss\u00e9 au processus suivant.<\/p>\n<h2><span style=\"font-size: 14pt;\">Emballage et stockage<\/span><\/h2>\n<p>Les granul\u00e9s d\u2019oxyde cuivreux (I) sont emball\u00e9s dans des sacs ou des bouteilles sous vide doubles.<\/p>\n<p>Les granules d\u2019oxyde cuivreux (I) doivent \u00eatre entrepos\u00e9s dans un environnement frais, sec et bien ventil\u00e9, \u00e0 l\u2019abri du feu, de la chaleur, de l\u2019eau et des agents oxydants puissants, et dans un contenant scell\u00e9 pour \u00e9viter toute d\u00e9t\u00e9rioration due \u00e0 l\u2019humidit\u00e9, \u00e0 l\u2019oxydation ou \u00e0 la r\u00e9action chimique avec d\u2019autres substances.<\/p>\n","protected":false},"excerpt":{"rendered":"<p>Les granules <span style=\"color: #0000ff;\"><a style=\"color: #0000ff;\" href=\"https:\/\/vimaterial.de\/fr\/product\/oxyde-de-cuivre-i\/\">d\u2019oxyde cuivreux (I)<\/a><\/span> sont de couleur rouge ou rouge fonc\u00e9 et ont des propri\u00e9t\u00e9s semi-conductrices qui sont utiles dans de nombreux domaines tels que la conversion photo\u00e9lectrique et la catalyse.<\/p>\n<p>VIMATERIAL fournit des granul\u00e9s d\u2019oxyde de cuivre (I) de haute puret\u00e9 et de haute qualit\u00e9, nous fournissons des granul\u00e9s d\u2019oxyde de cuivre (I) de haute puret\u00e9, de bonne granularit\u00e9, de petit MOQ, de d\u00e9lai de livraison court et de prix bon march\u00e9. Nous soutenons la personnalisation des produits et la R &amp; D, veuillez <span style=\"color: #0000ff;\"><a style=\"color: #0000ff;\" href=\"https:\/\/vimaterial.de\/fr\/contact\/\">nous contacter.<\/a><\/span><\/p>\n<p>&nbsp;<\/p>\n","protected":false},"featured_media":1002955,"comment_status":"open","ping_status":"closed","template":"","meta":{"_acf_changed":false},"product_brand":[],"product_cat":[236],"product_tag":[],"class_list":{"0":"post-1015206","1":"product","2":"type-product","3":"status-publish","4":"has-post-thumbnail","6":"product_cat-materiaux-devaporation","8":"first","9":"instock","10":"shipping-taxable","11":"product-type-variable"},"acf":[],"_links":{"self":[{"href":"https:\/\/vimaterial.de\/fr\/wp-json\/wp\/v2\/product\/1015206","targetHints":{"allow":["GET"]}}],"collection":[{"href":"https:\/\/vimaterial.de\/fr\/wp-json\/wp\/v2\/product"}],"about":[{"href":"https:\/\/vimaterial.de\/fr\/wp-json\/wp\/v2\/types\/product"}],"replies":[{"embeddable":true,"href":"https:\/\/vimaterial.de\/fr\/wp-json\/wp\/v2\/comments?post=1015206"}],"wp:featuredmedia":[{"embeddable":true,"href":"https:\/\/vimaterial.de\/fr\/wp-json\/wp\/v2\/media\/1002955"}],"wp:attachment":[{"href":"https:\/\/vimaterial.de\/fr\/wp-json\/wp\/v2\/media?parent=1015206"}],"wp:term":[{"taxonomy":"product_brand","embeddable":true,"href":"https:\/\/vimaterial.de\/fr\/wp-json\/wp\/v2\/product_brand?post=1015206"},{"taxonomy":"product_cat","embeddable":true,"href":"https:\/\/vimaterial.de\/fr\/wp-json\/wp\/v2\/product_cat?post=1015206"},{"taxonomy":"product_tag","embeddable":true,"href":"https:\/\/vimaterial.de\/fr\/wp-json\/wp\/v2\/product_tag?post=1015206"}],"curies":[{"name":"wp","href":"https:\/\/api.w.org\/{rel}","templated":true}]}}