{"id":1015184,"date":"2024-06-17T14:41:35","date_gmt":"2024-06-17T06:41:35","guid":{"rendered":"https:\/\/vimaterial.de\/product\/bromure-de-fer\/"},"modified":"2025-04-17T09:10:16","modified_gmt":"2025-04-17T01:10:16","slug":"bromure-de-fer","status":"publish","type":"product","link":"https:\/\/vimaterial.de\/fr\/product\/bromure-de-fer\/","title":{"rendered":"Bromure de fer"},"content":{"rendered":"<p>La poudre de bromure de fer est une poudre de compos\u00e9 inorganique jaune brun\u00e2tre \u00e0 brun fonc\u00e9 compos\u00e9e d\u2019ions fer et de bromure, qui est facilement d\u00e9liquescente et soluble dans l\u2019eau, et joue un r\u00f4le dans des domaines tels que les r\u00e9actions catalytiques dans la synth\u00e8se organique.<\/p>\n<p>VIAMTERIAL fournit de la poudre de bromure de fer, notre poudre pr\u00e9sente les caract\u00e9ristiques d\u2019une grande puret\u00e9, d\u2019une taille de particule uniforme, de propri\u00e9t\u00e9s chimiques stables, etc. Nous prenons \u00e9galement en charge l\u2019emballage et la commande de petits lots. Nous avons une \u00e9quipe technique professionnelle de recherche et d\u00e9veloppement, acceptons la personnalisation et l\u2019exp\u00e9rimentation du produit, veuillez <span style=\"color: #0000ff;\"><a style=\"color: #0000ff;\" href=\"https:\/\/vimaterial.de\/en\/contact-us\/\">nous contacter.<\/a><\/span>  <\/p>\n<h2><span style=\"font-size: 14pt;\">Propri\u00e9t\u00e9s physiques<\/span><\/h2>\n<p>Formule mol\u00e9culaire : FeBr\u2082<\/p>\n<p>Poids mol\u00e9culaire : 215,65<\/p>\n<p>Aspect : poudre jaune clair \u00e0 gris clair<\/p>\n<p>Densit\u00e9 : environ 4,63 g\/cm\u00b3.<\/p>\n<p>Point de fusion : environ 684\u00b0C<\/p>\n<p>Point d\u2019\u00e9bullition : environ 934\u00b0C<\/p>\n<p>Structure cristalline : syst\u00e8me cristallin monoclinique<\/p>\n<h2><span style=\"font-size: 14pt;\">Applications<\/span><\/h2>\n<p>Synth\u00e8se organique : En tant que catalyseur important, il participe \u00e0 de nombreuses r\u00e9actions organiques, par exemple, \u00e0 la r\u00e9action de bromation de certains hydrocarbures aromatiques, il peut favoriser la substitution s\u00e9lective d\u2019atomes de brome par des atomes d\u2019hydrog\u00e8ne sur le cycle aromatique, favoriser efficacement le regroupement fonctionnel des compos\u00e9s organiques, et synth\u00e9tiser divers types de bromures organiques avec des structures et des fonctions sp\u00e9cifiques,  fournissant des interm\u00e9diaires cl\u00e9s pour la pr\u00e9paration de produits chimiques fins tels que des m\u00e9dicaments et des mat\u00e9riaux.<\/p>\n<p>Domaine pharmaceutique&nbsp;: Il peut \u00eatre utilis\u00e9 comme mati\u00e8re premi\u00e8re cl\u00e9 ou interm\u00e9diaire de r\u00e9action dans certaines voies de synth\u00e8se de m\u00e9dicaments, et l\u2019ion ferreux et l\u2019ion brome qu\u2019il contient peuvent participer \u00e0 la formation et au processus de rupture de liaisons chimiques sp\u00e9cifiques, et favoriser la construction des ingr\u00e9dients actifs des m\u00e9dicaments gr\u00e2ce au contr\u00f4le pr\u00e9cis des conditions de r\u00e9action,  fournir une base mat\u00e9rielle pour la recherche, le d\u00e9veloppement et la production de nouveaux types de m\u00e9dicaments, et contribuer \u00e0 l\u2019innovation et au d\u00e9veloppement de l\u2019industrie pharmaceutique.<\/p>\n<h2><span style=\"font-size: 14pt;\">Contr\u00f4le de la qualit\u00e9<\/span><\/h2>\n<p><span style=\"color: #0000ff;\"><a style=\"color: #0000ff;\" href=\"https:\/\/vimaterial.de\/en\/quality-control\/\">Le contr\u00f4le de la qualit\u00e9<\/a><\/span> de chaque lot de produits est effectu\u00e9 tout au long du processus d\u2019approvisionnement en mati\u00e8res premi\u00e8res, de production et de traitement, de test et d\u2019inspection, et d\u2019emballage, en suivant strictement les normes internationales et les normes industrielles. Nous disposons d\u2019un \u00e9quipement de test avanc\u00e9, d\u2019une \u00e9quipe de contr\u00f4le qualit\u00e9 professionnelle et d\u2019un syst\u00e8me de contr\u00f4le de qualit\u00e9 strict pour garantir la qualit\u00e9 du produit. <\/p>\n<h2><span style=\"font-size: 14pt;\">Emballage et stockage<\/span><\/h2>\n<p>La poudre de bromure de fer est emball\u00e9e dans un sac sous vide \u00e0 double couche ou une bouteille sous vide \u00e0 double couche, et l\u2019emballage ext\u00e9rieur est emball\u00e9 dans du carton.<\/p>\n<p>La poudre de bromure de fer doit \u00eatre stock\u00e9e dans un environnement sec, frais et bien ventil\u00e9, \u00e0 l\u2019abri du feu, de la chaleur et de l\u2019eau, et stock\u00e9e s\u00e9par\u00e9ment des agents oxydants puissants, des alcalis et d\u2019autres substances incompatibles pour \u00e9viter la d\u00e9liquescence, la d\u00e9t\u00e9rioration et la r\u00e9action chimique.<\/p>\n","protected":false},"excerpt":{"rendered":"<p>La poudre de bromure de fer est une poudre de compos\u00e9 inorganique jaune brun\u00e2tre \u00e0 brun fonc\u00e9 compos\u00e9e d\u2019ions fer et de bromure, qui est facilement d\u00e9liquescente et soluble dans l\u2019eau, et joue un r\u00f4le dans des domaines tels que les r\u00e9actions catalytiques dans la synth\u00e8se organique.<\/p>\n","protected":false},"featured_media":1001868,"comment_status":"open","ping_status":"closed","template":"","meta":{"_acf_changed":false},"product_brand":[],"product_cat":[239],"product_tag":[],"class_list":{"0":"post-1015184","1":"product","2":"type-product","3":"status-publish","4":"has-post-thumbnail","6":"product_cat-materiaux-halogenes","8":"first","9":"instock","10":"shipping-taxable","11":"purchasable","12":"product-type-variable"},"acf":[],"_links":{"self":[{"href":"https:\/\/vimaterial.de\/fr\/wp-json\/wp\/v2\/product\/1015184","targetHints":{"allow":["GET"]}}],"collection":[{"href":"https:\/\/vimaterial.de\/fr\/wp-json\/wp\/v2\/product"}],"about":[{"href":"https:\/\/vimaterial.de\/fr\/wp-json\/wp\/v2\/types\/product"}],"replies":[{"embeddable":true,"href":"https:\/\/vimaterial.de\/fr\/wp-json\/wp\/v2\/comments?post=1015184"}],"wp:featuredmedia":[{"embeddable":true,"href":"https:\/\/vimaterial.de\/fr\/wp-json\/wp\/v2\/media\/1001868"}],"wp:attachment":[{"href":"https:\/\/vimaterial.de\/fr\/wp-json\/wp\/v2\/media?parent=1015184"}],"wp:term":[{"taxonomy":"product_brand","embeddable":true,"href":"https:\/\/vimaterial.de\/fr\/wp-json\/wp\/v2\/product_brand?post=1015184"},{"taxonomy":"product_cat","embeddable":true,"href":"https:\/\/vimaterial.de\/fr\/wp-json\/wp\/v2\/product_cat?post=1015184"},{"taxonomy":"product_tag","embeddable":true,"href":"https:\/\/vimaterial.de\/fr\/wp-json\/wp\/v2\/product_tag?post=1015184"}],"curies":[{"name":"wp","href":"https:\/\/api.w.org\/{rel}","templated":true}]}}