{"id":1015178,"date":"2024-06-17T14:41:35","date_gmt":"2024-06-17T06:41:35","guid":{"rendered":"https:\/\/vimaterial.de\/product\/borure-de-fer-4\/"},"modified":"2025-04-17T09:11:56","modified_gmt":"2025-04-17T01:11:56","slug":"borure-de-fer-4","status":"publish","type":"product","link":"https:\/\/vimaterial.de\/fr\/product\/borure-de-fer-4\/","title":{"rendered":"Borure de fer"},"content":{"rendered":"<p>La cible de pulv\u00e9risation cathodique <span style=\"color: #0000ff;\"><a style=\"color: #0000ff;\" href=\"https:\/\/vimaterial.de\/en\/product\/iron-boride-3\/\">Iron Boride<\/a> <\/span>est un mat\u00e9riau principalement compos\u00e9 de fer et de bore, il a une duret\u00e9 \u00e9lev\u00e9e, une bonne r\u00e9sistance \u00e0 l\u2019usure et une stabilit\u00e9 chimique, dans le processus de pulv\u00e9risation peut \u00eatre une composition de borure de fer d\u00e9pos\u00e9e sur le substrat pour former un film mince avec des propri\u00e9t\u00e9s sp\u00e9ciales, qui peut \u00eatre utilis\u00e9 dans de nombreux domaines tels que l\u2019\u00e9lectronique, la protection m\u00e9canique, etc.<\/p>\n<p>VIMATERIAL propose des cibles de pulv\u00e9risation Iron Boride. Nos cibles de pulv\u00e9risation Iron Boride se caract\u00e9risent par une grande puret\u00e9, une haute densit\u00e9, une bonne structure cristalline, d\u2019excellentes propri\u00e9t\u00e9s de couche mince, une grande pr\u00e9cision dimensionnelle et une stabilit\u00e9 de pulv\u00e9risation. Et nous pouvons \u00e9galement fournir un service de reliure, nous acceptons votre personnalisation et votre exp\u00e9rience, veuillez <span style=\"color: #0000ff;\"><a style=\"color: #0000ff;\" href=\"https:\/\/vimaterial.de\/en\/contact-us\/\">nous contacter<\/a><\/span>&nbsp;!  <\/p>\n<h2><span style=\"font-size: 14pt;\">Propri\u00e9t\u00e9s physiques<\/span><\/h2>\n<p>Formule mol\u00e9culaire : FeB<\/p>\n<p>Poids mol\u00e9culaire : environ 66,7<\/p>\n<p>Apparence : Cible g\u00e9n\u00e9ralement grise \u00e0 noire avec un \u00e9clat m\u00e9tallique.<\/p>\n<p>Densit\u00e9 : environ 7,15 g\/cm\u00b3.<\/p>\n<p>Point de fusion : environ 1652\u00b0C<\/p>\n<p>Structure cristalline : syst\u00e8me cristallin orthorhombique<\/p>\n<h2><span style=\"font-size: 14pt;\">Applications<\/span><\/h2>\n<p>\u00c9lectronique : Utilis\u00e9 dans la fabrication de films magn\u00e9tiques dans les appareils \u00e9lectroniques pour am\u00e9liorer les propri\u00e9t\u00e9s \u00e9lectromagn\u00e9tiques des composants \u00e9lectroniques et r\u00e9pondre aux besoins des dispositifs \u00e9lectroniques miniaturis\u00e9s et performants.<\/p>\n<p>Domaine de traitement de surface m\u00e9tallique&nbsp;: appliqu\u00e9 \u00e0 la surface m\u00e9tallique comme mat\u00e9riau de rev\u00eatement pour am\u00e9liorer la duret\u00e9 et la r\u00e9sistance \u00e0 l\u2019usure du m\u00e9tal et prolonger sa dur\u00e9e de vie, comme dans l\u2019application d\u2019outils de coupe et de moules.<\/p>\n<p>Nouveau champ d\u2019\u00e9nergie : il peut \u00eatre utilis\u00e9 pour pr\u00e9parer la couche protectrice des mat\u00e9riaux d\u2019\u00e9lectrode de batterie ou des composants connexes, am\u00e9liorer la stabilit\u00e9 et la durabilit\u00e9 de la batterie et aider au d\u00e9veloppement de l\u2019industrie de la nouvelle \u00e9nergie.<\/p>\n<h2><span style=\"font-size: 14pt;\">Contr\u00f4le de la qualit\u00e9<\/span><\/h2>\n<p><span style=\"color: #0000ff;\"><a style=\"color: #0000ff;\" href=\"https:\/\/vimaterial.de\/en\/quality-control\/\">Le contr\u00f4le de la qualit\u00e9<\/a><\/span> de nos produits est tr\u00e8s strict, de la s\u00e9lection de mati\u00e8res premi\u00e8res de haute puret\u00e9 et stables, \u00e0 l\u2019utilisation d\u2019\u00e9quipements de pr\u00e9cision avanc\u00e9s et d\u2019une technologie rigoureuse pour contr\u00f4ler avec pr\u00e9cision l\u2019ensemble du processus de production, \u00e0 l\u2019utilisation de m\u00e9thodes d\u2019essai professionnelles sur les propri\u00e9t\u00e9s physiques, chimiques, microstructurelles et autres du produit de la gamme compl\u00e8te d\u2019essais approfondis,  Chaque maillon est strictement suivi des normes internationales \u00e9lev\u00e9es, afin de garantir que chaque lot de mat\u00e9riaux livr\u00e9 avec une excellente qualit\u00e9 et stabilit\u00e9, afin de fournir aux clients une assurance qualit\u00e9 solide et fiable. Nous nous engageons \u00e0 ce que chaque lot de mat\u00e9riaux livr\u00e9s ait une excellente qualit\u00e9 et stabilit\u00e9, offrant ainsi aux clients une assurance qualit\u00e9 solide et fiable. <\/p>\n<h2><span style=\"font-size: 14pt;\">Emballage et stockage<\/span><\/h2>\n<p>Les cibles de pulv\u00e9risation Iron Boride sont emball\u00e9es dans des sacs et des bo\u00eetes sous vide \u00e0 double couche, et l\u2019ext\u00e9rieur est emball\u00e9 dans des cartons.<\/p>\n<p>Les cibles de pulv\u00e9risation cathodique Iron Boride doivent \u00eatre stock\u00e9es dans un environnement sec et bien ventil\u00e9 avec une temp\u00e9rature stable, en \u00e9vitant l\u2019humidit\u00e9 et le contact avec des produits chimiques corrosifs tels que les acides et les alcalis, ainsi qu\u2019en \u00e9vitant les collisions violentes et la lumi\u00e8re directe du soleil, afin de maintenir sa stabilit\u00e9 chimique et son int\u00e9grit\u00e9 physique, et de s\u2019assurer que ses performances ne sont pas alt\u00e9r\u00e9es.<\/p>\n","protected":false},"excerpt":{"rendered":"<p>La cible de pulv\u00e9risation cathodique <span style=\"color: #0000ff;\"><a style=\"color: #0000ff;\" href=\"https:\/\/vimaterial.de\/en\/product\/iron-boride-3\/\">Iron Boride<\/a> <\/span>est un mat\u00e9riau principalement compos\u00e9 de fer et de bore, il a une duret\u00e9 \u00e9lev\u00e9e, une bonne r\u00e9sistance \u00e0 l\u2019usure et une stabilit\u00e9 chimique, dans le processus de pulv\u00e9risation peut \u00eatre une composition de borure de fer d\u00e9pos\u00e9e sur le substrat pour former un film mince avec des propri\u00e9t\u00e9s sp\u00e9ciales, qui peut \u00eatre utilis\u00e9 dans de nombreux domaines tels que l\u2019\u00e9lectronique, la protection m\u00e9canique, etc.<\/p>\n","protected":false},"featured_media":1001857,"comment_status":"open","ping_status":"closed","template":"","meta":{"_acf_changed":false},"product_brand":[],"product_cat":[235],"product_tag":[],"class_list":{"0":"post-1015178","1":"product","2":"type-product","3":"status-publish","4":"has-post-thumbnail","6":"product_cat-cibles-de-pulverisation-planaire","8":"first","9":"instock","10":"shipping-taxable","11":"product-type-variable"},"acf":[],"_links":{"self":[{"href":"https:\/\/vimaterial.de\/fr\/wp-json\/wp\/v2\/product\/1015178","targetHints":{"allow":["GET"]}}],"collection":[{"href":"https:\/\/vimaterial.de\/fr\/wp-json\/wp\/v2\/product"}],"about":[{"href":"https:\/\/vimaterial.de\/fr\/wp-json\/wp\/v2\/types\/product"}],"replies":[{"embeddable":true,"href":"https:\/\/vimaterial.de\/fr\/wp-json\/wp\/v2\/comments?post=1015178"}],"wp:featuredmedia":[{"embeddable":true,"href":"https:\/\/vimaterial.de\/fr\/wp-json\/wp\/v2\/media\/1001857"}],"wp:attachment":[{"href":"https:\/\/vimaterial.de\/fr\/wp-json\/wp\/v2\/media?parent=1015178"}],"wp:term":[{"taxonomy":"product_brand","embeddable":true,"href":"https:\/\/vimaterial.de\/fr\/wp-json\/wp\/v2\/product_brand?post=1015178"},{"taxonomy":"product_cat","embeddable":true,"href":"https:\/\/vimaterial.de\/fr\/wp-json\/wp\/v2\/product_cat?post=1015178"},{"taxonomy":"product_tag","embeddable":true,"href":"https:\/\/vimaterial.de\/fr\/wp-json\/wp\/v2\/product_tag?post=1015178"}],"curies":[{"name":"wp","href":"https:\/\/api.w.org\/{rel}","templated":true}]}}