{"id":1015169,"date":"2024-06-17T14:41:59","date_gmt":"2024-06-17T06:41:59","guid":{"rendered":"https:\/\/vimaterial.de\/product\/chlorure-de-fer-dihydrate\/"},"modified":"2025-04-17T09:06:23","modified_gmt":"2025-04-17T01:06:23","slug":"chlorure-de-fer-dihydrate","status":"publish","type":"product","link":"https:\/\/vimaterial.de\/fr\/product\/chlorure-de-fer-dihydrate\/","title":{"rendered":"Chlorure de fer dihydrat\u00e9"},"content":{"rendered":"<p>La poudre de chlorure de fer dihydrat\u00e9e est un compos\u00e9 inorganique sous forme de cristaux jaune-brun, facilement soluble dans l\u2019eau, qui joue un r\u00f4le dans de nombreux domaines tels que l\u2019industrie chimique, le traitement de l\u2019eau, etc. Par exemple, il peut \u00eatre utilis\u00e9 comme agent de gravure dans la production de cartes de circuits imprim\u00e9s. <\/p>\n<p>VIAMTERIAL fournit de la poudre de chlorure de fer dihydrat\u00e9e, notre poudre pr\u00e9sente les caract\u00e9ristiques d\u2019une grande puret\u00e9, d\u2019une taille de particule uniforme, de propri\u00e9t\u00e9s chimiques stables, etc. Nous prenons \u00e9galement en charge l\u2019emballage et la commande de petits lots. Nous avons une \u00e9quipe technique professionnelle de recherche et d\u00e9veloppement, acceptons la personnalisation et l\u2019exp\u00e9rimentation du produit, veuillez <span style=\"color: #0000ff;\"><a style=\"color: #0000ff;\" href=\"https:\/\/vimaterial.de\/en\/contact-us\/\">nous contacter.<\/a><\/span>  <\/p>\n<h2><span style=\"font-size: 14pt;\">Propri\u00e9t\u00e9s physiques<\/span><\/h2>\n<p>Formule mol\u00e9culaire : FeCl2\u20222H2O<\/p>\n<p>Poids mol\u00e9culaire : 198,5<\/p>\n<p>Apparence&nbsp;: poudre cristalline brun jaun\u00e2tre<\/p>\n<p>Densit\u00e9 : environ 2,8 g\/cm3<\/p>\n<p>Point de fusion : 670 &#8211; 674\u00b0C (apr\u00e8s perte d\u2019eau de cristallisation)<\/p>\n<p>Point d\u2019\u00e9bullition : chlorure ferrique anhydre env. 319\u00b0C (d\u00e9composition) <\/p>\n<p>Structure cristalline : Syst\u00e8me cristallin hexagonal<\/p>\n<h2><span style=\"font-size: 14pt;\">Applications<\/span><\/h2>\n<p>Domaine de traitement des eaux us\u00e9es : utilis\u00e9 pour \u00e9liminer les mati\u00e8res en suspension et les ions de m\u00e9taux lourds dans les eaux us\u00e9es, le collo\u00efde d\u2019hydroxyde de fer form\u00e9 par hydrolyse peut adsorber et floculer les impuret\u00e9s pour purifier l\u2019eau.<\/p>\n<p>Dans le domaine de l\u2019industrie \u00e9lectronique : en tant que graveur, il est utilis\u00e9 dans le processus de fabrication des cartes de circuits imprim\u00e9s pour corroder avec pr\u00e9cision les feuilles de cuivre ind\u00e9sirables afin de former un mod\u00e8le de circuit sp\u00e9cifique et de garantir la connexion normale et la r\u00e9alisation fonctionnelle des composants \u00e9lectroniques.<\/p>\n<p>Industrie de l\u2019impression et de la teinture : Utilis\u00e9 comme mordant, il peut aider les colorants \u00e0 mieux adh\u00e9rer aux fibres du tissu, \u00e0 am\u00e9liorer la r\u00e9sistance \u00e0 la teinture et la vivacit\u00e9 des couleurs, \u00e0 r\u00e9pondre aux besoins d\u2019impression et de teinture de diff\u00e9rents tissus et \u00e0 am\u00e9liorer la qualit\u00e9 des produits imprim\u00e9s et teints.<\/p>\n<p>Industrie pharmaceutique : Il peut participer \u00e0 la r\u00e9action catalytique dans le processus de synth\u00e8se de certains m\u00e9dicaments, favoriser la formation ou la rupture de liaisons chimiques sp\u00e9cifiques, aider \u00e0 la pr\u00e9paration des ingr\u00e9dients actifs des m\u00e9dicaments et promouvoir le processus de recherche, de d\u00e9veloppement et de production de m\u00e9dicaments.<\/p>\n<h2><span style=\"font-size: 14pt;\">Contr\u00f4le de la qualit\u00e9<\/span><\/h2>\n<p><span style=\"color: #0000ff;\"><a style=\"color: #0000ff;\" href=\"https:\/\/vimaterial.de\/en\/quality-control\/\">Le contr\u00f4le de la qualit\u00e9<\/a> <\/span>de chaque lot de produits est effectu\u00e9 tout au long du processus d\u2019approvisionnement en mati\u00e8res premi\u00e8res, de production et de traitement, de test et d\u2019inspection, et d\u2019emballage, en suivant strictement les normes internationales et les normes industrielles. Nous disposons d\u2019un \u00e9quipement de test avanc\u00e9, d\u2019une \u00e9quipe de contr\u00f4le qualit\u00e9 professionnelle et d\u2019un syst\u00e8me de contr\u00f4le de qualit\u00e9 strict pour garantir la qualit\u00e9 du produit. <\/p>\n<h2><span style=\"font-size: 14pt;\">Emballage et stockage<\/span><\/h2>\n<p>La poudre de chlorure de fer dihydrat\u00e9 est emball\u00e9e dans des bouteilles sous vide \u00e0 double couche et l\u2019emballage ext\u00e9rieur est emball\u00e9 dans des cartons.<\/p>\n<p>La poudre de chlorure de fer dihydrat\u00e9e doit \u00eatre stock\u00e9e dans un endroit frais, sec et bien ventil\u00e9, \u00e0 l\u2019abri du feu, de la chaleur, de l\u2019eau et des agents oxydants et alcalis forts, et doit \u00eatre conserv\u00e9e dans un endroit scell\u00e9 pour \u00e9viter l\u2019humidit\u00e9, l\u2019oxydation et la r\u00e9action avec d\u2019autres substances incompatibles.<\/p>\n","protected":false},"excerpt":{"rendered":"<p>La poudre de chlorure de fer dihydrat\u00e9e est un compos\u00e9 inorganique sous forme de cristaux jaune-brun, facilement soluble dans l\u2019eau, qui joue un r\u00f4le dans de nombreux domaines tels que l\u2019industrie chimique, le traitement de l\u2019eau, etc. Par exemple, il peut \u00eatre utilis\u00e9 comme agent de gravure dans la production de cartes de circuits imprim\u00e9s. <\/p>\n","protected":false},"featured_media":1030089,"comment_status":"open","ping_status":"closed","template":"","meta":{"_acf_changed":false},"product_brand":[],"product_cat":[239],"product_tag":[],"class_list":{"0":"post-1015169","1":"product","2":"type-product","3":"status-publish","4":"has-post-thumbnail","6":"product_cat-materiaux-halogenes","8":"first","9":"instock","10":"shipping-taxable","11":"purchasable","12":"product-type-variable"},"acf":[],"_links":{"self":[{"href":"https:\/\/vimaterial.de\/fr\/wp-json\/wp\/v2\/product\/1015169","targetHints":{"allow":["GET"]}}],"collection":[{"href":"https:\/\/vimaterial.de\/fr\/wp-json\/wp\/v2\/product"}],"about":[{"href":"https:\/\/vimaterial.de\/fr\/wp-json\/wp\/v2\/types\/product"}],"replies":[{"embeddable":true,"href":"https:\/\/vimaterial.de\/fr\/wp-json\/wp\/v2\/comments?post=1015169"}],"wp:featuredmedia":[{"embeddable":true,"href":"https:\/\/vimaterial.de\/fr\/wp-json\/wp\/v2\/media\/1030089"}],"wp:attachment":[{"href":"https:\/\/vimaterial.de\/fr\/wp-json\/wp\/v2\/media?parent=1015169"}],"wp:term":[{"taxonomy":"product_brand","embeddable":true,"href":"https:\/\/vimaterial.de\/fr\/wp-json\/wp\/v2\/product_brand?post=1015169"},{"taxonomy":"product_cat","embeddable":true,"href":"https:\/\/vimaterial.de\/fr\/wp-json\/wp\/v2\/product_cat?post=1015169"},{"taxonomy":"product_tag","embeddable":true,"href":"https:\/\/vimaterial.de\/fr\/wp-json\/wp\/v2\/product_tag?post=1015169"}],"curies":[{"name":"wp","href":"https:\/\/api.w.org\/{rel}","templated":true}]}}