{"id":1015165,"date":"2024-06-17T14:41:58","date_gmt":"2024-06-17T06:41:58","guid":{"rendered":"https:\/\/vimaterial.de\/product\/chlorure-de-fer-2\/"},"modified":"2025-04-17T09:08:40","modified_gmt":"2025-04-17T01:08:40","slug":"chlorure-de-fer-2","status":"publish","type":"product","link":"https:\/\/vimaterial.de\/fr\/product\/chlorure-de-fer-2\/","title":{"rendered":"Chlorure de fer"},"content":{"rendered":"<p><span style=\"color: #0000ff;\"><a style=\"color: #0000ff;\" href=\"https:\/\/vimaterial.de\/en\/product\/iron-chloride-2\/\">Chlorure de fer<\/a> <\/span>La poudre est une poudre compos\u00e9e inorganique blanche ou vert clair qui est soluble dans l\u2019eau et joue un r\u00f4le important dans la synth\u00e8se chimique, le traitement des eaux us\u00e9es, la m\u00e9tallurgie et d\u2019autres domaines et poss\u00e8de de fortes propri\u00e9t\u00e9s r\u00e9ductrices.<\/p>\n<p>VIAMTERIAL fournit de la poudre de chlorure de fer, nos poudres ont une grande puret\u00e9, une taille de particule uniforme, des propri\u00e9t\u00e9s chimiques stables, etc. Nous prenons \u00e9galement en charge l\u2019emballage et la commande de petits lots. Nous avons une \u00e9quipe professionnelle de recherche et d\u00e9veloppement technique, acceptons la personnalisation et l\u2019exp\u00e9rimentation du produit, veuillez <span style=\"color: #0000ff;\"><a style=\"color: #0000ff;\" href=\"https:\/\/vimaterial.de\/en\/contact-us\/\">nous contacter.<\/a><\/span>  <\/p>\n<h2><span style=\"font-size: 14pt;\">Propri\u00e9t\u00e9s physiques<\/span><\/h2>\n<p>Formule mol\u00e9culaire : FeCl\u2082<\/p>\n<p>Poids mol\u00e9culaire : 126,75<\/p>\n<p>Apparence&nbsp;: poudre vert clair<\/p>\n<p>Densit\u00e9 : environ 3,16 g\/cm\u00b3.<\/p>\n<p>Point de fusion : 670 &#8211; 674\u00b0C<\/p>\n<p>Point d\u2019\u00e9bullition : 1023\u00b0C<\/p>\n<p>Structure cristalline : syst\u00e8me cristallin monoclinique.<\/p>\n<h2><span style=\"font-size: 14pt;\">Applications<\/span><\/h2>\n<p>Domaine du traitement des eaux us\u00e9es : En tant qu\u2019agent r\u00e9ducteur et floculant, il peut \u00eatre utilis\u00e9 pour traiter les eaux us\u00e9es de m\u00e9taux lourds contenant du chrome et d\u2019autres m\u00e9taux lourds, pour purifier la qualit\u00e9 de l\u2019eau en \u00e9liminant les ions de m\u00e9taux lourds \u00e0 haut \u00e9tat de valence apr\u00e8s r\u00e9duction et pr\u00e9cipitation.<\/p>\n<p>Champ de synth\u00e8se chimique&nbsp;: Il agit comme agent r\u00e9ducteur et catalyseur dans la synth\u00e8se organique, participe \u00e0 la r\u00e9action de pr\u00e9paration de nombreux types de compos\u00e9s et favorise la synth\u00e8se de produits chimiques fins tels que les m\u00e9dicaments et les colorants.<\/p>\n<p>Dans le domaine de l\u2019industrie m\u00e9tallurgique : utilis\u00e9 dans le processus de raffinage des m\u00e9taux, l\u2019extraction de certains m\u00e9taux par r\u00e9action de remplacement, l\u2019am\u00e9lioration de la puret\u00e9 des m\u00e9taux et l\u2019augmentation de la production de fer, d\u2019acier et d\u2019autres mat\u00e9riaux m\u00e9talliques.<\/p>\n<h2><span style=\"font-size: 14pt;\">Contr\u00f4le de la qualit\u00e9<\/span><\/h2>\n<p><span style=\"color: #0000ff;\"><a style=\"color: #0000ff;\" href=\"https:\/\/vimaterial.de\/en\/quality-control\/\">Le contr\u00f4le de la qualit\u00e9<\/a> <\/span>de chaque lot de produits est effectu\u00e9 tout au long du processus d\u2019approvisionnement en mati\u00e8res premi\u00e8res, de production et de traitement, de test et d\u2019inspection, et d\u2019emballage, en suivant strictement les normes internationales et les normes industrielles. Nous disposons d\u2019un \u00e9quipement de test avanc\u00e9, d\u2019une \u00e9quipe de contr\u00f4le qualit\u00e9 professionnelle et d\u2019un syst\u00e8me de contr\u00f4le de qualit\u00e9 strict pour garantir la qualit\u00e9 du produit. <\/p>\n<h2><span style=\"font-size: 14pt;\">Emballage et stockage<\/span><\/h2>\n<p>La poudre de chlorure de fer dihydrat\u00e9e est emball\u00e9e dans un sac sous vide \u00e0 double couche ou une bouteille sous vide \u00e0 double couche, et l\u2019emballage ext\u00e9rieur est emball\u00e9 dans une bo\u00eete en carton.<\/p>\n<p>La poudre de chlorure de fer doit \u00eatre stock\u00e9e dans un environnement sec, frais et bien ventil\u00e9, \u00e0 l\u2019abri du feu, de la chaleur et de l\u2019eau, et stock\u00e9e s\u00e9par\u00e9ment des alcalis et autres substances incompatibles pour \u00e9viter la d\u00e9liquescence, la d\u00e9t\u00e9rioration et la r\u00e9action chimique.<\/p>\n","protected":false},"excerpt":{"rendered":"<p><span style=\"color: #0000ff;\"><a style=\"color: #0000ff;\" href=\"https:\/\/vimaterial.de\/en\/product\/iron-chloride-2\/\">Chlorure de fer<\/a> <\/span>La poudre est une poudre compos\u00e9e inorganique blanche ou vert clair qui est soluble dans l\u2019eau et joue un r\u00f4le important dans la synth\u00e8se chimique, le traitement des eaux us\u00e9es, la m\u00e9tallurgie et d\u2019autres domaines et poss\u00e8de de fortes propri\u00e9t\u00e9s r\u00e9ductrices.<\/p>\n","protected":false},"featured_media":1001875,"comment_status":"open","ping_status":"closed","template":"","meta":{"_acf_changed":false},"product_brand":[],"product_cat":[239],"product_tag":[],"class_list":{"0":"post-1015165","1":"product","2":"type-product","3":"status-publish","4":"has-post-thumbnail","6":"product_cat-materiaux-halogenes","8":"first","9":"instock","10":"shipping-taxable","11":"purchasable","12":"product-type-variable"},"acf":[],"_links":{"self":[{"href":"https:\/\/vimaterial.de\/fr\/wp-json\/wp\/v2\/product\/1015165","targetHints":{"allow":["GET"]}}],"collection":[{"href":"https:\/\/vimaterial.de\/fr\/wp-json\/wp\/v2\/product"}],"about":[{"href":"https:\/\/vimaterial.de\/fr\/wp-json\/wp\/v2\/types\/product"}],"replies":[{"embeddable":true,"href":"https:\/\/vimaterial.de\/fr\/wp-json\/wp\/v2\/comments?post=1015165"}],"wp:featuredmedia":[{"embeddable":true,"href":"https:\/\/vimaterial.de\/fr\/wp-json\/wp\/v2\/media\/1001875"}],"wp:attachment":[{"href":"https:\/\/vimaterial.de\/fr\/wp-json\/wp\/v2\/media?parent=1015165"}],"wp:term":[{"taxonomy":"product_brand","embeddable":true,"href":"https:\/\/vimaterial.de\/fr\/wp-json\/wp\/v2\/product_brand?post=1015165"},{"taxonomy":"product_cat","embeddable":true,"href":"https:\/\/vimaterial.de\/fr\/wp-json\/wp\/v2\/product_cat?post=1015165"},{"taxonomy":"product_tag","embeddable":true,"href":"https:\/\/vimaterial.de\/fr\/wp-json\/wp\/v2\/product_tag?post=1015165"}],"curies":[{"name":"wp","href":"https:\/\/api.w.org\/{rel}","templated":true}]}}