{"id":1015149,"date":"2024-06-17T14:41:59","date_gmt":"2024-06-17T06:41:59","guid":{"rendered":"https:\/\/vimaterial.de\/product\/chlorure-de-fer\/"},"modified":"2025-04-17T09:04:28","modified_gmt":"2025-04-17T01:04:28","slug":"chlorure-de-fer","status":"publish","type":"product","link":"https:\/\/vimaterial.de\/fr\/product\/chlorure-de-fer\/","title":{"rendered":"Chlorure de fer"},"content":{"rendered":"<p><span style=\"color: #0000ff;\"><a style=\"color: #0000ff;\" href=\"https:\/\/vimaterial.de\/en\/product\/iron-chloride\/\">La poudre de chlorure de fer<\/a><\/span> est une poudre de compos\u00e9 inorganique jaune brun\u00e2tre, qui peut \u00eatre utilis\u00e9e comme agent de gravure pour les cartes de circuits imprim\u00e9s dans l\u2019industrie, comme coagulant et pr\u00e9cipitant dans le traitement de l\u2019eau, et comme mordant dans la teinture et l\u2019impression, entre autres utilisations.<\/p>\n<p>VIAMTERIAL fournit de la poudre de chlorure de fer, notre poudre pr\u00e9sente les caract\u00e9ristiques d\u2019une grande puret\u00e9, d\u2019une taille de particule uniforme, de propri\u00e9t\u00e9s chimiques stables, etc. Nous prenons \u00e9galement en charge l\u2019emballage et la commande de petits lots. Nous avons une \u00e9quipe technique professionnelle de recherche et d\u00e9veloppement, acceptons la personnalisation et l\u2019exp\u00e9rimentation du produit, veuillez <span style=\"color: #0000ff;\"><a style=\"color: #0000ff;\" href=\"https:\/\/vimaterial.de\/en\/contact-us\/\">nous contacter.<\/a><\/span>  <\/p>\n<h2><span style=\"font-size: 14pt;\">Propri\u00e9t\u00e9s physiques<\/span><\/h2>\n<p>Formule mol\u00e9culaire : FeCl\u2083<\/p>\n<p>Poids mol\u00e9culaire : 162,2<\/p>\n<p>Apparence&nbsp;: poudre jaune brun\u00e2tre<\/p>\n<p>Densit\u00e9 : environ 2,90 g\/cm\u00b3<\/p>\n<p>Point de fusion : environ 306\u00b0C<\/p>\n<p>Point d\u2019\u00e9bullition : environ 319\u00b0C (d\u00e9composition)<\/p>\n<p>Structure cristalline : Syst\u00e8me cristallin hexagonal<\/p>\n<h2><span style=\"font-size: 14pt;\">Applications<\/span><\/h2>\n<p>Domaine du traitement de l\u2019eau : en tant que floculant ajout\u00e9 \u00e0 l\u2019eau, le collo\u00efde d\u2019hydroxyde de fer produit par hydrolyse peut adsorber les impuret\u00e9s en suspension et clarifier l\u2019eau, \u00e9liminant efficacement les minuscules particules et les substances collo\u00efdales dans l\u2019eau et am\u00e9liorant la qualit\u00e9 de l\u2019eau.<\/p>\n<p>Dans le domaine de l\u2019industrie \u00e9lectronique : en tant que composant cl\u00e9 de la solution de gravure, il peut corroder avec pr\u00e9cision les feuilles de cuivre et d\u2019autres mat\u00e9riaux m\u00e9talliques, afin de former de fins motifs de circuits sur les circuits imprim\u00e9s et de garantir la miniaturisation et les hautes performances des \u00e9quipements \u00e9lectroniques.<\/p>\n<p>Industrie de l\u2019imprimerie et de la teinture : utilis\u00e9 comme mordant pour aider les colorants \u00e0 adh\u00e9rer plus fermement aux fibres des tissus, am\u00e9liorer l\u2019effet de teinture, am\u00e9liorer la vivacit\u00e9 et la solidit\u00e9 des couleurs des tissus et r\u00e9pondre \u00e0 des besoins diversifi\u00e9s d\u2019impression et de teinture.<\/p>\n<p>Industrie pharmaceutique : Participer \u00e0 certaines r\u00e9actions de synth\u00e8se de m\u00e9dicaments, en tant que catalyseur pour promouvoir des r\u00e9actions chimiques sp\u00e9cifiques, pour promouvoir la pr\u00e9paration d\u2019ingr\u00e9dients actifs dans les m\u00e9dicaments, pour aider la recherche et le d\u00e9veloppement de m\u00e9dicaments et le processus de production.<\/p>\n<h2><span style=\"font-size: 14pt;\">Contr\u00f4le de la qualit\u00e9<\/span><\/h2>\n<p><span style=\"color: #0000ff;\"><a style=\"color: #0000ff;\" href=\"https:\/\/vimaterial.de\/en\/quality-control\/\">Le contr\u00f4le de la qualit\u00e9<\/a> <\/span>de chaque lot de produits est effectu\u00e9 tout au long du processus d\u2019approvisionnement en mati\u00e8res premi\u00e8res, de production et de traitement, de test et d\u2019inspection, et d\u2019emballage, en suivant strictement les normes internationales et les normes industrielles. Nous disposons d\u2019un \u00e9quipement de test avanc\u00e9, d\u2019une \u00e9quipe de contr\u00f4le qualit\u00e9 professionnelle et d\u2019un syst\u00e8me de contr\u00f4le de qualit\u00e9 strict pour garantir la qualit\u00e9 du produit. <\/p>\n<h2><span style=\"font-size: 14pt;\">Emballage et stockage<\/span><\/h2>\n<p>La poudre de chlorure de fer dihydrat\u00e9e est emball\u00e9e dans un sac sous vide \u00e0 double couche ou une bouteille sous vide \u00e0 double couche, et l\u2019emballage ext\u00e9rieur est emball\u00e9 dans une bo\u00eete en carton.<\/p>\n<p>La poudre de chlorure de fer doit \u00eatre stock\u00e9e dans un environnement sec, frais et bien ventil\u00e9, \u00e0 l\u2019abri du feu, de la chaleur et de l\u2019eau, et stock\u00e9e s\u00e9par\u00e9ment des alcalis et autres substances incompatibles pour \u00e9viter la d\u00e9liquescence, la d\u00e9t\u00e9rioration et la r\u00e9action chimique.<\/p>\n","protected":false},"excerpt":{"rendered":"<p><span style=\"color: #0000ff;\"><a style=\"color: #0000ff;\" href=\"https:\/\/vimaterial.de\/en\/product\/iron-chloride\/\">La poudre de chlorure de fer<\/a><\/span> est une poudre de compos\u00e9 inorganique jaune brun\u00e2tre, qui peut \u00eatre utilis\u00e9e comme agent de gravure pour les cartes de circuits imprim\u00e9s dans l\u2019industrie, comme coagulant et pr\u00e9cipitant dans le traitement de l\u2019eau, et comme mordant dans la teinture et l\u2019impression, entre autres utilisations.<\/p>\n","protected":false},"featured_media":1001885,"comment_status":"open","ping_status":"closed","template":"","meta":{"_acf_changed":false},"product_brand":[],"product_cat":[239],"product_tag":[],"class_list":{"0":"post-1015149","1":"product","2":"type-product","3":"status-publish","4":"has-post-thumbnail","6":"product_cat-materiaux-halogenes","8":"first","9":"instock","10":"shipping-taxable","11":"purchasable","12":"product-type-variable"},"acf":[],"_links":{"self":[{"href":"https:\/\/vimaterial.de\/fr\/wp-json\/wp\/v2\/product\/1015149","targetHints":{"allow":["GET"]}}],"collection":[{"href":"https:\/\/vimaterial.de\/fr\/wp-json\/wp\/v2\/product"}],"about":[{"href":"https:\/\/vimaterial.de\/fr\/wp-json\/wp\/v2\/types\/product"}],"replies":[{"embeddable":true,"href":"https:\/\/vimaterial.de\/fr\/wp-json\/wp\/v2\/comments?post=1015149"}],"wp:featuredmedia":[{"embeddable":true,"href":"https:\/\/vimaterial.de\/fr\/wp-json\/wp\/v2\/media\/1001885"}],"wp:attachment":[{"href":"https:\/\/vimaterial.de\/fr\/wp-json\/wp\/v2\/media?parent=1015149"}],"wp:term":[{"taxonomy":"product_brand","embeddable":true,"href":"https:\/\/vimaterial.de\/fr\/wp-json\/wp\/v2\/product_brand?post=1015149"},{"taxonomy":"product_cat","embeddable":true,"href":"https:\/\/vimaterial.de\/fr\/wp-json\/wp\/v2\/product_cat?post=1015149"},{"taxonomy":"product_tag","embeddable":true,"href":"https:\/\/vimaterial.de\/fr\/wp-json\/wp\/v2\/product_tag?post=1015149"}],"curies":[{"name":"wp","href":"https:\/\/api.w.org\/{rel}","templated":true}]}}