{"id":1015138,"date":"2024-06-17T14:42:02","date_gmt":"2024-06-17T06:42:02","guid":{"rendered":"https:\/\/vimaterial.de\/product\/fer-chrome-molybdene-biobium-bore-alliage\/"},"modified":"2025-04-17T09:01:42","modified_gmt":"2025-04-17T01:01:42","slug":"fer-chrome-molybdene-biobium-bore-alliage","status":"publish","type":"product","link":"https:\/\/vimaterial.de\/fr\/product\/fer-chrome-molybdene-biobium-bore-alliage\/","title":{"rendered":"Fer, chrome, molybd\u00e8ne, niobium, alliage de bore"},"content":{"rendered":"<p>La cible de pulv\u00e9risation en alliage de fer, de chrome, de molybd\u00e8ne, de niobium et de bore, est une sorte de cible en alliage compos\u00e9e de fer, de chrome, de molybd\u00e8ne, de niobium et de bore, qui pr\u00e9sente une duret\u00e9 \u00e9lev\u00e9e, une bonne r\u00e9sistance \u00e0 l\u2019abrasion, une r\u00e9sistance \u00e0 la corrosion et une stabilit\u00e9 \u00e0 haute temp\u00e9rature, etc. Il peut \u00eatre utilis\u00e9 dans de nombreux domaines, tels que l\u2019aviation et l\u2019a\u00e9rospatiale, la fabrication de machines et l\u2019\u00e9lectronique, etc., pour d\u00e9poser des films minces haute performance sur le substrat par pulv\u00e9risation. L\u2019a\u00e9rospatiale, l\u2019ing\u00e9nierie m\u00e9canique, l\u2019\u00e9lectronique et bien d\u2019autres domaines.  <\/p>\n<p>VIMATERIAL fournit des cibles de pulv\u00e9risation en alliage de fer-chrome-molybd\u00e8ne et de bore de niobium, nos cibles de pulv\u00e9risation en alliage de fer-chrome-molybd\u00e8ne et de niobium et de bore se caract\u00e9risent par une grande puret\u00e9, une haute densit\u00e9, une bonne structure cristalline, d\u2019excellentes propri\u00e9t\u00e9s de couche mince, une pr\u00e9cision dimensionnelle \u00e9lev\u00e9e et une stabilit\u00e9 de pulv\u00e9risation. Et nous pouvons \u00e9galement fournir un service de reliure, nous acceptons votre personnalisation et votre exp\u00e9rience, veuillez <span style=\"color: #0000ff;\"><a style=\"color: #0000ff;\" href=\"https:\/\/vimaterial.de\/en\/contact-us\/\">nous contacter<\/a><\/span>&nbsp;! <\/p>\n<h2><span style=\"font-size: 14pt;\">Propri\u00e9t\u00e9s physiques<\/span><\/h2>\n<p>Formule mol\u00e9culaire : FeCrMoNbB<\/p>\n<p>Apparence&nbsp;: G\u00e9n\u00e9ralement gris argent\u00e9 lustr\u00e9 m\u00e9tallique, la surface peut \u00eatre relativement lisse, texture uniforme du mat\u00e9riau cible<\/p>\n<p>Densit\u00e9 : environ entre 7 et 9 g\/cm\u00b3.<\/p>\n<p>Point de fusion : environ 1300 &#8211; 1600\u00b0C<\/p>\n<h2><span style=\"font-size: 14pt;\">Applications<\/span><\/h2>\n<p>Domaine a\u00e9rospatial : utilis\u00e9 pour rev\u00eatir les pales d\u2019un moteur d\u2019avion, pour am\u00e9liorer sa r\u00e9sistance aux temp\u00e9ratures \u00e9lev\u00e9es et \u00e0 l\u2019usure, et pour assurer le fonctionnement stable du moteur dans des conditions de travail extr\u00eames.<\/p>\n<p>Domaine de la fabrication automobile : utilis\u00e9 comme mat\u00e9riau de renforcement de surface pour les pi\u00e8ces cl\u00e9s des moteurs automobiles afin d\u2019am\u00e9liorer la r\u00e9sistance \u00e0 la fatigue et \u00e0 la corrosion des pi\u00e8ces et de prolonger la dur\u00e9e de vie des automobiles.<\/p>\n<p>Dans le domaine de l\u2019industrie \u00e9lectronique, il est utilis\u00e9 comme mat\u00e9riau de d\u00e9p\u00f4t d\u2019un film \u00e0 fonction sp\u00e9ciale dans la fabrication de puces semi-conductrices, optimisant les performances \u00e9lectriques et la stabilit\u00e9 de la puce.<\/p>\n<p>Dans le domaine de l\u2019usinage&nbsp;: transform\u00e9 en rev\u00eatements pour outils de coupe, am\u00e9liore la duret\u00e9 et la r\u00e9sistance \u00e0 l\u2019usure des outils de coupe, am\u00e9liore efficacement l\u2019efficacit\u00e9 et la pr\u00e9cision du traitement de coupe.<\/p>\n<h2><span style=\"font-size: 14pt;\">Contr\u00f4le qualit\u00e9<\/span><\/h2>\n<p><span style=\"color: #0000ff;\"><a style=\"color: #0000ff;\" href=\"https:\/\/vimaterial.de\/en\/quality-control\/\">Le contr\u00f4le de la qualit\u00e9<\/a> <\/span>de nos produits est tr\u00e8s strict, de la s\u00e9lection de mati\u00e8res premi\u00e8res de haute puret\u00e9 et stables, \u00e0 l\u2019utilisation d\u2019\u00e9quipements de pr\u00e9cision avanc\u00e9s et d\u2019une technologie rigoureuse tout au long du contr\u00f4le pr\u00e9cis du processus de production, \u00e0 l\u2019utilisation de m\u00e9thodes d\u2019essai professionnelles sur les propri\u00e9t\u00e9s physiques, chimiques, microstructurelles et autres du produit de la gamme compl\u00e8te d\u2019essais approfondis,  Chaque maillon est strictement suivi des normes internationales \u00e9lev\u00e9es, afin de garantir que chaque lot de mat\u00e9riaux livr\u00e9 avec une excellente qualit\u00e9 et stabilit\u00e9, afin de fournir aux clients une assurance qualit\u00e9 solide et fiable. Nous nous engageons \u00e0 ce que chaque lot de mat\u00e9riaux livr\u00e9s ait une excellente qualit\u00e9 et stabilit\u00e9, offrant ainsi aux clients une assurance qualit\u00e9 solide et fiable. <\/p>\n<h2><span style=\"font-size: 14pt;\">Emballage et stockage<\/span><\/h2>\n<p>Les cibles de pulv\u00e9risation en alliage fer-chrome-molybd\u00e8ne niobium-bore sont emball\u00e9es dans des sacs et des bo\u00eetes sous vide \u00e0 double couche, et l\u2019ext\u00e9rieur est emball\u00e9 dans des cartons.<\/p>\n<p>Les cibles de pulv\u00e9risation en alliage fer-chrome-chrome-molybd\u00e8ne niobium-bore doivent \u00eatre stock\u00e9es dans un environnement sec, frais et bien ventil\u00e9, en \u00e9vitant l\u2019humidit\u00e9, en \u00e9vitant le contact avec des substances corrosives telles que les acides et les alcalis, et en \u00e9vitant les chocs violents et la lumi\u00e8re directe du soleil, afin de garantir la stabilit\u00e9 de leurs propri\u00e9t\u00e9s physiques et chimiques, afin d\u2019assurer les performances normales du mat\u00e9riau dans le processus de pulv\u00e9risation.<\/p>\n","protected":false},"excerpt":{"rendered":"<p>La cible de pulv\u00e9risation en alliage de fer, de chrome, de molybd\u00e8ne, de niobium et de bore, est une sorte de cible en alliage compos\u00e9e de fer, de chrome, de molybd\u00e8ne, de niobium et de bore, qui pr\u00e9sente une duret\u00e9 \u00e9lev\u00e9e, une bonne r\u00e9sistance \u00e0 l\u2019abrasion, une r\u00e9sistance \u00e0 la corrosion et une stabilit\u00e9 \u00e0 haute temp\u00e9rature, etc. Il peut \u00eatre utilis\u00e9 dans de nombreux domaines, tels que l\u2019aviation et l\u2019a\u00e9rospatiale, la fabrication de machines et l\u2019\u00e9lectronique, etc., pour d\u00e9poser des films minces haute performance sur le substrat par pulv\u00e9risation. L\u2019a\u00e9rospatiale, l\u2019ing\u00e9nierie m\u00e9canique, l\u2019\u00e9lectronique et bien d\u2019autres domaines.  <\/p>\n","protected":false},"featured_media":1001899,"comment_status":"open","ping_status":"closed","template":"","meta":{"_acf_changed":false},"product_brand":[],"product_cat":[235],"product_tag":[],"class_list":{"0":"post-1015138","1":"product","2":"type-product","3":"status-publish","4":"has-post-thumbnail","6":"product_cat-cibles-de-pulverisation-planaire","8":"first","9":"instock","10":"shipping-taxable","11":"product-type-variable"},"acf":[],"_links":{"self":[{"href":"https:\/\/vimaterial.de\/fr\/wp-json\/wp\/v2\/product\/1015138","targetHints":{"allow":["GET"]}}],"collection":[{"href":"https:\/\/vimaterial.de\/fr\/wp-json\/wp\/v2\/product"}],"about":[{"href":"https:\/\/vimaterial.de\/fr\/wp-json\/wp\/v2\/types\/product"}],"replies":[{"embeddable":true,"href":"https:\/\/vimaterial.de\/fr\/wp-json\/wp\/v2\/comments?post=1015138"}],"wp:featuredmedia":[{"embeddable":true,"href":"https:\/\/vimaterial.de\/fr\/wp-json\/wp\/v2\/media\/1001899"}],"wp:attachment":[{"href":"https:\/\/vimaterial.de\/fr\/wp-json\/wp\/v2\/media?parent=1015138"}],"wp:term":[{"taxonomy":"product_brand","embeddable":true,"href":"https:\/\/vimaterial.de\/fr\/wp-json\/wp\/v2\/product_brand?post=1015138"},{"taxonomy":"product_cat","embeddable":true,"href":"https:\/\/vimaterial.de\/fr\/wp-json\/wp\/v2\/product_cat?post=1015138"},{"taxonomy":"product_tag","embeddable":true,"href":"https:\/\/vimaterial.de\/fr\/wp-json\/wp\/v2\/product_tag?post=1015138"}],"curies":[{"name":"wp","href":"https:\/\/api.w.org\/{rel}","templated":true}]}}