{"id":1015133,"date":"2024-06-17T14:42:02","date_gmt":"2024-06-17T06:42:02","guid":{"rendered":"https:\/\/vimaterial.de\/product\/alliage-de-fer-de-chrome-et-daluminium\/"},"modified":"2025-04-17T09:03:01","modified_gmt":"2025-04-17T01:03:01","slug":"alliage-de-fer-de-chrome-et-daluminium","status":"publish","type":"product","link":"https:\/\/vimaterial.de\/fr\/product\/alliage-de-fer-de-chrome-et-daluminium\/","title":{"rendered":"Alliage de fer, de chrome et d\u2019aluminium"},"content":{"rendered":"<p>La cible de pulv\u00e9risation en alliage de fer, de chrome et d\u2019aluminium est une sorte de cible en alliage compos\u00e9e de fer, de chrome et d\u2019aluminium, qui pr\u00e9sente une bonne r\u00e9sistance aux hautes temp\u00e9ratures, \u00e0 l\u2019oxydation et \u00e0 la corrosion, et gr\u00e2ce au processus de pulv\u00e9risation, elle peut \u00eatre d\u00e9pos\u00e9e sur le substrat avec ces excellentes performances du film mince, qui a une large gamme d\u2019applications dans le domaine des rev\u00eatements protecteurs \u00e0 haute temp\u00e9rature,  composants \u00e9lectriques et thermiques, et appareils \u00e9lectroniques.<\/p>\n<p>VIMATERIAL propose des cibles de pulv\u00e9risation en alliage de fer, de chrome et d\u2019aluminium. Nos cibles de pulv\u00e9risation en alliage fer-chrome-aluminium se caract\u00e9risent par une grande puret\u00e9, une bonne densit\u00e9, une bonne structure cristalline, d\u2019excellentes propri\u00e9t\u00e9s de couche mince, une pr\u00e9cision dimensionnelle \u00e9lev\u00e9e et une efficacit\u00e9 de pulv\u00e9risation \u00e9lev\u00e9e. Nous pouvons accepter des produits et des exp\u00e9riences personnalis\u00e9s, veuillez<span style=\"color: #0000ff;\"><a style=\"color: #0000ff;\" href=\"https:\/\/vimaterial.de\/en\/contact-us\/\"> nous contacter<\/a><\/span> bient\u00f4t.  <\/p>\n<h2><span style=\"font-size: 14pt;\">Propri\u00e9t\u00e9s physiques<\/span><\/h2>\n<p>Formule mol\u00e9culaire : FeCrAl<\/p>\n<p>Apparence&nbsp;: Lustre m\u00e9tallique g\u00e9n\u00e9ralement gris argent\u00e9, mat\u00e9riau cible \u00e0 surface lisse.<\/p>\n<p>Densit\u00e9 : environ 7,0 &#8211; 7,9 g\/cm\u00b3.<\/p>\n<p>Point de fusion : environ dans la plage de 1400 \u00e0 1500\u00b0C environ<\/p>\n<h2><span style=\"font-size: 14pt;\">Applications<\/span><\/h2>\n<p>Domaine a\u00e9rospatial : utilis\u00e9 comme rev\u00eatement de protection de surface pour les pi\u00e8ces de moteur d\u2019avion, r\u00e9sistant \u00e0 l\u2019oxydation \u00e0 haute temp\u00e9rature et \u00e0 la corrosion, et garantissant des performances stables des pi\u00e8ces.<\/p>\n<p>Industrie \u00e9lectronique : utilis\u00e9 comme mat\u00e9riau \u00e0 couche mince r\u00e9sistive pour les composants \u00e9lectroniques afin de r\u00e9guler avec pr\u00e9cision la r\u00e9sistance et de r\u00e9pondre aux besoins sp\u00e9cifiques des circuits \u00e9lectroniques.<\/p>\n<p>Dans le domaine de l\u2019\u00e9nergie et de l\u2019\u00e9lectricit\u00e9&nbsp;: transform\u00e9 en couche chauffante des \u00e9l\u00e9ments chauffants \u00e9lectriques, production de chaleur efficace et r\u00e9sistance \u00e0 haute temp\u00e9rature, pour am\u00e9liorer l\u2019efficacit\u00e9 de la conversion d\u2019\u00e9nergie et la dur\u00e9e de vie.<\/p>\n<h2><span style=\"font-size: 14pt;\">Contr\u00f4le qualit\u00e9<\/span><\/h2>\n<p><span style=\"color: #0000ff;\"><a style=\"color: #0000ff;\" href=\"https:\/\/vimaterial.de\/en\/quality-control\/\">Le contr\u00f4le de la qualit\u00e9<\/a><\/span> de nos produits est tr\u00e8s strict, de la s\u00e9lection de mati\u00e8res premi\u00e8res de haute puret\u00e9 et stables, \u00e0 l\u2019utilisation d\u2019\u00e9quipements de pr\u00e9cision avanc\u00e9s et d\u2019une technologie rigoureuse tout au long du contr\u00f4le pr\u00e9cis du processus de production, \u00e0 l\u2019utilisation de m\u00e9thodes d\u2019essai professionnelles sur les propri\u00e9t\u00e9s physiques, chimiques, microstructurelles et autres du produit de la gamme compl\u00e8te d\u2019essais approfondis,  Chaque maillon est strictement suivi des normes internationales \u00e9lev\u00e9es, afin de garantir que chaque lot de mat\u00e9riaux livr\u00e9 avec une excellente qualit\u00e9 et stabilit\u00e9, afin de fournir aux clients une assurance qualit\u00e9 solide et fiable. Nous nous engageons \u00e0 ce que chaque lot de mat\u00e9riaux livr\u00e9s ait une excellente qualit\u00e9 et stabilit\u00e9, offrant ainsi aux clients une assurance qualit\u00e9 solide et fiable. <\/p>\n<h2><span style=\"font-size: 14pt;\">Emballage et stockage<\/span><\/h2>\n<p>Les cibles de pulv\u00e9risation cathodique en alliage de fer, de chrome et d\u2019aluminium sont emball\u00e9es dans des sacs et des bo\u00eetes sous vide \u00e0 double couche, et l\u2019ext\u00e9rieur est emball\u00e9 dans des cartons.<\/p>\n<p>Les cibles de pulv\u00e9risation en alliage de fer, de chrome et d\u2019aluminium doivent \u00eatre stock\u00e9es dans un environnement sec et bien ventil\u00e9 avec une temp\u00e9rature stable et \u00e0 l\u2019abri de la lumi\u00e8re, en \u00e9vitant l\u2019humidit\u00e9 et le contact avec des substances corrosives telles que les acides forts et les alcalis, et en m\u00eame temps en \u00e9vitant d\u2019\u00eatre soumises \u00e0 des chocs et des vibrations s\u00e9v\u00e8res pour garantir que ses performances ne sont pas alt\u00e9r\u00e9es.<\/p>\n","protected":false},"excerpt":{"rendered":"<p>La cible de pulv\u00e9risation en alliage de fer, de chrome et d\u2019aluminium est une sorte de cible en alliage compos\u00e9e de fer, de chrome et d\u2019aluminium, qui pr\u00e9sente une bonne r\u00e9sistance aux hautes temp\u00e9ratures, \u00e0 l\u2019oxydation et \u00e0 la corrosion, et gr\u00e2ce au processus de pulv\u00e9risation, elle peut \u00eatre d\u00e9pos\u00e9e sur le substrat avec ces excellentes performances du film mince, qui a une large gamme d\u2019applications dans le domaine des rev\u00eatements protecteurs \u00e0 haute temp\u00e9rature,  composants \u00e9lectriques et thermiques, et appareils \u00e9lectroniques.<\/p>\n","protected":false},"featured_media":1001892,"comment_status":"open","ping_status":"closed","template":"","meta":{"_acf_changed":false},"product_brand":[],"product_cat":[235],"product_tag":[],"class_list":{"0":"post-1015133","1":"product","2":"type-product","3":"status-publish","4":"has-post-thumbnail","6":"product_cat-cibles-de-pulverisation-planaire","8":"first","9":"instock","10":"shipping-taxable","11":"product-type-variable"},"acf":[],"_links":{"self":[{"href":"https:\/\/vimaterial.de\/fr\/wp-json\/wp\/v2\/product\/1015133","targetHints":{"allow":["GET"]}}],"collection":[{"href":"https:\/\/vimaterial.de\/fr\/wp-json\/wp\/v2\/product"}],"about":[{"href":"https:\/\/vimaterial.de\/fr\/wp-json\/wp\/v2\/types\/product"}],"replies":[{"embeddable":true,"href":"https:\/\/vimaterial.de\/fr\/wp-json\/wp\/v2\/comments?post=1015133"}],"wp:featuredmedia":[{"embeddable":true,"href":"https:\/\/vimaterial.de\/fr\/wp-json\/wp\/v2\/media\/1001892"}],"wp:attachment":[{"href":"https:\/\/vimaterial.de\/fr\/wp-json\/wp\/v2\/media?parent=1015133"}],"wp:term":[{"taxonomy":"product_brand","embeddable":true,"href":"https:\/\/vimaterial.de\/fr\/wp-json\/wp\/v2\/product_brand?post=1015133"},{"taxonomy":"product_cat","embeddable":true,"href":"https:\/\/vimaterial.de\/fr\/wp-json\/wp\/v2\/product_cat?post=1015133"},{"taxonomy":"product_tag","embeddable":true,"href":"https:\/\/vimaterial.de\/fr\/wp-json\/wp\/v2\/product_tag?post=1015133"}],"curies":[{"name":"wp","href":"https:\/\/api.w.org\/{rel}","templated":true}]}}