{"id":1015127,"date":"2024-06-17T14:42:40","date_gmt":"2024-06-17T06:42:40","guid":{"rendered":"https:\/\/vimaterial.de\/product\/alliage-de-fer-et-de-gallium-2\/"},"modified":"2025-04-17T08:58:38","modified_gmt":"2025-04-17T00:58:38","slug":"alliage-de-fer-et-de-gallium-2","status":"publish","type":"product","link":"https:\/\/vimaterial.de\/fr\/product\/alliage-de-fer-et-de-gallium-2\/","title":{"rendered":"Alliage de fer et de gallium"},"content":{"rendered":"<p>Les granul\u00e9s <span style=\"color: #0000ff;\"><a style=\"color: #0000ff;\" href=\"https:\/\/vimaterial.de\/en\/product\/iron-gallium-alloy-2\/\">d\u2019alliage de fer et de gallium<\/a><\/span> sont une sorte de granul\u00e9s d\u2019alliage compos\u00e9s de fer et de gallium, qui ont g\u00e9n\u00e9ralement de bonnes propri\u00e9t\u00e9s magn\u00e9tiques, une certaine flexibilit\u00e9 et une certaine r\u00e9sistance \u00e0 la corrosion, et ont des applications importantes dans les capteurs, les actionneurs, les transducteurs et d\u2019autres domaines.<\/p>\n<p>VIMATERIAL fournit des particules d\u2019alliage de fer et de gallium, nos granul\u00e9s sont uniformes et stables dans leur composition, une puret\u00e9 \u00e9lev\u00e9e, une forte duret\u00e9, une taille de particule contr\u00f4lable, etc. et nous pouvons accepter des produits et des exp\u00e9riences personnalis\u00e9s, nous avons une \u00e9quipe de recherche et d\u00e9veloppement technique professionnelle, <span style=\"color: #0000ff;\"><a style=\"color: #0000ff;\" href=\"https:\/\/vimaterial.de\/en\/contact-us\/\">contactez-nous<\/a><\/span>.<\/p>\n<h2><span style=\"font-size: 14pt;\">Propri\u00e9t\u00e9s physiques<\/span><\/h2>\n<p>Formule mol\u00e9culaire : FeGa<\/p>\n<p>Apparence&nbsp;: Lustre m\u00e9tallique g\u00e9n\u00e9ralement gris argent\u00e9, surface lisse.<\/p>\n<p>Densit\u00e9 : environ 7,2-7,5 g\/cm\u00b3.<\/p>\n<p>Point de fusion : environ 1200\u00b0C-1300\u00b0C.<\/p>\n<p>Structure cristalline : cubique centr\u00e9 sur le corps ou cubique centr\u00e9 sur le visage, etc. La structure cristalline affecte ses propri\u00e9t\u00e9s physiques et chimiques. <\/p>\n<h2><span style=\"font-size: 14pt;\">Applications<\/span><\/h2>\n<p>Domaine \u00e9lectronique&nbsp;: Utilis\u00e9 dans les \u00e9quipements \u00e9lectroniques, avec ses propri\u00e9t\u00e9s \u00e9lectromagn\u00e9tiques uniques, il peut am\u00e9liorer la sensibilit\u00e9 et la stabilit\u00e9 des performances des composants \u00e9lectroniques.<\/p>\n<p>Capteurs : Les particules d\u2019alliage de fer et de gallium sont utilis\u00e9es dans les capteurs pour des mesures de pr\u00e9cision dans un large \u00e9ventail d\u2019applications, car elles r\u00e9agissent avec pr\u00e9cision aux changements de champs magn\u00e9tiques.<\/p>\n<p>M\u00e9dical : Les particules d\u2019alliage de fer et de gallium sont utilis\u00e9es dans les dispositifs m\u00e9dicaux, tels que les \u00e9quipements d\u2019imagerie, o\u00f9 leurs propri\u00e9t\u00e9s sont utilis\u00e9es pour aider \u00e0 obtenir des images de diagnostic plus claires et plus pr\u00e9cises.<\/p>\n<p>A\u00e9rospatiale : Dans les applications a\u00e9rospatiales, les particules d\u2019alliage sont utilis\u00e9es dans la fabrication de composants critiques qui fonctionnent de mani\u00e8re fiable dans des environnements complexes et r\u00e9pondent \u00e0 des exigences de performance sp\u00e9cifiques.<\/p>\n<h2><span style=\"font-size: 14pt;\">Contr\u00f4le qualit\u00e9<\/span><\/h2>\n<p><span style=\"color: #0000ff;\"><a style=\"color: #0000ff;\" href=\"https:\/\/vimaterial.de\/en\/quality-control\/\">Chaque lot<\/a><\/span> de produits garantit strictement la qualit\u00e9, de la s\u00e9lection des fournisseurs de mati\u00e8res premi\u00e8res \u00e0 l\u2019utilisation d\u2019\u00e9quipements de test avanc\u00e9s pour surveiller avec pr\u00e9cision l\u2019ensemble du processus de production, jusqu\u2019au produit fini \u00e0 travers de nombreuses s\u00e9ries d\u2019\u00e9chantillonnage rigoureux et une certification faisant autorit\u00e9 par une tierce partie, pour garantir que chaque lot de produits respecte et d\u00e9passe les normes \u00e9lev\u00e9es de l\u2019industrie avec une approche globale,  Syst\u00e8me de contr\u00f4le de qualit\u00e9 \u00e0 tol\u00e9rance z\u00e9ro, pour fournir \u00e0 nos clients la meilleure qualit\u00e9 et les produits les plus stables.<\/p>\n<h2><span style=\"font-size: 14pt;\">Emballage et stockage<\/span><\/h2>\n<p>Les granul\u00e9s d\u2019alliage de fer et de gallium sont emball\u00e9s dans des sacs sous vide ou des bouteilles sous vide dans des cartons.<\/p>\n<p>Les granul\u00e9s d\u2019alliage de fer et de gallium doivent \u00eatre stock\u00e9s dans un endroit sec, ventil\u00e9 et frais, \u00e0 l\u2019abri de l\u2019humidit\u00e9, de l\u2019oxydation et du contact avec des substances corrosives, et peuvent \u00eatre stock\u00e9s dans des r\u00e9cipients scell\u00e9s pour prolonger leur dur\u00e9e de vie.<\/p>\n","protected":false},"excerpt":{"rendered":"<p>Les granul\u00e9s <span style=\"color: #0000ff;\"><a style=\"color: #0000ff;\" href=\"https:\/\/vimaterial.de\/en\/product\/iron-gallium-alloy-2\/\">d\u2019alliage de fer et de gallium<\/a><\/span> sont une sorte de granul\u00e9s d\u2019alliage compos\u00e9s de fer et de gallium, qui ont g\u00e9n\u00e9ralement de bonnes propri\u00e9t\u00e9s magn\u00e9tiques, une certaine flexibilit\u00e9 et une certaine r\u00e9sistance \u00e0 la corrosion, et ont des applications importantes dans les capteurs, les actionneurs, les transducteurs et d\u2019autres domaines.<\/p>\n","protected":false},"featured_media":1001913,"comment_status":"open","ping_status":"closed","template":"","meta":{"_acf_changed":false},"product_brand":[],"product_cat":[236],"product_tag":[],"class_list":{"0":"post-1015127","1":"product","2":"type-product","3":"status-publish","4":"has-post-thumbnail","6":"product_cat-materiaux-devaporation","8":"first","9":"instock","10":"shipping-taxable","11":"product-type-variable"},"acf":[],"_links":{"self":[{"href":"https:\/\/vimaterial.de\/fr\/wp-json\/wp\/v2\/product\/1015127","targetHints":{"allow":["GET"]}}],"collection":[{"href":"https:\/\/vimaterial.de\/fr\/wp-json\/wp\/v2\/product"}],"about":[{"href":"https:\/\/vimaterial.de\/fr\/wp-json\/wp\/v2\/types\/product"}],"replies":[{"embeddable":true,"href":"https:\/\/vimaterial.de\/fr\/wp-json\/wp\/v2\/comments?post=1015127"}],"wp:featuredmedia":[{"embeddable":true,"href":"https:\/\/vimaterial.de\/fr\/wp-json\/wp\/v2\/media\/1001913"}],"wp:attachment":[{"href":"https:\/\/vimaterial.de\/fr\/wp-json\/wp\/v2\/media?parent=1015127"}],"wp:term":[{"taxonomy":"product_brand","embeddable":true,"href":"https:\/\/vimaterial.de\/fr\/wp-json\/wp\/v2\/product_brand?post=1015127"},{"taxonomy":"product_cat","embeddable":true,"href":"https:\/\/vimaterial.de\/fr\/wp-json\/wp\/v2\/product_cat?post=1015127"},{"taxonomy":"product_tag","embeddable":true,"href":"https:\/\/vimaterial.de\/fr\/wp-json\/wp\/v2\/product_tag?post=1015127"}],"curies":[{"name":"wp","href":"https:\/\/api.w.org\/{rel}","templated":true}]}}