{"id":1015121,"date":"2024-06-17T14:42:06","date_gmt":"2024-06-17T06:42:06","guid":{"rendered":"https:\/\/vimaterial.de\/product\/fer-fluorure\/"},"modified":"2025-04-17T09:00:08","modified_gmt":"2025-04-17T01:00:08","slug":"fer-fluorure","status":"publish","type":"product","link":"https:\/\/vimaterial.de\/fr\/product\/fer-fluorure\/","title":{"rendered":"Fluorure de fer"},"content":{"rendered":"<p>La poudre de fluorure de fer est une sorte de poudre compos\u00e9e de poudre inorganique compos\u00e9e d\u2019\u00e9l\u00e9ments de fer et de fluor, la couleur est g\u00e9n\u00e9ralement blanche ou blanc cass\u00e9, l\u00e9g\u00e8rement soluble dans l\u2019eau et joue un r\u00f4le important dans le domaine des mat\u00e9riaux de batterie, des catalyseurs, etc.<\/p>\n<p>VIAMTERIAL fournit de la poudre de fluorure de fer, notre poudre pr\u00e9sente les caract\u00e9ristiques d\u2019une grande puret\u00e9, d\u2019une taille de particule uniforme, d\u2019une bonne fluidit\u00e9, de propri\u00e9t\u00e9s chimiques stables, etc. Nous prenons \u00e9galement en charge l\u2019emballage et la commande de petites quantit\u00e9s. Nous avons une \u00e9quipe technique professionnelle de recherche et d\u00e9veloppement, acceptons la personnalisation et l\u2019exp\u00e9rimentation du produit, veuillez <span style=\"color: #0000ff;\"><a style=\"color: #0000ff;\" href=\"https:\/\/vimaterial.de\/en\/contact-us\/\">nous contacter.<\/a><\/span>  <\/p>\n<h2><span style=\"font-size: 14pt;\">Propri\u00e9t\u00e9s physiques<\/span><\/h2>\n<p>Formule mol\u00e9culaire : FeF3<\/p>\n<p>Poids mol\u00e9culaire : 112,84 g\/mol<\/p>\n<p>Apparence&nbsp;: poudre vert clair<\/p>\n<p>Densit\u00e9 : 3,87 g\/cm\u00b3<\/p>\n<p>Point de fusion : &gt;1000\u00b0C<\/p>\n<p>Structure cristalline : appartient au syst\u00e8me cristallin tripartite, le groupe d\u2019espace est R3c, constante du r\u00e9seau a=b=0,519nm, c = 1,334nm, \u03b1=\u03b2=90\u00b0, \u03b3=120\u00b0, volume cellulaire V = 0,3113nm\u00b3<\/p>\n<h2><span style=\"font-size: 14pt;\">Applications<\/span><\/h2>\n<p>Domaine des batteries lithium-ion : La poudre de fluorure de fer en tant que mat\u00e9riau actif d\u2019anode, avec son avantage de capacit\u00e9 sp\u00e9cifique th\u00e9orique \u00e9lev\u00e9, peut am\u00e9liorer la densit\u00e9 \u00e9nerg\u00e9tique de la batterie, fournir un support d\u2019alimentation plus durable pour les v\u00e9hicules \u00e9lectriques et autres v\u00e9hicules \u00e9lectriques, et promouvoir le d\u00e9veloppement d\u2019une nouvelle industrie de l\u2019\u00e9nergie.<\/p>\n<p>Domaine du traitement de surface m\u00e9tallique&nbsp;: Dans le processus de gravure m\u00e9tallique, la solution de poudre de fluorure de fer peut enlever avec pr\u00e9cision une partie sp\u00e9cifique de la surface m\u00e9tallique, et en contr\u00f4lant le taux et le degr\u00e9 de gravure, elle peut r\u00e9aliser un traitement fin de la microstructure de la surface des produits m\u00e9talliques pour r\u00e9pondre aux besoins de la fabrication de produits de haute pr\u00e9cision tels que les puces \u00e9lectroniques.<\/p>\n<p>Mat\u00e9riaux optiques : Il peut \u00eatre utilis\u00e9 pour pr\u00e9parer le verre optique, et en ajustant sa proportion dans la formule du verre, il peut modifier l\u2019indice de r\u00e9fraction, la dispersion et d\u2019autres propri\u00e9t\u00e9s optiques du verre, fournissant des mat\u00e9riaux cl\u00e9s pour la fabrication de lentilles optiques de haute qualit\u00e9, de fibres optiques, etc., et favorisant l\u2019am\u00e9lioration des performances des instruments optiques.<\/p>\n<p>Champ catalytique : En tant que catalyseur, la poudre de fluorure de fer peut r\u00e9duire l\u2019\u00e9nergie d\u2019activation de la r\u00e9action, acc\u00e9l\u00e9rer la vitesse de r\u00e9action et am\u00e9liorer la s\u00e9lectivit\u00e9 du produit cible dans la r\u00e9action de synth\u00e8se organique, telle que la r\u00e9action d\u2019alkylation des hydrocarbures aromatiques, qui est d\u2019une grande valeur dans l\u2019industrie de la synth\u00e8se chimique.<\/p>\n<h2><span style=\"font-size: 14pt;\">Contr\u00f4le de la qualit\u00e9<\/span><\/h2>\n<p><span style=\"color: #0000ff;\"><a style=\"color: #0000ff;\" href=\"https:\/\/vimaterial.de\/en\/quality-control\/\">Le contr\u00f4le de la qualit\u00e9<\/a> <\/span>de chaque lot de produits est effectu\u00e9 tout au long du processus d\u2019approvisionnement en mati\u00e8res premi\u00e8res, de production et de traitement, de test et d\u2019inspection, et d\u2019emballage, en suivant strictement les normes internationales et les normes industrielles. Nous disposons d\u2019un \u00e9quipement de test avanc\u00e9, d\u2019une \u00e9quipe de contr\u00f4le qualit\u00e9 professionnelle et d\u2019un syst\u00e8me de contr\u00f4le de qualit\u00e9 strict pour garantir la qualit\u00e9 du produit. <\/p>\n<h2><span style=\"font-size: 14pt;\">Emballage et stockage<\/span><\/h2>\n<p>La poudre de fluorure de fer est emball\u00e9e dans un sac sous vide \u00e0 double couche ou une bouteille sous vide \u00e0 double couche, et l\u2019emballage ext\u00e9rieur est emball\u00e9 dans une bo\u00eete en carton.<\/p>\n<p>La poudre de fluorure de fer doit \u00eatre stock\u00e9e dans un environnement sec, frais et bien ventil\u00e9, scell\u00e9e, en \u00e9vitant tout contact avec l\u2019eau, l\u2019air humide, les alcalis forts et les substances sensibles \u00e0 la r\u00e9action chimique, et doit \u00eatre plac\u00e9e conform\u00e9ment aux dispositions du stockage des produits chimiques, \u00e0 l\u2019abri du feu et des sources de chaleur.<\/p>\n","protected":false},"excerpt":{"rendered":"<p>La poudre de fluorure de fer est une sorte de poudre compos\u00e9e de poudre inorganique compos\u00e9e d\u2019\u00e9l\u00e9ments de fer et de fluor, la couleur est g\u00e9n\u00e9ralement blanche ou blanc cass\u00e9, l\u00e9g\u00e8rement soluble dans l\u2019eau et joue un r\u00f4le important dans le domaine des mat\u00e9riaux de batterie, des catalyseurs, etc.<\/p>\n","protected":false},"featured_media":1001906,"comment_status":"open","ping_status":"closed","template":"","meta":{"_acf_changed":false},"product_brand":[],"product_cat":[239],"product_tag":[],"class_list":{"0":"post-1015121","1":"product","2":"type-product","3":"status-publish","4":"has-post-thumbnail","6":"product_cat-materiaux-halogenes","8":"first","9":"instock","10":"shipping-taxable","11":"purchasable","12":"product-type-variable"},"acf":[],"_links":{"self":[{"href":"https:\/\/vimaterial.de\/fr\/wp-json\/wp\/v2\/product\/1015121","targetHints":{"allow":["GET"]}}],"collection":[{"href":"https:\/\/vimaterial.de\/fr\/wp-json\/wp\/v2\/product"}],"about":[{"href":"https:\/\/vimaterial.de\/fr\/wp-json\/wp\/v2\/types\/product"}],"replies":[{"embeddable":true,"href":"https:\/\/vimaterial.de\/fr\/wp-json\/wp\/v2\/comments?post=1015121"}],"wp:featuredmedia":[{"embeddable":true,"href":"https:\/\/vimaterial.de\/fr\/wp-json\/wp\/v2\/media\/1001906"}],"wp:attachment":[{"href":"https:\/\/vimaterial.de\/fr\/wp-json\/wp\/v2\/media?parent=1015121"}],"wp:term":[{"taxonomy":"product_brand","embeddable":true,"href":"https:\/\/vimaterial.de\/fr\/wp-json\/wp\/v2\/product_brand?post=1015121"},{"taxonomy":"product_cat","embeddable":true,"href":"https:\/\/vimaterial.de\/fr\/wp-json\/wp\/v2\/product_cat?post=1015121"},{"taxonomy":"product_tag","embeddable":true,"href":"https:\/\/vimaterial.de\/fr\/wp-json\/wp\/v2\/product_tag?post=1015121"}],"curies":[{"name":"wp","href":"https:\/\/api.w.org\/{rel}","templated":true}]}}