{"id":1015110,"date":"2024-06-17T14:42:44","date_gmt":"2024-06-17T06:42:44","guid":{"rendered":"https:\/\/vimaterial.de\/product\/alliage-de-fer-et-de-gallium\/"},"modified":"2025-04-17T08:57:10","modified_gmt":"2025-04-17T00:57:10","slug":"alliage-de-fer-et-de-gallium","status":"publish","type":"product","link":"https:\/\/vimaterial.de\/fr\/product\/alliage-de-fer-et-de-gallium\/","title":{"rendered":"Alliage de fer et de gallium"},"content":{"rendered":"<p>La cible de pulv\u00e9risation cathodique en <span style=\"color: #0000ff;\"><a style=\"color: #0000ff;\" href=\"https:\/\/vimaterial.de\/en\/product\/iron-gallium-alloy\/\">alliage de fer et de gallium<\/a><\/span> est une sorte de cible en alliage compos\u00e9e de fer et de gallium, ce type de cible peut d\u00e9poser des atomes de fer et de gallium sur le substrat dans le processus de d\u00e9p\u00f4t physique en phase vapeur pour former un film mince avec des propri\u00e9t\u00e9s magn\u00e9tostrictives uniques, une bonne conductivit\u00e9 \u00e9lectrique et un certain degr\u00e9 de r\u00e9sistance \u00e0 la corrosion, qui a un avenir prometteur dans le domaine des syst\u00e8mes micro\u00e9lectrom\u00e9caniques,  capteurs et actionneurs.<\/p>\n<p>VIMATERIAL fournit des cibles de pulv\u00e9risation en alliage de fer et de gallium, nos cibles de pulv\u00e9risation en alliage de fer et de gallium pr\u00e9sentent les avantages d\u2019une grande puret\u00e9, d\u2019une bonne densit\u00e9, d\u2019une bonne structure cristalline, d\u2019excellentes propri\u00e9t\u00e9s de film mince, d\u2019une pr\u00e9cision dimensionnelle \u00e9lev\u00e9e, d\u2019une efficacit\u00e9 de pulv\u00e9risation \u00e9lev\u00e9e et nous pouvons fournir un service de liaison, nous pouvons accepter la personnalisation et l\u2019exp\u00e9rimentation des produits. <span style=\"color: #0000ff;\"><a style=\"color: #0000ff;\" href=\"https:\/\/vimaterial.de\/en\/contact-us\/\"> N\u2019h\u00e9sitez pas \u00e0 nous contacter<\/a><\/span> rapidement. <\/p>\n<h2><span style=\"font-size: 14pt;\">Propri\u00e9t\u00e9s physiques<\/span><\/h2>\n<p>Formule mol\u00e9culaire : FeGa<\/p>\n<p>Apparence&nbsp;: lustre m\u00e9tallis\u00e9 gris argent\u00e9, mat\u00e9riau cible \u00e0 surface lisse.<\/p>\n<p>Densit\u00e9 : g\u00e9n\u00e9ralement autour de 7 \u00e0 8 g\/cm\u00b3.<\/p>\n<p>Point de fusion : environ dans la plage de 1200 \u00e0 1400\u00b0C<\/p>\n<p>Structure cristalline : structure cubique centr\u00e9e sur le corps<\/p>\n<h2><span style=\"font-size: 14pt;\">Applications<\/span><\/h2>\n<p>Champ d\u2019information \u00e9lectronique : Utilis\u00e9 dans la pr\u00e9paration de capteurs magn\u00e9tiques et d\u2019actionneurs dans les puces \u00e0 semi-conducteurs pour am\u00e9liorer les performances des puces.<\/p>\n<p>Syst\u00e8mes micro\u00e9lectrom\u00e9caniques : utilis\u00e9s comme mat\u00e9riau cl\u00e9 pour fabriquer des composants en couches minces de haute pr\u00e9cision dans des syst\u00e8mes micro\u00e9lectrom\u00e9caniques, tels que des micro-nano capteurs et des micro-nano actionneurs.<\/p>\n<p>Champ des mat\u00e9riaux magn\u00e9tiques : des mat\u00e9riaux magn\u00e9tostrictifs haute performance peuvent \u00eatre pr\u00e9par\u00e9s et appliqu\u00e9s sur des transformateurs, des inductances, etc. pour optimiser les performances \u00e9lectromagn\u00e9tiques.<\/p>\n<p>Domaine a\u00e9rospatial : utilis\u00e9 dans la fabrication de rev\u00eatements \u00e0 haute temp\u00e9rature et r\u00e9sistants \u00e0 la corrosion et de composants magn\u00e9tiques dans les \u00e9quipements a\u00e9rospatiaux pour am\u00e9liorer la fiabilit\u00e9 des \u00e9quipements.<\/p>\n<p>Champ d\u2019\u00e9nergie : dans les batteries \u00e0 \u00e9nergie nouvelle et les cellules solaires, il peut \u00eatre utilis\u00e9 comme mat\u00e9riau d\u2019\u00e9lectrode ou mat\u00e9riau de film fonctionnel pour am\u00e9liorer les performances et l\u2019efficacit\u00e9 de la batterie.<\/p>\n<h2><span style=\"font-size: 14pt;\">Contr\u00f4le qualit\u00e9<\/span><\/h2>\n<p><span style=\"color: #0000ff;\"><a style=\"color: #0000ff;\" href=\"https:\/\/vimaterial.de\/en\/quality-control\/\">Le contr\u00f4le de la qualit\u00e9<\/a> <\/span>de nos produits est tr\u00e8s strict, de la s\u00e9lection de mati\u00e8res premi\u00e8res de haute puret\u00e9 et stables, \u00e0 l\u2019utilisation d\u2019\u00e9quipements de pr\u00e9cision avanc\u00e9s et d\u2019une technologie rigoureuse tout au long du contr\u00f4le pr\u00e9cis du processus de production, \u00e0 l\u2019utilisation de m\u00e9thodes d\u2019essai professionnelles sur les propri\u00e9t\u00e9s physiques, chimiques, microstructurelles et autres du produit de la gamme compl\u00e8te d\u2019essais approfondis,  Chaque maillon est strictement suivi des normes internationales \u00e9lev\u00e9es, afin de garantir que chaque lot de mat\u00e9riaux livr\u00e9 avec une excellente qualit\u00e9 et stabilit\u00e9, afin de fournir aux clients une assurance qualit\u00e9 solide et fiable. Nous nous engageons \u00e0 ce que chaque lot de mat\u00e9riaux livr\u00e9s ait une excellente qualit\u00e9 et stabilit\u00e9, offrant ainsi aux clients une assurance qualit\u00e9 solide et fiable. <\/p>\n<h2><span style=\"font-size: 14pt;\">Emballage et stockage<\/span><\/h2>\n<p>Les cibles de pulv\u00e9risation en alliage de fer et de gallium sont emball\u00e9es dans des sacs et des bo\u00eetes sous vide \u00e0 double couche, et l\u2019ext\u00e9rieur est emball\u00e9 dans des cartons.<\/p>\n<p>Les cibles de pulv\u00e9risation en alliage de fer et de gallium doivent \u00eatre stock\u00e9es dans un environnement sec et bien ventil\u00e9 \u00e0 une temp\u00e9rature stable, prot\u00e9g\u00e9es de l\u2019humidit\u00e9, de l\u2019oxydation et des substances corrosives, et prot\u00e9g\u00e9es des chocs physiques violents pour s\u2019assurer que leurs propri\u00e9t\u00e9s physiques et chimiques ne sont pas endommag\u00e9es.<\/p>\n","protected":false},"excerpt":{"rendered":"<p>La cible de pulv\u00e9risation cathodique en <span style=\"color: #0000ff;\"><a style=\"color: #0000ff;\" href=\"https:\/\/vimaterial.de\/en\/product\/iron-gallium-alloy\/\">alliage de fer et de gallium<\/a><\/span> est une sorte de cible en alliage compos\u00e9e de fer et de gallium, ce type de cible peut d\u00e9poser des atomes de fer et de gallium sur le substrat dans le processus de d\u00e9p\u00f4t physique en phase vapeur pour former un film mince avec des propri\u00e9t\u00e9s magn\u00e9tostrictives uniques, une bonne conductivit\u00e9 \u00e9lectrique et un certain degr\u00e9 de r\u00e9sistance \u00e0 la corrosion, qui a un avenir prometteur dans le domaine des syst\u00e8mes micro\u00e9lectrom\u00e9caniques,  capteurs et actionneurs.<\/p>\n","protected":false},"featured_media":1001913,"comment_status":"open","ping_status":"closed","template":"","meta":{"_acf_changed":false},"product_brand":[],"product_cat":[235],"product_tag":[],"class_list":{"0":"post-1015110","1":"product","2":"type-product","3":"status-publish","4":"has-post-thumbnail","6":"product_cat-cibles-de-pulverisation-planaire","8":"first","9":"instock","10":"shipping-taxable","11":"product-type-variable"},"acf":[],"_links":{"self":[{"href":"https:\/\/vimaterial.de\/fr\/wp-json\/wp\/v2\/product\/1015110","targetHints":{"allow":["GET"]}}],"collection":[{"href":"https:\/\/vimaterial.de\/fr\/wp-json\/wp\/v2\/product"}],"about":[{"href":"https:\/\/vimaterial.de\/fr\/wp-json\/wp\/v2\/types\/product"}],"replies":[{"embeddable":true,"href":"https:\/\/vimaterial.de\/fr\/wp-json\/wp\/v2\/comments?post=1015110"}],"wp:featuredmedia":[{"embeddable":true,"href":"https:\/\/vimaterial.de\/fr\/wp-json\/wp\/v2\/media\/1001913"}],"wp:attachment":[{"href":"https:\/\/vimaterial.de\/fr\/wp-json\/wp\/v2\/media?parent=1015110"}],"wp:term":[{"taxonomy":"product_brand","embeddable":true,"href":"https:\/\/vimaterial.de\/fr\/wp-json\/wp\/v2\/product_brand?post=1015110"},{"taxonomy":"product_cat","embeddable":true,"href":"https:\/\/vimaterial.de\/fr\/wp-json\/wp\/v2\/product_cat?post=1015110"},{"taxonomy":"product_tag","embeddable":true,"href":"https:\/\/vimaterial.de\/fr\/wp-json\/wp\/v2\/product_tag?post=1015110"}],"curies":[{"name":"wp","href":"https:\/\/api.w.org\/{rel}","templated":true}]}}