{"id":1015094,"date":"2024-06-17T14:42:44","date_gmt":"2024-06-17T06:42:44","guid":{"rendered":"https:\/\/vimaterial.de\/product\/fer-magnesium\/"},"modified":"2025-04-17T08:55:13","modified_gmt":"2025-04-17T00:55:13","slug":"fer-magnesium","status":"publish","type":"product","link":"https:\/\/vimaterial.de\/fr\/product\/fer-magnesium\/","title":{"rendered":"Fer Magn\u00e9sium"},"content":{"rendered":"<p>Les cibles de pulv\u00e9risation cathodique Fer Magn\u00e9sium sont des mat\u00e9riaux compos\u00e9s de fer et de magn\u00e9sium, qui sont principalement utilis\u00e9s dans le d\u00e9p\u00f4t physique en phase vapeur. Au cours du processus de pulv\u00e9risation, des atomes de fer et de magn\u00e9sium se d\u00e9posent sur le substrat pour former des films minces aux propri\u00e9t\u00e9s physico-chimiques particuli\u00e8res, qui sont utiles dans les domaines de l\u2019\u00e9lectronique et de la protection des mat\u00e9riaux. <\/p>\n<p>VIMATERIAL fournit des cibles de pulv\u00e9risation en fer et en magn\u00e9sium, nos cibles de pulv\u00e9risation en fer et en magn\u00e9sium pr\u00e9sentent les avantages d\u2019une grande puret\u00e9, d\u2019une bonne densit\u00e9, d\u2019une bonne structure cristalline, d\u2019excellentes propri\u00e9t\u00e9s de couche mince, d\u2019une pr\u00e9cision dimensionnelle \u00e9lev\u00e9e et d\u2019une efficacit\u00e9 de pulv\u00e9risation \u00e9lev\u00e9e et nous pouvons fournir un service de liaison, nous pouvons accepter la personnalisation et les exp\u00e9riences, veuillez <span style=\"color: #0000ff;\"><a style=\"color: #0000ff;\" href=\"https:\/\/vimaterial.de\/en\/contact-us\/\">nous contacter<\/a><\/span> bient\u00f4t&nbsp;! N\u2019h\u00e9sitez pas \u00e0 nous contacter. <\/p>\n<h2><span style=\"font-size: 14pt;\">Propri\u00e9t\u00e9s physiques<\/span><\/h2>\n<p>Formule mol\u00e9culaire : FeMg<\/p>\n<p>Apparence&nbsp;: couleur m\u00e9tallis\u00e9e gris argent\u00e9, peut avoir un \u00e9clat m\u00e9tallique \u00e0 la surface du mat\u00e9riau cible.<\/p>\n<p>Densit\u00e9 : environ 3,5 &#8211; 7,9 g\/cm\u00b3.<\/p>\n<p>Point de fusion : environ 649 &#8211; 1538\u00b0C<\/p>\n<h2><span style=\"font-size: 14pt;\">Applications<\/span><\/h2>\n<p>Champ \u00e9lectronique&nbsp;: utilis\u00e9 dans la fabrication de la couche de blindage \u00e9lectromagn\u00e9tique des composants \u00e9lectroniques, r\u00e9duire efficacement les interf\u00e9rences \u00e9lectromagn\u00e9tiques, pour assurer le fonctionnement stable des \u00e9quipements \u00e9lectroniques.<\/p>\n<p>Domaine de la construction automobile&nbsp;: utilis\u00e9 comme mat\u00e9riau de rev\u00eatement r\u00e9sistant \u00e0 l\u2019usure pour les pi\u00e8ces de moteur afin d\u2019am\u00e9liorer la r\u00e9sistance \u00e0 l\u2019usure des pi\u00e8ces et d\u2019am\u00e9liorer la dur\u00e9e de vie du moteur.<\/p>\n<p>Domaine a\u00e9rospatial&nbsp;: appliqu\u00e9 \u00e0 la surface des pi\u00e8ces structurelles l\u00e9g\u00e8res des avions, pour assurer un certain degr\u00e9 de r\u00e9sistance tout en r\u00e9duisant le poids et en am\u00e9liorant les performances de l\u2019avion.<\/p>\n<h2><span style=\"font-size: 14pt;\">Contr\u00f4le qualit\u00e9<\/span><\/h2>\n<p><span style=\"color: #0000ff;\"><a style=\"color: #0000ff;\" href=\"https:\/\/vimaterial.de\/en\/quality-control\/\">Le contr\u00f4le de la qualit\u00e9<\/a><\/span> de nos produits est tr\u00e8s strict, de la s\u00e9lection de mati\u00e8res premi\u00e8res de haute puret\u00e9 et stables, \u00e0 l\u2019utilisation d\u2019\u00e9quipements de pr\u00e9cision avanc\u00e9s et d\u2019une technologie rigoureuse tout au long du contr\u00f4le pr\u00e9cis du processus de production, \u00e0 l\u2019utilisation de m\u00e9thodes d\u2019essai professionnelles sur les propri\u00e9t\u00e9s physiques, chimiques, microstructurelles et autres du produit de la gamme compl\u00e8te d\u2019essais approfondis,  Chaque maillon est strictement suivi des normes internationales \u00e9lev\u00e9es, afin de garantir que chaque lot de mat\u00e9riaux livr\u00e9 avec une excellente qualit\u00e9 et stabilit\u00e9, afin de fournir aux clients une assurance qualit\u00e9 solide et fiable. Nous nous engageons \u00e0 ce que chaque lot de mat\u00e9riaux livr\u00e9s ait une excellente qualit\u00e9 et stabilit\u00e9, offrant ainsi aux clients une assurance qualit\u00e9 solide et fiable. <\/p>\n<h2><span style=\"font-size: 14pt;\">Emballage et stockage<\/span><\/h2>\n<p>Les cibles de pulv\u00e9risation en fer et magn\u00e9sium sont emball\u00e9es dans des sacs et des bo\u00eetes sous vide doubles, et l\u2019ext\u00e9rieur est emball\u00e9 dans des bo\u00eetes en carton.<\/p>\n<p>Les cibles de pulv\u00e9risation de fer et de magn\u00e9sium doivent \u00eatre stock\u00e9es dans un environnement sec, frais et bien ventil\u00e9, en \u00e9vitant l\u2019humidit\u00e9, en \u00e9vitant le contact avec des substances corrosives telles que les acides et les alcalis, et en \u00e9vitant \u00e9galement les collisions violentes et la lumi\u00e8re directe du soleil afin de maintenir la stabilit\u00e9 de ses propri\u00e9t\u00e9s physiques et chimiques.<\/p>\n","protected":false},"excerpt":{"rendered":"<p>Les cibles de pulv\u00e9risation cathodique Fer Magn\u00e9sium sont des mat\u00e9riaux compos\u00e9s de fer et de magn\u00e9sium, qui sont principalement utilis\u00e9s dans le d\u00e9p\u00f4t physique en phase vapeur. Au cours du processus de pulv\u00e9risation, des atomes de fer et de magn\u00e9sium se d\u00e9posent sur le substrat pour former des films minces aux propri\u00e9t\u00e9s physico-chimiques particuli\u00e8res, qui sont utiles dans les domaines de l\u2019\u00e9lectronique et de la protection des mat\u00e9riaux. <\/p>\n","protected":false},"featured_media":1001922,"comment_status":"open","ping_status":"closed","template":"","meta":{"_acf_changed":false},"product_brand":[],"product_cat":[235],"product_tag":[],"class_list":{"0":"post-1015094","1":"product","2":"type-product","3":"status-publish","4":"has-post-thumbnail","6":"product_cat-cibles-de-pulverisation-planaire","8":"first","9":"instock","10":"shipping-taxable","11":"product-type-variable"},"acf":[],"_links":{"self":[{"href":"https:\/\/vimaterial.de\/fr\/wp-json\/wp\/v2\/product\/1015094","targetHints":{"allow":["GET"]}}],"collection":[{"href":"https:\/\/vimaterial.de\/fr\/wp-json\/wp\/v2\/product"}],"about":[{"href":"https:\/\/vimaterial.de\/fr\/wp-json\/wp\/v2\/types\/product"}],"replies":[{"embeddable":true,"href":"https:\/\/vimaterial.de\/fr\/wp-json\/wp\/v2\/comments?post=1015094"}],"wp:featuredmedia":[{"embeddable":true,"href":"https:\/\/vimaterial.de\/fr\/wp-json\/wp\/v2\/media\/1001922"}],"wp:attachment":[{"href":"https:\/\/vimaterial.de\/fr\/wp-json\/wp\/v2\/media?parent=1015094"}],"wp:term":[{"taxonomy":"product_brand","embeddable":true,"href":"https:\/\/vimaterial.de\/fr\/wp-json\/wp\/v2\/product_brand?post=1015094"},{"taxonomy":"product_cat","embeddable":true,"href":"https:\/\/vimaterial.de\/fr\/wp-json\/wp\/v2\/product_cat?post=1015094"},{"taxonomy":"product_tag","embeddable":true,"href":"https:\/\/vimaterial.de\/fr\/wp-json\/wp\/v2\/product_tag?post=1015094"}],"curies":[{"name":"wp","href":"https:\/\/api.w.org\/{rel}","templated":true}]}}