{"id":1015069,"date":"2024-06-17T14:43:15","date_gmt":"2024-06-17T06:43:15","guid":{"rendered":"https:\/\/vimaterial.de\/product\/sulfure-de-fer-5\/"},"modified":"2025-04-16T14:43:38","modified_gmt":"2025-04-16T06:43:38","slug":"sulfure-de-fer-5","status":"publish","type":"product","link":"https:\/\/vimaterial.de\/fr\/product\/sulfure-de-fer-5\/","title":{"rendered":"Sulfure de fer"},"content":{"rendered":"<p><span style=\"color: #0000ff;\"><a style=\"color: #0000ff;\" href=\"https:\/\/vimaterial.de\/en\/product\/iron-sulfide-3\/\">La poudre de sulfure de fer<\/a><\/span> est une poudre brun-noir, principalement compos\u00e9e de fer et de soufre, avec un certain \u00e9clat m\u00e9tallique, insoluble dans l\u2019eau, peut \u00eatre utilis\u00e9e comme mati\u00e8re premi\u00e8re pour la pr\u00e9paration d\u2019autres compos\u00e9s de fer dans l\u2019industrie chimique, et \u00e9galement utilis\u00e9e dans le domaine du traitement des eaux us\u00e9es et de la fabrication de pigments.<\/p>\n<p>Poudre de sulfure de fer, notre poudre pr\u00e9sente les caract\u00e9ristiques d\u2019une grande puret\u00e9, d\u2019une taille de particule uniforme, d\u2019une bonne fluidit\u00e9, de propri\u00e9t\u00e9s chimiques stables, etc. Nous prenons \u00e9galement en charge l\u2019emballage et la commande de petits lots. Nous avons une \u00e9quipe technique professionnelle de recherche et d\u00e9veloppement, acceptons la personnalisation et l\u2019exp\u00e9rimentation du produit, veuillez <span style=\"color: #0000ff;\"><a style=\"color: #0000ff;\" href=\"https:\/\/vimaterial.de\/en\/contact-us\/\">nous contacter.<\/a><\/span>  <\/p>\n<h2><span style=\"font-size: 14pt;\">Propri\u00e9t\u00e9s physiques<\/span><\/h2>\n<p>Formule mol\u00e9culaire : FeS<\/p>\n<p>Poids mol\u00e9culaire : environ 87,91<\/p>\n<p>Apparence&nbsp;: Se pr\u00e9sente sous forme de poudre brun-noir avec un l\u00e9ger \u00e9clat m\u00e9tallique<\/p>\n<p>Densit\u00e9 : environ 4,84 g\/cm\u00b3<\/p>\n<p>Point de fusion : environ 1194\u00b0C<\/p>\n<p>Structure cristalline : Il a une structure cristalline hexagonale, ce qui affecte ses propri\u00e9t\u00e9s physiques et chimiques, telles que les propri\u00e9t\u00e9s \u00e9lectriques et magn\u00e9tiques.<\/p>\n<h2><span style=\"font-size: 14pt;\">Applications<\/span><\/h2>\n<p>Domaine de traitement des eaux us\u00e9es&nbsp;: La poudre de sulfure de fer est utilis\u00e9e dans le traitement des eaux us\u00e9es, qui peut \u00e9liminer les ions de m\u00e9taux lourds dans les eaux us\u00e9es par pr\u00e9cipitation, former des pr\u00e9cipitations de sulfure m\u00e9tallique insoluble, purifier efficacement la qualit\u00e9 de l\u2019eau, r\u00e9pondre \u00e0 la norme de d\u00e9charge et aider le lien de traitement des eaux us\u00e9es dans les affaires de protection de l\u2019environnement.<\/p>\n<p>Industrie m\u00e9tallurgique&nbsp;: Dans le processus de fusion du fer et de l\u2019acier, la poudre de sulfure de fer, en tant que sorte d\u2019agent sulfurisant, peut ajuster la teneur en soufre du fer et de l\u2019acier, afin d\u2019am\u00e9liorer les propri\u00e9t\u00e9s de coupe et m\u00e9caniques du fer et de l\u2019acier, et de satisfaire les exigences sp\u00e9cifiques des mat\u00e9riaux en fer et en acier pour diff\u00e9rentes applications industrielles.<\/p>\n<h2><span style=\"font-size: 14pt;\">Contr\u00f4le de la qualit\u00e9<\/span><\/h2>\n<p><span style=\"color: #0000ff;\"><a style=\"color: #0000ff;\" href=\"https:\/\/vimaterial.de\/en\/quality-control\/\">Le contr\u00f4le de la qualit\u00e9<\/a><\/span> de chaque lot de produits est effectu\u00e9 tout au long du processus d\u2019approvisionnement en mati\u00e8res premi\u00e8res, de production et de traitement, de test et d\u2019inspection, et d\u2019emballage, en suivant strictement les normes internationales et les normes industrielles. Nous disposons d\u2019un \u00e9quipement de test avanc\u00e9, d\u2019une \u00e9quipe de contr\u00f4le qualit\u00e9 professionnelle et d\u2019un syst\u00e8me de contr\u00f4le de qualit\u00e9 strict pour garantir la qualit\u00e9 du produit. <\/p>\n<h2><span style=\"font-size: 14pt;\">Emballage et stockage<\/span><\/h2>\n<p>La poudre de sulfure de fer est emball\u00e9e dans un sac sous vide \u00e0 double couche ou une bouteille sous vide \u00e0 double couche, et l\u2019emballage ext\u00e9rieur est emball\u00e9 dans une bo\u00eete en carton.<\/p>\n<p>La poudre de sulfure de fer doit \u00eatre stock\u00e9e dans un environnement sec, frais et bien ventil\u00e9, scell\u00e9e, en \u00e9vitant le contact avec des agents oxydants et des acides, en \u00e9vitant l\u2019humidit\u00e9, l\u2019oxydation et d\u2019\u00e9ventuelles r\u00e9actions chimiques, et plac\u00e9e conform\u00e9ment \u00e0 la r\u00e9glementation sur le stockage des produits chimiques.<\/p>\n","protected":false},"excerpt":{"rendered":"<p><span style=\"color: #0000ff;\"><a style=\"color: #0000ff;\" href=\"https:\/\/vimaterial.de\/en\/product\/iron-sulfide-3\/\">La poudre de sulfure de fer<\/a><\/span> est une poudre brun-noir, principalement compos\u00e9e de fer et de soufre, avec un certain \u00e9clat m\u00e9tallique, insoluble dans l\u2019eau, peut \u00eatre utilis\u00e9e comme mati\u00e8re premi\u00e8re pour la pr\u00e9paration d\u2019autres compos\u00e9s de fer dans l\u2019industrie chimique, et \u00e9galement utilis\u00e9e dans le domaine du traitement des eaux us\u00e9es et de la fabrication de pigments.<\/p>\n","protected":false},"featured_media":1001950,"comment_status":"open","ping_status":"closed","template":"","meta":{"_acf_changed":false},"product_brand":[],"product_cat":[238],"product_tag":[],"class_list":{"0":"post-1015069","1":"product","2":"type-product","3":"status-publish","4":"has-post-thumbnail","6":"product_cat-materiaux-de-chalcogenure","8":"first","9":"instock","10":"shipping-taxable","11":"purchasable","12":"product-type-variable"},"acf":[],"_links":{"self":[{"href":"https:\/\/vimaterial.de\/fr\/wp-json\/wp\/v2\/product\/1015069","targetHints":{"allow":["GET"]}}],"collection":[{"href":"https:\/\/vimaterial.de\/fr\/wp-json\/wp\/v2\/product"}],"about":[{"href":"https:\/\/vimaterial.de\/fr\/wp-json\/wp\/v2\/types\/product"}],"replies":[{"embeddable":true,"href":"https:\/\/vimaterial.de\/fr\/wp-json\/wp\/v2\/comments?post=1015069"}],"wp:featuredmedia":[{"embeddable":true,"href":"https:\/\/vimaterial.de\/fr\/wp-json\/wp\/v2\/media\/1001950"}],"wp:attachment":[{"href":"https:\/\/vimaterial.de\/fr\/wp-json\/wp\/v2\/media?parent=1015069"}],"wp:term":[{"taxonomy":"product_brand","embeddable":true,"href":"https:\/\/vimaterial.de\/fr\/wp-json\/wp\/v2\/product_brand?post=1015069"},{"taxonomy":"product_cat","embeddable":true,"href":"https:\/\/vimaterial.de\/fr\/wp-json\/wp\/v2\/product_cat?post=1015069"},{"taxonomy":"product_tag","embeddable":true,"href":"https:\/\/vimaterial.de\/fr\/wp-json\/wp\/v2\/product_tag?post=1015069"}],"curies":[{"name":"wp","href":"https:\/\/api.w.org\/{rel}","templated":true}]}}