{"id":1015055,"date":"2024-06-17T14:43:16","date_gmt":"2024-06-17T06:43:16","guid":{"rendered":"https:\/\/vimaterial.de\/product\/sulfure-de-fer-4\/"},"modified":"2025-04-16T14:33:12","modified_gmt":"2025-04-16T06:33:12","slug":"sulfure-de-fer-4","status":"publish","type":"product","link":"https:\/\/vimaterial.de\/fr\/product\/sulfure-de-fer-4\/","title":{"rendered":"Sulfure de fer"},"content":{"rendered":"<p>Les granules <span style=\"color: #0000ff;\"><a style=\"color: #0000ff;\" href=\"https:\/\/vimaterial.de\/en\/product\/iron-sulfide-6\/\">de sulfure de fer<\/a><\/span> sont des particules d\u2019un compos\u00e9 compos\u00e9 de fer et de soufre, g\u00e9n\u00e9ralement de couleur noire ou brun fonc\u00e9, avec une vari\u00e9t\u00e9 de structures cristallines, et ont des applications importantes en min\u00e9ralogie, en science des mat\u00e9riaux et dans l\u2019industrie chimique.<\/p>\n<p>VIMATERIAL fournit des granul\u00e9s de sulfure de fer, nos granul\u00e9s sont uniformes et stables dans leur composition, haute puret\u00e9, haute duret\u00e9, contr\u00f4lables en taille de particules, etc. Et nous pouvons accepter des produits et des exp\u00e9riences personnalis\u00e9s, nous avons une \u00e9quipe professionnelle de recherche et d\u00e9veloppement technique, <span style=\"color: #0000ff;\"><a style=\"color: #0000ff;\" href=\"https:\/\/vimaterial.de\/en\/contact-us\/\">contactez-nous.<\/a><\/span> <\/p>\n<h2><span style=\"font-size: 14pt;\">Propri\u00e9t\u00e9s physiques<\/span><\/h2>\n<p>Formule mol\u00e9culaire : FeS2<\/p>\n<p>Poids mol\u00e9culaire : environ 119,98<\/p>\n<p>Apparence&nbsp;: G\u00e9n\u00e9ralement solide cristallin jaune avec un \u00e9clat m\u00e9tallique.<\/p>\n<p>Structure cristalline : Il existe deux types de syst\u00e8me cristallin \u00e9quiax\u00e9 de type pyrite et de syst\u00e8me cristallin rhombo\u00e9drique de type albite, le premier est la structure d\u00e9riv\u00e9e de la structure de type NaCl, et le second groupe d\u2019espace est Pnnm.<\/p>\n<h2><span style=\"font-size: 14pt;\">Applications<\/span><\/h2>\n<p>Industrie&nbsp;: Les particules de sulfure de fer peuvent \u00eatre utilis\u00e9es comme minerai dans l\u2019industrie m\u00e9tallurgique pour extraire des \u00e9l\u00e9ments tels que le fer et le soufre, fournissant une source importante de mati\u00e8res premi\u00e8res pour la production d\u2019acier.<\/p>\n<p>Agriculture : Les particules de sulfure de fer peuvent \u00eatre utilis\u00e9es comme engrais soufr\u00e9 dans l\u2019agriculture pour reconstituer le sol en soufre, ce qui contribue \u00e0 am\u00e9liorer la fertilit\u00e9 du sol, \u00e0 favoriser la croissance et le d\u00e9veloppement de certaines cultures et \u00e0 am\u00e9liorer le rendement et la qualit\u00e9 des produits agricoles.<\/p>\n<p>Protection de l\u2019environnement : Les particules de sulfure de fer ont certaines propri\u00e9t\u00e9s d\u2019adsorption et peuvent \u00eatre utilis\u00e9es pour traiter certaines eaux us\u00e9es industrielles ou gaz d\u2019\u00e9chappement, en adsorbant des ions de m\u00e9taux lourds et d\u2019autres polluants, afin de r\u00e9duire la pollution de l\u2019environnement dans une certaine mesure.<\/p>\n<h2><span style=\"font-size: 14pt;\">Contr\u00f4le qualit\u00e9<\/span><\/h2>\n<p><span style=\"color: #0000ff;\"><a style=\"color: #0000ff;\" href=\"https:\/\/vimaterial.de\/en\/quality-control\/\">Chaque lot<\/a><\/span> de produits garantit strictement la qualit\u00e9, de la s\u00e9lection des fournisseurs de mati\u00e8res premi\u00e8res \u00e0 l\u2019utilisation d\u2019\u00e9quipements de test avanc\u00e9s pour surveiller avec pr\u00e9cision l\u2019ensemble du processus de production, jusqu\u2019au produit fini \u00e0 travers de nombreuses s\u00e9ries d\u2019\u00e9chantillonnage rigoureux et une certification faisant autorit\u00e9 par une tierce partie, pour garantir que chaque lot de produits respecte et d\u00e9passe les normes \u00e9lev\u00e9es de l\u2019industrie avec une approche globale,  Syst\u00e8me de contr\u00f4le de qualit\u00e9 \u00e0 tol\u00e9rance z\u00e9ro, pour fournir \u00e0 nos clients la meilleure qualit\u00e9 et les produits les plus stables.<\/p>\n<h2><span style=\"font-size: 14pt;\">Emballage et stockage<\/span><\/h2>\n<p>Les granul\u00e9s de sulfure de fer sont emball\u00e9s dans des sacs sous vide ou des bouteilles sous vide dans des cartons.<\/p>\n<p>Les granules de sulfure de fer doivent \u00eatre entrepos\u00e9s dans un endroit sec, frais et bien ventil\u00e9, \u00e0 l\u2019abri de l\u2019air, de l\u2019eau et des oxydants forts pour pr\u00e9venir l\u2019oxydation, l\u2019hydrolyse et la d\u00e9t\u00e9rioration.<\/p>\n","protected":false},"excerpt":{"rendered":"<p>Les granules <span style=\"color: #0000ff;\"><a style=\"color: #0000ff;\" href=\"https:\/\/vimaterial.de\/en\/product\/iron-sulfide-6\/\">de sulfure de fer<\/a><\/span> sont des particules d\u2019un compos\u00e9 compos\u00e9 de fer et de soufre, g\u00e9n\u00e9ralement de couleur noire ou brun fonc\u00e9, avec une vari\u00e9t\u00e9 de structures cristallines, et ont des applications importantes en min\u00e9ralogie, en science des mat\u00e9riaux et dans l\u2019industrie chimique.<\/p>\n","protected":false},"featured_media":1001965,"comment_status":"open","ping_status":"closed","template":"","meta":{"_acf_changed":false},"product_brand":[],"product_cat":[236],"product_tag":[],"class_list":{"0":"post-1015055","1":"product","2":"type-product","3":"status-publish","4":"has-post-thumbnail","6":"product_cat-materiaux-devaporation","8":"first","9":"instock","10":"shipping-taxable","11":"product-type-variable"},"acf":[],"_links":{"self":[{"href":"https:\/\/vimaterial.de\/fr\/wp-json\/wp\/v2\/product\/1015055","targetHints":{"allow":["GET"]}}],"collection":[{"href":"https:\/\/vimaterial.de\/fr\/wp-json\/wp\/v2\/product"}],"about":[{"href":"https:\/\/vimaterial.de\/fr\/wp-json\/wp\/v2\/types\/product"}],"replies":[{"embeddable":true,"href":"https:\/\/vimaterial.de\/fr\/wp-json\/wp\/v2\/comments?post=1015055"}],"wp:featuredmedia":[{"embeddable":true,"href":"https:\/\/vimaterial.de\/fr\/wp-json\/wp\/v2\/media\/1001965"}],"wp:attachment":[{"href":"https:\/\/vimaterial.de\/fr\/wp-json\/wp\/v2\/media?parent=1015055"}],"wp:term":[{"taxonomy":"product_brand","embeddable":true,"href":"https:\/\/vimaterial.de\/fr\/wp-json\/wp\/v2\/product_brand?post=1015055"},{"taxonomy":"product_cat","embeddable":true,"href":"https:\/\/vimaterial.de\/fr\/wp-json\/wp\/v2\/product_cat?post=1015055"},{"taxonomy":"product_tag","embeddable":true,"href":"https:\/\/vimaterial.de\/fr\/wp-json\/wp\/v2\/product_tag?post=1015055"}],"curies":[{"name":"wp","href":"https:\/\/api.w.org\/{rel}","templated":true}]}}