{"id":1015033,"date":"2024-06-17T14:56:24","date_gmt":"2024-06-17T06:56:24","guid":{"rendered":"https:\/\/vimaterial.de\/product\/oxyde-de-cuivre-i\/"},"modified":"2025-04-14T10:10:56","modified_gmt":"2025-04-14T02:10:56","slug":"oxyde-de-cuivre-i","status":"publish","type":"product","link":"https:\/\/vimaterial.de\/fr\/product\/oxyde-de-cuivre-i\/","title":{"rendered":"Oxyde cuivreux (I)"},"content":{"rendered":"<p>La cible de pulv\u00e9risation <span style=\"color: #0000ff;\"><a style=\"color: #0000ff;\" href=\"https:\/\/vimaterial.de\/it\/product\/ossido-rameoso-i-2\/\">d\u2019oxyde cuivreux (I)<\/a> <\/span>est un proc\u00e9d\u00e9 de pulv\u00e9risation utilis\u00e9 dans le d\u00e9p\u00f4t physique en phase vapeur (PVD) pour d\u00e9poser des films minces de haute qualit\u00e9 d\u2019oxyde cupreuse \u00e0 la surface du substrat, qui joue un r\u00f4le important dans de nombreux domaines tels que l\u2019\u00e9lectronique et l\u2019optique.<\/p>\n<p>VIMATERIAL fournit des cibles de pulv\u00e9risation d\u2019oxyde cuivreux (I) de haute puret\u00e9, de haute qualit\u00e9 avec une structure dense, une pulv\u00e9risation uniforme, une puret\u00e9 \u00e9lev\u00e9e, de faibles impuret\u00e9s, des performances de produit stables et peut fournir un service de liaison de cible. Notre soci\u00e9t\u00e9 dispose d\u2019une \u00e9quipe professionnelle de R &amp; D et accepte toutes sortes de services personnalis\u00e9s, veuillez <span style=\"color: #0000ff;\"><a style=\"color: #0000ff;\" href=\"https:\/\/vimaterial.de\/it\/contatto\/\">nous contacter<\/a><\/span>.<\/p>\n<h2><span style=\"font-size: 14pt;\">Propri\u00e9t\u00e9s physiques<\/span><\/h2>\n<p>Formule mol\u00e9culaire : Cu\u2082O<\/p>\n<p>Poids mol\u00e9culaire : 143,08<\/p>\n<p>Apparence\u00a0: cible g\u00e9n\u00e9ralement rouge fonc\u00e9<\/p>\n<p>Densit\u00e9 : 6,04 g\/cm\u00b3 (20\u00b0C)<\/p>\n<p>Point de fusion : 1235\u00b0C<\/p>\n<p>Structure cristalline : syst\u00e8me cristallin cubique<\/p>\n<h2><span style=\"font-size: 14pt;\">Applications<\/span><\/h2>\n<p>Champ de cellules solaires\u00a0: aider \u00e0 la pr\u00e9paration du film de conversion photo\u00e9lectrique \u00e0 haut rendement, am\u00e9liorer l\u2019efficacit\u00e9 de l\u2019utilisation de l\u2019\u00e9nergie solaire.<\/p>\n<p>Dans la fabrication \u00e9lectronique : Les cibles de pulv\u00e9risation d\u2019oxyde cuivreux (I) sont utilis\u00e9es pour le d\u00e9p\u00f4t de films conducteurs sp\u00e9ciaux, qui sont essentiels pour optimiser les performances des circuits de pr\u00e9cision.<\/p>\n<p>Rev\u00eatement optique : Il peut cr\u00e9er des films minces avec des propri\u00e9t\u00e9s optiques uniques, qui sont largement utilis\u00e9s dans les lentilles d\u2019instruments optiques pour augmenter la transparence et filtrer la lumi\u00e8re.<\/p>\n<p>Fabrication des capteurs : Les cibles de pulv\u00e9risation \u00e0 l\u2019oxyde cuivreux (I) permettent le d\u00e9p\u00f4t de films minces fonctionnels \u00e0 la surface des composants sensibles, am\u00e9liorant ainsi avec pr\u00e9cision la sensibilit\u00e9 et la stabilit\u00e9 des capteurs.<\/p>\n<h2><span style=\"font-size: 14pt;\">Contr\u00f4le de la qualit\u00e9<\/span><\/h2>\n<p>Le syst\u00e8me de gestion de <span style=\"color: #0000ff;\"><a style=\"color: #0000ff;\" href=\"https:\/\/vimaterial.de\/it\/controllo-qualita\/\">la qualit\u00e9 le plus strict<\/a><\/span> est mis en \u0153uvre pour chaque lot de produits, avec des enregistrements complets des mati\u00e8res premi\u00e8res aux produits finaux pour une tra\u00e7abilit\u00e9 facile des produits. Nous avons mis en place des mesures de s\u00e9gr\u00e9gation strictes pour la manipulation des produits non conformes afin de garantir qu\u2019aucun produit non conforme ne puisse \u00eatre laiss\u00e9 au processus suivant.<\/p>\n<h2><span style=\"font-size: 14pt;\">Emballage et stockage<\/span><\/h2>\n<p>Les cibles de pulv\u00e9risation d\u2019oxyde cuivreux (I) sont emball\u00e9es dans des sacs sous vide doubles, puis emball\u00e9es.<\/p>\n<p>Les cibles de pulv\u00e9risation d\u2019oxyde cuivreux (I) doivent \u00eatre stock\u00e9es dans un environnement sec, frais et bien ventil\u00e9, \u00e0 l\u2019abri de l\u2019humidit\u00e9, de l\u2019oxydation et du contact avec des substances corrosives, et prot\u00e9g\u00e9es des chocs physiques et de la compression.<\/p>\n","protected":false},"excerpt":{"rendered":"<p>La cible de pulv\u00e9risation <span style=\"color: #0000ff;\"><a style=\"color: #0000ff;\" href=\"https:\/\/vimaterial.de\/it\/product\/ossido-rameoso-i-2\/\">d\u2019oxyde cuivreux (I)<\/a> <\/span>est un proc\u00e9d\u00e9 de pulv\u00e9risation utilis\u00e9 dans le d\u00e9p\u00f4t physique en phase vapeur (PVD) pour d\u00e9poser des films minces de haute qualit\u00e9 d\u2019oxyde cupreuse \u00e0 la surface du substrat, qui joue un r\u00f4le important dans de nombreux domaines tels que l\u2019\u00e9lectronique et l\u2019optique.<\/p>\n<p>VIMATERIAL fournit des cibles de pulv\u00e9risation d\u2019oxyde cuivreux (I) de haute puret\u00e9, de haute qualit\u00e9 avec une structure dense, une pulv\u00e9risation uniforme, une puret\u00e9 \u00e9lev\u00e9e, de faibles impuret\u00e9s, des performances de produit stables et peut fournir un service de liaison de cible. Notre soci\u00e9t\u00e9 dispose d\u2019une \u00e9quipe professionnelle de R &amp; D et accepte toutes sortes de services personnalis\u00e9s, veuillez <span style=\"color: #0000ff;\"><a style=\"color: #0000ff;\" href=\"https:\/\/vimaterial.de\/it\/contatto\/\">nous contacter<\/a><\/span>.<\/p>\n","protected":false},"featured_media":1002971,"comment_status":"open","ping_status":"closed","template":"","meta":{"_acf_changed":false},"product_brand":[],"product_cat":[235],"product_tag":[],"class_list":{"0":"post-1015033","1":"product","2":"type-product","3":"status-publish","4":"has-post-thumbnail","6":"product_cat-cibles-de-pulverisation-planaire","8":"first","9":"instock","10":"shipping-taxable","11":"purchasable","12":"product-type-variable"},"acf":[],"_links":{"self":[{"href":"https:\/\/vimaterial.de\/fr\/wp-json\/wp\/v2\/product\/1015033","targetHints":{"allow":["GET"]}}],"collection":[{"href":"https:\/\/vimaterial.de\/fr\/wp-json\/wp\/v2\/product"}],"about":[{"href":"https:\/\/vimaterial.de\/fr\/wp-json\/wp\/v2\/types\/product"}],"replies":[{"embeddable":true,"href":"https:\/\/vimaterial.de\/fr\/wp-json\/wp\/v2\/comments?post=1015033"}],"wp:featuredmedia":[{"embeddable":true,"href":"https:\/\/vimaterial.de\/fr\/wp-json\/wp\/v2\/media\/1002971"}],"wp:attachment":[{"href":"https:\/\/vimaterial.de\/fr\/wp-json\/wp\/v2\/media?parent=1015033"}],"wp:term":[{"taxonomy":"product_brand","embeddable":true,"href":"https:\/\/vimaterial.de\/fr\/wp-json\/wp\/v2\/product_brand?post=1015033"},{"taxonomy":"product_cat","embeddable":true,"href":"https:\/\/vimaterial.de\/fr\/wp-json\/wp\/v2\/product_cat?post=1015033"},{"taxonomy":"product_tag","embeddable":true,"href":"https:\/\/vimaterial.de\/fr\/wp-json\/wp\/v2\/product_tag?post=1015033"}],"curies":[{"name":"wp","href":"https:\/\/api.w.org\/{rel}","templated":true}]}}