{"id":1015009,"date":"2024-06-17T14:56:26","date_gmt":"2024-06-17T06:56:26","guid":{"rendered":"https:\/\/vimaterial.de\/product\/sulfure-de-cuivre\/"},"modified":"2025-04-14T09:50:02","modified_gmt":"2025-04-14T01:50:02","slug":"sulfure-de-cuivre","status":"publish","type":"product","link":"https:\/\/vimaterial.de\/fr\/product\/sulfure-de-cuivre\/","title":{"rendered":"Sulfure de cuivre"},"content":{"rendered":"<p><span style=\"color: #0000ff;\"><a style=\"color: #0000ff;\" href=\"https:\/\/vimaterial.de\/fr\/product\/sulfure-de-cuivre-2\/\">La cible de pulv\u00e9risation de sulfure de cuivre<\/a><\/span> se compose principalement de Cu\u2082S. En termes d\u2019application, il est utilis\u00e9 dans la technologie de d\u00e9p\u00f4t physique en phase vapeur, dans les semi-conducteurs, le photovolta\u00efque, le rev\u00eatement optique, la fabrication de dispositifs \u00e9lectroniques et d\u2019autres domaines, \u00e0 travers le d\u00e9p\u00f4t de couches minces pour r\u00e9aliser tels que l\u2019augmentation de l\u2019efficacit\u00e9 de la conversion photovolta\u00efque, l\u2019am\u00e9lioration des performances \u00e9lectriques, la fabrication de composants optiques et d\u2019autres fonctions.<\/p>\n<p>VIMATERIAL fournit des cibles de pulv\u00e9risation de sulfure de cuivre, nous avons une \u00e9quipe de R &amp; D professionnelle pour soutenir votre personnalisation de cible et votre service de reliure de cible, veuillez <span style=\"color: #0000ff;\"><a style=\"color: #0000ff;\" href=\"https:\/\/vimaterial.de\/fr\/contact\/\">nous contacter<\/a><\/span> si vous avez des questions.<\/p>\n<h2><span style=\"font-size: 14pt;\">Propri\u00e9t\u00e9s physiques<\/span><\/h2>\n<p>Formule mol\u00e9culaire : Cu\u2082S<\/p>\n<p>Poids mol\u00e9culaire : 159,16<\/p>\n<p>Apparence\u00a0: solide brillant gris-noir<\/p>\n<p>Densit\u00e9 : 5,6 g\/cm\u00b3<\/p>\n<p>Point de fusion : 1130\u00b0C<\/p>\n<p>Structure cristalline : Syst\u00e8me cristallin cubique<\/p>\n<h2><span style=\"font-size: 14pt;\">Applications<\/span><\/h2>\n<p>Domaine des semi-conducteurs : Utilis\u00e9 dans le d\u00e9p\u00f4t de couches minces dans la fabrication de circuits int\u00e9gr\u00e9s, fournissant aux films semi-conducteurs des fonctions sp\u00e9cifiques pour les puces.<\/p>\n<p>Champ photovolta\u00efque\u00a0: en tant que l\u2019un des mat\u00e9riaux pour les cellules solaires, il peut am\u00e9liorer l\u2019efficacit\u00e9 de conversion photo\u00e9lectrique des cellules.<\/p>\n<p>Appareils \u00e9lectroniques : utilis\u00e9s pour fabriquer des \u00e9lectrodes conductrices afin de fournir une bonne conductivit\u00e9 aux appareils \u00e9lectroniques.<\/p>\n<p>Champ optique : utilis\u00e9 dans la fabrication de composants optiques tels que les dispositifs de conversion photothermique et les polariseurs de rayonnement infrarouge.<\/p>\n<h2><span style=\"font-size: 14pt;\">Contr\u00f4le de la qualit\u00e9<\/span><\/h2>\n<p><span style=\"color: #0000ff;\"><a style=\"color: #0000ff;\" href=\"https:\/\/vimaterial.de\/fr\/controle-qualite\/\">Chaque lot<\/a><\/span> de produits met en \u0153uvre le syst\u00e8me de contr\u00f4le de qualit\u00e9 le plus strict, nous avons compl\u00e9t\u00e9 les registres des produits, la tra\u00e7abilit\u00e9 des produits avec une assurance qualit\u00e9 stricte. Nous avons un processus complet pour la manipulation des produits non conformes, et nous ne transmettrons pas les produits non conformes au processus suivant. Nous fournissons des \u00e9chantillons pour la r\u00e9inspection des clients et nous soutenons \u00e9galement les organismes d\u2019inspection tiers d\u00e9sign\u00e9s par les clients.<\/p>\n<h2><span style=\"font-size: 14pt;\">Emballage et stockage<\/span><\/h2>\n<p>Les cibles de pulv\u00e9risation de sulfure de cuivre sont emball\u00e9es dans des sacs sous vide doubles, puis emball\u00e9es pour la protection.<\/p>\n<p>Les cibles de pulv\u00e9risation de sulfure de cuivre doivent \u00eatre stock\u00e9es dans un environnement sec, frais et bien ventil\u00e9, \u00e0 l\u2019abri de la lumi\u00e8re, plac\u00e9es dans des r\u00e9cipients scell\u00e9s, de pr\u00e9f\u00e9rence remplis de gaz inerte, et stock\u00e9es s\u00e9par\u00e9ment des oxydants forts, des acides et d\u2019autres substances sensibles aux r\u00e9actions chimiques, afin d\u2019\u00e9viter l\u2019humidit\u00e9, l\u2019oxydation et la contamination par des impuret\u00e9s, afin de garantir la stabilit\u00e9 de leurs propri\u00e9t\u00e9s physiques et chimiques.<\/p>\n","protected":false},"excerpt":{"rendered":"<p><span style=\"color: #0000ff;\"><a style=\"color: #0000ff;\" href=\"https:\/\/vimaterial.de\/fr\/product\/sulfure-de-cuivre-2\/\">La cible de pulv\u00e9risation de sulfure de cuivre<\/a><\/span> se compose principalement de Cu\u2082S. En termes d\u2019application, il est utilis\u00e9 dans la technologie de d\u00e9p\u00f4t physique en phase vapeur, dans les semi-conducteurs, le photovolta\u00efque, le rev\u00eatement optique, la fabrication de dispositifs \u00e9lectroniques et d\u2019autres domaines, \u00e0 travers le d\u00e9p\u00f4t de couches minces pour r\u00e9aliser tels que l\u2019augmentation de l\u2019efficacit\u00e9 de la conversion photovolta\u00efque, l\u2019am\u00e9lioration des performances \u00e9lectriques, la fabrication de composants optiques et d\u2019autres fonctions.<\/p>\n<p>VIMATERIAL fournit des cibles de pulv\u00e9risation de sulfure de cuivre, nous avons une \u00e9quipe de R &amp; D professionnelle pour soutenir votre personnalisation de cible et votre service de reliure de cible, veuillez <span style=\"color: #0000ff;\"><a style=\"color: #0000ff;\" href=\"https:\/\/vimaterial.de\/fr\/contact\/\">nous contacter<\/a><\/span> si vous avez des questions.<\/p>\n","protected":false},"featured_media":1002988,"comment_status":"open","ping_status":"closed","template":"","meta":{"_acf_changed":false},"product_brand":[],"product_cat":[235],"product_tag":[],"class_list":{"0":"post-1015009","1":"product","2":"type-product","3":"status-publish","4":"has-post-thumbnail","6":"product_cat-cibles-de-pulverisation-planaire","8":"first","9":"instock","10":"shipping-taxable","11":"product-type-variable"},"acf":[],"_links":{"self":[{"href":"https:\/\/vimaterial.de\/fr\/wp-json\/wp\/v2\/product\/1015009","targetHints":{"allow":["GET"]}}],"collection":[{"href":"https:\/\/vimaterial.de\/fr\/wp-json\/wp\/v2\/product"}],"about":[{"href":"https:\/\/vimaterial.de\/fr\/wp-json\/wp\/v2\/types\/product"}],"replies":[{"embeddable":true,"href":"https:\/\/vimaterial.de\/fr\/wp-json\/wp\/v2\/comments?post=1015009"}],"wp:featuredmedia":[{"embeddable":true,"href":"https:\/\/vimaterial.de\/fr\/wp-json\/wp\/v2\/media\/1002988"}],"wp:attachment":[{"href":"https:\/\/vimaterial.de\/fr\/wp-json\/wp\/v2\/media?parent=1015009"}],"wp:term":[{"taxonomy":"product_brand","embeddable":true,"href":"https:\/\/vimaterial.de\/fr\/wp-json\/wp\/v2\/product_brand?post=1015009"},{"taxonomy":"product_cat","embeddable":true,"href":"https:\/\/vimaterial.de\/fr\/wp-json\/wp\/v2\/product_cat?post=1015009"},{"taxonomy":"product_tag","embeddable":true,"href":"https:\/\/vimaterial.de\/fr\/wp-json\/wp\/v2\/product_tag?post=1015009"}],"curies":[{"name":"wp","href":"https:\/\/api.w.org\/{rel}","templated":true}]}}