{"id":1014985,"date":"2024-06-17T14:56:26","date_gmt":"2024-06-17T06:56:26","guid":{"rendered":"https:\/\/vimaterial.de\/product\/seleniure-de-cuivre-3\/"},"modified":"2025-04-14T09:39:42","modified_gmt":"2025-04-14T01:39:42","slug":"seleniure-de-cuivre-3","status":"publish","type":"product","link":"https:\/\/vimaterial.de\/fr\/product\/seleniure-de-cuivre-3\/","title":{"rendered":"S\u00e9l\u00e9niure de cuivre"},"content":{"rendered":"<p>Les granules de <span style=\"color: #0000ff;\"><a style=\"color: #0000ff;\" href=\"https:\/\/vimaterial.de\/fr\/product\/seleniure-de-cuivre-6\/\">s\u00e9l\u00e9niure de cuivre<\/a><\/span> sont des particules solides compos\u00e9es de cuivre et de s\u00e9l\u00e9nium avec des propri\u00e9t\u00e9s physicochimiques sp\u00e9cifiques, que l\u2019on trouve couramment dans les cristaux cubiques noirs et d\u2019autres formes, qui ont des applications importantes dans l\u2019opto\u00e9lectronique, les semi-conducteurs et d\u2019autres domaines.<\/p>\n<p>Nous fournissons des granul\u00e9s de s\u00e9l\u00e9niure de cuivre, nos granul\u00e9s de s\u00e9l\u00e9niure de cuivre ont une efficacit\u00e9 thermo\u00e9lectrique \u00e9lev\u00e9e, un prix bas, une stabilit\u00e9 \u00e9lev\u00e9e du produit, un contr\u00f4le strict de la qualit\u00e9 du produit et un petit MOQ. Nous avons une \u00e9quipe professionnelle de recherche et d\u00e9veloppement technique, vous pouvez <span style=\"color: #0000ff;\"><a style=\"color: #0000ff;\" href=\"https:\/\/vimaterial.de\/fr\/contact\/\">nous contacter<\/a><\/span> si vous avez des questions.<\/p>\n<h2><span style=\"font-size: 14pt;\">Propri\u00e9t\u00e9s physiques<\/span><\/h2>\n<p>Formule mol\u00e9culaire : Cu\u2082Se<\/p>\n<p>Poids mol\u00e9culaire : environ 206,0520<\/p>\n<p>Apparence\u00a0: g\u00e9n\u00e9ralement des particules de cristal bleu fonc\u00e9 \u00e0 noir<\/p>\n<p>Densit\u00e9 : 6,84 g\/mL<\/p>\n<p>Point de fusion : 1113\u00b0C<\/p>\n<p>Structure cristalline : Structure cristalline t\u00e9tragonale, dans laquelle les atomes de cuivre et de s\u00e9l\u00e9nium forment un r\u00e9seau cristallin r\u00e9gulier dans un arrangement sp\u00e9cifique, cette structure conf\u00e8re au s\u00e9l\u00e9niure de cuivre des propri\u00e9t\u00e9s physiques et chimiques uniques.<\/p>\n<h2><span style=\"font-size: 14pt;\">Applications<\/span><\/h2>\n<p>Thermo\u00e9lectricit\u00e9 : Dans le domaine de la thermo\u00e9lectricit\u00e9, il peut \u00eatre utilis\u00e9 dans la fabrication de g\u00e9n\u00e9rateurs thermo\u00e9lectriques et d\u2019\u00e9quipements de r\u00e9frig\u00e9ration, qui peuvent convertir efficacement la chaleur et l\u2019\u00e9lectricit\u00e9 en raison de ses bonnes propri\u00e9t\u00e9s thermo\u00e9lectriques.<\/p>\n<p>Champ photovolta\u00efque : Dans les cellules solaires, le Cu\u2082Se, en tant que mat\u00e9riau de couche d\u2019absorption, peut absorber efficacement la lumi\u00e8re du soleil et g\u00e9n\u00e9rer des porteurs, ce qui devrait am\u00e9liorer l\u2019efficacit\u00e9 de conversion photo\u00e9lectrique des cellules photovolta\u00efques.<\/p>\n<p>Appareils \u00e9lectroniques : Il peut \u00eatre utilis\u00e9 comme mat\u00e9riau de contact dans la fabrication de composants \u00e9lectroniques, tels que les transistors et les diodes, et ses propri\u00e9t\u00e9s \u00e9lectriques peuvent \u00eatre utilis\u00e9es pour am\u00e9liorer les performances des appareils \u00e9lectroniques, par exemple en r\u00e9duisant la r\u00e9sistance de contact.<\/p>\n<p>Domaine des dispositifs opto\u00e9lectroniques : Dans le domaine des dispositifs opto\u00e9lectroniques, il peut \u00eatre utilis\u00e9 pour fabriquer des photod\u00e9tecteurs afin de d\u00e9tecter et de convertir des signaux lumineux dans une gamme de longueurs d\u2019onde sp\u00e9cifique, ce qui joue un r\u00f4le dans les communications optiques et d\u2019autres domaines.<\/p>\n<p>Catalyse\u00a0: Dans les r\u00e9actions catalytiques, en particulier celles impliquant la g\u00e9n\u00e9ration d\u2019hydrog\u00e8ne ou la synth\u00e8se organique, Cu\u2082Se peut \u00eatre utilis\u00e9 comme catalyseur pour acc\u00e9l\u00e9rer le processus de r\u00e9action en utilisant les sites actifs \u00e0 sa surface.<\/p>\n<h2><span style=\"font-size: 14pt;\">Contr\u00f4le de la qualit\u00e9<\/span><\/h2>\n<p><span style=\"color: #0000ff;\"><a style=\"color: #0000ff;\" href=\"https:\/\/vimaterial.de\/fr\/controle-qualite\/\">Chaque lot<\/a><\/span> de produits met en \u0153uvre le syst\u00e8me de contr\u00f4le de qualit\u00e9 le plus strict, nous avons compl\u00e9t\u00e9 les registres des produits, la tra\u00e7abilit\u00e9 des produits avec une assurance qualit\u00e9 stricte. Nous avons un processus complet pour la manipulation des produits non conformes, et nous ne transmettrons pas les produits non conformes au processus suivant. Nous fournissons des \u00e9chantillons pour la r\u00e9inspection des clients et nous soutenons \u00e9galement les organismes d\u2019inspection tiers d\u00e9sign\u00e9s par les clients.<\/p>\n<h2><span style=\"font-size: 14pt;\">Emballage et stockage<\/span><\/h2>\n<p>Les granul\u00e9s de s\u00e9l\u00e9niure de cuivre sont emball\u00e9s dans des sacs \u00e0 double vide ou des bouteilles \u00e0 double vide avec des cartons ext\u00e9rieurs. L\u2019unit\u00e9 d\u2019emballage minimale est de 100 g\/bouteille.<\/p>\n<p>Les granul\u00e9s de s\u00e9l\u00e9niure de cuivre doivent \u00eatre stock\u00e9s dans un environnement sec, frais, \u00e9tanche \u00e0 la lumi\u00e8re et bien scell\u00e9, de pr\u00e9f\u00e9rence dans des r\u00e9cipients remplis de gaz inerte, en \u00e9vitant le contact avec l\u2019air, l\u2019humidit\u00e9, les acides forts et les agents oxydants forts, afin d\u2019\u00e9viter l\u2019oxydation, la d\u00e9liquescence ou les r\u00e9actions chimiques qui pourraient alt\u00e9rer leurs propri\u00e9t\u00e9s.<\/p>\n","protected":false},"excerpt":{"rendered":"<p>Les granules de <span style=\"color: #0000ff;\"><a style=\"color: #0000ff;\" href=\"https:\/\/vimaterial.de\/fr\/product\/seleniure-de-cuivre-6\/\">s\u00e9l\u00e9niure de cuivre<\/a><\/span> sont des particules solides compos\u00e9es de cuivre et de s\u00e9l\u00e9nium avec des propri\u00e9t\u00e9s physicochimiques sp\u00e9cifiques, que l\u2019on trouve couramment dans les cristaux cubiques noirs et d\u2019autres formes, qui ont des applications importantes dans l\u2019opto\u00e9lectronique, les semi-conducteurs et d\u2019autres domaines.<\/p>\n<p>Nous fournissons des granul\u00e9s de s\u00e9l\u00e9niure de cuivre, nos granul\u00e9s de s\u00e9l\u00e9niure de cuivre ont une efficacit\u00e9 thermo\u00e9lectrique \u00e9lev\u00e9e, un prix bas, une stabilit\u00e9 \u00e9lev\u00e9e du produit, un contr\u00f4le strict de la qualit\u00e9 du produit et un petit MOQ. Nous avons une \u00e9quipe professionnelle de recherche et d\u00e9veloppement technique, vous pouvez <span style=\"color: #0000ff;\"><a style=\"color: #0000ff;\" href=\"https:\/\/vimaterial.de\/fr\/contact\/\">nous contacter<\/a><\/span> si vous avez des questions.<\/p>\n","protected":false},"featured_media":1002997,"comment_status":"open","ping_status":"closed","template":"","meta":{"_acf_changed":false},"product_brand":[],"product_cat":[236],"product_tag":[],"class_list":{"0":"post-1014985","1":"product","2":"type-product","3":"status-publish","4":"has-post-thumbnail","6":"product_cat-materiaux-devaporation","8":"first","9":"instock","10":"shipping-taxable","11":"product-type-variable"},"acf":[],"_links":{"self":[{"href":"https:\/\/vimaterial.de\/fr\/wp-json\/wp\/v2\/product\/1014985","targetHints":{"allow":["GET"]}}],"collection":[{"href":"https:\/\/vimaterial.de\/fr\/wp-json\/wp\/v2\/product"}],"about":[{"href":"https:\/\/vimaterial.de\/fr\/wp-json\/wp\/v2\/types\/product"}],"replies":[{"embeddable":true,"href":"https:\/\/vimaterial.de\/fr\/wp-json\/wp\/v2\/comments?post=1014985"}],"wp:featuredmedia":[{"embeddable":true,"href":"https:\/\/vimaterial.de\/fr\/wp-json\/wp\/v2\/media\/1002997"}],"wp:attachment":[{"href":"https:\/\/vimaterial.de\/fr\/wp-json\/wp\/v2\/media?parent=1014985"}],"wp:term":[{"taxonomy":"product_brand","embeddable":true,"href":"https:\/\/vimaterial.de\/fr\/wp-json\/wp\/v2\/product_brand?post=1014985"},{"taxonomy":"product_cat","embeddable":true,"href":"https:\/\/vimaterial.de\/fr\/wp-json\/wp\/v2\/product_cat?post=1014985"},{"taxonomy":"product_tag","embeddable":true,"href":"https:\/\/vimaterial.de\/fr\/wp-json\/wp\/v2\/product_tag?post=1014985"}],"curies":[{"name":"wp","href":"https:\/\/api.w.org\/{rel}","templated":true}]}}