{"id":1014964,"date":"2024-06-17T14:56:30","date_gmt":"2024-06-17T06:56:30","guid":{"rendered":"https:\/\/vimaterial.de\/product\/seleniure-de-cuivre\/"},"modified":"2025-04-11T17:30:01","modified_gmt":"2025-04-11T09:30:01","slug":"seleniure-de-cuivre","status":"publish","type":"product","link":"https:\/\/vimaterial.de\/fr\/product\/seleniure-de-cuivre\/","title":{"rendered":"S\u00e9l\u00e9niure de cuivre"},"content":{"rendered":"<p><span style=\"color: #0000ff;\"><a style=\"color: #0000ff;\" href=\"https:\/\/vimaterial.de\/fr\/product\/seleniure-de-cuivre-3\/\">La poudre de s\u00e9l\u00e9niure de cuivre<\/a><\/span> est une poudre fine compos\u00e9e de cuivre et de s\u00e9l\u00e9nium, g\u00e9n\u00e9ralement de couleur noire, avec des propri\u00e9t\u00e9s semi-conductrices et autres, des particules fines et uniformes, avec des applications potentielles dans les domaines thermo\u00e9lectrique, photovolta\u00efque, etc. Il doit \u00eatre stock\u00e9 correctement dans des conditions s\u00e8ches et scell\u00e9es pour \u00e9viter l\u2019oxydation et d\u2019autres r\u00e9actions.<\/p>\n<p>VIMATERIAL fournit une large gamme de poudres de s\u00e9l\u00e9niure de cuivre de haute puret\u00e9, nous sommes un fournisseur professionnel de mati\u00e8res premi\u00e8res chimiques inorganiques, nous avons une \u00e9quipe technique professionnelle, une \u00e9quipe apr\u00e8s-vente parfaite, si vous avez des questions \u00e0 cet \u00e9gard, veuillez <span style=\"color: #0000ff;\"><a style=\"color: #0000ff;\" href=\"https:\/\/vimaterial.de\/fr\/contact\/\">nous contacter.<\/a><\/span><\/p>\n<h2><span style=\"font-size: 14pt;\">Propri\u00e9t\u00e9s physiques<\/span><\/h2>\n<p>Formule mol\u00e9culaire : Cu\u2082Se<\/p>\n<p>Poids mol\u00e9culaire : 206,05<\/p>\n<p>Apparence\u00a0: g\u00e9n\u00e9ralement bleu fonc\u00e9 ou poudre noire.<\/p>\n<p>Densit\u00e9 : environ 6,84 g\/cm\u00b3.<\/p>\n<p>Structure cristalline : Forme des cristaux orthorhombiques sous basse pression et des cristaux cubiques sous haute pression.<\/p>\n<h2><span style=\"font-size: 14pt;\">Applications<\/span><\/h2>\n<p>Champ photovolta\u00efque\u00a0: Il peut \u00eatre utilis\u00e9 dans la pr\u00e9paration de cellules solaires \u00e0 couche mince CIGS, qui peuvent convertir la lumi\u00e8re du soleil en \u00e9lectricit\u00e9.<\/p>\n<p>Photod\u00e9tection : Les photod\u00e9tecteurs \u00e0 base de Cu\u2082Se peuvent \u00eatre utilis\u00e9s pour d\u00e9tecter la lumi\u00e8re infrarouge et proche infrarouge, et sont utiles dans les communications, la surveillance de l\u2019environnement et la recherche scientifique.<\/p>\n<p>Imagerie thermique : Le d\u00e9veloppement de cam\u00e9ras et de capteurs thermiques capables de visualiser la distribution thermique et la diff\u00e9rence de temp\u00e9rature dans diverses applications, telles que la s\u00e9curit\u00e9 et l\u2019inspection industrielle.<\/p>\n<p>D\u00e9tection des rayonnements nucl\u00e9aires : Les d\u00e9tecteurs \u00e0 base de Cu\u2082Se sont utilis\u00e9s dans les spectrom\u00e8tres \u00e0 rayons gamma et les d\u00e9tecteurs de rayonnements pour la recherche en physique nucl\u00e9aire, la m\u00e9decine nucl\u00e9aire et la surveillance des rayonnements.<\/p>\n<h2><span style=\"font-size: 14pt;\">Contr\u00f4le de la qualit\u00e9<\/span><\/h2>\n<p><span style=\"color: #0000ff;\"><a style=\"color: #0000ff;\" href=\"https:\/\/vimaterial.de\/fr\/controle-qualite\/\">Chaque lot<\/a><\/span> de produits met en \u0153uvre le syst\u00e8me de contr\u00f4le de qualit\u00e9 le plus strict, nous avons compl\u00e9t\u00e9 les registres des produits, la tra\u00e7abilit\u00e9 des produits avec une assurance qualit\u00e9 stricte. Nous avons un processus complet pour la manipulation des produits non conformes, et nous ne transmettrons pas les produits non conformes au processus suivant. Nous fournissons des \u00e9chantillons pour la r\u00e9inspection des clients et nous soutenons \u00e9galement les organismes d\u2019inspection tiers d\u00e9sign\u00e9s par les clients.<\/p>\n<h2><span style=\"font-size: 14pt;\">Emballage et stockage<\/span><\/h2>\n<p>Les poudres de s\u00e9l\u00e9niure de cuivre sont conditionn\u00e9es dans des sacs ou des bouteilles sous vide doubles avec une unit\u00e9 d\u2019emballage minimale de 100 g\/bouteille.<\/p>\n<p>Les poudres de s\u00e9l\u00e9niure de cuivre doivent \u00eatre stock\u00e9es dans un environnement sec, frais, bien ventil\u00e9, \u00e0 l\u2019abri de la lumi\u00e8re. Les r\u00e9cipients scell\u00e9s doivent de pr\u00e9f\u00e9rence \u00eatre remplis d\u2019un gaz inerte, par exemple de l\u2019argon, pour \u00e9viter l\u2019humidit\u00e9, l\u2019oxydation et la contamination par des impuret\u00e9s, et doivent \u00eatre isol\u00e9s des agents oxydants forts, des acides et d\u2019autres substances avec lesquelles des r\u00e9actions chimiques peuvent se produire.<\/p>\n","protected":false},"excerpt":{"rendered":"<p><span style=\"color: #0000ff;\"><a style=\"color: #0000ff;\" href=\"https:\/\/vimaterial.de\/fr\/product\/seleniure-de-cuivre-3\/\">La poudre de s\u00e9l\u00e9niure de cuivre<\/a><\/span> est une poudre fine compos\u00e9e de cuivre et de s\u00e9l\u00e9nium, g\u00e9n\u00e9ralement de couleur noire, avec des propri\u00e9t\u00e9s semi-conductrices et autres, des particules fines et uniformes, avec des applications potentielles dans les domaines thermo\u00e9lectrique, photovolta\u00efque, etc. Il doit \u00eatre stock\u00e9 correctement dans des conditions s\u00e8ches et scell\u00e9es pour \u00e9viter l\u2019oxydation et d\u2019autres r\u00e9actions.<\/p>\n<p>VIMATERIAL fournit une large gamme de poudres de s\u00e9l\u00e9niure de cuivre de haute puret\u00e9, nous sommes un fournisseur professionnel de mati\u00e8res premi\u00e8res chimiques inorganiques, nous avons une \u00e9quipe technique professionnelle, une \u00e9quipe apr\u00e8s-vente parfaite, si vous avez des questions \u00e0 cet \u00e9gard, veuillez <span style=\"color: #0000ff;\"><a style=\"color: #0000ff;\" href=\"https:\/\/vimaterial.de\/fr\/contact\/\">nous contacter.<\/a><\/span><\/p>\n","protected":false},"featured_media":1002997,"comment_status":"open","ping_status":"closed","template":"","meta":{"_acf_changed":false},"product_brand":[],"product_cat":[238],"product_tag":[],"class_list":{"0":"post-1014964","1":"product","2":"type-product","3":"status-publish","4":"has-post-thumbnail","6":"product_cat-materiaux-de-chalcogenure","8":"first","9":"instock","10":"shipping-taxable","11":"purchasable","12":"product-type-variable"},"acf":[],"_links":{"self":[{"href":"https:\/\/vimaterial.de\/fr\/wp-json\/wp\/v2\/product\/1014964","targetHints":{"allow":["GET"]}}],"collection":[{"href":"https:\/\/vimaterial.de\/fr\/wp-json\/wp\/v2\/product"}],"about":[{"href":"https:\/\/vimaterial.de\/fr\/wp-json\/wp\/v2\/types\/product"}],"replies":[{"embeddable":true,"href":"https:\/\/vimaterial.de\/fr\/wp-json\/wp\/v2\/comments?post=1014964"}],"wp:featuredmedia":[{"embeddable":true,"href":"https:\/\/vimaterial.de\/fr\/wp-json\/wp\/v2\/media\/1002997"}],"wp:attachment":[{"href":"https:\/\/vimaterial.de\/fr\/wp-json\/wp\/v2\/media?parent=1014964"}],"wp:term":[{"taxonomy":"product_brand","embeddable":true,"href":"https:\/\/vimaterial.de\/fr\/wp-json\/wp\/v2\/product_brand?post=1014964"},{"taxonomy":"product_cat","embeddable":true,"href":"https:\/\/vimaterial.de\/fr\/wp-json\/wp\/v2\/product_cat?post=1014964"},{"taxonomy":"product_tag","embeddable":true,"href":"https:\/\/vimaterial.de\/fr\/wp-json\/wp\/v2\/product_tag?post=1014964"}],"curies":[{"name":"wp","href":"https:\/\/api.w.org\/{rel}","templated":true}]}}